{"id":5139,"date":"2024-12-04T17:38:48","date_gmt":"2024-12-04T17:38:48","guid":{"rendered":"https:\/\/labotigadecarnsbertran.cat\/cesta\/"},"modified":"2024-12-04T17:38:48","modified_gmt":"2024-12-04T17:38:48","slug":"cesta","status":"publish","type":"page","link":"https:\/\/labotigadecarnsbertran.cat\/es\/cesta\/","title":{"rendered":"Cesta"},"content":{"rendered":"\n<div data-block-name=\"woocommerce\/cart\" data-translated-with-w-p-m-l-t-m=\"1\" class=\"wp-block-woocommerce-cart alignwide is-loading\">\n<div data-block-name=\"woocommerce\/filled-cart-block\" data-translated-with-w-p-m-l-t-m=\"1\" class=\"wp-block-woocommerce-filled-cart-block\">\n<div data-block-name=\"woocommerce\/cart-items-block\" data-translated-with-w-p-m-l-t-m=\"1\" class=\"wp-block-woocommerce-cart-items-block\">\n<div data-block-name=\"woocommerce\/cart-line-items-block\" data-translated-with-w-p-m-l-t-m=\"1\" class=\"wp-block-woocommerce-cart-line-items-block\"><\/div>\r\n\n\n\n<div data-block-name=\"woocommerce\/cart-cross-sells-block\" data-translated-with-w-p-m-l-t-m=\"1\" class=\"wp-block-woocommerce-cart-cross-sells-block\">\n<h2 class=\"wp-block-heading has-large-font-size\">Te puede interesar&#8230;<\/h2>\n\n\n\n<div data-block-name=\"woocommerce\/cart-cross-sells-products-block\" data-translated-with-w-p-m-l-t-m=\"1\" class=\"wp-block-woocommerce-cart-cross-sells-products-block\"><\/div>\r\n<\/div>\n<\/div>\n\n\n\n<div data-block-name=\"woocommerce\/cart-totals-block\" data-translated-with-w-p-m-l-t-m=\"1\" class=\"wp-block-woocommerce-cart-totals-block\">\n<div data-block-name=\"woocommerce\/cart-order-summary-block\" data-translated-with-w-p-m-l-t-m=\"1\" class=\"wp-block-woocommerce-cart-order-summary-block\">\n<div data-block-name=\"woocommerce\/cart-order-summary-heading-block\" class=\"wp-block-woocommerce-cart-order-summary-heading-block\"><\/div><div data-block-name=\"woocommerce\/cart-order-summary-coupon-form-block\" data-translated-with-w-p-m-l-t-m=\"1\" class=\"wp-block-woocommerce-cart-order-summary-coupon-form-block\"><\/div>\r\r\r\r\r<div data-block-name=\"woocommerce\/cart-order-summary-totals-block\" class=\"wp-block-woocommerce-cart-order-summary-totals-block\">\n<div data-block-name=\"woocommerce\/cart-order-summary-subtotal-block\" data-translated-with-w-p-m-l-t-m=\"1\" class=\"wp-block-woocommerce-cart-order-summary-subtotal-block\"><\/div>\n<div data-block-name=\"woocommerce\/cart-order-summary-discount-block\" data-translated-with-w-p-m-l-t-m=\"1\" class=\"wp-block-woocommerce-cart-order-summary-discount-block\"><\/div>\n<div data-block-name=\"woocommerce\/cart-order-summary-fee-block\" data-translated-with-w-p-m-l-t-m=\"1\" class=\"wp-block-woocommerce-cart-order-summary-fee-block\"><\/div>\n<div data-block-name=\"woocommerce\/cart-order-summary-shipping-block\" data-translated-with-w-p-m-l-t-m=\"1\" class=\"wp-block-woocommerce-cart-order-summary-shipping-block\"><\/div>\n<div data-block-name=\"woocommerce\/cart-order-summary-taxes-block\" data-translated-with-w-p-m-l-t-m=\"1\" class=\"wp-block-woocommerce-cart-order-summary-taxes-block\"><\/div><\/div>\r\n<\/div>\n\n\n\n<div data-block-name=\"woocommerce\/cart-express-payment-block\" data-translated-with-w-p-m-l-t-m=\"1\" class=\"wp-block-woocommerce-cart-express-payment-block\"><\/div>\r\n\n\n\n<div data-block-name=\"woocommerce\/proceed-to-checkout-block\" class=\"wp-block-woocommerce-proceed-to-checkout-block\"><\/div>\n\n\n\n<div data-block-name=\"woocommerce\/cart-accepted-payment-methods-block\" data-translated-with-w-p-m-l-t-m=\"1\" class=\"wp-block-woocommerce-cart-accepted-payment-methods-block\"><\/div>\r\n<\/div>\n<\/div>\n\n\n\n<div data-block-name=\"woocommerce\/empty-cart-block\" data-translated-with-w-p-m-l-t-m=\"1\" class=\"wp-block-woocommerce-empty-cart-block\">\n<h2 class=\"wp-block-heading has-text-align-center with-empty-cart-icon wc-block-cart__empty-cart__title\">La cesta esta vac\u00eda<\/h2>\n\n\n\n<hr class=\"wp-block-separator has-alpha-channel-opacity is-style-dots\"\/>\n\n\n\n<h2 class=\"wp-block-heading has-text-align-center\">Nuevo en la tienda<\/h2>\n\n\n<div data-block-name=\"woocommerce\/product-new\" data-columns=\"4\" data-rows=\"1\" class=\"wc-block-grid wp-block-product-new wp-block-woocommerce-product-new wc-block-product-new has-4-columns\"><ul class=\"wc-block-grid__products\"><li class=\"wc-block-grid__product\">\n\t\t\t\t<a href=\"https:\/\/labotigadecarnsbertran.cat\/es\/producto\/bisbe-con-espinacas-pasas-y-pinones-copia\/\" class=\"wc-block-grid__product-link\">\n\t\t\t\t\t\n\t\t\t\t\t<div class=\"wc-block-grid__product-image\"><img decoding=\"async\" width=\"500\" height=\"333\" src=\"https:\/\/labotigadecarnsbertran.cat\/wp-content\/uploads\/2026\/04\/MG_8432-500x333.jpg\" class=\"attachment-woocommerce_thumbnail size-woocommerce_thumbnail lazyload\" alt=\"Lomo Ib\u00e9rico de recebo\" srcset=\"data:image\/svg+xml,%3Csvg%20xmlns%3D%27http%3A%2F%2Fwww.w3.org%2F2000%2Fsvg%27%20width%3D%271200%27%20height%3D%27800%27%20viewBox%3D%270%200%201200%20800%27%3E%3Crect%20width%3D%271200%27%20height%3D%27800%27%20fill-opacity%3D%220%22%2F%3E%3C%2Fsvg%3E\" data-orig-src=\"https:\/\/labotigadecarnsbertran.cat\/wp-content\/uploads\/2026\/04\/MG_8432-500x333.jpg\" data-srcset=\"https:\/\/labotigadecarnsbertran.cat\/wp-content\/uploads\/2026\/04\/MG_8432-200x133.jpg 200w, https:\/\/labotigadecarnsbertran.cat\/wp-content\/uploads\/2026\/04\/MG_8432-300x200.jpg 300w, https:\/\/labotigadecarnsbertran.cat\/wp-content\/uploads\/2026\/04\/MG_8432-400x267.jpg 400w, https:\/\/labotigadecarnsbertran.cat\/wp-content\/uploads\/2026\/04\/MG_8432-500x333.jpg 500w, https:\/\/labotigadecarnsbertran.cat\/wp-content\/uploads\/2026\/04\/MG_8432-600x400.jpg 600w, https:\/\/labotigadecarnsbertran.cat\/wp-content\/uploads\/2026\/04\/MG_8432-700x467.jpg 700w, https:\/\/labotigadecarnsbertran.cat\/wp-content\/uploads\/2026\/04\/MG_8432-768x512.jpg 768w, https:\/\/labotigadecarnsbertran.cat\/wp-content\/uploads\/2026\/04\/MG_8432-800x533.jpg 800w, https:\/\/labotigadecarnsbertran.cat\/wp-content\/uploads\/2026\/04\/MG_8432-1024x683.jpg 1024w, https:\/\/labotigadecarnsbertran.cat\/wp-content\/uploads\/2026\/04\/MG_8432.jpg 1200w\" data-sizes=\"auto\" \/><\/div>\n\t\t\t\t\t<div class=\"wc-block-grid__product-title\">Lomo Ib\u00e9rico de recebo<\/div>\n\t\t\t\t<\/a>\n\t\t\t\t<div class=\"wc-block-grid__product-price price\"><span class=\"woocommerce-Price-amount amount\">8,20&nbsp;<span class=\"woocommerce-Price-currencySymbol\">&euro;<\/span><\/span><\/div>\n\t\t\t\t\n\t\t\t\t<div class=\"wp-block-button wc-block-grid__product-add-to-cart\"><a href=\"https:\/\/labotigadecarnsbertran.cat\/es\/producto\/bisbe-con-espinacas-pasas-y-pinones-copia\/\" aria-label=\"Elige las opciones para &ldquo;Lomo Ib\u00e9rico de recebo&rdquo;\" data-quantity=\"1\" data-product_id=\"6255\" data-product_sku=\"SLK 31202\" data-price=\"8.2\" rel=\"nofollow\" class=\"wp-block-button__link  add_to_cart_button\">Select options<\/a><\/div>\n\t\t\t<\/li><li class=\"wc-block-grid__product\">\n\t\t\t\t<a href=\"https:\/\/labotigadecarnsbertran.cat\/es\/producto\/jamon-de-salamanca-cortado-a-maquina-batalle\/\" class=\"wc-block-grid__product-link\">\n\t\t\t\t\t\n\t\t\t\t\t<div class=\"wc-block-grid__product-image\"><img decoding=\"async\" width=\"500\" height=\"333\" src=\"https:\/\/labotigadecarnsbertran.cat\/wp-content\/uploads\/2026\/03\/MG_9255-500x333.jpg\" class=\"attachment-woocommerce_thumbnail size-woocommerce_thumbnail lazyload\" alt=\"Jam\u00f3n de Salamanca cortado a m\u00e1quina (Batall\u00e9)\" srcset=\"data:image\/svg+xml,%3Csvg%20xmlns%3D%27http%3A%2F%2Fwww.w3.org%2F2000%2Fsvg%27%20width%3D%271200%27%20height%3D%27800%27%20viewBox%3D%270%200%201200%20800%27%3E%3Crect%20width%3D%271200%27%20height%3D%27800%27%20fill-opacity%3D%220%22%2F%3E%3C%2Fsvg%3E\" data-orig-src=\"https:\/\/labotigadecarnsbertran.cat\/wp-content\/uploads\/2026\/03\/MG_9255-500x333.jpg\" data-srcset=\"https:\/\/labotigadecarnsbertran.cat\/wp-content\/uploads\/2026\/03\/MG_9255-200x133.jpg 200w, https:\/\/labotigadecarnsbertran.cat\/wp-content\/uploads\/2026\/03\/MG_9255-300x200.jpg 300w, https:\/\/labotigadecarnsbertran.cat\/wp-content\/uploads\/2026\/03\/MG_9255-400x267.jpg 400w, https:\/\/labotigadecarnsbertran.cat\/wp-content\/uploads\/2026\/03\/MG_9255-500x333.jpg 500w, https:\/\/labotigadecarnsbertran.cat\/wp-content\/uploads\/2026\/03\/MG_9255-600x400.jpg 600w, https:\/\/labotigadecarnsbertran.cat\/wp-content\/uploads\/2026\/03\/MG_9255-700x467.jpg 700w, https:\/\/labotigadecarnsbertran.cat\/wp-content\/uploads\/2026\/03\/MG_9255-768x512.jpg 768w, https:\/\/labotigadecarnsbertran.cat\/wp-content\/uploads\/2026\/03\/MG_9255-800x533.jpg 800w, https:\/\/labotigadecarnsbertran.cat\/wp-content\/uploads\/2026\/03\/MG_9255-1024x683.jpg 1024w, https:\/\/labotigadecarnsbertran.cat\/wp-content\/uploads\/2026\/03\/MG_9255.jpg 1200w\" data-sizes=\"auto\" \/><\/div>\n\t\t\t\t\t<div class=\"wc-block-grid__product-title\">Jam\u00f3n de Salamanca cortado a m\u00e1quina (Batall\u00e9)<\/div>\n\t\t\t\t<\/a>\n\t\t\t\t<div class=\"wc-block-grid__product-price price\"><span class=\"woocommerce-Price-amount amount\" aria-hidden=\"true\">4,80&nbsp;<span class=\"woocommerce-Price-currencySymbol\">&euro;<\/span><\/span> <span aria-hidden=\"true\">&#8211;<\/span> <span class=\"woocommerce-Price-amount amount\" aria-hidden=\"true\">9,50&nbsp;<span class=\"woocommerce-Price-currencySymbol\">&euro;<\/span><\/span><span class=\"screen-reader-text\">Rango de precios: desde 4,80&nbsp;&euro; hasta 9,50&nbsp;&euro;<\/span><\/div>\n\t\t\t\t\n\t\t\t\t<div class=\"wp-block-button wc-block-grid__product-add-to-cart\"><a href=\"https:\/\/labotigadecarnsbertran.cat\/es\/producto\/jamon-de-salamanca-cortado-a-maquina-batalle\/\" aria-label=\"Elige las opciones para &ldquo;Jam\u00f3n de Salamanca cortado a m\u00e1quina (Batall\u00e9)&rdquo;\" data-quantity=\"1\" data-product_id=\"6082\" data-product_sku=\"30305\" data-price=\"4.6\" rel=\"nofollow\" class=\"wp-block-button__link  add_to_cart_button\">Select options<\/a><\/div>\n\t\t\t<\/li><li class=\"wc-block-grid__product\">\n\t\t\t\t<a href=\"https:\/\/labotigadecarnsbertran.cat\/es\/producto\/jamon-de-teruel-cortado-a-maquina\/\" class=\"wc-block-grid__product-link\">\n\t\t\t\t\t\n\t\t\t\t\t<div class=\"wc-block-grid__product-image\"><img decoding=\"async\" width=\"500\" height=\"333\" src=\"https:\/\/labotigadecarnsbertran.cat\/wp-content\/uploads\/2026\/03\/MG_9251-500x333.jpg\" class=\"attachment-woocommerce_thumbnail size-woocommerce_thumbnail lazyload\" alt=\"Jam\u00f3n de Teruel cortado a m\u00e1quina\" srcset=\"data:image\/svg+xml,%3Csvg%20xmlns%3D%27http%3A%2F%2Fwww.w3.org%2F2000%2Fsvg%27%20width%3D%271200%27%20height%3D%27800%27%20viewBox%3D%270%200%201200%20800%27%3E%3Crect%20width%3D%271200%27%20height%3D%27800%27%20fill-opacity%3D%220%22%2F%3E%3C%2Fsvg%3E\" data-orig-src=\"https:\/\/labotigadecarnsbertran.cat\/wp-content\/uploads\/2026\/03\/MG_9251-500x333.jpg\" data-srcset=\"https:\/\/labotigadecarnsbertran.cat\/wp-content\/uploads\/2026\/03\/MG_9251-200x133.jpg 200w, https:\/\/labotigadecarnsbertran.cat\/wp-content\/uploads\/2026\/03\/MG_9251-300x200.jpg 300w, https:\/\/labotigadecarnsbertran.cat\/wp-content\/uploads\/2026\/03\/MG_9251-400x267.jpg 400w, https:\/\/labotigadecarnsbertran.cat\/wp-content\/uploads\/2026\/03\/MG_9251-500x333.jpg 500w, https:\/\/labotigadecarnsbertran.cat\/wp-content\/uploads\/2026\/03\/MG_9251-600x400.jpg 600w, https:\/\/labotigadecarnsbertran.cat\/wp-content\/uploads\/2026\/03\/MG_9251-700x467.jpg 700w, https:\/\/labotigadecarnsbertran.cat\/wp-content\/uploads\/2026\/03\/MG_9251-768x512.jpg 768w, https:\/\/labotigadecarnsbertran.cat\/wp-content\/uploads\/2026\/03\/MG_9251-800x533.jpg 800w, https:\/\/labotigadecarnsbertran.cat\/wp-content\/uploads\/2026\/03\/MG_9251-1024x683.jpg 1024w, https:\/\/labotigadecarnsbertran.cat\/wp-content\/uploads\/2026\/03\/MG_9251.jpg 1200w\" data-sizes=\"auto\" \/><\/div>\n\t\t\t\t\t<div class=\"wc-block-grid__product-title\">Jam\u00f3n de Teruel cortado a m\u00e1quina<\/div>\n\t\t\t\t<\/a>\n\t\t\t\t<div class=\"wc-block-grid__product-price price\"><span class=\"woocommerce-Price-amount amount\" aria-hidden=\"true\">3,70&nbsp;<span class=\"woocommerce-Price-currencySymbol\">&euro;<\/span><\/span> <span aria-hidden=\"true\">&#8211;<\/span> <span class=\"woocommerce-Price-amount amount\" aria-hidden=\"true\">7,40&nbsp;<span class=\"woocommerce-Price-currencySymbol\">&euro;<\/span><\/span><span class=\"screen-reader-text\">Rango de precios: desde 3,70&nbsp;&euro; hasta 7,40&nbsp;&euro;<\/span><\/div>\n\t\t\t\t\n\t\t\t\t<div class=\"wp-block-button wc-block-grid__product-add-to-cart\"><a href=\"https:\/\/labotigadecarnsbertran.cat\/es\/producto\/jamon-de-teruel-cortado-a-maquina\/\" aria-label=\"Elige las opciones para &ldquo;Jam\u00f3n de Teruel cortado a m\u00e1quina&rdquo;\" data-quantity=\"1\" data-product_id=\"6053\" data-product_sku=\"30303\" data-price=\"3.7\" rel=\"nofollow\" class=\"wp-block-button__link  add_to_cart_button\">Select options<\/a><\/div>\n\t\t\t<\/li><li class=\"wc-block-grid__product\">\n\t\t\t\t<a href=\"https:\/\/labotigadecarnsbertran.cat\/es\/producto\/jamon-cebo-50-iberico-guijuelo-copia\/\" class=\"wc-block-grid__product-link\">\n\t\t\t\t\t\n\t\t\t\t\t<div class=\"wc-block-grid__product-image\"><img decoding=\"async\" width=\"500\" height=\"333\" src=\"https:\/\/labotigadecarnsbertran.cat\/wp-content\/uploads\/2026\/03\/MG_9249-500x333.jpg\" class=\"attachment-woocommerce_thumbnail size-woocommerce_thumbnail lazyload\" alt=\"Jam\u00f3n de Soria cortado a m\u00e1quina\" srcset=\"data:image\/svg+xml,%3Csvg%20xmlns%3D%27http%3A%2F%2Fwww.w3.org%2F2000%2Fsvg%27%20width%3D%271200%27%20height%3D%27800%27%20viewBox%3D%270%200%201200%20800%27%3E%3Crect%20width%3D%271200%27%20height%3D%27800%27%20fill-opacity%3D%220%22%2F%3E%3C%2Fsvg%3E\" data-orig-src=\"https:\/\/labotigadecarnsbertran.cat\/wp-content\/uploads\/2026\/03\/MG_9249-500x333.jpg\" data-srcset=\"https:\/\/labotigadecarnsbertran.cat\/wp-content\/uploads\/2026\/03\/MG_9249-200x133.jpg 200w, https:\/\/labotigadecarnsbertran.cat\/wp-content\/uploads\/2026\/03\/MG_9249-300x200.jpg 300w, https:\/\/labotigadecarnsbertran.cat\/wp-content\/uploads\/2026\/03\/MG_9249-400x267.jpg 400w, https:\/\/labotigadecarnsbertran.cat\/wp-content\/uploads\/2026\/03\/MG_9249-500x333.jpg 500w, https:\/\/labotigadecarnsbertran.cat\/wp-content\/uploads\/2026\/03\/MG_9249-600x400.jpg 600w, https:\/\/labotigadecarnsbertran.cat\/wp-content\/uploads\/2026\/03\/MG_9249-700x467.jpg 700w, https:\/\/labotigadecarnsbertran.cat\/wp-content\/uploads\/2026\/03\/MG_9249-768x512.jpg 768w, https:\/\/labotigadecarnsbertran.cat\/wp-content\/uploads\/2026\/03\/MG_9249-800x533.jpg 800w, https:\/\/labotigadecarnsbertran.cat\/wp-content\/uploads\/2026\/03\/MG_9249-1024x683.jpg 1024w, https:\/\/labotigadecarnsbertran.cat\/wp-content\/uploads\/2026\/03\/MG_9249.jpg 1200w\" data-sizes=\"auto\" \/><\/div>\n\t\t\t\t\t<div class=\"wc-block-grid__product-title\">Jam\u00f3n de Soria cortado a m\u00e1quina<\/div>\n\t\t\t\t<\/a>\n\t\t\t\t<div class=\"wc-block-grid__product-price price\"><span class=\"woocommerce-Price-amount amount\" aria-hidden=\"true\">2,90&nbsp;<span class=\"woocommerce-Price-currencySymbol\">&euro;<\/span><\/span> <span aria-hidden=\"true\">&#8211;<\/span> <span class=\"woocommerce-Price-amount amount\" aria-hidden=\"true\">5,80&nbsp;<span class=\"woocommerce-Price-currencySymbol\">&euro;<\/span><\/span><span class=\"screen-reader-text\">Rango de precios: desde 2,90&nbsp;&euro; hasta 5,80&nbsp;&euro;<\/span><\/div>\n\t\t\t\t\n\t\t\t\t<div class=\"wp-block-button wc-block-grid__product-add-to-cart\"><a href=\"https:\/\/labotigadecarnsbertran.cat\/es\/producto\/jamon-cebo-50-iberico-guijuelo-copia\/\" aria-label=\"Elige las opciones para &ldquo;Jam\u00f3n de Soria cortado a m\u00e1quina&rdquo;\" data-quantity=\"1\" data-product_id=\"6038\" data-product_sku=\"30302\" data-price=\"2.9\" rel=\"nofollow\" class=\"wp-block-button__link  add_to_cart_button\">Select options<\/a><\/div>\n\t\t\t<\/li><\/ul><\/div><\/div>\n<\/div>\n","protected":false},"excerpt":{"rendered":"","protected":false},"author":1,"featured_media":0,"parent":0,"menu_order":0,"comment_status":"closed","ping_status":"closed","template":"","meta":{"footnotes":""},"class_list":["post-5139","page","type-page","status-publish","hentry"],"yoast_head":"<!-- This site is optimized with the Yoast SEO plugin v27.3 - https:\/\/yoast.com\/product\/yoast-seo-wordpress\/ -->\n<title>Cesta - La botiga de Carns Bertran<\/title>\n<meta name=\"robots\" content=\"index, follow, max-snippet:-1, max-image-preview:large, max-video-preview:-1\" \/>\n<link rel=\"canonical\" href=\"https:\/\/labotigadecarnsbertran.cat\/es\/cesta\/\" \/>\n<meta property=\"og:locale\" content=\"es_ES\" \/>\n<meta property=\"og:type\" content=\"article\" \/>\n<meta property=\"og:title\" content=\"Cesta - La botiga de Carns Bertran\" \/>\n<meta property=\"og:url\" content=\"https:\/\/labotigadecarnsbertran.cat\/es\/cesta\/\" \/>\n<meta property=\"og:site_name\" content=\"La botiga de Carns Bertran\" \/>\n<meta property=\"og:image\" content=\"https:\/\/labotigadecarnsbertran.cat\/wp-content\/uploads\/2026\/04\/Carns-Bertran-Default-scaled.png\" \/>\n\t<meta property=\"og:image:width\" content=\"2560\" \/>\n\t<meta property=\"og:image:height\" content=\"1440\" \/>\n\t<meta property=\"og:image:type\" content=\"image\/png\" \/>\n<meta name=\"twitter:card\" content=\"summary_large_image\" \/>\n<script type=\"application\/ld+json\" class=\"yoast-schema-graph\">{\"@context\":\"https:\\\/\\\/schema.org\",\"@graph\":[{\"@type\":\"WebPage\",\"@id\":\"https:\\\/\\\/labotigadecarnsbertran.cat\\\/es\\\/cesta\\\/\",\"url\":\"https:\\\/\\\/labotigadecarnsbertran.cat\\\/es\\\/cesta\\\/\",\"name\":\"Cesta - La botiga de Carns Bertran\",\"isPartOf\":{\"@id\":\"https:\\\/\\\/labotigadecarnsbertran.cat\\\/#website\"},\"datePublished\":\"2024-12-04T17:38:48+00:00\",\"breadcrumb\":{\"@id\":\"https:\\\/\\\/labotigadecarnsbertran.cat\\\/es\\\/cesta\\\/#breadcrumb\"},\"inLanguage\":\"es-ES\",\"potentialAction\":[{\"@type\":\"ReadAction\",\"target\":[\"https:\\\/\\\/labotigadecarnsbertran.cat\\\/es\\\/cesta\\\/\"]}]},{\"@type\":\"BreadcrumbList\",\"@id\":\"https:\\\/\\\/labotigadecarnsbertran.cat\\\/es\\\/cesta\\\/#breadcrumb\",\"itemListElement\":[{\"@type\":\"ListItem\",\"position\":1,\"name\":\"Inici\",\"item\":\"https:\\\/\\\/labotigadecarnsbertran.cat\\\/es\\\/\"},{\"@type\":\"ListItem\",\"position\":2,\"name\":\"Cesta\"}]},{\"@type\":\"WebSite\",\"@id\":\"https:\\\/\\\/labotigadecarnsbertran.cat\\\/#website\",\"url\":\"https:\\\/\\\/labotigadecarnsbertran.cat\\\/\",\"name\":\"La botiga de Carns Bertran\",\"description\":\"Compra online\",\"potentialAction\":[{\"@type\":\"SearchAction\",\"target\":{\"@type\":\"EntryPoint\",\"urlTemplate\":\"https:\\\/\\\/labotigadecarnsbertran.cat\\\/?s={search_term_string}\"},\"query-input\":{\"@type\":\"PropertyValueSpecification\",\"valueRequired\":true,\"valueName\":\"search_term_string\"}}],\"inLanguage\":\"es-ES\"}]}<\/script>\n<!-- \/ Yoast SEO plugin. -->","yoast_head_json":{"title":"Cesta - La botiga de Carns Bertran","robots":{"index":"index","follow":"follow","max-snippet":"max-snippet:-1","max-image-preview":"max-image-preview:large","max-video-preview":"max-video-preview:-1"},"canonical":"https:\/\/labotigadecarnsbertran.cat\/es\/cesta\/","og_locale":"es_ES","og_type":"article","og_title":"Cesta - La botiga de Carns Bertran","og_url":"https:\/\/labotigadecarnsbertran.cat\/es\/cesta\/","og_site_name":"La botiga de Carns Bertran","og_image":[{"width":2560,"height":1440,"url":"https:\/\/labotigadecarnsbertran.cat\/wp-content\/uploads\/2026\/04\/Carns-Bertran-Default-scaled.png","type":"image\/png"}],"twitter_card":"summary_large_image","schema":{"@context":"https:\/\/schema.org","@graph":[{"@type":"WebPage","@id":"https:\/\/labotigadecarnsbertran.cat\/es\/cesta\/","url":"https:\/\/labotigadecarnsbertran.cat\/es\/cesta\/","name":"Cesta - La botiga de Carns Bertran","isPartOf":{"@id":"https:\/\/labotigadecarnsbertran.cat\/#website"},"datePublished":"2024-12-04T17:38:48+00:00","breadcrumb":{"@id":"https:\/\/labotigadecarnsbertran.cat\/es\/cesta\/#breadcrumb"},"inLanguage":"es-ES","potentialAction":[{"@type":"ReadAction","target":["https:\/\/labotigadecarnsbertran.cat\/es\/cesta\/"]}]},{"@type":"BreadcrumbList","@id":"https:\/\/labotigadecarnsbertran.cat\/es\/cesta\/#breadcrumb","itemListElement":[{"@type":"ListItem","position":1,"name":"Inici","item":"https:\/\/labotigadecarnsbertran.cat\/es\/"},{"@type":"ListItem","position":2,"name":"Cesta"}]},{"@type":"WebSite","@id":"https:\/\/labotigadecarnsbertran.cat\/#website","url":"https:\/\/labotigadecarnsbertran.cat\/","name":"La botiga de Carns Bertran","description":"Compra online","potentialAction":[{"@type":"SearchAction","target":{"@type":"EntryPoint","urlTemplate":"https:\/\/labotigadecarnsbertran.cat\/?s={search_term_string}"},"query-input":{"@type":"PropertyValueSpecification","valueRequired":true,"valueName":"search_term_string"}}],"inLanguage":"es-ES"}]}},"_links":{"self":[{"href":"https:\/\/labotigadecarnsbertran.cat\/es\/wp-json\/wp\/v2\/pages\/5139","targetHints":{"allow":["GET"]}}],"collection":[{"href":"https:\/\/labotigadecarnsbertran.cat\/es\/wp-json\/wp\/v2\/pages"}],"about":[{"href":"https:\/\/labotigadecarnsbertran.cat\/es\/wp-json\/wp\/v2\/types\/page"}],"author":[{"embeddable":true,"href":"https:\/\/labotigadecarnsbertran.cat\/es\/wp-json\/wp\/v2\/users\/1"}],"replies":[{"embeddable":true,"href":"https:\/\/labotigadecarnsbertran.cat\/es\/wp-json\/wp\/v2\/comments?post=5139"}],"version-history":[{"count":1,"href":"https:\/\/labotigadecarnsbertran.cat\/es\/wp-json\/wp\/v2\/pages\/5139\/revisions"}],"predecessor-version":[{"id":5140,"href":"https:\/\/labotigadecarnsbertran.cat\/es\/wp-json\/wp\/v2\/pages\/5139\/revisions\/5140"}],"wp:attachment":[{"href":"https:\/\/labotigadecarnsbertran.cat\/es\/wp-json\/wp\/v2\/media?parent=5139"}],"curies":[{"name":"wp","href":"https:\/\/api.w.org\/{rel}","templated":true}]}}