{"id":5185,"date":"2024-12-07T10:57:36","date_gmt":"2024-12-07T10:57:36","guid":{"rendered":"https:\/\/labotigadecarnsbertran.cat\/aviso-legal\/"},"modified":"2024-12-07T10:57:36","modified_gmt":"2024-12-07T10:57:36","slug":"aviso-legal","status":"publish","type":"page","link":"https:\/\/labotigadecarnsbertran.cat\/es\/aviso-legal\/","title":{"rendered":"Aviso legal"},"content":{"rendered":"<p>Carns Bertran en su condici\u00f3n de titular y responsable de este sitio web, en cumplimiento con lo establecido en el art\u00edculo 10 de la Ley 34\/2002, de 11 de julio, de Servicios de la Sociedad de la Informaci\u00f3n y de Comercio Electr\u00f3nico , pone a disposici\u00f3n de los usuarios la siguiente informaci\u00f3n de car\u00e1cter general:<\/p>\n<p>Carns Bertran est\u00e1 domiciliada en: DIRECCI\u00d3N POSTAL. Inscrita en el Registro Mercantil de TARRAGONA, en el Tomo 693, folio 145, hoja 490. La sociedad est\u00e1 fiscalmente indentificada con el n\u00famero B43257583<\/p>\n<p>Para cualquier consulta o reclamaci\u00f3n relativa a este sitio web oa la informaci\u00f3n oa los productos y servicios que se ofrecen, los usuarios pueden dirigirse a la siguiente direcci\u00f3n:<\/p>\n<p>Carns Bertran<br \/>\ncalle Gobernador Gonz\u00e1lez, 39 43001 Tarragona<br \/>\nTel.: 977 23 63 13<br \/>\ne-mail: administracio@carnsbertran.cat<\/p>\n<div class=\"gpi-fonsWeb\">\n<div class=\"container blockCont\">\n<h2 class=\"titolContingut\">Protecci\u00f3n de datos<\/h2>\n<div class=\"gpi-contingut\">\n<p>Seg\u00fan la Ley 15\/1999, de 13 de diciembre, de Protecci\u00f3n de Datos de Car\u00e1cter Personal, se informa al usuario que los datos personales facilitados a trav\u00e9s de este sitio web ser\u00e1n tratados conforme a la Ley 15\/1999 y su normativa de desarrollo. Los datos facilitados pasar\u00e1n a formar parte de un fichero responsabilidad de Carns Bertran, cuyo tratamiento tiene como finalidad atender las solicitudes de informaci\u00f3n y cualquier otra cuesti\u00f3n que se plantee, as\u00ed como gestionar las comunicaciones de Carns Bertran y el env\u00edo de informaci\u00f3n.<\/p>\n<p>Con el uso del formulario de contacto o el env\u00edo de correos electr\u00f3nicos, el usuario consiente y acepta expresamente el tratamiento de los datos en la forma indicada, as\u00ed como el env\u00edo posterior de informaci\u00f3n comercial de inter\u00e9s sobre nuestros productos y servicios.<\/p>\n<p>El usuario podr\u00e1 ejercer los derechos de acceso, rectificaci\u00f3n, oposici\u00f3n y cancelaci\u00f3n dirigi\u00e9ndose por escrito a la direcci\u00f3n de Carns Bertran a: direcci\u00f3n postal o por correo electr\u00f3nico a administracio@carnsbertran.cat, adjuntando en cualquier caso fotocopia de su DNI.<\/p>\n<\/div>\n<\/div>\n<\/div>\n<div class=\"gpi-fonsWeb\">\n<div class=\"container blockCont\">\n<h2 class=\"titolContingut\">Consentimiento comunicaciones comerciales<\/h2>\n<div class=\"gpi-contingut\">\n<p>Doy mi consentimiento expreso para recibir comunicaciones comerciales posteriores de CARNS BERTRAN, por correo electr\u00f3nico, SMS y otros medios de comunicaci\u00f3n ofim\u00e1ticos, tal como establece la Ley LSSI\/CE 34\/2002.<\/p>\n<p>Si desea dejar de recibir publicidad o informaci\u00f3n comercial, puede revocar su consentimiento enviando un correo electr\u00f3nico a la direcci\u00f3n administracio@carnsbertran.cat, indicando la palabra BAJA.<\/p>\n<\/div>\n<\/div>\n<\/div>\n","protected":false},"excerpt":{"rendered":"<p>Carns Bertran en su condici\u00f3n de titular y responsable de  [&#8230;]<\/p>\n","protected":false},"author":1,"featured_media":0,"parent":0,"menu_order":0,"comment_status":"closed","ping_status":"closed","template":"","meta":{"footnotes":""},"class_list":["post-5185","page","type-page","status-publish","hentry"],"yoast_head":"<!-- This site is optimized with the Yoast SEO plugin v27.5 - https:\/\/yoast.com\/product\/yoast-seo-wordpress\/ -->\n<title>Aviso legal - La botiga de Carns Bertran<\/title>\n<meta name=\"robots\" content=\"noindex, nofollow\" \/>\n<meta property=\"og:locale\" content=\"es_ES\" \/>\n<meta property=\"og:type\" content=\"article\" \/>\n<meta property=\"og:title\" content=\"Aviso legal - La botiga de Carns Bertran\" \/>\n<meta property=\"og:description\" content=\"Carns Bertran en su condici\u00f3n de titular y responsable de [...]\" \/>\n<meta property=\"og:url\" content=\"https:\/\/labotigadecarnsbertran.cat\/avis-legal\/\" \/>\n<meta property=\"og:site_name\" content=\"La botiga de Carns Bertran\" \/>\n<meta property=\"og:image\" content=\"https:\/\/labotigadecarnsbertran.cat\/wp-content\/uploads\/2026\/04\/Carns-Bertran-Default-scaled.png\" \/>\n\t<meta property=\"og:image:width\" content=\"2560\" \/>\n\t<meta property=\"og:image:height\" content=\"1440\" \/>\n\t<meta property=\"og:image:type\" content=\"image\/png\" \/>\n<meta name=\"twitter:card\" content=\"summary_large_image\" \/>\n<meta name=\"twitter:label1\" content=\"Est. reading time\" \/>\n\t<meta name=\"twitter:data1\" content=\"2 minutes\" \/>\n<script type=\"application\/ld+json\" class=\"yoast-schema-graph\">{\"@context\":\"https:\\\/\\\/schema.org\",\"@graph\":[{\"@type\":\"WebPage\",\"@id\":\"https:\\\/\\\/labotigadecarnsbertran.cat\\\/avis-legal\\\/\",\"url\":\"https:\\\/\\\/labotigadecarnsbertran.cat\\\/avis-legal\\\/\",\"name\":\"Aviso legal - La botiga de Carns Bertran\",\"isPartOf\":{\"@id\":\"https:\\\/\\\/labotigadecarnsbertran.cat\\\/#website\"},\"datePublished\":\"2024-12-07T10:57:36+00:00\",\"breadcrumb\":{\"@id\":\"https:\\\/\\\/labotigadecarnsbertran.cat\\\/avis-legal\\\/#breadcrumb\"},\"inLanguage\":\"es-ES\",\"potentialAction\":[{\"@type\":\"ReadAction\",\"target\":[\"https:\\\/\\\/labotigadecarnsbertran.cat\\\/avis-legal\\\/\"]}]},{\"@type\":\"BreadcrumbList\",\"@id\":\"https:\\\/\\\/labotigadecarnsbertran.cat\\\/avis-legal\\\/#breadcrumb\",\"itemListElement\":[{\"@type\":\"ListItem\",\"position\":1,\"name\":\"Inici\",\"item\":\"https:\\\/\\\/labotigadecarnsbertran.cat\\\/es\\\/\"},{\"@type\":\"ListItem\",\"position\":2,\"name\":\"Aviso legal\"}]},{\"@type\":\"WebSite\",\"@id\":\"https:\\\/\\\/labotigadecarnsbertran.cat\\\/#website\",\"url\":\"https:\\\/\\\/labotigadecarnsbertran.cat\\\/\",\"name\":\"La botiga de Carns Bertran\",\"description\":\"Compra online\",\"potentialAction\":[{\"@type\":\"SearchAction\",\"target\":{\"@type\":\"EntryPoint\",\"urlTemplate\":\"https:\\\/\\\/labotigadecarnsbertran.cat\\\/?s={search_term_string}\"},\"query-input\":{\"@type\":\"PropertyValueSpecification\",\"valueRequired\":true,\"valueName\":\"search_term_string\"}}],\"inLanguage\":\"es-ES\"}]}<\/script>\n<!-- \/ Yoast SEO plugin. -->","yoast_head_json":{"title":"Aviso legal - La botiga de Carns Bertran","robots":{"index":"noindex","follow":"nofollow"},"og_locale":"es_ES","og_type":"article","og_title":"Aviso legal - La botiga de Carns Bertran","og_description":"Carns Bertran en su condici\u00f3n de titular y responsable de [...]","og_url":"https:\/\/labotigadecarnsbertran.cat\/avis-legal\/","og_site_name":"La botiga de Carns Bertran","og_image":[{"width":2560,"height":1440,"url":"https:\/\/labotigadecarnsbertran.cat\/wp-content\/uploads\/2026\/04\/Carns-Bertran-Default-scaled.png","type":"image\/png"}],"twitter_card":"summary_large_image","twitter_misc":{"Est. reading time":"2 minutes"},"schema":{"@context":"https:\/\/schema.org","@graph":[{"@type":"WebPage","@id":"https:\/\/labotigadecarnsbertran.cat\/avis-legal\/","url":"https:\/\/labotigadecarnsbertran.cat\/avis-legal\/","name":"Aviso legal - La botiga de Carns Bertran","isPartOf":{"@id":"https:\/\/labotigadecarnsbertran.cat\/#website"},"datePublished":"2024-12-07T10:57:36+00:00","breadcrumb":{"@id":"https:\/\/labotigadecarnsbertran.cat\/avis-legal\/#breadcrumb"},"inLanguage":"es-ES","potentialAction":[{"@type":"ReadAction","target":["https:\/\/labotigadecarnsbertran.cat\/avis-legal\/"]}]},{"@type":"BreadcrumbList","@id":"https:\/\/labotigadecarnsbertran.cat\/avis-legal\/#breadcrumb","itemListElement":[{"@type":"ListItem","position":1,"name":"Inici","item":"https:\/\/labotigadecarnsbertran.cat\/es\/"},{"@type":"ListItem","position":2,"name":"Aviso legal"}]},{"@type":"WebSite","@id":"https:\/\/labotigadecarnsbertran.cat\/#website","url":"https:\/\/labotigadecarnsbertran.cat\/","name":"La botiga de Carns Bertran","description":"Compra online","potentialAction":[{"@type":"SearchAction","target":{"@type":"EntryPoint","urlTemplate":"https:\/\/labotigadecarnsbertran.cat\/?s={search_term_string}"},"query-input":{"@type":"PropertyValueSpecification","valueRequired":true,"valueName":"search_term_string"}}],"inLanguage":"es-ES"}]}},"_links":{"self":[{"href":"https:\/\/labotigadecarnsbertran.cat\/es\/wp-json\/wp\/v2\/pages\/5185","targetHints":{"allow":["GET"]}}],"collection":[{"href":"https:\/\/labotigadecarnsbertran.cat\/es\/wp-json\/wp\/v2\/pages"}],"about":[{"href":"https:\/\/labotigadecarnsbertran.cat\/es\/wp-json\/wp\/v2\/types\/page"}],"author":[{"embeddable":true,"href":"https:\/\/labotigadecarnsbertran.cat\/es\/wp-json\/wp\/v2\/users\/1"}],"replies":[{"embeddable":true,"href":"https:\/\/labotigadecarnsbertran.cat\/es\/wp-json\/wp\/v2\/comments?post=5185"}],"version-history":[{"count":0,"href":"https:\/\/labotigadecarnsbertran.cat\/es\/wp-json\/wp\/v2\/pages\/5185\/revisions"}],"wp:attachment":[{"href":"https:\/\/labotigadecarnsbertran.cat\/es\/wp-json\/wp\/v2\/media?parent=5185"}],"curies":[{"name":"wp","href":"https:\/\/api.w.org\/{rel}","templated":true}]}}