{"id":5196,"date":"2024-12-07T11:10:36","date_gmt":"2024-12-07T11:10:36","guid":{"rendered":"https:\/\/labotigadecarnsbertran.cat\/politica-de-privacidad\/"},"modified":"2024-12-07T11:10:36","modified_gmt":"2024-12-07T11:10:36","slug":"politica-de-privacidad","status":"publish","type":"page","link":"https:\/\/labotigadecarnsbertran.cat\/es\/politica-de-privacidad\/","title":{"rendered":"Pol\u00edtica de privacidad"},"content":{"rendered":"<h1>Pol\u00edtica de Privacidad<\/h1>\n<p>\n    De acuerdo con el Reglamento (UE) 2016\/679 del Parlamento Europeo y del Consejo, de 27 de abril de 2016 (GDPR) y la Ley Org\u00e1nica 3\/2018, de 5 de diciembre (LOPDGDD), Carns Bertran S.L. informa a los usuarios del sitio web sobre su pol\u00edtica respecto al tratamiento y protecci\u00f3n de los datos de car\u00e1cter personal de los usuarios que puedan ser recabados mediante la navegaci\u00f3n o contrataci\u00f3n de servicios a trav\u00e9s de su sitio web.\n<\/p>\n<h2>Responsable del tratamiento<\/h2>\n<ul>\n<li><strong>Identidad:<\/strong> Carns Bertran S.L.<\/li>\n<li><strong>CIF:<\/strong> XXXXXXXXX<\/li>\n<li><strong>Direcci\u00f3n:<\/strong> Calle Ejemplo, 123, 08001 Barcelona<\/li>\n<li><strong>Tel\u00e9fono:<\/strong> 93 123 45 67<\/li>\n<li><strong>Correo electr\u00f3nico:<\/strong> administracion@carnsbertran.cat<\/li>\n<\/ul>\n<h2>Finalidad del tratamiento<\/h2>\n<p>Los datos proporcionados por los usuarios ser\u00e1n tratados con las siguientes finalidades:<\/p>\n<ol>\n<li>Gestionar las solicitudes de informaci\u00f3n enviadas a trav\u00e9s del formulario de contacto.<\/li>\n<li>Enviar informaci\u00f3n comercial sobre productos y servicios relacionados con Carns Bertran S.L., siempre que exista un consentimiento previo.<\/li>\n<li>Gestionar la suscripci\u00f3n al servicio de newsletter.<\/li>\n<\/ol>\n<h2>Legitimaci\u00f3n<\/h2>\n<p>El tratamiento de los datos se basar\u00e1 en:<\/p>\n<ul>\n<li>El consentimiento expreso otorgado por el usuario al completar los formularios correspondientes.<\/li>\n<li>El cumplimiento de obligaciones legales aplicables a Carns Bertran S.L.<\/li>\n<\/ul>\n<h2>Conservaci\u00f3n de los datos<\/h2>\n<p>\n    Los datos personales proporcionados se conservar\u00e1n mientras sean necesarios para cumplir con las finalidades para las que fueron recabados o para determinar posibles responsabilidades legales derivadas de dichas finalidades.\n<\/p>\n<h2>Derechos del usuario<\/h2>\n<p>\n    Los usuarios tienen derecho a acceder, rectificar y suprimir sus datos, as\u00ed como a limitar o oponerse a su tratamiento. Tambi\u00e9n pueden retirar el consentimiento otorgado en cualquier momento. Para ejercer estos derechos, pueden contactar con Carns Bertran S.L. a trav\u00e9s del correo electr\u00f3nico <a href=\"mailto:administracion@carnsbertran.cat\">administracion@carnsbertran.cat<\/a>.<\/p>\n","protected":false},"excerpt":{"rendered":"<p>Pol\u00edtica de Privacidad De acuerdo con el Reglamento (UE) 2016\/679  [&#8230;]<\/p>\n","protected":false},"author":1,"featured_media":0,"parent":0,"menu_order":0,"comment_status":"closed","ping_status":"closed","template":"","meta":{"footnotes":""},"class_list":["post-5196","page","type-page","status-publish","hentry"],"yoast_head":"<!-- This site is optimized with the Yoast SEO plugin v27.5 - https:\/\/yoast.com\/product\/yoast-seo-wordpress\/ -->\n<title>Pol\u00edtica de privacidad - La botiga de Carns Bertran<\/title>\n<meta name=\"robots\" content=\"noindex, nofollow\" \/>\n<meta property=\"og:locale\" content=\"es_ES\" \/>\n<meta property=\"og:type\" content=\"article\" \/>\n<meta property=\"og:title\" content=\"Pol\u00edtica de privacidad - La botiga de Carns Bertran\" \/>\n<meta property=\"og:description\" content=\"Pol\u00edtica de Privacidad De acuerdo con el Reglamento (UE) 2016\/679 [...]\" \/>\n<meta property=\"og:url\" content=\"https:\/\/labotigadecarnsbertran.cat\/politica-de-privacitat\/\" \/>\n<meta property=\"og:site_name\" content=\"La botiga de Carns Bertran\" \/>\n<meta property=\"og:image\" content=\"https:\/\/labotigadecarnsbertran.cat\/wp-content\/uploads\/2026\/04\/Carns-Bertran-Default-scaled.png\" \/>\n\t<meta property=\"og:image:width\" content=\"2560\" \/>\n\t<meta property=\"og:image:height\" content=\"1440\" \/>\n\t<meta property=\"og:image:type\" content=\"image\/png\" \/>\n<meta name=\"twitter:card\" content=\"summary_large_image\" \/>\n<meta name=\"twitter:label1\" content=\"Est. reading time\" \/>\n\t<meta name=\"twitter:data1\" content=\"1 minute\" \/>\n<script type=\"application\/ld+json\" class=\"yoast-schema-graph\">{\"@context\":\"https:\\\/\\\/schema.org\",\"@graph\":[{\"@type\":\"WebPage\",\"@id\":\"https:\\\/\\\/labotigadecarnsbertran.cat\\\/politica-de-privacitat\\\/\",\"url\":\"https:\\\/\\\/labotigadecarnsbertran.cat\\\/politica-de-privacitat\\\/\",\"name\":\"Pol\u00edtica de privacidad - La botiga de Carns Bertran\",\"isPartOf\":{\"@id\":\"https:\\\/\\\/labotigadecarnsbertran.cat\\\/#website\"},\"datePublished\":\"2024-12-07T11:10:36+00:00\",\"breadcrumb\":{\"@id\":\"https:\\\/\\\/labotigadecarnsbertran.cat\\\/politica-de-privacitat\\\/#breadcrumb\"},\"inLanguage\":\"es-ES\",\"potentialAction\":[{\"@type\":\"ReadAction\",\"target\":[\"https:\\\/\\\/labotigadecarnsbertran.cat\\\/politica-de-privacitat\\\/\"]}]},{\"@type\":\"BreadcrumbList\",\"@id\":\"https:\\\/\\\/labotigadecarnsbertran.cat\\\/politica-de-privacitat\\\/#breadcrumb\",\"itemListElement\":[{\"@type\":\"ListItem\",\"position\":1,\"name\":\"Inici\",\"item\":\"https:\\\/\\\/labotigadecarnsbertran.cat\\\/es\\\/\"},{\"@type\":\"ListItem\",\"position\":2,\"name\":\"Pol\u00edtica de privacidad\"}]},{\"@type\":\"WebSite\",\"@id\":\"https:\\\/\\\/labotigadecarnsbertran.cat\\\/#website\",\"url\":\"https:\\\/\\\/labotigadecarnsbertran.cat\\\/\",\"name\":\"La botiga de Carns Bertran\",\"description\":\"Compra online\",\"potentialAction\":[{\"@type\":\"SearchAction\",\"target\":{\"@type\":\"EntryPoint\",\"urlTemplate\":\"https:\\\/\\\/labotigadecarnsbertran.cat\\\/?s={search_term_string}\"},\"query-input\":{\"@type\":\"PropertyValueSpecification\",\"valueRequired\":true,\"valueName\":\"search_term_string\"}}],\"inLanguage\":\"es-ES\"}]}<\/script>\n<!-- \/ Yoast SEO plugin. -->","yoast_head_json":{"title":"Pol\u00edtica de privacidad - La botiga de Carns Bertran","robots":{"index":"noindex","follow":"nofollow"},"og_locale":"es_ES","og_type":"article","og_title":"Pol\u00edtica de privacidad - La botiga de Carns Bertran","og_description":"Pol\u00edtica de Privacidad De acuerdo con el Reglamento (UE) 2016\/679 [...]","og_url":"https:\/\/labotigadecarnsbertran.cat\/politica-de-privacitat\/","og_site_name":"La botiga de Carns Bertran","og_image":[{"width":2560,"height":1440,"url":"https:\/\/labotigadecarnsbertran.cat\/wp-content\/uploads\/2026\/04\/Carns-Bertran-Default-scaled.png","type":"image\/png"}],"twitter_card":"summary_large_image","twitter_misc":{"Est. reading time":"1 minute"},"schema":{"@context":"https:\/\/schema.org","@graph":[{"@type":"WebPage","@id":"https:\/\/labotigadecarnsbertran.cat\/politica-de-privacitat\/","url":"https:\/\/labotigadecarnsbertran.cat\/politica-de-privacitat\/","name":"Pol\u00edtica de privacidad - La botiga de Carns Bertran","isPartOf":{"@id":"https:\/\/labotigadecarnsbertran.cat\/#website"},"datePublished":"2024-12-07T11:10:36+00:00","breadcrumb":{"@id":"https:\/\/labotigadecarnsbertran.cat\/politica-de-privacitat\/#breadcrumb"},"inLanguage":"es-ES","potentialAction":[{"@type":"ReadAction","target":["https:\/\/labotigadecarnsbertran.cat\/politica-de-privacitat\/"]}]},{"@type":"BreadcrumbList","@id":"https:\/\/labotigadecarnsbertran.cat\/politica-de-privacitat\/#breadcrumb","itemListElement":[{"@type":"ListItem","position":1,"name":"Inici","item":"https:\/\/labotigadecarnsbertran.cat\/es\/"},{"@type":"ListItem","position":2,"name":"Pol\u00edtica de privacidad"}]},{"@type":"WebSite","@id":"https:\/\/labotigadecarnsbertran.cat\/#website","url":"https:\/\/labotigadecarnsbertran.cat\/","name":"La botiga de Carns Bertran","description":"Compra online","potentialAction":[{"@type":"SearchAction","target":{"@type":"EntryPoint","urlTemplate":"https:\/\/labotigadecarnsbertran.cat\/?s={search_term_string}"},"query-input":{"@type":"PropertyValueSpecification","valueRequired":true,"valueName":"search_term_string"}}],"inLanguage":"es-ES"}]}},"_links":{"self":[{"href":"https:\/\/labotigadecarnsbertran.cat\/es\/wp-json\/wp\/v2\/pages\/5196","targetHints":{"allow":["GET"]}}],"collection":[{"href":"https:\/\/labotigadecarnsbertran.cat\/es\/wp-json\/wp\/v2\/pages"}],"about":[{"href":"https:\/\/labotigadecarnsbertran.cat\/es\/wp-json\/wp\/v2\/types\/page"}],"author":[{"embeddable":true,"href":"https:\/\/labotigadecarnsbertran.cat\/es\/wp-json\/wp\/v2\/users\/1"}],"replies":[{"embeddable":true,"href":"https:\/\/labotigadecarnsbertran.cat\/es\/wp-json\/wp\/v2\/comments?post=5196"}],"version-history":[{"count":0,"href":"https:\/\/labotigadecarnsbertran.cat\/es\/wp-json\/wp\/v2\/pages\/5196\/revisions"}],"wp:attachment":[{"href":"https:\/\/labotigadecarnsbertran.cat\/es\/wp-json\/wp\/v2\/media?parent=5196"}],"curies":[{"name":"wp","href":"https:\/\/api.w.org\/{rel}","templated":true}]}}