{"id":5156,"date":"2024-05-20T17:21:58","date_gmt":"2024-05-20T17:21:58","guid":{"rendered":"https:\/\/labotigadecarnsbertran.cat\/product\/cachopo\/"},"modified":"2025-03-21T13:32:53","modified_gmt":"2025-03-21T13:32:53","slug":"cachopo","status":"publish","type":"product","link":"https:\/\/labotigadecarnsbertran.cat\/es\/producto\/cachopo\/","title":{"rendered":"Cachopo"},"content":{"rendered":"<p><strong>Cachopo<\/strong><\/p>\n<p>Cachopo de ternera extra. Relleno de jam\u00f3n y queso. Cada uno pesa entre 400\/500gr<\/p>\n<p id=\"tw-target-text\" class=\"tw-data-text tw-text-large tw-ta\" dir=\"ltr\" data-placeholder=\"Traducci\u00f3n\" data-ved=\"2ahUKEwi3z5Cx146KAxV6KvsDHRV8GFkQ3ewLegQIDBAU\" aria-label=\"Texto traducido: Cachopo de ternera son dos bistecs de ternera aplanados y rellenos con jam\u00f3n salado y queso con rebosado de pan rallado. Es un plato t\u00edpico gallego y debe fre\u00edrse. Se sirve con patatas fritas y \u00a1a ver qui\u00e9n se lo acaba!\"><span class=\"Y2IQFc\" lang=\"es\">Cachopo de ternera son dos bistecs de ternera aplanados y rellenos con jam\u00f3n salado y queso con rebosado de pan rallado. Es un plato t\u00edpico gallego y debe fre\u00edrse. Se sirve con patatas fritas y \u00a1a ver qui\u00e9n se lo acaba!<\/span><\/p>\n<ul>\n<li>Refrigerado: si<\/li>\n<li>Congelado: no<\/li>\n<li>Gluten: no<\/li>\n<li>Al\u00e9rgenos: no<\/li>\n<li>Valor nutricional: La ternera tiene un grado elevado en proteinas muy interesantes para nuestro organismo.<\/li>\n<li><span class=\"Y2IQFc\" lang=\"es\">Ingredientes: Carne magra de ternera extra de proximidad, jam\u00f3n curado, queso huevo l\u00edquido y pan rallado. <\/span><\/li>\n<li><span class=\"Y2IQFc\" lang=\"es\">Informaci\u00f3n de conservaci\u00f3n: Conservar refrigerado. <\/span><\/li>\n<li><span class=\"Y2IQFc\" lang=\"es\">Origen: Carnes Bertran, Tarragona<\/span><\/li>\n<\/ul>\n","protected":false},"excerpt":{"rendered":"<p><strong>Cachopo<\/strong><\/p>\n<p id=\"tw-target-text\" class=\"tw-data-text tw-text-large tw-ta\" dir=\"ltr\" data-placeholder=\"Traducci\u00f3n\" data-ved=\"2ahUKEwi3z5Cx146KAxV6KvsDHRV8GFkQ3ewLegQIDBAU\" aria-label=\"Texto traducido: Cachopo de ternera son dos bistecs de ternera aplanados y rellenos con jam\u00f3n salado y queso con rebosado de pan rallado. Es un plato t\u00edpico gallego y debe fre\u00edrse. Se sirve con patatas fritas y \u00a1a ver qui\u00e9n se lo acaba!\"><span class=\"Y2IQFc\" lang=\"es\">Cachopo de ternera son dos bistecs de ternera aplanados y rellenos con jam\u00f3n salado y queso con rebosado de pan rallado. Es un plato t\u00edpico gallego y debe fre\u00edrse. Se sirve con patatas fritas y \u00a1a ver qui\u00e9n se lo acaba!<\/span><\/p>\n","protected":false},"featured_media":4889,"comment_status":"closed","ping_status":"closed","template":"","meta":[],"product_brand":[],"product_cat":[157],"product_tag":[],"class_list":{"0":"post-5156","1":"product","2":"type-product","3":"status-publish","4":"has-post-thumbnail","6":"product_cat-ternera-vaca-y-buey","8":"first","9":"instock","10":"taxable","11":"shipping-taxable","12":"purchasable","13":"product-type-simple"},"yoast_head":"<!-- This site is optimized with the Yoast SEO plugin v27.2 - https:\/\/yoast.com\/product\/yoast-seo-wordpress\/ -->\n<title>Cachopo - La botiga de Carns Bertran<\/title>\n<meta name=\"description\" content=\"Cachopo Reb a casa o vine a buscar la teva comanda. Amb la qualitat de Carns Bertran, carnissers des de l 1976.\" \/>\n<meta name=\"robots\" content=\"index, follow, max-snippet:-1, max-image-preview:large, max-video-preview:-1\" \/>\n<link rel=\"canonical\" href=\"https:\/\/labotigadecarnsbertran.cat\/es\/producto\/cachopo\/\" \/>\n<meta property=\"og:locale\" content=\"es_ES\" \/>\n<meta property=\"og:type\" content=\"article\" \/>\n<meta property=\"og:title\" content=\"Cachopo - La botiga de Carns Bertran\" \/>\n<meta property=\"og:description\" content=\"Cachopo Reb a casa o vine a buscar la teva comanda. Amb la qualitat de Carns Bertran, carnissers des de l 1976.\" \/>\n<meta property=\"og:url\" content=\"https:\/\/labotigadecarnsbertran.cat\/es\/producto\/cachopo\/\" \/>\n<meta property=\"og:site_name\" content=\"La botiga de Carns Bertran\" \/>\n<meta property=\"article:modified_time\" content=\"2025-03-21T13:32:53+00:00\" \/>\n<meta property=\"og:image\" content=\"http:\/\/labotigadecarnsbertran.cat\/wp-content\/uploads\/2024\/05\/11027.1.jpg\" \/>\n\t<meta property=\"og:image:width\" content=\"612\" \/>\n\t<meta property=\"og:image:height\" content=\"428\" \/>\n\t<meta property=\"og:image:type\" content=\"image\/jpeg\" \/>\n<meta name=\"twitter:card\" content=\"summary_large_image\" \/>\n<meta name=\"twitter:label1\" content=\"Est. reading time\" \/>\n\t<meta name=\"twitter:data1\" content=\"1 minute\" \/>\n<script type=\"application\/ld+json\" class=\"yoast-schema-graph\">{\"@context\":\"https:\/\/schema.org\",\"@graph\":[{\"@type\":\"WebPage\",\"@id\":\"https:\/\/labotigadecarnsbertran.cat\/es\/producto\/cachopo\/\",\"url\":\"https:\/\/labotigadecarnsbertran.cat\/es\/producto\/cachopo\/\",\"name\":\"Cachopo - La botiga de Carns Bertran\",\"isPartOf\":{\"@id\":\"https:\/\/labotigadecarnsbertran.cat\/#website\"},\"primaryImageOfPage\":{\"@id\":\"https:\/\/labotigadecarnsbertran.cat\/es\/producto\/cachopo\/#primaryimage\"},\"image\":{\"@id\":\"https:\/\/labotigadecarnsbertran.cat\/es\/producto\/cachopo\/#primaryimage\"},\"thumbnailUrl\":\"https:\/\/labotigadecarnsbertran.cat\/wp-content\/uploads\/2024\/05\/11027.1.jpg\",\"datePublished\":\"2024-05-20T17:21:58+00:00\",\"dateModified\":\"2025-03-21T13:32:53+00:00\",\"description\":\"Cachopo Reb a casa o vine a buscar la teva comanda. Amb la qualitat de Carns Bertran, carnissers des de l 1976.\",\"breadcrumb\":{\"@id\":\"https:\/\/labotigadecarnsbertran.cat\/es\/producto\/cachopo\/#breadcrumb\"},\"inLanguage\":\"es-ES\",\"potentialAction\":[{\"@type\":\"ReadAction\",\"target\":[\"https:\/\/labotigadecarnsbertran.cat\/es\/producto\/cachopo\/\"]}]},{\"@type\":\"ImageObject\",\"inLanguage\":\"es-ES\",\"@id\":\"https:\/\/labotigadecarnsbertran.cat\/es\/producto\/cachopo\/#primaryimage\",\"url\":\"https:\/\/labotigadecarnsbertran.cat\/wp-content\/uploads\/2024\/05\/11027.1.jpg\",\"contentUrl\":\"https:\/\/labotigadecarnsbertran.cat\/wp-content\/uploads\/2024\/05\/11027.1.jpg\",\"width\":612,\"height\":428,\"caption\":\"Chachopo,typical Spanish food with veal meat with cheese and ham\"},{\"@type\":\"BreadcrumbList\",\"@id\":\"https:\/\/labotigadecarnsbertran.cat\/es\/producto\/cachopo\/#breadcrumb\",\"itemListElement\":[{\"@type\":\"ListItem\",\"position\":1,\"name\":\"Inici\",\"item\":\"https:\/\/labotigadecarnsbertran.cat\/es\/\"},{\"@type\":\"ListItem\",\"position\":2,\"name\":\"Productes\",\"item\":\"https:\/\/labotigadecarnsbertran.cat\/shop\/\"},{\"@type\":\"ListItem\",\"position\":3,\"name\":\"Cachopo\"}]},{\"@type\":\"WebSite\",\"@id\":\"https:\/\/labotigadecarnsbertran.cat\/#website\",\"url\":\"https:\/\/labotigadecarnsbertran.cat\/\",\"name\":\"La botiga de Carns Bertran\",\"description\":\"Compra online\",\"potentialAction\":[{\"@type\":\"SearchAction\",\"target\":{\"@type\":\"EntryPoint\",\"urlTemplate\":\"https:\/\/labotigadecarnsbertran.cat\/?s={search_term_string}\"},\"query-input\":{\"@type\":\"PropertyValueSpecification\",\"valueRequired\":true,\"valueName\":\"search_term_string\"}}],\"inLanguage\":\"es-ES\"}]}<\/script>\n<!-- \/ Yoast SEO plugin. -->","yoast_head_json":{"title":"Cachopo - La botiga de Carns Bertran","description":"Cachopo Reb a casa o vine a buscar la teva comanda. Amb la qualitat de Carns Bertran, carnissers des de l 1976.","robots":{"index":"index","follow":"follow","max-snippet":"max-snippet:-1","max-image-preview":"max-image-preview:large","max-video-preview":"max-video-preview:-1"},"canonical":"https:\/\/labotigadecarnsbertran.cat\/es\/producto\/cachopo\/","og_locale":"es_ES","og_type":"article","og_title":"Cachopo - La botiga de Carns Bertran","og_description":"Cachopo Reb a casa o vine a buscar la teva comanda. Amb la qualitat de Carns Bertran, carnissers des de l 1976.","og_url":"https:\/\/labotigadecarnsbertran.cat\/es\/producto\/cachopo\/","og_site_name":"La botiga de Carns Bertran","article_modified_time":"2025-03-21T13:32:53+00:00","og_image":[{"width":612,"height":428,"url":"http:\/\/labotigadecarnsbertran.cat\/wp-content\/uploads\/2024\/05\/11027.1.jpg","type":"image\/jpeg"}],"twitter_card":"summary_large_image","twitter_misc":{"Est. reading time":"1 minute"},"schema":{"@context":"https:\/\/schema.org","@graph":[{"@type":"WebPage","@id":"https:\/\/labotigadecarnsbertran.cat\/es\/producto\/cachopo\/","url":"https:\/\/labotigadecarnsbertran.cat\/es\/producto\/cachopo\/","name":"Cachopo - La botiga de Carns Bertran","isPartOf":{"@id":"https:\/\/labotigadecarnsbertran.cat\/#website"},"primaryImageOfPage":{"@id":"https:\/\/labotigadecarnsbertran.cat\/es\/producto\/cachopo\/#primaryimage"},"image":{"@id":"https:\/\/labotigadecarnsbertran.cat\/es\/producto\/cachopo\/#primaryimage"},"thumbnailUrl":"https:\/\/labotigadecarnsbertran.cat\/wp-content\/uploads\/2024\/05\/11027.1.jpg","datePublished":"2024-05-20T17:21:58+00:00","dateModified":"2025-03-21T13:32:53+00:00","description":"Cachopo Reb a casa o vine a buscar la teva comanda. Amb la qualitat de Carns Bertran, carnissers des de l 1976.","breadcrumb":{"@id":"https:\/\/labotigadecarnsbertran.cat\/es\/producto\/cachopo\/#breadcrumb"},"inLanguage":"es-ES","potentialAction":[{"@type":"ReadAction","target":["https:\/\/labotigadecarnsbertran.cat\/es\/producto\/cachopo\/"]}]},{"@type":"ImageObject","inLanguage":"es-ES","@id":"https:\/\/labotigadecarnsbertran.cat\/es\/producto\/cachopo\/#primaryimage","url":"https:\/\/labotigadecarnsbertran.cat\/wp-content\/uploads\/2024\/05\/11027.1.jpg","contentUrl":"https:\/\/labotigadecarnsbertran.cat\/wp-content\/uploads\/2024\/05\/11027.1.jpg","width":612,"height":428,"caption":"Chachopo,typical Spanish food with veal meat with cheese and ham"},{"@type":"BreadcrumbList","@id":"https:\/\/labotigadecarnsbertran.cat\/es\/producto\/cachopo\/#breadcrumb","itemListElement":[{"@type":"ListItem","position":1,"name":"Inici","item":"https:\/\/labotigadecarnsbertran.cat\/es\/"},{"@type":"ListItem","position":2,"name":"Productes","item":"https:\/\/labotigadecarnsbertran.cat\/shop\/"},{"@type":"ListItem","position":3,"name":"Cachopo"}]},{"@type":"WebSite","@id":"https:\/\/labotigadecarnsbertran.cat\/#website","url":"https:\/\/labotigadecarnsbertran.cat\/","name":"La botiga de Carns Bertran","description":"Compra online","potentialAction":[{"@type":"SearchAction","target":{"@type":"EntryPoint","urlTemplate":"https:\/\/labotigadecarnsbertran.cat\/?s={search_term_string}"},"query-input":{"@type":"PropertyValueSpecification","valueRequired":true,"valueName":"search_term_string"}}],"inLanguage":"es-ES"}]}},"_links":{"self":[{"href":"https:\/\/labotigadecarnsbertran.cat\/es\/wp-json\/wp\/v2\/product\/5156","targetHints":{"allow":["GET"]}}],"collection":[{"href":"https:\/\/labotigadecarnsbertran.cat\/es\/wp-json\/wp\/v2\/product"}],"about":[{"href":"https:\/\/labotigadecarnsbertran.cat\/es\/wp-json\/wp\/v2\/types\/product"}],"replies":[{"embeddable":true,"href":"https:\/\/labotigadecarnsbertran.cat\/es\/wp-json\/wp\/v2\/comments?post=5156"}],"wp:featuredmedia":[{"embeddable":true,"href":"https:\/\/labotigadecarnsbertran.cat\/es\/wp-json\/wp\/v2\/media\/4889"}],"wp:attachment":[{"href":"https:\/\/labotigadecarnsbertran.cat\/es\/wp-json\/wp\/v2\/media?parent=5156"}],"wp:term":[{"taxonomy":"product_brand","embeddable":true,"href":"https:\/\/labotigadecarnsbertran.cat\/es\/wp-json\/wp\/v2\/product_brand?post=5156"},{"taxonomy":"product_cat","embeddable":true,"href":"https:\/\/labotigadecarnsbertran.cat\/es\/wp-json\/wp\/v2\/product_cat?post=5156"},{"taxonomy":"product_tag","embeddable":true,"href":"https:\/\/labotigadecarnsbertran.cat\/es\/wp-json\/wp\/v2\/product_tag?post=5156"}],"curies":[{"name":"wp","href":"https:\/\/api.w.org\/{rel}","templated":true}]}}