{"id":5168,"date":"2024-05-20T17:10:33","date_gmt":"2024-05-20T17:10:33","guid":{"rendered":"https:\/\/labotigadecarnsbertran.cat\/product\/carpaccio-de-ternera\/"},"modified":"2025-11-24T09:52:22","modified_gmt":"2025-11-24T09:52:22","slug":"carpaccio-de-ternera","status":"publish","type":"product","link":"https:\/\/labotigadecarnsbertran.cat\/es\/producto\/carpaccio-de-ternera\/","title":{"rendered":"Carpaccio de ternera"},"content":{"rendered":"<p><strong>Carpaccio de ternera<\/strong><\/p>\n<p id=\"tw-target-text\" class=\"tw-data-text tw-text-large tw-ta\" dir=\"ltr\" data-placeholder=\"Traducci\u00f3n\" data-ved=\"2ahUKEwjKsPLN3o6KAxXDTaQEHRkbNpUQ3ewLegQIDBAU\" aria-label=\"Texto traducido: Paquete de 300gr. aprox. de carpaccio de ternera cortado. Se sirve congelado. El carpaccio lo hacemos con nuestra carne extra de proximidad, le retiramos el m\u00e1ximo de grasa, la cortamos con m\u00e1quina la ponemos capas separadas por l\u00e1minas y congelamos. Tambi\u00e9n puede solicitar el queso Parma laminado para acompa\u00f1ar. Hacemos bandejas de 130\/150gr de l\u00e1minas de Parma.\"><span class=\"Y2IQFc\" lang=\"es\">Paquete de 300gr. aprox. de carpaccio de ternera cortado. Se sirve congelado. <\/span><\/p>\n<p class=\"tw-data-text tw-text-large tw-ta\" dir=\"ltr\" data-placeholder=\"Traducci\u00f3n\" data-ved=\"2ahUKEwjKsPLN3o6KAxXDTaQEHRkbNpUQ3ewLegQIDBAU\" aria-label=\"Texto traducido: Paquete de 300gr. aprox. de carpaccio de ternera cortado. Se sirve congelado. El carpaccio lo hacemos con nuestra carne extra de proximidad, le retiramos el m\u00e1ximo de grasa, la cortamos con m\u00e1quina la ponemos capas separadas por l\u00e1minas y congelamos. Tambi\u00e9n puede solicitar el queso Parma laminado para acompa\u00f1ar. Hacemos bandejas de 130\/150gr de l\u00e1minas de Parma.\"><span class=\"Y2IQFc\" lang=\"es\">El carpaccio lo hacemos con nuestra carne extra de proximidad, le retiramos el m\u00e1ximo de grasa, la cortamos con m\u00e1quina la ponemos capas separadas por l\u00e1minas y congelamos. Tambi\u00e9n puede solicitar el queso Parma laminado para acompa\u00f1ar. Hacemos bandejas de 130\/150gr de l\u00e1minas de Parma.<\/span><\/p>\n<ul>\n<li>Refrigerado: si<\/li>\n<li>Congelado: si<\/li>\n<li>Gluten: no<\/li>\n<li>Al\u00e9rgenos: no<\/li>\n<li>Valor nutricional:La ternera tiene un grado elevado en prote\u00ednas muy interesantes por nuestro organismo.<\/li>\n<li>Ingredientes:Carne magra de ternera extra cortada extra fina a m\u00e1quina y congelada.<\/li>\n<li>Informaci\u00f3n de conservaci\u00f3n: Conservar congelado.<\/li>\n<li>Origen: Carns Bertran, Tarragona<\/li>\n<\/ul>\n","protected":false},"excerpt":{"rendered":"<p><strong>Carpaccio de ternera<\/strong><\/p>\n<p id=\"tw-target-text\" class=\"tw-data-text tw-text-large tw-ta\" dir=\"ltr\" data-placeholder=\"Traducci\u00f3n\" data-ved=\"2ahUKEwjKsPLN3o6KAxXDTaQEHRkbNpUQ3ewLegQIDBAU\" aria-label=\"Texto traducido: El carpaccio lo hacemos con nuestra carne extra de proximidad, le retiramos el m\u00e1ximo de grasa, la cortamos con m\u00e1quina la ponemos capas separadas por l\u00e1minas y congelamos. Tambi\u00e9n puede solicitar el queso Parma laminado para acompa\u00f1ar. Hacemos bandejas de 130\/150gr de l\u00e1minas de Parma.\"><span class=\"Y2IQFc\" lang=\"es\">El carpaccio lo hacemos con nuestra carne extra de proximidad, le retiramos el m\u00e1ximo de grasa, la cortamos con m\u00e1quina la ponemos capas separadas por l\u00e1minas y congelamos. Tambi\u00e9n puede solicitar el queso Parma laminado para acompa\u00f1ar. Hacemos bandejas de 130\/150gr de l\u00e1minas de Parma.<\/span><\/p>\n<p><strong>Bandeja de 300gr.<\/strong><\/p>\n","protected":false},"featured_media":4879,"comment_status":"closed","ping_status":"closed","template":"","meta":[],"product_brand":[],"product_cat":[157],"product_tag":[],"class_list":{"0":"post-5168","1":"product","2":"type-product","3":"status-publish","4":"has-post-thumbnail","6":"product_cat-ternera-vaca-y-buey","8":"first","9":"instock","10":"taxable","11":"shipping-taxable","12":"purchasable","13":"product-type-simple"},"yoast_head":"<!-- This site is optimized with the Yoast SEO plugin v27.5 - https:\/\/yoast.com\/product\/yoast-seo-wordpress\/ -->\n<title>Carpaccio de ternera - La botiga de Carns Bertran<\/title>\n<meta name=\"description\" content=\"Carpaccio de ternera Reb a casa o vine a buscar la teva comanda. Amb la qualitat de Carns Bertran, carnissers des de l 1976.\" \/>\n<meta name=\"robots\" content=\"index, follow, max-snippet:-1, max-image-preview:large, max-video-preview:-1\" \/>\n<link rel=\"canonical\" href=\"https:\/\/labotigadecarnsbertran.cat\/es\/producto\/carpaccio-de-ternera\/\" \/>\n<meta property=\"og:locale\" content=\"es_ES\" \/>\n<meta property=\"og:type\" content=\"article\" \/>\n<meta property=\"og:title\" content=\"Carpaccio de ternera - La botiga de Carns Bertran\" \/>\n<meta property=\"og:description\" content=\"Carpaccio de ternera Reb a casa o vine a buscar la teva comanda. Amb la qualitat de Carns Bertran, carnissers des de l 1976.\" \/>\n<meta property=\"og:url\" content=\"https:\/\/labotigadecarnsbertran.cat\/es\/producto\/carpaccio-de-ternera\/\" \/>\n<meta property=\"og:site_name\" content=\"La botiga de Carns Bertran\" \/>\n<meta property=\"article:modified_time\" content=\"2025-11-24T09:52:22+00:00\" \/>\n<meta property=\"og:image\" content=\"http:\/\/labotigadecarnsbertran.cat\/wp-content\/uploads\/2024\/05\/11014-scaled-e1716225014839.jpg\" \/>\n\t<meta property=\"og:image:width\" content=\"2560\" \/>\n\t<meta property=\"og:image:height\" content=\"1700\" \/>\n\t<meta property=\"og:image:type\" content=\"image\/jpeg\" \/>\n<meta name=\"twitter:card\" content=\"summary_large_image\" \/>\n<meta name=\"twitter:label1\" content=\"Est. reading time\" \/>\n\t<meta name=\"twitter:data1\" content=\"1 minute\" \/>\n<script type=\"application\/ld+json\" class=\"yoast-schema-graph\">{\"@context\":\"https:\\\/\\\/schema.org\",\"@graph\":[{\"@type\":\"WebPage\",\"@id\":\"https:\\\/\\\/labotigadecarnsbertran.cat\\\/es\\\/producto\\\/carpaccio-de-ternera\\\/\",\"url\":\"https:\\\/\\\/labotigadecarnsbertran.cat\\\/es\\\/producto\\\/carpaccio-de-ternera\\\/\",\"name\":\"Carpaccio de ternera - La botiga de Carns Bertran\",\"isPartOf\":{\"@id\":\"https:\\\/\\\/labotigadecarnsbertran.cat\\\/#website\"},\"primaryImageOfPage\":{\"@id\":\"https:\\\/\\\/labotigadecarnsbertran.cat\\\/es\\\/producto\\\/carpaccio-de-ternera\\\/#primaryimage\"},\"image\":{\"@id\":\"https:\\\/\\\/labotigadecarnsbertran.cat\\\/es\\\/producto\\\/carpaccio-de-ternera\\\/#primaryimage\"},\"thumbnailUrl\":\"https:\\\/\\\/labotigadecarnsbertran.cat\\\/wp-content\\\/uploads\\\/2024\\\/05\\\/11014-scaled-e1716225014839.jpg\",\"datePublished\":\"2024-05-20T17:10:33+00:00\",\"dateModified\":\"2025-11-24T09:52:22+00:00\",\"description\":\"Carpaccio de ternera Reb a casa o vine a buscar la teva comanda. Amb la qualitat de Carns Bertran, carnissers des de l 1976.\",\"breadcrumb\":{\"@id\":\"https:\\\/\\\/labotigadecarnsbertran.cat\\\/es\\\/producto\\\/carpaccio-de-ternera\\\/#breadcrumb\"},\"inLanguage\":\"es-ES\",\"potentialAction\":[{\"@type\":\"ReadAction\",\"target\":[\"https:\\\/\\\/labotigadecarnsbertran.cat\\\/es\\\/producto\\\/carpaccio-de-ternera\\\/\"]}]},{\"@type\":\"ImageObject\",\"inLanguage\":\"es-ES\",\"@id\":\"https:\\\/\\\/labotigadecarnsbertran.cat\\\/es\\\/producto\\\/carpaccio-de-ternera\\\/#primaryimage\",\"url\":\"https:\\\/\\\/labotigadecarnsbertran.cat\\\/wp-content\\\/uploads\\\/2024\\\/05\\\/11014-scaled-e1716225014839.jpg\",\"contentUrl\":\"https:\\\/\\\/labotigadecarnsbertran.cat\\\/wp-content\\\/uploads\\\/2024\\\/05\\\/11014-scaled-e1716225014839.jpg\",\"width\":1200,\"height\":797,\"caption\":\"Carpaccio de vedella\"},{\"@type\":\"BreadcrumbList\",\"@id\":\"https:\\\/\\\/labotigadecarnsbertran.cat\\\/es\\\/producto\\\/carpaccio-de-ternera\\\/#breadcrumb\",\"itemListElement\":[{\"@type\":\"ListItem\",\"position\":1,\"name\":\"Inici\",\"item\":\"https:\\\/\\\/labotigadecarnsbertran.cat\\\/es\\\/\"},{\"@type\":\"ListItem\",\"position\":2,\"name\":\"Productes\",\"item\":\"https:\\\/\\\/labotigadecarnsbertran.cat\\\/shop\\\/\"},{\"@type\":\"ListItem\",\"position\":3,\"name\":\"Carpaccio de ternera\"}]},{\"@type\":\"WebSite\",\"@id\":\"https:\\\/\\\/labotigadecarnsbertran.cat\\\/#website\",\"url\":\"https:\\\/\\\/labotigadecarnsbertran.cat\\\/\",\"name\":\"La botiga de Carns Bertran\",\"description\":\"Compra online\",\"potentialAction\":[{\"@type\":\"SearchAction\",\"target\":{\"@type\":\"EntryPoint\",\"urlTemplate\":\"https:\\\/\\\/labotigadecarnsbertran.cat\\\/?s={search_term_string}\"},\"query-input\":{\"@type\":\"PropertyValueSpecification\",\"valueRequired\":true,\"valueName\":\"search_term_string\"}}],\"inLanguage\":\"es-ES\"}]}<\/script>\n<!-- \/ Yoast SEO plugin. -->","yoast_head_json":{"title":"Carpaccio de ternera - La botiga de Carns Bertran","description":"Carpaccio de ternera Reb a casa o vine a buscar la teva comanda. Amb la qualitat de Carns Bertran, carnissers des de l 1976.","robots":{"index":"index","follow":"follow","max-snippet":"max-snippet:-1","max-image-preview":"max-image-preview:large","max-video-preview":"max-video-preview:-1"},"canonical":"https:\/\/labotigadecarnsbertran.cat\/es\/producto\/carpaccio-de-ternera\/","og_locale":"es_ES","og_type":"article","og_title":"Carpaccio de ternera - La botiga de Carns Bertran","og_description":"Carpaccio de ternera Reb a casa o vine a buscar la teva comanda. Amb la qualitat de Carns Bertran, carnissers des de l 1976.","og_url":"https:\/\/labotigadecarnsbertran.cat\/es\/producto\/carpaccio-de-ternera\/","og_site_name":"La botiga de Carns Bertran","article_modified_time":"2025-11-24T09:52:22+00:00","og_image":[{"width":2560,"height":1700,"url":"http:\/\/labotigadecarnsbertran.cat\/wp-content\/uploads\/2024\/05\/11014-scaled-e1716225014839.jpg","type":"image\/jpeg"}],"twitter_card":"summary_large_image","twitter_misc":{"Est. reading time":"1 minute"},"schema":{"@context":"https:\/\/schema.org","@graph":[{"@type":"WebPage","@id":"https:\/\/labotigadecarnsbertran.cat\/es\/producto\/carpaccio-de-ternera\/","url":"https:\/\/labotigadecarnsbertran.cat\/es\/producto\/carpaccio-de-ternera\/","name":"Carpaccio de ternera - La botiga de Carns Bertran","isPartOf":{"@id":"https:\/\/labotigadecarnsbertran.cat\/#website"},"primaryImageOfPage":{"@id":"https:\/\/labotigadecarnsbertran.cat\/es\/producto\/carpaccio-de-ternera\/#primaryimage"},"image":{"@id":"https:\/\/labotigadecarnsbertran.cat\/es\/producto\/carpaccio-de-ternera\/#primaryimage"},"thumbnailUrl":"https:\/\/labotigadecarnsbertran.cat\/wp-content\/uploads\/2024\/05\/11014-scaled-e1716225014839.jpg","datePublished":"2024-05-20T17:10:33+00:00","dateModified":"2025-11-24T09:52:22+00:00","description":"Carpaccio de ternera Reb a casa o vine a buscar la teva comanda. Amb la qualitat de Carns Bertran, carnissers des de l 1976.","breadcrumb":{"@id":"https:\/\/labotigadecarnsbertran.cat\/es\/producto\/carpaccio-de-ternera\/#breadcrumb"},"inLanguage":"es-ES","potentialAction":[{"@type":"ReadAction","target":["https:\/\/labotigadecarnsbertran.cat\/es\/producto\/carpaccio-de-ternera\/"]}]},{"@type":"ImageObject","inLanguage":"es-ES","@id":"https:\/\/labotigadecarnsbertran.cat\/es\/producto\/carpaccio-de-ternera\/#primaryimage","url":"https:\/\/labotigadecarnsbertran.cat\/wp-content\/uploads\/2024\/05\/11014-scaled-e1716225014839.jpg","contentUrl":"https:\/\/labotigadecarnsbertran.cat\/wp-content\/uploads\/2024\/05\/11014-scaled-e1716225014839.jpg","width":1200,"height":797,"caption":"Carpaccio de vedella"},{"@type":"BreadcrumbList","@id":"https:\/\/labotigadecarnsbertran.cat\/es\/producto\/carpaccio-de-ternera\/#breadcrumb","itemListElement":[{"@type":"ListItem","position":1,"name":"Inici","item":"https:\/\/labotigadecarnsbertran.cat\/es\/"},{"@type":"ListItem","position":2,"name":"Productes","item":"https:\/\/labotigadecarnsbertran.cat\/shop\/"},{"@type":"ListItem","position":3,"name":"Carpaccio de ternera"}]},{"@type":"WebSite","@id":"https:\/\/labotigadecarnsbertran.cat\/#website","url":"https:\/\/labotigadecarnsbertran.cat\/","name":"La botiga de Carns Bertran","description":"Compra online","potentialAction":[{"@type":"SearchAction","target":{"@type":"EntryPoint","urlTemplate":"https:\/\/labotigadecarnsbertran.cat\/?s={search_term_string}"},"query-input":{"@type":"PropertyValueSpecification","valueRequired":true,"valueName":"search_term_string"}}],"inLanguage":"es-ES"}]}},"_links":{"self":[{"href":"https:\/\/labotigadecarnsbertran.cat\/es\/wp-json\/wp\/v2\/product\/5168","targetHints":{"allow":["GET"]}}],"collection":[{"href":"https:\/\/labotigadecarnsbertran.cat\/es\/wp-json\/wp\/v2\/product"}],"about":[{"href":"https:\/\/labotigadecarnsbertran.cat\/es\/wp-json\/wp\/v2\/types\/product"}],"replies":[{"embeddable":true,"href":"https:\/\/labotigadecarnsbertran.cat\/es\/wp-json\/wp\/v2\/comments?post=5168"}],"wp:featuredmedia":[{"embeddable":true,"href":"https:\/\/labotigadecarnsbertran.cat\/es\/wp-json\/wp\/v2\/media\/4879"}],"wp:attachment":[{"href":"https:\/\/labotigadecarnsbertran.cat\/es\/wp-json\/wp\/v2\/media?parent=5168"}],"wp:term":[{"taxonomy":"product_brand","embeddable":true,"href":"https:\/\/labotigadecarnsbertran.cat\/es\/wp-json\/wp\/v2\/product_brand?post=5168"},{"taxonomy":"product_cat","embeddable":true,"href":"https:\/\/labotigadecarnsbertran.cat\/es\/wp-json\/wp\/v2\/product_cat?post=5168"},{"taxonomy":"product_tag","embeddable":true,"href":"https:\/\/labotigadecarnsbertran.cat\/es\/wp-json\/wp\/v2\/product_tag?post=5168"}],"curies":[{"name":"wp","href":"https:\/\/api.w.org\/{rel}","templated":true}]}}