{"id":5169,"date":"2024-05-20T16:48:17","date_gmt":"2024-05-20T16:48:17","guid":{"rendered":"https:\/\/labotigadecarnsbertran.cat\/product\/lomo-adobado-de-pages\/"},"modified":"2024-12-09T16:18:05","modified_gmt":"2024-12-09T16:18:05","slug":"lomo-adobado-de-pages","status":"publish","type":"product","link":"https:\/\/labotigadecarnsbertran.cat\/es\/producto\/lomo-adobado-de-pages\/","title":{"rendered":"Lomo adobado de pay\u00e9s"},"content":{"rendered":"<p><strong>Lomo adobado de pag\u00e8s<\/strong><\/p>\n<p>Ca\u00f1a de lomo abonada al natural, no est\u00e1 hervido ni cocido. Con un abono suave que enamora.<\/p>\n<ul>\n<li id=\"tw-target-text\" class=\"tw-data-text tw-text-large tw-ta\" dir=\"ltr\" data-placeholder=\"Traducci\u00f3n\" data-ved=\"2ahUKEwjKsPLN3o6KAxXDTaQEHRkbNpUQ3ewLegQIDBAU\" aria-label=\"Texto traducido: Refrigerado: si Congelado: no Gluten: no Al\u00e9rgenos: no Valor nutricional: Contiene omega 3, bajo en grasa saturada Ingredientes: Carne de cerdo Duroc fresca Informaci\u00f3n de conservaci\u00f3n: Conservar refrigerado dentro del envase durante los pr\u00f3ximos 2\/3 d\u00edas sino que deben consumirse en 2\/3 d\u00edas recomendamos congelar. Origen: Casa medios\"><span class=\"Y2IQFc\" lang=\"es\">Refrigerado: si <\/span><\/li>\n<li class=\"tw-data-text tw-text-large tw-ta\" dir=\"ltr\" data-placeholder=\"Traducci\u00f3n\" data-ved=\"2ahUKEwjKsPLN3o6KAxXDTaQEHRkbNpUQ3ewLegQIDBAU\" aria-label=\"Texto traducido: Refrigerado: si Congelado: no Gluten: no Al\u00e9rgenos: no Valor nutricional: Contiene omega 3, bajo en grasa saturada Ingredientes: Carne de cerdo Duroc fresca Informaci\u00f3n de conservaci\u00f3n: Conservar refrigerado dentro del envase durante los pr\u00f3ximos 2\/3 d\u00edas sino que deben consumirse en 2\/3 d\u00edas recomendamos congelar. Origen: Casa medios\"><span class=\"Y2IQFc\" lang=\"es\">Congelado: no <\/span><\/li>\n<li class=\"tw-data-text tw-text-large tw-ta\" dir=\"ltr\" data-placeholder=\"Traducci\u00f3n\" data-ved=\"2ahUKEwjKsPLN3o6KAxXDTaQEHRkbNpUQ3ewLegQIDBAU\" aria-label=\"Texto traducido: Refrigerado: si Congelado: no Gluten: no Al\u00e9rgenos: no Valor nutricional: Contiene omega 3, bajo en grasa saturada Ingredientes: Carne de cerdo Duroc fresca Informaci\u00f3n de conservaci\u00f3n: Conservar refrigerado dentro del envase durante los pr\u00f3ximos 2\/3 d\u00edas sino que deben consumirse en 2\/3 d\u00edas recomendamos congelar. Origen: Casa medios\"><span class=\"Y2IQFc\" lang=\"es\">Gluten: no <\/span><\/li>\n<li class=\"tw-data-text tw-text-large tw-ta\" dir=\"ltr\" data-placeholder=\"Traducci\u00f3n\" data-ved=\"2ahUKEwjKsPLN3o6KAxXDTaQEHRkbNpUQ3ewLegQIDBAU\" aria-label=\"Texto traducido: Refrigerado: si Congelado: no Gluten: no Al\u00e9rgenos: no Valor nutricional: Contiene omega 3, bajo en grasa saturada Ingredientes: Carne de cerdo Duroc fresca Informaci\u00f3n de conservaci\u00f3n: Conservar refrigerado dentro del envase durante los pr\u00f3ximos 2\/3 d\u00edas sino que deben consumirse en 2\/3 d\u00edas recomendamos congelar. Origen: Casa medios\"><span class=\"Y2IQFc\" lang=\"es\">Al\u00e9rgenos: no <\/span><\/li>\n<li class=\"tw-data-text tw-text-large tw-ta\" dir=\"ltr\" data-placeholder=\"Traducci\u00f3n\" data-ved=\"2ahUKEwjKsPLN3o6KAxXDTaQEHRkbNpUQ3ewLegQIDBAU\" aria-label=\"Texto traducido: Refrigerado: si Congelado: no Gluten: no Al\u00e9rgenos: no Valor nutricional: Contiene omega 3, bajo en grasa saturada Ingredientes: Carne de cerdo Duroc fresca Informaci\u00f3n de conservaci\u00f3n: Conservar refrigerado dentro del envase durante los pr\u00f3ximos 2\/3 d\u00edas sino que deben consumirse en 2\/3 d\u00edas recomendamos congelar. Origen: Casa medios\"><span class=\"Y2IQFc\" lang=\"es\">V<\/span><span class=\"Y2IQFc\" lang=\"es\">alor nutricional: Contiene omega 3, bajo en grasa saturada <\/span><\/li>\n<li class=\"tw-data-text tw-text-large tw-ta\" dir=\"ltr\" data-placeholder=\"Traducci\u00f3n\" data-ved=\"2ahUKEwjKsPLN3o6KAxXDTaQEHRkbNpUQ3ewLegQIDBAU\" aria-label=\"Texto traducido: Refrigerado: si Congelado: no Gluten: no Al\u00e9rgenos: no Valor nutricional: Contiene omega 3, bajo en grasa saturada Ingredientes: Carne de cerdo Duroc fresca Informaci\u00f3n de conservaci\u00f3n: Conservar refrigerado dentro del envase durante los pr\u00f3ximos 2\/3 d\u00edas sino que deben consumirse en 2\/3 d\u00edas recomendamos congelar. Origen: Casa medios\"><span class=\"Y2IQFc\" lang=\"es\">Ingredientes: Carne de cerdo Duroc fresca <\/span><\/li>\n<li class=\"tw-data-text tw-text-large tw-ta\" dir=\"ltr\" data-placeholder=\"Traducci\u00f3n\" data-ved=\"2ahUKEwjKsPLN3o6KAxXDTaQEHRkbNpUQ3ewLegQIDBAU\" aria-label=\"Texto traducido: Refrigerado: si Congelado: no Gluten: no Al\u00e9rgenos: no Valor nutricional: Contiene omega 3, bajo en grasa saturada Ingredientes: Carne de cerdo Duroc fresca Informaci\u00f3n de conservaci\u00f3n: Conservar refrigerado dentro del envase durante los pr\u00f3ximos 2\/3 d\u00edas sino que deben consumirse en 2\/3 d\u00edas recomendamos congelar. Origen: Casa medios\"><span class=\"Y2IQFc\" lang=\"es\">Informaci\u00f3n de conservaci\u00f3n: Conservar refrigerado dentro del envase durante los pr\u00f3ximos 2\/3 d\u00edas sino que deben consumirse en 2\/3 d\u00edas recomendamos congelar. <\/span><\/li>\n<li class=\"tw-data-text tw-text-large tw-ta\" dir=\"ltr\" data-placeholder=\"Traducci\u00f3n\" data-ved=\"2ahUKEwjKsPLN3o6KAxXDTaQEHRkbNpUQ3ewLegQIDBAU\" aria-label=\"Texto traducido: Refrigerado: si Congelado: no Gluten: no Al\u00e9rgenos: no Valor nutricional: Contiene omega 3, bajo en grasa saturada Ingredientes: Carne de cerdo Duroc fresca Informaci\u00f3n de conservaci\u00f3n: Conservar refrigerado dentro del envase durante los pr\u00f3ximos 2\/3 d\u00edas sino que deben consumirse en 2\/3 d\u00edas recomendamos congelar. Origen: Casa medios\"><span class=\"Y2IQFc\" lang=\"es\">Origen: Casa Mitjans<\/span><\/li>\n<\/ul>\n","protected":false},"excerpt":{"rendered":"<p><strong>Lomo adobado de pag\u00e8s<\/strong><\/p>\n<p>Ca\u00f1a de lomo abonada al natural, no est\u00e1 hervido ni cocido.<\/p>\n","protected":false},"featured_media":4871,"comment_status":"closed","ping_status":"closed","template":"","meta":[],"product_brand":[],"product_cat":[154],"product_tag":[],"class_list":{"0":"post-5169","1":"product","2":"type-product","3":"status-publish","4":"has-post-thumbnail","6":"product_cat-cerdo","8":"first","9":"instock","10":"taxable","11":"shipping-taxable","12":"purchasable","13":"product-type-variable"},"yoast_head":"<!-- This site is optimized with the Yoast SEO plugin v27.3 - https:\/\/yoast.com\/product\/yoast-seo-wordpress\/ -->\n<title>Lomo adobado de pay\u00e9s - La botiga de Carns Bertran<\/title>\n<meta name=\"description\" content=\"Lomo adobado de pay\u00e9s Reb a casa o vine a buscar la teva comanda. Amb la qualitat de Carns Bertran, carnissers des de l 1976.\" \/>\n<meta name=\"robots\" content=\"index, follow, max-snippet:-1, max-image-preview:large, max-video-preview:-1\" \/>\n<link rel=\"canonical\" href=\"https:\/\/labotigadecarnsbertran.cat\/es\/producto\/lomo-adobado-de-pages\/\" \/>\n<meta property=\"og:locale\" content=\"es_ES\" \/>\n<meta property=\"og:type\" content=\"article\" \/>\n<meta property=\"og:title\" content=\"Lomo adobado de pay\u00e9s - La botiga de Carns Bertran\" \/>\n<meta property=\"og:description\" content=\"Lomo adobado de pay\u00e9s Reb a casa o vine a buscar la teva comanda. Amb la qualitat de Carns Bertran, carnissers des de l 1976.\" \/>\n<meta property=\"og:url\" content=\"https:\/\/labotigadecarnsbertran.cat\/es\/producto\/lomo-adobado-de-pages\/\" \/>\n<meta property=\"og:site_name\" content=\"La botiga de Carns Bertran\" \/>\n<meta property=\"article:modified_time\" content=\"2024-12-09T16:18:05+00:00\" \/>\n<meta property=\"og:image\" content=\"http:\/\/labotigadecarnsbertran.cat\/wp-content\/uploads\/2024\/05\/10448-LLOM-ADOBAT-e1716224538468.jpeg\" \/>\n\t<meta property=\"og:image:width\" content=\"1079\" \/>\n\t<meta property=\"og:image:height\" content=\"1315\" \/>\n\t<meta property=\"og:image:type\" content=\"image\/jpeg\" \/>\n<meta name=\"twitter:card\" content=\"summary_large_image\" \/>\n<script type=\"application\/ld+json\" class=\"yoast-schema-graph\">{\"@context\":\"https:\\\/\\\/schema.org\",\"@graph\":[{\"@type\":\"WebPage\",\"@id\":\"https:\\\/\\\/labotigadecarnsbertran.cat\\\/es\\\/producto\\\/lomo-adobado-de-pages\\\/\",\"url\":\"https:\\\/\\\/labotigadecarnsbertran.cat\\\/es\\\/producto\\\/lomo-adobado-de-pages\\\/\",\"name\":\"Lomo adobado de pay\u00e9s - La botiga de Carns Bertran\",\"isPartOf\":{\"@id\":\"https:\\\/\\\/labotigadecarnsbertran.cat\\\/#website\"},\"primaryImageOfPage\":{\"@id\":\"https:\\\/\\\/labotigadecarnsbertran.cat\\\/es\\\/producto\\\/lomo-adobado-de-pages\\\/#primaryimage\"},\"image\":{\"@id\":\"https:\\\/\\\/labotigadecarnsbertran.cat\\\/es\\\/producto\\\/lomo-adobado-de-pages\\\/#primaryimage\"},\"thumbnailUrl\":\"https:\\\/\\\/labotigadecarnsbertran.cat\\\/wp-content\\\/uploads\\\/2024\\\/05\\\/10448-LLOM-ADOBAT-e1716224538468.jpeg\",\"datePublished\":\"2024-05-20T16:48:17+00:00\",\"dateModified\":\"2024-12-09T16:18:05+00:00\",\"description\":\"Lomo adobado de pay\u00e9s Reb a casa o vine a buscar la teva comanda. Amb la qualitat de Carns Bertran, carnissers des de l 1976.\",\"breadcrumb\":{\"@id\":\"https:\\\/\\\/labotigadecarnsbertran.cat\\\/es\\\/producto\\\/lomo-adobado-de-pages\\\/#breadcrumb\"},\"inLanguage\":\"es-ES\",\"potentialAction\":[{\"@type\":\"ReadAction\",\"target\":[\"https:\\\/\\\/labotigadecarnsbertran.cat\\\/es\\\/producto\\\/lomo-adobado-de-pages\\\/\"]}]},{\"@type\":\"ImageObject\",\"inLanguage\":\"es-ES\",\"@id\":\"https:\\\/\\\/labotigadecarnsbertran.cat\\\/es\\\/producto\\\/lomo-adobado-de-pages\\\/#primaryimage\",\"url\":\"https:\\\/\\\/labotigadecarnsbertran.cat\\\/wp-content\\\/uploads\\\/2024\\\/05\\\/10448-LLOM-ADOBAT-e1716224538468.jpeg\",\"contentUrl\":\"https:\\\/\\\/labotigadecarnsbertran.cat\\\/wp-content\\\/uploads\\\/2024\\\/05\\\/10448-LLOM-ADOBAT-e1716224538468.jpeg\",\"width\":1078,\"height\":863,\"caption\":\"Llom adobat de pag\u00e8s\"},{\"@type\":\"BreadcrumbList\",\"@id\":\"https:\\\/\\\/labotigadecarnsbertran.cat\\\/es\\\/producto\\\/lomo-adobado-de-pages\\\/#breadcrumb\",\"itemListElement\":[{\"@type\":\"ListItem\",\"position\":1,\"name\":\"Inici\",\"item\":\"https:\\\/\\\/labotigadecarnsbertran.cat\\\/es\\\/\"},{\"@type\":\"ListItem\",\"position\":2,\"name\":\"Productes\",\"item\":\"https:\\\/\\\/labotigadecarnsbertran.cat\\\/shop\\\/\"},{\"@type\":\"ListItem\",\"position\":3,\"name\":\"Lomo adobado de pay\u00e9s\"}]},{\"@type\":\"WebSite\",\"@id\":\"https:\\\/\\\/labotigadecarnsbertran.cat\\\/#website\",\"url\":\"https:\\\/\\\/labotigadecarnsbertran.cat\\\/\",\"name\":\"La botiga de Carns Bertran\",\"description\":\"Compra online\",\"potentialAction\":[{\"@type\":\"SearchAction\",\"target\":{\"@type\":\"EntryPoint\",\"urlTemplate\":\"https:\\\/\\\/labotigadecarnsbertran.cat\\\/?s={search_term_string}\"},\"query-input\":{\"@type\":\"PropertyValueSpecification\",\"valueRequired\":true,\"valueName\":\"search_term_string\"}}],\"inLanguage\":\"es-ES\"}]}<\/script>\n<!-- \/ Yoast SEO plugin. -->","yoast_head_json":{"title":"Lomo adobado de pay\u00e9s - La botiga de Carns Bertran","description":"Lomo adobado de pay\u00e9s Reb a casa o vine a buscar la teva comanda. Amb la qualitat de Carns Bertran, carnissers des de l 1976.","robots":{"index":"index","follow":"follow","max-snippet":"max-snippet:-1","max-image-preview":"max-image-preview:large","max-video-preview":"max-video-preview:-1"},"canonical":"https:\/\/labotigadecarnsbertran.cat\/es\/producto\/lomo-adobado-de-pages\/","og_locale":"es_ES","og_type":"article","og_title":"Lomo adobado de pay\u00e9s - La botiga de Carns Bertran","og_description":"Lomo adobado de pay\u00e9s Reb a casa o vine a buscar la teva comanda. Amb la qualitat de Carns Bertran, carnissers des de l 1976.","og_url":"https:\/\/labotigadecarnsbertran.cat\/es\/producto\/lomo-adobado-de-pages\/","og_site_name":"La botiga de Carns Bertran","article_modified_time":"2024-12-09T16:18:05+00:00","og_image":[{"width":1079,"height":1315,"url":"http:\/\/labotigadecarnsbertran.cat\/wp-content\/uploads\/2024\/05\/10448-LLOM-ADOBAT-e1716224538468.jpeg","type":"image\/jpeg"}],"twitter_card":"summary_large_image","schema":{"@context":"https:\/\/schema.org","@graph":[{"@type":"WebPage","@id":"https:\/\/labotigadecarnsbertran.cat\/es\/producto\/lomo-adobado-de-pages\/","url":"https:\/\/labotigadecarnsbertran.cat\/es\/producto\/lomo-adobado-de-pages\/","name":"Lomo adobado de pay\u00e9s - La botiga de Carns Bertran","isPartOf":{"@id":"https:\/\/labotigadecarnsbertran.cat\/#website"},"primaryImageOfPage":{"@id":"https:\/\/labotigadecarnsbertran.cat\/es\/producto\/lomo-adobado-de-pages\/#primaryimage"},"image":{"@id":"https:\/\/labotigadecarnsbertran.cat\/es\/producto\/lomo-adobado-de-pages\/#primaryimage"},"thumbnailUrl":"https:\/\/labotigadecarnsbertran.cat\/wp-content\/uploads\/2024\/05\/10448-LLOM-ADOBAT-e1716224538468.jpeg","datePublished":"2024-05-20T16:48:17+00:00","dateModified":"2024-12-09T16:18:05+00:00","description":"Lomo adobado de pay\u00e9s Reb a casa o vine a buscar la teva comanda. Amb la qualitat de Carns Bertran, carnissers des de l 1976.","breadcrumb":{"@id":"https:\/\/labotigadecarnsbertran.cat\/es\/producto\/lomo-adobado-de-pages\/#breadcrumb"},"inLanguage":"es-ES","potentialAction":[{"@type":"ReadAction","target":["https:\/\/labotigadecarnsbertran.cat\/es\/producto\/lomo-adobado-de-pages\/"]}]},{"@type":"ImageObject","inLanguage":"es-ES","@id":"https:\/\/labotigadecarnsbertran.cat\/es\/producto\/lomo-adobado-de-pages\/#primaryimage","url":"https:\/\/labotigadecarnsbertran.cat\/wp-content\/uploads\/2024\/05\/10448-LLOM-ADOBAT-e1716224538468.jpeg","contentUrl":"https:\/\/labotigadecarnsbertran.cat\/wp-content\/uploads\/2024\/05\/10448-LLOM-ADOBAT-e1716224538468.jpeg","width":1078,"height":863,"caption":"Llom adobat de pag\u00e8s"},{"@type":"BreadcrumbList","@id":"https:\/\/labotigadecarnsbertran.cat\/es\/producto\/lomo-adobado-de-pages\/#breadcrumb","itemListElement":[{"@type":"ListItem","position":1,"name":"Inici","item":"https:\/\/labotigadecarnsbertran.cat\/es\/"},{"@type":"ListItem","position":2,"name":"Productes","item":"https:\/\/labotigadecarnsbertran.cat\/shop\/"},{"@type":"ListItem","position":3,"name":"Lomo adobado de pay\u00e9s"}]},{"@type":"WebSite","@id":"https:\/\/labotigadecarnsbertran.cat\/#website","url":"https:\/\/labotigadecarnsbertran.cat\/","name":"La botiga de Carns Bertran","description":"Compra online","potentialAction":[{"@type":"SearchAction","target":{"@type":"EntryPoint","urlTemplate":"https:\/\/labotigadecarnsbertran.cat\/?s={search_term_string}"},"query-input":{"@type":"PropertyValueSpecification","valueRequired":true,"valueName":"search_term_string"}}],"inLanguage":"es-ES"}]}},"_links":{"self":[{"href":"https:\/\/labotigadecarnsbertran.cat\/es\/wp-json\/wp\/v2\/product\/5169","targetHints":{"allow":["GET"]}}],"collection":[{"href":"https:\/\/labotigadecarnsbertran.cat\/es\/wp-json\/wp\/v2\/product"}],"about":[{"href":"https:\/\/labotigadecarnsbertran.cat\/es\/wp-json\/wp\/v2\/types\/product"}],"replies":[{"embeddable":true,"href":"https:\/\/labotigadecarnsbertran.cat\/es\/wp-json\/wp\/v2\/comments?post=5169"}],"wp:featuredmedia":[{"embeddable":true,"href":"https:\/\/labotigadecarnsbertran.cat\/es\/wp-json\/wp\/v2\/media\/4871"}],"wp:attachment":[{"href":"https:\/\/labotigadecarnsbertran.cat\/es\/wp-json\/wp\/v2\/media?parent=5169"}],"wp:term":[{"taxonomy":"product_brand","embeddable":true,"href":"https:\/\/labotigadecarnsbertran.cat\/es\/wp-json\/wp\/v2\/product_brand?post=5169"},{"taxonomy":"product_cat","embeddable":true,"href":"https:\/\/labotigadecarnsbertran.cat\/es\/wp-json\/wp\/v2\/product_cat?post=5169"},{"taxonomy":"product_tag","embeddable":true,"href":"https:\/\/labotigadecarnsbertran.cat\/es\/wp-json\/wp\/v2\/product_tag?post=5169"}],"curies":[{"name":"wp","href":"https:\/\/api.w.org\/{rel}","templated":true}]}}