{"id":5179,"date":"2024-05-20T16:21:25","date_gmt":"2024-05-20T16:21:25","guid":{"rendered":"https:\/\/labotigadecarnsbertran.cat\/product\/garron-de-pages\/"},"modified":"2025-03-21T17:21:08","modified_gmt":"2025-03-21T17:21:08","slug":"garron-de-pages","status":"publish","type":"product","link":"https:\/\/labotigadecarnsbertran.cat\/es\/producto\/garron-de-pages\/","title":{"rendered":"Garr\u00f3n de pag\u00e8s"},"content":{"rendered":"<p><strong>Garr\u00f3n de pag\u00e8s<\/strong><\/p>\n<p>Garrones de cerdo pay\u00e9s raza Duroc. Los garrones son los jarretes con hueso del cerdo, cada uno pesa aproximadamente 400\/500gr, son para asar o para cocinar en el horno.<\/p>\n<ul>\n<li>Refrigerado: s\u00ed<\/li>\n<li>Congelado: no<\/li>\n<li>Gluten: no<\/li>\n<li>Alergenos: no<\/li>\n<li>Valor nutricional: Contiene omega 3, bajo en grasa saturada<\/li>\n<li>Ingredientes: Carne de cerdo de pay\u00e9s<\/li>\n<li>Informaci\u00f3n de conservaci\u00f3n: Conservar refrigerado dentro del envase durante los pr\u00f3ximos 2\/3 d\u00edas sino que deben consumirlo en 2\/3 d\u00edas recomendamos congelar.<\/li>\n<li>Origen: Mas\u00eda Tero (Torregrossa, Lleida)<\/li>\n<\/ul>\n","protected":false},"excerpt":{"rendered":"<p><strong>Garrones de pay\u00e9s<\/strong><\/p>\n<p>Garrones de cerdo labrador raza Duroc. Los garrones son los jarretes con hueso del cerdo, cada uno pesa aproximadamente 400\/500gr, son para asar o para cocinar en el horno. Es una carne muy tierna y melosa que tambi\u00e9n puede poner para hacer un caldo.<\/p>\n","protected":false},"featured_media":4854,"comment_status":"closed","ping_status":"closed","template":"","meta":[],"product_brand":[],"product_cat":[154],"product_tag":[],"class_list":{"0":"post-5179","1":"product","2":"type-product","3":"status-publish","4":"has-post-thumbnail","6":"product_cat-cerdo","8":"first","9":"instock","10":"taxable","11":"shipping-taxable","12":"purchasable","13":"product-type-variable"},"yoast_head":"<!-- This site is optimized with the Yoast SEO plugin v27.3 - https:\/\/yoast.com\/product\/yoast-seo-wordpress\/ -->\n<title>Garr\u00f3n de pag\u00e8s - La botiga de Carns Bertran<\/title>\n<meta name=\"description\" content=\"Garr\u00f3n de pag\u00e8s Reb a casa o vine a buscar la teva comanda. Amb la qualitat de Carns Bertran, carnissers des de l 1976.\" \/>\n<meta name=\"robots\" content=\"index, follow, max-snippet:-1, max-image-preview:large, max-video-preview:-1\" \/>\n<link rel=\"canonical\" href=\"https:\/\/labotigadecarnsbertran.cat\/es\/producto\/garron-de-pages\/\" \/>\n<meta property=\"og:locale\" content=\"es_ES\" \/>\n<meta property=\"og:type\" content=\"article\" \/>\n<meta property=\"og:title\" content=\"Garr\u00f3n de pag\u00e8s - La botiga de Carns Bertran\" \/>\n<meta property=\"og:description\" content=\"Garr\u00f3n de pag\u00e8s Reb a casa o vine a buscar la teva comanda. Amb la qualitat de Carns Bertran, carnissers des de l 1976.\" \/>\n<meta property=\"og:url\" content=\"https:\/\/labotigadecarnsbertran.cat\/es\/producto\/garron-de-pages\/\" \/>\n<meta property=\"og:site_name\" content=\"La botiga de Carns Bertran\" \/>\n<meta property=\"article:modified_time\" content=\"2025-03-21T17:21:08+00:00\" \/>\n<meta property=\"og:image\" content=\"http:\/\/labotigadecarnsbertran.cat\/wp-content\/uploads\/2024\/05\/10018-scaled-e1716222533306.jpg\" \/>\n\t<meta property=\"og:image:width\" content=\"2560\" \/>\n\t<meta property=\"og:image:height\" content=\"1700\" \/>\n\t<meta property=\"og:image:type\" content=\"image\/jpeg\" \/>\n<meta name=\"twitter:card\" content=\"summary_large_image\" \/>\n<script type=\"application\/ld+json\" class=\"yoast-schema-graph\">{\"@context\":\"https:\\\/\\\/schema.org\",\"@graph\":[{\"@type\":\"WebPage\",\"@id\":\"https:\\\/\\\/labotigadecarnsbertran.cat\\\/es\\\/producto\\\/garron-de-pages\\\/\",\"url\":\"https:\\\/\\\/labotigadecarnsbertran.cat\\\/es\\\/producto\\\/garron-de-pages\\\/\",\"name\":\"Garr\u00f3n de pag\u00e8s - La botiga de Carns Bertran\",\"isPartOf\":{\"@id\":\"https:\\\/\\\/labotigadecarnsbertran.cat\\\/#website\"},\"primaryImageOfPage\":{\"@id\":\"https:\\\/\\\/labotigadecarnsbertran.cat\\\/es\\\/producto\\\/garron-de-pages\\\/#primaryimage\"},\"image\":{\"@id\":\"https:\\\/\\\/labotigadecarnsbertran.cat\\\/es\\\/producto\\\/garron-de-pages\\\/#primaryimage\"},\"thumbnailUrl\":\"https:\\\/\\\/labotigadecarnsbertran.cat\\\/wp-content\\\/uploads\\\/2024\\\/05\\\/10018-scaled-e1716222533306.jpg\",\"datePublished\":\"2024-05-20T16:21:25+00:00\",\"dateModified\":\"2025-03-21T17:21:08+00:00\",\"description\":\"Garr\u00f3n de pag\u00e8s Reb a casa o vine a buscar la teva comanda. Amb la qualitat de Carns Bertran, carnissers des de l 1976.\",\"breadcrumb\":{\"@id\":\"https:\\\/\\\/labotigadecarnsbertran.cat\\\/es\\\/producto\\\/garron-de-pages\\\/#breadcrumb\"},\"inLanguage\":\"es-ES\",\"potentialAction\":[{\"@type\":\"ReadAction\",\"target\":[\"https:\\\/\\\/labotigadecarnsbertran.cat\\\/es\\\/producto\\\/garron-de-pages\\\/\"]}]},{\"@type\":\"ImageObject\",\"inLanguage\":\"es-ES\",\"@id\":\"https:\\\/\\\/labotigadecarnsbertran.cat\\\/es\\\/producto\\\/garron-de-pages\\\/#primaryimage\",\"url\":\"https:\\\/\\\/labotigadecarnsbertran.cat\\\/wp-content\\\/uploads\\\/2024\\\/05\\\/10018-scaled-e1716222533306.jpg\",\"contentUrl\":\"https:\\\/\\\/labotigadecarnsbertran.cat\\\/wp-content\\\/uploads\\\/2024\\\/05\\\/10018-scaled-e1716222533306.jpg\",\"width\":1200,\"height\":797,\"caption\":\"Garrons de pag\u00e8s\"},{\"@type\":\"BreadcrumbList\",\"@id\":\"https:\\\/\\\/labotigadecarnsbertran.cat\\\/es\\\/producto\\\/garron-de-pages\\\/#breadcrumb\",\"itemListElement\":[{\"@type\":\"ListItem\",\"position\":1,\"name\":\"Inici\",\"item\":\"https:\\\/\\\/labotigadecarnsbertran.cat\\\/es\\\/\"},{\"@type\":\"ListItem\",\"position\":2,\"name\":\"Productes\",\"item\":\"https:\\\/\\\/labotigadecarnsbertran.cat\\\/shop\\\/\"},{\"@type\":\"ListItem\",\"position\":3,\"name\":\"Garr\u00f3n de pag\u00e8s\"}]},{\"@type\":\"WebSite\",\"@id\":\"https:\\\/\\\/labotigadecarnsbertran.cat\\\/#website\",\"url\":\"https:\\\/\\\/labotigadecarnsbertran.cat\\\/\",\"name\":\"La botiga de Carns Bertran\",\"description\":\"Compra online\",\"potentialAction\":[{\"@type\":\"SearchAction\",\"target\":{\"@type\":\"EntryPoint\",\"urlTemplate\":\"https:\\\/\\\/labotigadecarnsbertran.cat\\\/?s={search_term_string}\"},\"query-input\":{\"@type\":\"PropertyValueSpecification\",\"valueRequired\":true,\"valueName\":\"search_term_string\"}}],\"inLanguage\":\"es-ES\"}]}<\/script>\n<!-- \/ Yoast SEO plugin. -->","yoast_head_json":{"title":"Garr\u00f3n de pag\u00e8s - La botiga de Carns Bertran","description":"Garr\u00f3n de pag\u00e8s Reb a casa o vine a buscar la teva comanda. Amb la qualitat de Carns Bertran, carnissers des de l 1976.","robots":{"index":"index","follow":"follow","max-snippet":"max-snippet:-1","max-image-preview":"max-image-preview:large","max-video-preview":"max-video-preview:-1"},"canonical":"https:\/\/labotigadecarnsbertran.cat\/es\/producto\/garron-de-pages\/","og_locale":"es_ES","og_type":"article","og_title":"Garr\u00f3n de pag\u00e8s - La botiga de Carns Bertran","og_description":"Garr\u00f3n de pag\u00e8s Reb a casa o vine a buscar la teva comanda. Amb la qualitat de Carns Bertran, carnissers des de l 1976.","og_url":"https:\/\/labotigadecarnsbertran.cat\/es\/producto\/garron-de-pages\/","og_site_name":"La botiga de Carns Bertran","article_modified_time":"2025-03-21T17:21:08+00:00","og_image":[{"width":2560,"height":1700,"url":"http:\/\/labotigadecarnsbertran.cat\/wp-content\/uploads\/2024\/05\/10018-scaled-e1716222533306.jpg","type":"image\/jpeg"}],"twitter_card":"summary_large_image","schema":{"@context":"https:\/\/schema.org","@graph":[{"@type":"WebPage","@id":"https:\/\/labotigadecarnsbertran.cat\/es\/producto\/garron-de-pages\/","url":"https:\/\/labotigadecarnsbertran.cat\/es\/producto\/garron-de-pages\/","name":"Garr\u00f3n de pag\u00e8s - La botiga de Carns Bertran","isPartOf":{"@id":"https:\/\/labotigadecarnsbertran.cat\/#website"},"primaryImageOfPage":{"@id":"https:\/\/labotigadecarnsbertran.cat\/es\/producto\/garron-de-pages\/#primaryimage"},"image":{"@id":"https:\/\/labotigadecarnsbertran.cat\/es\/producto\/garron-de-pages\/#primaryimage"},"thumbnailUrl":"https:\/\/labotigadecarnsbertran.cat\/wp-content\/uploads\/2024\/05\/10018-scaled-e1716222533306.jpg","datePublished":"2024-05-20T16:21:25+00:00","dateModified":"2025-03-21T17:21:08+00:00","description":"Garr\u00f3n de pag\u00e8s Reb a casa o vine a buscar la teva comanda. Amb la qualitat de Carns Bertran, carnissers des de l 1976.","breadcrumb":{"@id":"https:\/\/labotigadecarnsbertran.cat\/es\/producto\/garron-de-pages\/#breadcrumb"},"inLanguage":"es-ES","potentialAction":[{"@type":"ReadAction","target":["https:\/\/labotigadecarnsbertran.cat\/es\/producto\/garron-de-pages\/"]}]},{"@type":"ImageObject","inLanguage":"es-ES","@id":"https:\/\/labotigadecarnsbertran.cat\/es\/producto\/garron-de-pages\/#primaryimage","url":"https:\/\/labotigadecarnsbertran.cat\/wp-content\/uploads\/2024\/05\/10018-scaled-e1716222533306.jpg","contentUrl":"https:\/\/labotigadecarnsbertran.cat\/wp-content\/uploads\/2024\/05\/10018-scaled-e1716222533306.jpg","width":1200,"height":797,"caption":"Garrons de pag\u00e8s"},{"@type":"BreadcrumbList","@id":"https:\/\/labotigadecarnsbertran.cat\/es\/producto\/garron-de-pages\/#breadcrumb","itemListElement":[{"@type":"ListItem","position":1,"name":"Inici","item":"https:\/\/labotigadecarnsbertran.cat\/es\/"},{"@type":"ListItem","position":2,"name":"Productes","item":"https:\/\/labotigadecarnsbertran.cat\/shop\/"},{"@type":"ListItem","position":3,"name":"Garr\u00f3n de pag\u00e8s"}]},{"@type":"WebSite","@id":"https:\/\/labotigadecarnsbertran.cat\/#website","url":"https:\/\/labotigadecarnsbertran.cat\/","name":"La botiga de Carns Bertran","description":"Compra online","potentialAction":[{"@type":"SearchAction","target":{"@type":"EntryPoint","urlTemplate":"https:\/\/labotigadecarnsbertran.cat\/?s={search_term_string}"},"query-input":{"@type":"PropertyValueSpecification","valueRequired":true,"valueName":"search_term_string"}}],"inLanguage":"es-ES"}]}},"_links":{"self":[{"href":"https:\/\/labotigadecarnsbertran.cat\/es\/wp-json\/wp\/v2\/product\/5179","targetHints":{"allow":["GET"]}}],"collection":[{"href":"https:\/\/labotigadecarnsbertran.cat\/es\/wp-json\/wp\/v2\/product"}],"about":[{"href":"https:\/\/labotigadecarnsbertran.cat\/es\/wp-json\/wp\/v2\/types\/product"}],"replies":[{"embeddable":true,"href":"https:\/\/labotigadecarnsbertran.cat\/es\/wp-json\/wp\/v2\/comments?post=5179"}],"wp:featuredmedia":[{"embeddable":true,"href":"https:\/\/labotigadecarnsbertran.cat\/es\/wp-json\/wp\/v2\/media\/4854"}],"wp:attachment":[{"href":"https:\/\/labotigadecarnsbertran.cat\/es\/wp-json\/wp\/v2\/media?parent=5179"}],"wp:term":[{"taxonomy":"product_brand","embeddable":true,"href":"https:\/\/labotigadecarnsbertran.cat\/es\/wp-json\/wp\/v2\/product_brand?post=5179"},{"taxonomy":"product_cat","embeddable":true,"href":"https:\/\/labotigadecarnsbertran.cat\/es\/wp-json\/wp\/v2\/product_cat?post=5179"},{"taxonomy":"product_tag","embeddable":true,"href":"https:\/\/labotigadecarnsbertran.cat\/es\/wp-json\/wp\/v2\/product_tag?post=5179"}],"curies":[{"name":"wp","href":"https:\/\/api.w.org\/{rel}","templated":true}]}}