{"id":5181,"date":"2024-04-15T11:20:32","date_gmt":"2024-04-15T11:20:32","guid":{"rendered":"https:\/\/labotigadecarnsbertran.cat\/product\/entrecot-de-vaca\/"},"modified":"2025-03-21T13:58:27","modified_gmt":"2025-03-21T13:58:27","slug":"entrecot-de-vaca","status":"publish","type":"product","link":"https:\/\/labotigadecarnsbertran.cat\/es\/producto\/entrecot-de-vaca\/","title":{"rendered":"Entrecot de vaca"},"content":{"rendered":"<p><strong>Entrecot de vaca<\/strong><\/p>\n<p>Pieza de media de vaca nacional &#8220;entrecotte&#8221; , carne m\u00e1s intensa que la ternera, con una grasa m\u00e1s infiltrada. Ideal para braza y barbacoas. Puede pedir los entrecottes a su gusto: hasta por plancha en casa, m\u00e1s gruesos por brasa o barbacoa, XXL m\u00e1s de dos dedos de ancho. Nuestras vacas son de origen Gallego.<\/p>\n<ul>\n<li>Refrigerado: s\u00ed<\/li>\n<li>Congelado: no<\/li>\n<li>Gluten: no<\/li>\n<li>Alergenos: no<\/li>\n<li>Valor nutricional: <span data-sheets-value=\"{&quot;1&quot;:2,&quot;2&quot;:&quot;La ternera tiene un grado elevado en prote\u00ednas muy interesantes para nuestro organismo&quot;}\" data-sheets-userformat=\"{&quot;2&quot;:771,&quot;3&quot;:{&quot;1&quot;:0},&quot;4&amp;q uot;:{&quot;1&quot;:2,&quot;2&quot;:16573901},&quot;11&quot;:0,&quot;12&quot;:0}\">La vaca tiene un grado elevado en prote\u00ednas muy interesantes por nuestro organismo<\/span><\/li>\n<li>Ingredientes: <span data-sheets-value=\"{&quot;1&quot;:2,&quot;2&quot;:&quot;Carne magra de ternera extra de proximidad&quot;}\" data-sheets-userformat=\"{&quot;2&quot;:771,&quot;3&quot;:{&quot;1&quot;:0},&quot;4&amp;qu ot;:{&quot;1&quot;:2,&quot;2&quot;:16573901},&quot;11&quot;:0,&quot;12&quot;:0}\">Carne de vaca extra de proximidad.<\/span><\/li>\n<li>Informaci\u00f3n de conservaci\u00f3n: Conservar refrigerado 2\/3 d\u00edas en su paquete sino aconsejamos congelarlo<\/li>\n<li>Origen: Nuestras vacas son de origen Gallego.<\/li>\n<\/ul>\n","protected":false},"excerpt":{"rendered":"<p><strong>Entrecot de vaca<\/strong><\/p>\n<p>Pieza de media de vaca nacional &#8220;entrecotte&#8221; , carne m\u00e1s intensa que la ternera, con una grasa m\u00e1s infiltrada. Ideal para braza y barbacoas. Puede pedir los entrecottes a su gusto: hasta por plancha en casa, m\u00e1s gruesos por brasa o barbacoa, XXL m\u00e1s de dos dedos de ancho. Nuestras vacas son de origen Gallego.<\/p>\n","protected":false},"featured_media":4842,"comment_status":"closed","ping_status":"closed","template":"","meta":[],"product_brand":[],"product_cat":[157],"product_tag":[],"class_list":{"0":"post-5181","1":"product","2":"type-product","3":"status-publish","4":"has-post-thumbnail","6":"product_cat-ternera-vaca-y-buey","8":"first","9":"instock","10":"featured","11":"taxable","12":"shipping-taxable","13":"purchasable","14":"product-type-variable"},"yoast_head":"<!-- This site is optimized with the Yoast SEO plugin v27.2 - https:\/\/yoast.com\/product\/yoast-seo-wordpress\/ -->\n<title>Entrecot de vaca - La botiga de Carns Bertran<\/title>\n<meta name=\"description\" content=\"Entrecot de vaca Reb a casa o vine a buscar la teva comanda. Amb la qualitat de Carns Bertran, carnissers des de l 1976.\" \/>\n<meta name=\"robots\" content=\"index, follow, max-snippet:-1, max-image-preview:large, max-video-preview:-1\" \/>\n<link rel=\"canonical\" href=\"https:\/\/labotigadecarnsbertran.cat\/es\/producto\/entrecot-de-vaca\/\" \/>\n<meta property=\"og:locale\" content=\"es_ES\" \/>\n<meta property=\"og:type\" content=\"article\" \/>\n<meta property=\"og:title\" content=\"Entrecot de vaca - La botiga de Carns Bertran\" \/>\n<meta property=\"og:description\" content=\"Entrecot de vaca Reb a casa o vine a buscar la teva comanda. Amb la qualitat de Carns Bertran, carnissers des de l 1976.\" \/>\n<meta property=\"og:url\" content=\"https:\/\/labotigadecarnsbertran.cat\/es\/producto\/entrecot-de-vaca\/\" \/>\n<meta property=\"og:site_name\" content=\"La botiga de Carns Bertran\" \/>\n<meta property=\"article:modified_time\" content=\"2025-03-21T13:58:27+00:00\" \/>\n<meta property=\"og:image\" content=\"http:\/\/labotigadecarnsbertran.cat\/wp-content\/uploads\/2024\/04\/MG_8997.jpg\" \/>\n\t<meta property=\"og:image:width\" content=\"1200\" \/>\n\t<meta property=\"og:image:height\" content=\"800\" \/>\n\t<meta property=\"og:image:type\" content=\"image\/jpeg\" \/>\n<meta name=\"twitter:card\" content=\"summary_large_image\" \/>\n<meta name=\"twitter:label1\" content=\"Est. reading time\" \/>\n\t<meta name=\"twitter:data1\" content=\"1 minute\" \/>\n<script type=\"application\/ld+json\" class=\"yoast-schema-graph\">{\"@context\":\"https:\/\/schema.org\",\"@graph\":[{\"@type\":\"WebPage\",\"@id\":\"https:\/\/labotigadecarnsbertran.cat\/es\/producto\/entrecot-de-vaca\/\",\"url\":\"https:\/\/labotigadecarnsbertran.cat\/es\/producto\/entrecot-de-vaca\/\",\"name\":\"Entrecot de vaca - La botiga de Carns Bertran\",\"isPartOf\":{\"@id\":\"https:\/\/labotigadecarnsbertran.cat\/#website\"},\"primaryImageOfPage\":{\"@id\":\"https:\/\/labotigadecarnsbertran.cat\/es\/producto\/entrecot-de-vaca\/#primaryimage\"},\"image\":{\"@id\":\"https:\/\/labotigadecarnsbertran.cat\/es\/producto\/entrecot-de-vaca\/#primaryimage\"},\"thumbnailUrl\":\"https:\/\/labotigadecarnsbertran.cat\/wp-content\/uploads\/2024\/04\/MG_8997.jpg\",\"datePublished\":\"2024-04-15T11:20:32+00:00\",\"dateModified\":\"2025-03-21T13:58:27+00:00\",\"description\":\"Entrecot de vaca Reb a casa o vine a buscar la teva comanda. Amb la qualitat de Carns Bertran, carnissers des de l 1976.\",\"breadcrumb\":{\"@id\":\"https:\/\/labotigadecarnsbertran.cat\/es\/producto\/entrecot-de-vaca\/#breadcrumb\"},\"inLanguage\":\"es-ES\",\"potentialAction\":[{\"@type\":\"ReadAction\",\"target\":[\"https:\/\/labotigadecarnsbertran.cat\/es\/producto\/entrecot-de-vaca\/\"]}]},{\"@type\":\"ImageObject\",\"inLanguage\":\"es-ES\",\"@id\":\"https:\/\/labotigadecarnsbertran.cat\/es\/producto\/entrecot-de-vaca\/#primaryimage\",\"url\":\"https:\/\/labotigadecarnsbertran.cat\/wp-content\/uploads\/2024\/04\/MG_8997.jpg\",\"contentUrl\":\"https:\/\/labotigadecarnsbertran.cat\/wp-content\/uploads\/2024\/04\/MG_8997.jpg\",\"width\":1200,\"height\":800,\"caption\":\"Mitjana de vaca\"},{\"@type\":\"BreadcrumbList\",\"@id\":\"https:\/\/labotigadecarnsbertran.cat\/es\/producto\/entrecot-de-vaca\/#breadcrumb\",\"itemListElement\":[{\"@type\":\"ListItem\",\"position\":1,\"name\":\"Inici\",\"item\":\"https:\/\/labotigadecarnsbertran.cat\/es\/\"},{\"@type\":\"ListItem\",\"position\":2,\"name\":\"Productes\",\"item\":\"https:\/\/labotigadecarnsbertran.cat\/shop\/\"},{\"@type\":\"ListItem\",\"position\":3,\"name\":\"Entrecot de vaca\"}]},{\"@type\":\"WebSite\",\"@id\":\"https:\/\/labotigadecarnsbertran.cat\/#website\",\"url\":\"https:\/\/labotigadecarnsbertran.cat\/\",\"name\":\"La botiga de Carns Bertran\",\"description\":\"Compra online\",\"potentialAction\":[{\"@type\":\"SearchAction\",\"target\":{\"@type\":\"EntryPoint\",\"urlTemplate\":\"https:\/\/labotigadecarnsbertran.cat\/?s={search_term_string}\"},\"query-input\":{\"@type\":\"PropertyValueSpecification\",\"valueRequired\":true,\"valueName\":\"search_term_string\"}}],\"inLanguage\":\"es-ES\"}]}<\/script>\n<!-- \/ Yoast SEO plugin. -->","yoast_head_json":{"title":"Entrecot de vaca - La botiga de Carns Bertran","description":"Entrecot de vaca Reb a casa o vine a buscar la teva comanda. Amb la qualitat de Carns Bertran, carnissers des de l 1976.","robots":{"index":"index","follow":"follow","max-snippet":"max-snippet:-1","max-image-preview":"max-image-preview:large","max-video-preview":"max-video-preview:-1"},"canonical":"https:\/\/labotigadecarnsbertran.cat\/es\/producto\/entrecot-de-vaca\/","og_locale":"es_ES","og_type":"article","og_title":"Entrecot de vaca - La botiga de Carns Bertran","og_description":"Entrecot de vaca Reb a casa o vine a buscar la teva comanda. Amb la qualitat de Carns Bertran, carnissers des de l 1976.","og_url":"https:\/\/labotigadecarnsbertran.cat\/es\/producto\/entrecot-de-vaca\/","og_site_name":"La botiga de Carns Bertran","article_modified_time":"2025-03-21T13:58:27+00:00","og_image":[{"width":1200,"height":800,"url":"http:\/\/labotigadecarnsbertran.cat\/wp-content\/uploads\/2024\/04\/MG_8997.jpg","type":"image\/jpeg"}],"twitter_card":"summary_large_image","twitter_misc":{"Est. reading time":"1 minute"},"schema":{"@context":"https:\/\/schema.org","@graph":[{"@type":"WebPage","@id":"https:\/\/labotigadecarnsbertran.cat\/es\/producto\/entrecot-de-vaca\/","url":"https:\/\/labotigadecarnsbertran.cat\/es\/producto\/entrecot-de-vaca\/","name":"Entrecot de vaca - La botiga de Carns Bertran","isPartOf":{"@id":"https:\/\/labotigadecarnsbertran.cat\/#website"},"primaryImageOfPage":{"@id":"https:\/\/labotigadecarnsbertran.cat\/es\/producto\/entrecot-de-vaca\/#primaryimage"},"image":{"@id":"https:\/\/labotigadecarnsbertran.cat\/es\/producto\/entrecot-de-vaca\/#primaryimage"},"thumbnailUrl":"https:\/\/labotigadecarnsbertran.cat\/wp-content\/uploads\/2024\/04\/MG_8997.jpg","datePublished":"2024-04-15T11:20:32+00:00","dateModified":"2025-03-21T13:58:27+00:00","description":"Entrecot de vaca Reb a casa o vine a buscar la teva comanda. Amb la qualitat de Carns Bertran, carnissers des de l 1976.","breadcrumb":{"@id":"https:\/\/labotigadecarnsbertran.cat\/es\/producto\/entrecot-de-vaca\/#breadcrumb"},"inLanguage":"es-ES","potentialAction":[{"@type":"ReadAction","target":["https:\/\/labotigadecarnsbertran.cat\/es\/producto\/entrecot-de-vaca\/"]}]},{"@type":"ImageObject","inLanguage":"es-ES","@id":"https:\/\/labotigadecarnsbertran.cat\/es\/producto\/entrecot-de-vaca\/#primaryimage","url":"https:\/\/labotigadecarnsbertran.cat\/wp-content\/uploads\/2024\/04\/MG_8997.jpg","contentUrl":"https:\/\/labotigadecarnsbertran.cat\/wp-content\/uploads\/2024\/04\/MG_8997.jpg","width":1200,"height":800,"caption":"Mitjana de vaca"},{"@type":"BreadcrumbList","@id":"https:\/\/labotigadecarnsbertran.cat\/es\/producto\/entrecot-de-vaca\/#breadcrumb","itemListElement":[{"@type":"ListItem","position":1,"name":"Inici","item":"https:\/\/labotigadecarnsbertran.cat\/es\/"},{"@type":"ListItem","position":2,"name":"Productes","item":"https:\/\/labotigadecarnsbertran.cat\/shop\/"},{"@type":"ListItem","position":3,"name":"Entrecot de vaca"}]},{"@type":"WebSite","@id":"https:\/\/labotigadecarnsbertran.cat\/#website","url":"https:\/\/labotigadecarnsbertran.cat\/","name":"La botiga de Carns Bertran","description":"Compra online","potentialAction":[{"@type":"SearchAction","target":{"@type":"EntryPoint","urlTemplate":"https:\/\/labotigadecarnsbertran.cat\/?s={search_term_string}"},"query-input":{"@type":"PropertyValueSpecification","valueRequired":true,"valueName":"search_term_string"}}],"inLanguage":"es-ES"}]}},"_links":{"self":[{"href":"https:\/\/labotigadecarnsbertran.cat\/es\/wp-json\/wp\/v2\/product\/5181","targetHints":{"allow":["GET"]}}],"collection":[{"href":"https:\/\/labotigadecarnsbertran.cat\/es\/wp-json\/wp\/v2\/product"}],"about":[{"href":"https:\/\/labotigadecarnsbertran.cat\/es\/wp-json\/wp\/v2\/types\/product"}],"replies":[{"embeddable":true,"href":"https:\/\/labotigadecarnsbertran.cat\/es\/wp-json\/wp\/v2\/comments?post=5181"}],"wp:featuredmedia":[{"embeddable":true,"href":"https:\/\/labotigadecarnsbertran.cat\/es\/wp-json\/wp\/v2\/media\/4842"}],"wp:attachment":[{"href":"https:\/\/labotigadecarnsbertran.cat\/es\/wp-json\/wp\/v2\/media?parent=5181"}],"wp:term":[{"taxonomy":"product_brand","embeddable":true,"href":"https:\/\/labotigadecarnsbertran.cat\/es\/wp-json\/wp\/v2\/product_brand?post=5181"},{"taxonomy":"product_cat","embeddable":true,"href":"https:\/\/labotigadecarnsbertran.cat\/es\/wp-json\/wp\/v2\/product_cat?post=5181"},{"taxonomy":"product_tag","embeddable":true,"href":"https:\/\/labotigadecarnsbertran.cat\/es\/wp-json\/wp\/v2\/product_tag?post=5181"}],"curies":[{"name":"wp","href":"https:\/\/api.w.org\/{rel}","templated":true}]}}