{"id":5215,"date":"2022-03-27T16:01:53","date_gmt":"2022-03-27T16:01:53","guid":{"rendered":"https:\/\/labotigadecarnsbertran.cat\/product\/huesos-de-ternera\/"},"modified":"2025-03-21T14:04:32","modified_gmt":"2025-03-21T14:04:32","slug":"huesos-de-ternera","status":"publish","type":"product","link":"https:\/\/labotigadecarnsbertran.cat\/es\/producto\/huesos-de-ternera\/","title":{"rendered":"Huesos de ternera"},"content":{"rendered":"<p><strong>Huesos de ternera<\/strong><br \/>\n<strong>Unidades<\/strong><\/p>\n<p>Huesos frescos de ternera extra. Nuestras terneras nos llegan de MAS D&#8217;EN MESTRES La granja de terneras est\u00e1 situada en el pueblo de Vespella de Gai\u00e0 (Tarragon\u00e9s), a cargo de los hermanos Mestres. el animal, su alimentaci\u00f3n es primordial. Desde que llega la ternera con tan s\u00f3lo dos semanas de vida hasta que la llevan al matadero, le han variado la dieta 4 veces Primero toman leche maternizada, despu\u00e9s piensos elaborados con cereales y con un peque\u00f1o tanto porcentaje de algarroba, especiales para terneras todav\u00eda lactantes. con m\u00e1s cantidad de cebada y de ma\u00edz. Por \u00faltimo se alimentan con piensos de 3\u00aa edad para engordar el animal hasta llegar al peso deseado.<\/p>\n<ul>\n<li>Refrigerado: si<\/li>\n<li>Congelado: no<\/li>\n<li>Gluten: no<\/li>\n<li>Al\u00e9rgenos: no<\/li>\n<li>Valor nutricional: La ternera tiene un grado elevado en prote\u00ednas muy interesantes por nuestro organismo<\/li>\n<li>Ingredientes: Huesos de ternera extra de proximidad<\/li>\n<li>Informaci\u00f3n de conservaci\u00f3n: Conservar en su envase 2\/3 d\u00edas sino congelar. Puede cambiar el color rojo de la carne a oscuro, es un proceso normal en las carnes no tratadas con ning\u00fan conservante.<\/li>\n<li>Origen: Granja den Mestres Vespella Gai\u00e0 ( Tarragon\u00e9s)<\/li>\n<\/ul>\n","protected":false},"excerpt":{"rendered":"<p>Huesos frescos de ternera extra.<\/p>\n","protected":false},"featured_media":4776,"comment_status":"closed","ping_status":"closed","template":"","meta":[],"product_brand":[],"product_cat":[157],"product_tag":[],"class_list":{"0":"post-5215","1":"product","2":"type-product","3":"status-publish","4":"has-post-thumbnail","6":"product_cat-ternera-vaca-y-buey","8":"first","9":"instock","10":"taxable","11":"shipping-taxable","12":"purchasable","13":"product-type-simple"},"yoast_head":"<!-- This site is optimized with the Yoast SEO plugin v27.3 - https:\/\/yoast.com\/product\/yoast-seo-wordpress\/ -->\n<title>Huesos de ternera - La botiga de Carns Bertran<\/title>\n<meta name=\"description\" content=\"Huesos de ternera Reb a casa o vine a buscar la teva comanda. Amb la qualitat de Carns Bertran, carnissers des de l 1976.\" \/>\n<meta name=\"robots\" content=\"index, follow, max-snippet:-1, max-image-preview:large, max-video-preview:-1\" \/>\n<link rel=\"canonical\" href=\"https:\/\/labotigadecarnsbertran.cat\/es\/producto\/huesos-de-ternera\/\" \/>\n<meta property=\"og:locale\" content=\"es_ES\" \/>\n<meta property=\"og:type\" content=\"article\" \/>\n<meta property=\"og:title\" content=\"Huesos de ternera - La botiga de Carns Bertran\" \/>\n<meta property=\"og:description\" content=\"Huesos de ternera Reb a casa o vine a buscar la teva comanda. Amb la qualitat de Carns Bertran, carnissers des de l 1976.\" \/>\n<meta property=\"og:url\" content=\"https:\/\/labotigadecarnsbertran.cat\/es\/producto\/huesos-de-ternera\/\" \/>\n<meta property=\"og:site_name\" content=\"La botiga de Carns Bertran\" \/>\n<meta property=\"article:modified_time\" content=\"2025-03-21T14:04:32+00:00\" \/>\n<meta property=\"og:image\" content=\"http:\/\/labotigadecarnsbertran.cat\/wp-content\/uploads\/2022\/03\/MG_8870.jpg\" \/>\n\t<meta property=\"og:image:width\" content=\"1200\" \/>\n\t<meta property=\"og:image:height\" content=\"800\" \/>\n\t<meta property=\"og:image:type\" content=\"image\/jpeg\" \/>\n<meta name=\"twitter:card\" content=\"summary_large_image\" \/>\n<meta name=\"twitter:label1\" content=\"Est. reading time\" \/>\n\t<meta name=\"twitter:data1\" content=\"2 minutes\" \/>\n<script type=\"application\/ld+json\" class=\"yoast-schema-graph\">{\"@context\":\"https:\\\/\\\/schema.org\",\"@graph\":[{\"@type\":\"WebPage\",\"@id\":\"https:\\\/\\\/labotigadecarnsbertran.cat\\\/es\\\/producto\\\/huesos-de-ternera\\\/\",\"url\":\"https:\\\/\\\/labotigadecarnsbertran.cat\\\/es\\\/producto\\\/huesos-de-ternera\\\/\",\"name\":\"Huesos de ternera - La botiga de Carns Bertran\",\"isPartOf\":{\"@id\":\"https:\\\/\\\/labotigadecarnsbertran.cat\\\/#website\"},\"primaryImageOfPage\":{\"@id\":\"https:\\\/\\\/labotigadecarnsbertran.cat\\\/es\\\/producto\\\/huesos-de-ternera\\\/#primaryimage\"},\"image\":{\"@id\":\"https:\\\/\\\/labotigadecarnsbertran.cat\\\/es\\\/producto\\\/huesos-de-ternera\\\/#primaryimage\"},\"thumbnailUrl\":\"https:\\\/\\\/labotigadecarnsbertran.cat\\\/wp-content\\\/uploads\\\/2022\\\/03\\\/MG_8870.jpg\",\"datePublished\":\"2022-03-27T16:01:53+00:00\",\"dateModified\":\"2025-03-21T14:04:32+00:00\",\"description\":\"Huesos de ternera Reb a casa o vine a buscar la teva comanda. Amb la qualitat de Carns Bertran, carnissers des de l 1976.\",\"breadcrumb\":{\"@id\":\"https:\\\/\\\/labotigadecarnsbertran.cat\\\/es\\\/producto\\\/huesos-de-ternera\\\/#breadcrumb\"},\"inLanguage\":\"es-ES\",\"potentialAction\":[{\"@type\":\"ReadAction\",\"target\":[\"https:\\\/\\\/labotigadecarnsbertran.cat\\\/es\\\/producto\\\/huesos-de-ternera\\\/\"]}]},{\"@type\":\"ImageObject\",\"inLanguage\":\"es-ES\",\"@id\":\"https:\\\/\\\/labotigadecarnsbertran.cat\\\/es\\\/producto\\\/huesos-de-ternera\\\/#primaryimage\",\"url\":\"https:\\\/\\\/labotigadecarnsbertran.cat\\\/wp-content\\\/uploads\\\/2022\\\/03\\\/MG_8870.jpg\",\"contentUrl\":\"https:\\\/\\\/labotigadecarnsbertran.cat\\\/wp-content\\\/uploads\\\/2022\\\/03\\\/MG_8870.jpg\",\"width\":1200,\"height\":800,\"caption\":\"Ossos de vedella\"},{\"@type\":\"BreadcrumbList\",\"@id\":\"https:\\\/\\\/labotigadecarnsbertran.cat\\\/es\\\/producto\\\/huesos-de-ternera\\\/#breadcrumb\",\"itemListElement\":[{\"@type\":\"ListItem\",\"position\":1,\"name\":\"Inici\",\"item\":\"https:\\\/\\\/labotigadecarnsbertran.cat\\\/es\\\/\"},{\"@type\":\"ListItem\",\"position\":2,\"name\":\"Productes\",\"item\":\"https:\\\/\\\/labotigadecarnsbertran.cat\\\/shop\\\/\"},{\"@type\":\"ListItem\",\"position\":3,\"name\":\"Huesos de ternera\"}]},{\"@type\":\"WebSite\",\"@id\":\"https:\\\/\\\/labotigadecarnsbertran.cat\\\/#website\",\"url\":\"https:\\\/\\\/labotigadecarnsbertran.cat\\\/\",\"name\":\"La botiga de Carns Bertran\",\"description\":\"Compra online\",\"potentialAction\":[{\"@type\":\"SearchAction\",\"target\":{\"@type\":\"EntryPoint\",\"urlTemplate\":\"https:\\\/\\\/labotigadecarnsbertran.cat\\\/?s={search_term_string}\"},\"query-input\":{\"@type\":\"PropertyValueSpecification\",\"valueRequired\":true,\"valueName\":\"search_term_string\"}}],\"inLanguage\":\"es-ES\"}]}<\/script>\n<!-- \/ Yoast SEO plugin. -->","yoast_head_json":{"title":"Huesos de ternera - La botiga de Carns Bertran","description":"Huesos de ternera Reb a casa o vine a buscar la teva comanda. Amb la qualitat de Carns Bertran, carnissers des de l 1976.","robots":{"index":"index","follow":"follow","max-snippet":"max-snippet:-1","max-image-preview":"max-image-preview:large","max-video-preview":"max-video-preview:-1"},"canonical":"https:\/\/labotigadecarnsbertran.cat\/es\/producto\/huesos-de-ternera\/","og_locale":"es_ES","og_type":"article","og_title":"Huesos de ternera - La botiga de Carns Bertran","og_description":"Huesos de ternera Reb a casa o vine a buscar la teva comanda. Amb la qualitat de Carns Bertran, carnissers des de l 1976.","og_url":"https:\/\/labotigadecarnsbertran.cat\/es\/producto\/huesos-de-ternera\/","og_site_name":"La botiga de Carns Bertran","article_modified_time":"2025-03-21T14:04:32+00:00","og_image":[{"width":1200,"height":800,"url":"http:\/\/labotigadecarnsbertran.cat\/wp-content\/uploads\/2022\/03\/MG_8870.jpg","type":"image\/jpeg"}],"twitter_card":"summary_large_image","twitter_misc":{"Est. reading time":"2 minutes"},"schema":{"@context":"https:\/\/schema.org","@graph":[{"@type":"WebPage","@id":"https:\/\/labotigadecarnsbertran.cat\/es\/producto\/huesos-de-ternera\/","url":"https:\/\/labotigadecarnsbertran.cat\/es\/producto\/huesos-de-ternera\/","name":"Huesos de ternera - La botiga de Carns Bertran","isPartOf":{"@id":"https:\/\/labotigadecarnsbertran.cat\/#website"},"primaryImageOfPage":{"@id":"https:\/\/labotigadecarnsbertran.cat\/es\/producto\/huesos-de-ternera\/#primaryimage"},"image":{"@id":"https:\/\/labotigadecarnsbertran.cat\/es\/producto\/huesos-de-ternera\/#primaryimage"},"thumbnailUrl":"https:\/\/labotigadecarnsbertran.cat\/wp-content\/uploads\/2022\/03\/MG_8870.jpg","datePublished":"2022-03-27T16:01:53+00:00","dateModified":"2025-03-21T14:04:32+00:00","description":"Huesos de ternera Reb a casa o vine a buscar la teva comanda. Amb la qualitat de Carns Bertran, carnissers des de l 1976.","breadcrumb":{"@id":"https:\/\/labotigadecarnsbertran.cat\/es\/producto\/huesos-de-ternera\/#breadcrumb"},"inLanguage":"es-ES","potentialAction":[{"@type":"ReadAction","target":["https:\/\/labotigadecarnsbertran.cat\/es\/producto\/huesos-de-ternera\/"]}]},{"@type":"ImageObject","inLanguage":"es-ES","@id":"https:\/\/labotigadecarnsbertran.cat\/es\/producto\/huesos-de-ternera\/#primaryimage","url":"https:\/\/labotigadecarnsbertran.cat\/wp-content\/uploads\/2022\/03\/MG_8870.jpg","contentUrl":"https:\/\/labotigadecarnsbertran.cat\/wp-content\/uploads\/2022\/03\/MG_8870.jpg","width":1200,"height":800,"caption":"Ossos de vedella"},{"@type":"BreadcrumbList","@id":"https:\/\/labotigadecarnsbertran.cat\/es\/producto\/huesos-de-ternera\/#breadcrumb","itemListElement":[{"@type":"ListItem","position":1,"name":"Inici","item":"https:\/\/labotigadecarnsbertran.cat\/es\/"},{"@type":"ListItem","position":2,"name":"Productes","item":"https:\/\/labotigadecarnsbertran.cat\/shop\/"},{"@type":"ListItem","position":3,"name":"Huesos de ternera"}]},{"@type":"WebSite","@id":"https:\/\/labotigadecarnsbertran.cat\/#website","url":"https:\/\/labotigadecarnsbertran.cat\/","name":"La botiga de Carns Bertran","description":"Compra online","potentialAction":[{"@type":"SearchAction","target":{"@type":"EntryPoint","urlTemplate":"https:\/\/labotigadecarnsbertran.cat\/?s={search_term_string}"},"query-input":{"@type":"PropertyValueSpecification","valueRequired":true,"valueName":"search_term_string"}}],"inLanguage":"es-ES"}]}},"_links":{"self":[{"href":"https:\/\/labotigadecarnsbertran.cat\/es\/wp-json\/wp\/v2\/product\/5215","targetHints":{"allow":["GET"]}}],"collection":[{"href":"https:\/\/labotigadecarnsbertran.cat\/es\/wp-json\/wp\/v2\/product"}],"about":[{"href":"https:\/\/labotigadecarnsbertran.cat\/es\/wp-json\/wp\/v2\/types\/product"}],"replies":[{"embeddable":true,"href":"https:\/\/labotigadecarnsbertran.cat\/es\/wp-json\/wp\/v2\/comments?post=5215"}],"wp:featuredmedia":[{"embeddable":true,"href":"https:\/\/labotigadecarnsbertran.cat\/es\/wp-json\/wp\/v2\/media\/4776"}],"wp:attachment":[{"href":"https:\/\/labotigadecarnsbertran.cat\/es\/wp-json\/wp\/v2\/media?parent=5215"}],"wp:term":[{"taxonomy":"product_brand","embeddable":true,"href":"https:\/\/labotigadecarnsbertran.cat\/es\/wp-json\/wp\/v2\/product_brand?post=5215"},{"taxonomy":"product_cat","embeddable":true,"href":"https:\/\/labotigadecarnsbertran.cat\/es\/wp-json\/wp\/v2\/product_cat?post=5215"},{"taxonomy":"product_tag","embeddable":true,"href":"https:\/\/labotigadecarnsbertran.cat\/es\/wp-json\/wp\/v2\/product_tag?post=5215"}],"curies":[{"name":"wp","href":"https:\/\/api.w.org\/{rel}","templated":true}]}}