{"id":5217,"date":"2022-03-27T15:48:55","date_gmt":"2022-03-27T15:48:55","guid":{"rendered":"https:\/\/labotigadecarnsbertran.cat\/product\/costilla-de-ternera\/"},"modified":"2026-03-09T12:29:07","modified_gmt":"2026-03-09T12:29:07","slug":"costilla-de-ternera","status":"publish","type":"product","link":"https:\/\/labotigadecarnsbertran.cat\/es\/producto\/costilla-de-ternera\/","title":{"rendered":"Costilla de ternera"},"content":{"rendered":"<p><strong>Costilla de ternera<\/strong><br \/>\nBandeja de 500gr. en dados o trozo entero de 250gr. por caldo.<\/p>\n<p>La costilla de ternera va muy bien para estofar si le gusta la grasa infiltrada y el hueso. Tambi\u00e9n va muy bien para hacer un buen caldo. Puede pedir un trozo o cortada en trocitos. Nuestras terneras nos llegan de MAS D&#8217;EN MESTRES La granja de terneras est\u00e1 situada en el pueblo de Vespella de Gai\u00e0 ( Tarragon\u00e9s ), a cargo de los hermanos Mestres. Es una granja en la que se cuida mucho el animal, su alimentaci\u00f3n es primordial. Desde que llega la ternera con tan s\u00f3lo dos semanas de vida hasta que la llevan al matadero, le han variado la dieta 4 veces. Primero toman leche maternizada, despu\u00e9s piensos elaborados con cereales y con un peque\u00f1o porcentaje de algarroba, especiales para terneras todav\u00eda lactantes. Seguidamente se les da piensos que hacen crecer al animal sano: con m\u00e1s cantidad de cebada y de ma\u00edz. Por \u00faltimo se alimentan con piensos de 3\u00aa edad para engordar al animal hasta llegar al peso deseado.<\/p>\n<ul>\n<li>Refrigerado: si<\/li>\n<li>Congelado: no<\/li>\n<li>Gluten: no<\/li>\n<li>Al\u00e9rgenos: no<\/li>\n<li>Valor nutricional: La ternera tiene un grado elevado en prote\u00ednas muy interesantes por nuestro organismo<\/li>\n<li>Ingredientes: Carne magra de ternera extra de proximidad<\/li>\n<li>Informaci\u00f3n de conservaci\u00f3n: Conservar en su envase 2\/3 d\u00edas sino congelar. Puede cambiar el color rojo de la carne a oscuro, es un proceso normal en las carnes no tratadas con ning\u00fan conservante.<\/li>\n<li>Origen: Granja den Mestres Vespella Gai\u00e0 ( Tarragon\u00e9s)<\/li>\n<\/ul>\n","protected":false},"excerpt":{"rendered":"<p>La costilla de ternera va muy bien para estofar si le gusta la grasa infiltrada y el hueso. Tambi\u00e9n va muy bien para hacer un buen caldo.<br \/>\nPuede pedir un trozo o cortada en trocitos.<\/p>\n","protected":false},"featured_media":4768,"comment_status":"closed","ping_status":"closed","template":"","meta":[],"product_brand":[],"product_cat":[157],"product_tag":[],"class_list":{"0":"post-5217","1":"product","2":"type-product","3":"status-publish","4":"has-post-thumbnail","6":"product_cat-ternera-vaca-y-buey","8":"first","9":"instock","10":"featured","11":"taxable","12":"shipping-taxable","13":"purchasable","14":"product-type-variable"},"yoast_head":"<!-- This site is optimized with the Yoast SEO plugin v27.3 - https:\/\/yoast.com\/product\/yoast-seo-wordpress\/ -->\n<title>Costilla de ternera - La botiga de Carns Bertran<\/title>\n<meta name=\"description\" content=\"Costilla de ternera Reb a casa o vine a buscar la teva comanda. Amb la qualitat de Carns Bertran, carnissers des de l 1976.\" \/>\n<meta name=\"robots\" content=\"index, follow, max-snippet:-1, max-image-preview:large, max-video-preview:-1\" \/>\n<link rel=\"canonical\" href=\"https:\/\/labotigadecarnsbertran.cat\/es\/producto\/costilla-de-ternera\/\" \/>\n<meta property=\"og:locale\" content=\"es_ES\" \/>\n<meta property=\"og:type\" content=\"article\" \/>\n<meta property=\"og:title\" content=\"Costilla de ternera - La botiga de Carns Bertran\" \/>\n<meta property=\"og:description\" content=\"Costilla de ternera Reb a casa o vine a buscar la teva comanda. Amb la qualitat de Carns Bertran, carnissers des de l 1976.\" \/>\n<meta property=\"og:url\" content=\"https:\/\/labotigadecarnsbertran.cat\/es\/producto\/costilla-de-ternera\/\" \/>\n<meta property=\"og:site_name\" content=\"La botiga de Carns Bertran\" \/>\n<meta property=\"article:modified_time\" content=\"2026-03-09T12:29:07+00:00\" \/>\n<meta property=\"og:image\" content=\"http:\/\/labotigadecarnsbertran.cat\/wp-content\/uploads\/2022\/03\/MG_8821.jpg\" \/>\n\t<meta property=\"og:image:width\" content=\"1200\" \/>\n\t<meta property=\"og:image:height\" content=\"800\" \/>\n\t<meta property=\"og:image:type\" content=\"image\/jpeg\" \/>\n<meta name=\"twitter:card\" content=\"summary_large_image\" \/>\n<meta name=\"twitter:label1\" content=\"Est. reading time\" \/>\n\t<meta name=\"twitter:data1\" content=\"2 minutes\" \/>\n<script type=\"application\/ld+json\" class=\"yoast-schema-graph\">{\"@context\":\"https:\\\/\\\/schema.org\",\"@graph\":[{\"@type\":\"WebPage\",\"@id\":\"https:\\\/\\\/labotigadecarnsbertran.cat\\\/es\\\/producto\\\/costilla-de-ternera\\\/\",\"url\":\"https:\\\/\\\/labotigadecarnsbertran.cat\\\/es\\\/producto\\\/costilla-de-ternera\\\/\",\"name\":\"Costilla de ternera - La botiga de Carns Bertran\",\"isPartOf\":{\"@id\":\"https:\\\/\\\/labotigadecarnsbertran.cat\\\/#website\"},\"primaryImageOfPage\":{\"@id\":\"https:\\\/\\\/labotigadecarnsbertran.cat\\\/es\\\/producto\\\/costilla-de-ternera\\\/#primaryimage\"},\"image\":{\"@id\":\"https:\\\/\\\/labotigadecarnsbertran.cat\\\/es\\\/producto\\\/costilla-de-ternera\\\/#primaryimage\"},\"thumbnailUrl\":\"https:\\\/\\\/labotigadecarnsbertran.cat\\\/wp-content\\\/uploads\\\/2022\\\/03\\\/MG_8821.jpg\",\"datePublished\":\"2022-03-27T15:48:55+00:00\",\"dateModified\":\"2026-03-09T12:29:07+00:00\",\"description\":\"Costilla de ternera Reb a casa o vine a buscar la teva comanda. Amb la qualitat de Carns Bertran, carnissers des de l 1976.\",\"breadcrumb\":{\"@id\":\"https:\\\/\\\/labotigadecarnsbertran.cat\\\/es\\\/producto\\\/costilla-de-ternera\\\/#breadcrumb\"},\"inLanguage\":\"es-ES\",\"potentialAction\":[{\"@type\":\"ReadAction\",\"target\":[\"https:\\\/\\\/labotigadecarnsbertran.cat\\\/es\\\/producto\\\/costilla-de-ternera\\\/\"]}]},{\"@type\":\"ImageObject\",\"inLanguage\":\"es-ES\",\"@id\":\"https:\\\/\\\/labotigadecarnsbertran.cat\\\/es\\\/producto\\\/costilla-de-ternera\\\/#primaryimage\",\"url\":\"https:\\\/\\\/labotigadecarnsbertran.cat\\\/wp-content\\\/uploads\\\/2022\\\/03\\\/MG_8821.jpg\",\"contentUrl\":\"https:\\\/\\\/labotigadecarnsbertran.cat\\\/wp-content\\\/uploads\\\/2022\\\/03\\\/MG_8821.jpg\",\"width\":1200,\"height\":800,\"caption\":\"Costella de vedella\"},{\"@type\":\"BreadcrumbList\",\"@id\":\"https:\\\/\\\/labotigadecarnsbertran.cat\\\/es\\\/producto\\\/costilla-de-ternera\\\/#breadcrumb\",\"itemListElement\":[{\"@type\":\"ListItem\",\"position\":1,\"name\":\"Inici\",\"item\":\"https:\\\/\\\/labotigadecarnsbertran.cat\\\/es\\\/\"},{\"@type\":\"ListItem\",\"position\":2,\"name\":\"Productes\",\"item\":\"https:\\\/\\\/labotigadecarnsbertran.cat\\\/shop\\\/\"},{\"@type\":\"ListItem\",\"position\":3,\"name\":\"Costilla de ternera\"}]},{\"@type\":\"WebSite\",\"@id\":\"https:\\\/\\\/labotigadecarnsbertran.cat\\\/#website\",\"url\":\"https:\\\/\\\/labotigadecarnsbertran.cat\\\/\",\"name\":\"La botiga de Carns Bertran\",\"description\":\"Compra online\",\"potentialAction\":[{\"@type\":\"SearchAction\",\"target\":{\"@type\":\"EntryPoint\",\"urlTemplate\":\"https:\\\/\\\/labotigadecarnsbertran.cat\\\/?s={search_term_string}\"},\"query-input\":{\"@type\":\"PropertyValueSpecification\",\"valueRequired\":true,\"valueName\":\"search_term_string\"}}],\"inLanguage\":\"es-ES\"}]}<\/script>\n<!-- \/ Yoast SEO plugin. -->","yoast_head_json":{"title":"Costilla de ternera - La botiga de Carns Bertran","description":"Costilla de ternera Reb a casa o vine a buscar la teva comanda. Amb la qualitat de Carns Bertran, carnissers des de l 1976.","robots":{"index":"index","follow":"follow","max-snippet":"max-snippet:-1","max-image-preview":"max-image-preview:large","max-video-preview":"max-video-preview:-1"},"canonical":"https:\/\/labotigadecarnsbertran.cat\/es\/producto\/costilla-de-ternera\/","og_locale":"es_ES","og_type":"article","og_title":"Costilla de ternera - La botiga de Carns Bertran","og_description":"Costilla de ternera Reb a casa o vine a buscar la teva comanda. Amb la qualitat de Carns Bertran, carnissers des de l 1976.","og_url":"https:\/\/labotigadecarnsbertran.cat\/es\/producto\/costilla-de-ternera\/","og_site_name":"La botiga de Carns Bertran","article_modified_time":"2026-03-09T12:29:07+00:00","og_image":[{"width":1200,"height":800,"url":"http:\/\/labotigadecarnsbertran.cat\/wp-content\/uploads\/2022\/03\/MG_8821.jpg","type":"image\/jpeg"}],"twitter_card":"summary_large_image","twitter_misc":{"Est. reading time":"2 minutes"},"schema":{"@context":"https:\/\/schema.org","@graph":[{"@type":"WebPage","@id":"https:\/\/labotigadecarnsbertran.cat\/es\/producto\/costilla-de-ternera\/","url":"https:\/\/labotigadecarnsbertran.cat\/es\/producto\/costilla-de-ternera\/","name":"Costilla de ternera - La botiga de Carns Bertran","isPartOf":{"@id":"https:\/\/labotigadecarnsbertran.cat\/#website"},"primaryImageOfPage":{"@id":"https:\/\/labotigadecarnsbertran.cat\/es\/producto\/costilla-de-ternera\/#primaryimage"},"image":{"@id":"https:\/\/labotigadecarnsbertran.cat\/es\/producto\/costilla-de-ternera\/#primaryimage"},"thumbnailUrl":"https:\/\/labotigadecarnsbertran.cat\/wp-content\/uploads\/2022\/03\/MG_8821.jpg","datePublished":"2022-03-27T15:48:55+00:00","dateModified":"2026-03-09T12:29:07+00:00","description":"Costilla de ternera Reb a casa o vine a buscar la teva comanda. Amb la qualitat de Carns Bertran, carnissers des de l 1976.","breadcrumb":{"@id":"https:\/\/labotigadecarnsbertran.cat\/es\/producto\/costilla-de-ternera\/#breadcrumb"},"inLanguage":"es-ES","potentialAction":[{"@type":"ReadAction","target":["https:\/\/labotigadecarnsbertran.cat\/es\/producto\/costilla-de-ternera\/"]}]},{"@type":"ImageObject","inLanguage":"es-ES","@id":"https:\/\/labotigadecarnsbertran.cat\/es\/producto\/costilla-de-ternera\/#primaryimage","url":"https:\/\/labotigadecarnsbertran.cat\/wp-content\/uploads\/2022\/03\/MG_8821.jpg","contentUrl":"https:\/\/labotigadecarnsbertran.cat\/wp-content\/uploads\/2022\/03\/MG_8821.jpg","width":1200,"height":800,"caption":"Costella de vedella"},{"@type":"BreadcrumbList","@id":"https:\/\/labotigadecarnsbertran.cat\/es\/producto\/costilla-de-ternera\/#breadcrumb","itemListElement":[{"@type":"ListItem","position":1,"name":"Inici","item":"https:\/\/labotigadecarnsbertran.cat\/es\/"},{"@type":"ListItem","position":2,"name":"Productes","item":"https:\/\/labotigadecarnsbertran.cat\/shop\/"},{"@type":"ListItem","position":3,"name":"Costilla de ternera"}]},{"@type":"WebSite","@id":"https:\/\/labotigadecarnsbertran.cat\/#website","url":"https:\/\/labotigadecarnsbertran.cat\/","name":"La botiga de Carns Bertran","description":"Compra online","potentialAction":[{"@type":"SearchAction","target":{"@type":"EntryPoint","urlTemplate":"https:\/\/labotigadecarnsbertran.cat\/?s={search_term_string}"},"query-input":{"@type":"PropertyValueSpecification","valueRequired":true,"valueName":"search_term_string"}}],"inLanguage":"es-ES"}]}},"_links":{"self":[{"href":"https:\/\/labotigadecarnsbertran.cat\/es\/wp-json\/wp\/v2\/product\/5217","targetHints":{"allow":["GET"]}}],"collection":[{"href":"https:\/\/labotigadecarnsbertran.cat\/es\/wp-json\/wp\/v2\/product"}],"about":[{"href":"https:\/\/labotigadecarnsbertran.cat\/es\/wp-json\/wp\/v2\/types\/product"}],"replies":[{"embeddable":true,"href":"https:\/\/labotigadecarnsbertran.cat\/es\/wp-json\/wp\/v2\/comments?post=5217"}],"wp:featuredmedia":[{"embeddable":true,"href":"https:\/\/labotigadecarnsbertran.cat\/es\/wp-json\/wp\/v2\/media\/4768"}],"wp:attachment":[{"href":"https:\/\/labotigadecarnsbertran.cat\/es\/wp-json\/wp\/v2\/media?parent=5217"}],"wp:term":[{"taxonomy":"product_brand","embeddable":true,"href":"https:\/\/labotigadecarnsbertran.cat\/es\/wp-json\/wp\/v2\/product_brand?post=5217"},{"taxonomy":"product_cat","embeddable":true,"href":"https:\/\/labotigadecarnsbertran.cat\/es\/wp-json\/wp\/v2\/product_cat?post=5217"},{"taxonomy":"product_tag","embeddable":true,"href":"https:\/\/labotigadecarnsbertran.cat\/es\/wp-json\/wp\/v2\/product_tag?post=5217"}],"curies":[{"name":"wp","href":"https:\/\/api.w.org\/{rel}","templated":true}]}}