{"id":5231,"date":"2022-03-27T12:06:59","date_gmt":"2022-03-27T12:06:59","guid":{"rendered":"https:\/\/labotigadecarnsbertran.cat\/product\/huesos-de-espinazo-de-cerdo-de-payes\/"},"modified":"2025-03-21T17:39:58","modified_gmt":"2025-03-21T17:39:58","slug":"huesos-de-espinazo-de-cerdo-de-payes","status":"publish","type":"product","link":"https:\/\/labotigadecarnsbertran.cat\/es\/producto\/huesos-de-espinazo-de-cerdo-de-payes\/","title":{"rendered":"Huesos de espinazo de cerdo de pay\u00e9s"},"content":{"rendered":"<p><strong>Huesos de espinazo de cerdo de pay\u00e9s<\/strong><br \/>\nPedirlo por unidades<\/p>\n<p>Huesos de espinazo de cerdo de pay\u00e9s raza Duroc. Son ideales para un buen caldo junto con otros huesos, mira tambi\u00e9n la bandeja que tenemos ya preparada para elaborar un caldo.<\/p>\n<p>Nuestra carne est\u00e1 basada en Duroc de alta calidad, con una cr\u00eda en libertad en un entorno natural y tranquilo, haciendo especial \u00e9nfasis en la alimentaci\u00f3n, utilizando como base la almendra y la avellana para conseguir carnes de primera calidad, con un bajo \u00edndice en grasas saturadas y un alto nivel de grasa infiltrada, lo que nos permite obtener una carne de alto contenido en Omega 3.<\/p>\n<ul>\n<li>Refrigerado: si<\/li>\n<li>Congelado: no<\/li>\n<li>Gluten: no<\/li>\n<li>Al\u00e9rgenos: no<\/li>\n<li>Valor nutricional: Contiene omega 3, bajo en grasa saturada<\/li>\n<li>Ingredientes: Carne de cerdo Duroc fresca<\/li>\n<li>Informaci\u00f3n de conservaci\u00f3n: Conservar refrigerado dentro del envase durante los pr\u00f3ximos 2\/3 d\u00edas sino que deben consumirse en 2\/3 d\u00edas recomendamos congelar.<\/li>\n<li>Origen: Mas\u00eda Tero (Torregrossa, Lleida)<\/li>\n<\/ul>\n","protected":false},"excerpt":{"rendered":"<p>Huesos de espinazo de cerdo de pay\u00e9s raza Duroc. Son ideales para un buen caldo junto con otros huesos, mira tambi\u00e9n la bandeja que tenemos ya preparada para elaborar un caldo.<\/p>\n","protected":false},"featured_media":4724,"comment_status":"closed","ping_status":"closed","template":"","meta":[],"product_brand":[],"product_cat":[154],"product_tag":[],"class_list":{"0":"post-5231","1":"product","2":"type-product","3":"status-publish","4":"has-post-thumbnail","6":"product_cat-cerdo","8":"first","9":"instock","10":"taxable","11":"shipping-taxable","12":"purchasable","13":"product-type-simple"},"yoast_head":"<!-- This site is optimized with the Yoast SEO plugin v27.3 - https:\/\/yoast.com\/product\/yoast-seo-wordpress\/ -->\n<title>Huesos de espinazo de cerdo de pay\u00e9s - La botiga de Carns Bertran<\/title>\n<meta name=\"description\" content=\"Huesos de espinazo de cerdo de pay\u00e9s Reb a casa o vine a buscar la teva comanda. Amb la qualitat de Carns Bertran, carnissers des de l 1976.\" \/>\n<meta name=\"robots\" content=\"index, follow, max-snippet:-1, max-image-preview:large, max-video-preview:-1\" \/>\n<link rel=\"canonical\" href=\"https:\/\/labotigadecarnsbertran.cat\/es\/producto\/huesos-de-espinazo-de-cerdo-de-payes\/\" \/>\n<meta property=\"og:locale\" content=\"es_ES\" \/>\n<meta property=\"og:type\" content=\"article\" \/>\n<meta property=\"og:title\" content=\"Huesos de espinazo de cerdo de pay\u00e9s - La botiga de Carns Bertran\" \/>\n<meta property=\"og:description\" content=\"Huesos de espinazo de cerdo de pay\u00e9s Reb a casa o vine a buscar la teva comanda. Amb la qualitat de Carns Bertran, carnissers des de l 1976.\" \/>\n<meta property=\"og:url\" content=\"https:\/\/labotigadecarnsbertran.cat\/es\/producto\/huesos-de-espinazo-de-cerdo-de-payes\/\" \/>\n<meta property=\"og:site_name\" content=\"La botiga de Carns Bertran\" \/>\n<meta property=\"article:modified_time\" content=\"2025-03-21T17:39:58+00:00\" \/>\n<meta property=\"og:image\" content=\"http:\/\/labotigadecarnsbertran.cat\/wp-content\/uploads\/2022\/03\/MG_8218.jpg\" \/>\n\t<meta property=\"og:image:width\" content=\"1200\" \/>\n\t<meta property=\"og:image:height\" content=\"800\" \/>\n\t<meta property=\"og:image:type\" content=\"image\/jpeg\" \/>\n<meta name=\"twitter:card\" content=\"summary_large_image\" \/>\n<meta name=\"twitter:label1\" content=\"Est. reading time\" \/>\n\t<meta name=\"twitter:data1\" content=\"1 minute\" \/>\n<script type=\"application\/ld+json\" class=\"yoast-schema-graph\">{\"@context\":\"https:\\\/\\\/schema.org\",\"@graph\":[{\"@type\":\"WebPage\",\"@id\":\"https:\\\/\\\/labotigadecarnsbertran.cat\\\/es\\\/producto\\\/huesos-de-espinazo-de-cerdo-de-payes\\\/\",\"url\":\"https:\\\/\\\/labotigadecarnsbertran.cat\\\/es\\\/producto\\\/huesos-de-espinazo-de-cerdo-de-payes\\\/\",\"name\":\"Huesos de espinazo de cerdo de pay\u00e9s - La botiga de Carns Bertran\",\"isPartOf\":{\"@id\":\"https:\\\/\\\/labotigadecarnsbertran.cat\\\/#website\"},\"primaryImageOfPage\":{\"@id\":\"https:\\\/\\\/labotigadecarnsbertran.cat\\\/es\\\/producto\\\/huesos-de-espinazo-de-cerdo-de-payes\\\/#primaryimage\"},\"image\":{\"@id\":\"https:\\\/\\\/labotigadecarnsbertran.cat\\\/es\\\/producto\\\/huesos-de-espinazo-de-cerdo-de-payes\\\/#primaryimage\"},\"thumbnailUrl\":\"https:\\\/\\\/labotigadecarnsbertran.cat\\\/wp-content\\\/uploads\\\/2022\\\/03\\\/MG_8218.jpg\",\"datePublished\":\"2022-03-27T12:06:59+00:00\",\"dateModified\":\"2025-03-21T17:39:58+00:00\",\"description\":\"Huesos de espinazo de cerdo de pay\u00e9s Reb a casa o vine a buscar la teva comanda. Amb la qualitat de Carns Bertran, carnissers des de l 1976.\",\"breadcrumb\":{\"@id\":\"https:\\\/\\\/labotigadecarnsbertran.cat\\\/es\\\/producto\\\/huesos-de-espinazo-de-cerdo-de-payes\\\/#breadcrumb\"},\"inLanguage\":\"es-ES\",\"potentialAction\":[{\"@type\":\"ReadAction\",\"target\":[\"https:\\\/\\\/labotigadecarnsbertran.cat\\\/es\\\/producto\\\/huesos-de-espinazo-de-cerdo-de-payes\\\/\"]}]},{\"@type\":\"ImageObject\",\"inLanguage\":\"es-ES\",\"@id\":\"https:\\\/\\\/labotigadecarnsbertran.cat\\\/es\\\/producto\\\/huesos-de-espinazo-de-cerdo-de-payes\\\/#primaryimage\",\"url\":\"https:\\\/\\\/labotigadecarnsbertran.cat\\\/wp-content\\\/uploads\\\/2022\\\/03\\\/MG_8218.jpg\",\"contentUrl\":\"https:\\\/\\\/labotigadecarnsbertran.cat\\\/wp-content\\\/uploads\\\/2022\\\/03\\\/MG_8218.jpg\",\"width\":1200,\"height\":800,\"caption\":\"Ossos d'espinada de porc de pag\u00e8s\"},{\"@type\":\"BreadcrumbList\",\"@id\":\"https:\\\/\\\/labotigadecarnsbertran.cat\\\/es\\\/producto\\\/huesos-de-espinazo-de-cerdo-de-payes\\\/#breadcrumb\",\"itemListElement\":[{\"@type\":\"ListItem\",\"position\":1,\"name\":\"Inici\",\"item\":\"https:\\\/\\\/labotigadecarnsbertran.cat\\\/es\\\/\"},{\"@type\":\"ListItem\",\"position\":2,\"name\":\"Productes\",\"item\":\"https:\\\/\\\/labotigadecarnsbertran.cat\\\/shop\\\/\"},{\"@type\":\"ListItem\",\"position\":3,\"name\":\"Huesos de espinazo de cerdo de pay\u00e9s\"}]},{\"@type\":\"WebSite\",\"@id\":\"https:\\\/\\\/labotigadecarnsbertran.cat\\\/#website\",\"url\":\"https:\\\/\\\/labotigadecarnsbertran.cat\\\/\",\"name\":\"La botiga de Carns Bertran\",\"description\":\"Compra online\",\"potentialAction\":[{\"@type\":\"SearchAction\",\"target\":{\"@type\":\"EntryPoint\",\"urlTemplate\":\"https:\\\/\\\/labotigadecarnsbertran.cat\\\/?s={search_term_string}\"},\"query-input\":{\"@type\":\"PropertyValueSpecification\",\"valueRequired\":true,\"valueName\":\"search_term_string\"}}],\"inLanguage\":\"es-ES\"}]}<\/script>\n<!-- \/ Yoast SEO plugin. -->","yoast_head_json":{"title":"Huesos de espinazo de cerdo de pay\u00e9s - La botiga de Carns Bertran","description":"Huesos de espinazo de cerdo de pay\u00e9s Reb a casa o vine a buscar la teva comanda. Amb la qualitat de Carns Bertran, carnissers des de l 1976.","robots":{"index":"index","follow":"follow","max-snippet":"max-snippet:-1","max-image-preview":"max-image-preview:large","max-video-preview":"max-video-preview:-1"},"canonical":"https:\/\/labotigadecarnsbertran.cat\/es\/producto\/huesos-de-espinazo-de-cerdo-de-payes\/","og_locale":"es_ES","og_type":"article","og_title":"Huesos de espinazo de cerdo de pay\u00e9s - La botiga de Carns Bertran","og_description":"Huesos de espinazo de cerdo de pay\u00e9s Reb a casa o vine a buscar la teva comanda. Amb la qualitat de Carns Bertran, carnissers des de l 1976.","og_url":"https:\/\/labotigadecarnsbertran.cat\/es\/producto\/huesos-de-espinazo-de-cerdo-de-payes\/","og_site_name":"La botiga de Carns Bertran","article_modified_time":"2025-03-21T17:39:58+00:00","og_image":[{"width":1200,"height":800,"url":"http:\/\/labotigadecarnsbertran.cat\/wp-content\/uploads\/2022\/03\/MG_8218.jpg","type":"image\/jpeg"}],"twitter_card":"summary_large_image","twitter_misc":{"Est. reading time":"1 minute"},"schema":{"@context":"https:\/\/schema.org","@graph":[{"@type":"WebPage","@id":"https:\/\/labotigadecarnsbertran.cat\/es\/producto\/huesos-de-espinazo-de-cerdo-de-payes\/","url":"https:\/\/labotigadecarnsbertran.cat\/es\/producto\/huesos-de-espinazo-de-cerdo-de-payes\/","name":"Huesos de espinazo de cerdo de pay\u00e9s - La botiga de Carns Bertran","isPartOf":{"@id":"https:\/\/labotigadecarnsbertran.cat\/#website"},"primaryImageOfPage":{"@id":"https:\/\/labotigadecarnsbertran.cat\/es\/producto\/huesos-de-espinazo-de-cerdo-de-payes\/#primaryimage"},"image":{"@id":"https:\/\/labotigadecarnsbertran.cat\/es\/producto\/huesos-de-espinazo-de-cerdo-de-payes\/#primaryimage"},"thumbnailUrl":"https:\/\/labotigadecarnsbertran.cat\/wp-content\/uploads\/2022\/03\/MG_8218.jpg","datePublished":"2022-03-27T12:06:59+00:00","dateModified":"2025-03-21T17:39:58+00:00","description":"Huesos de espinazo de cerdo de pay\u00e9s Reb a casa o vine a buscar la teva comanda. Amb la qualitat de Carns Bertran, carnissers des de l 1976.","breadcrumb":{"@id":"https:\/\/labotigadecarnsbertran.cat\/es\/producto\/huesos-de-espinazo-de-cerdo-de-payes\/#breadcrumb"},"inLanguage":"es-ES","potentialAction":[{"@type":"ReadAction","target":["https:\/\/labotigadecarnsbertran.cat\/es\/producto\/huesos-de-espinazo-de-cerdo-de-payes\/"]}]},{"@type":"ImageObject","inLanguage":"es-ES","@id":"https:\/\/labotigadecarnsbertran.cat\/es\/producto\/huesos-de-espinazo-de-cerdo-de-payes\/#primaryimage","url":"https:\/\/labotigadecarnsbertran.cat\/wp-content\/uploads\/2022\/03\/MG_8218.jpg","contentUrl":"https:\/\/labotigadecarnsbertran.cat\/wp-content\/uploads\/2022\/03\/MG_8218.jpg","width":1200,"height":800,"caption":"Ossos d'espinada de porc de pag\u00e8s"},{"@type":"BreadcrumbList","@id":"https:\/\/labotigadecarnsbertran.cat\/es\/producto\/huesos-de-espinazo-de-cerdo-de-payes\/#breadcrumb","itemListElement":[{"@type":"ListItem","position":1,"name":"Inici","item":"https:\/\/labotigadecarnsbertran.cat\/es\/"},{"@type":"ListItem","position":2,"name":"Productes","item":"https:\/\/labotigadecarnsbertran.cat\/shop\/"},{"@type":"ListItem","position":3,"name":"Huesos de espinazo de cerdo de pay\u00e9s"}]},{"@type":"WebSite","@id":"https:\/\/labotigadecarnsbertran.cat\/#website","url":"https:\/\/labotigadecarnsbertran.cat\/","name":"La botiga de Carns Bertran","description":"Compra online","potentialAction":[{"@type":"SearchAction","target":{"@type":"EntryPoint","urlTemplate":"https:\/\/labotigadecarnsbertran.cat\/?s={search_term_string}"},"query-input":{"@type":"PropertyValueSpecification","valueRequired":true,"valueName":"search_term_string"}}],"inLanguage":"es-ES"}]}},"_links":{"self":[{"href":"https:\/\/labotigadecarnsbertran.cat\/es\/wp-json\/wp\/v2\/product\/5231","targetHints":{"allow":["GET"]}}],"collection":[{"href":"https:\/\/labotigadecarnsbertran.cat\/es\/wp-json\/wp\/v2\/product"}],"about":[{"href":"https:\/\/labotigadecarnsbertran.cat\/es\/wp-json\/wp\/v2\/types\/product"}],"replies":[{"embeddable":true,"href":"https:\/\/labotigadecarnsbertran.cat\/es\/wp-json\/wp\/v2\/comments?post=5231"}],"wp:featuredmedia":[{"embeddable":true,"href":"https:\/\/labotigadecarnsbertran.cat\/es\/wp-json\/wp\/v2\/media\/4724"}],"wp:attachment":[{"href":"https:\/\/labotigadecarnsbertran.cat\/es\/wp-json\/wp\/v2\/media?parent=5231"}],"wp:term":[{"taxonomy":"product_brand","embeddable":true,"href":"https:\/\/labotigadecarnsbertran.cat\/es\/wp-json\/wp\/v2\/product_brand?post=5231"},{"taxonomy":"product_cat","embeddable":true,"href":"https:\/\/labotigadecarnsbertran.cat\/es\/wp-json\/wp\/v2\/product_cat?post=5231"},{"taxonomy":"product_tag","embeddable":true,"href":"https:\/\/labotigadecarnsbertran.cat\/es\/wp-json\/wp\/v2\/product_tag?post=5231"}],"curies":[{"name":"wp","href":"https:\/\/api.w.org\/{rel}","templated":true}]}}