{"id":5294,"date":"2025-02-21T11:14:37","date_gmt":"2025-02-21T11:14:37","guid":{"rendered":"https:\/\/labotigadecarnsbertran.cat\/?post_type=product&#038;p=5294"},"modified":"2026-03-09T13:08:04","modified_gmt":"2026-03-09T13:08:04","slug":"paleta-cebo-50-iberica","status":"publish","type":"product","link":"https:\/\/labotigadecarnsbertran.cat\/es\/producto\/paleta-cebo-50-iberica\/","title":{"rendered":"Paleta de recebo 50% Ib\u00e9rica corte a m\u00e1quina"},"content":{"rendered":"<p><strong>Paleta 50% ib\u00e9rica de cebo de campo.<\/strong><\/p>\n<ul>\n<li>Paleta ib\u00e9rica de cebo<\/li>\n<li>Los paquetes en vac\u00edo de jam\u00f3n curado si no pierden el vac\u00edo tienen una caducidad de 2 meses refrigerados. Debido a que todos los paquetes se elaboran bajo pedido la caducidad comienza a partir del d\u00eda de la compra.<\/li>\n<\/ul>\n","protected":false},"excerpt":{"rendered":"<p><strong>Paleta 50% ib\u00e9rica de cebo de campo.<\/strong><\/p>\n<p>Paleta ib\u00e9rica de cebo ( recebo). Cortada a m\u00e1quina y presentado en bandeja o encima de papel, como usted elija. Un jam\u00f3n meloso y sabroso.<\/p>\n<p><strong>Sobre de 100gr. 200gr.<\/strong><\/p>\n","protected":false},"featured_media":5296,"comment_status":"closed","ping_status":"closed","template":"","meta":[],"product_brand":[],"product_cat":[159,360],"product_tag":[],"class_list":{"0":"post-5294","1":"product","2":"type-product","3":"status-publish","4":"has-post-thumbnail","6":"product_cat-charcuteria-y-quesos","7":"product_cat-jamon","9":"first","10":"instock","11":"taxable","12":"shipping-taxable","13":"purchasable","14":"product-type-variable"},"yoast_head":"<!-- This site is optimized with the Yoast SEO plugin v27.5 - https:\/\/yoast.com\/product\/yoast-seo-wordpress\/ -->\n<title>Paleta de recebo 50% Ib\u00e9rica corte a m\u00e1quina - La botiga de Carns Bertran<\/title>\n<meta name=\"description\" content=\"Espatlla enceball 50% ib\u00e8rica. El tallem a ma i el servim en safata o sac de paper com vosaltres demaneu. La ra\u00e7a del porc \u00e9s Duroc.\" \/>\n<meta name=\"robots\" content=\"index, follow, max-snippet:-1, max-image-preview:large, max-video-preview:-1\" \/>\n<link rel=\"canonical\" href=\"https:\/\/labotigadecarnsbertran.cat\/es\/producto\/paleta-cebo-50-iberica\/\" \/>\n<meta property=\"og:locale\" content=\"es_ES\" \/>\n<meta property=\"og:type\" content=\"article\" \/>\n<meta property=\"og:title\" content=\"Paleta de recebo 50% Ib\u00e9rica corte a m\u00e1quina - La botiga de Carns Bertran\" \/>\n<meta property=\"og:description\" content=\"Espatlla enceball 50% ib\u00e8rica. El tallem a ma i el servim en safata o sac de paper com vosaltres demaneu. La ra\u00e7a del porc \u00e9s Duroc.\" \/>\n<meta property=\"og:url\" content=\"https:\/\/labotigadecarnsbertran.cat\/es\/producto\/paleta-cebo-50-iberica\/\" \/>\n<meta property=\"og:site_name\" content=\"La botiga de Carns Bertran\" \/>\n<meta property=\"article:modified_time\" content=\"2026-03-09T13:08:04+00:00\" \/>\n<meta property=\"og:image\" content=\"http:\/\/labotigadecarnsbertran.cat\/wp-content\/uploads\/2025\/02\/MG_9245.jpg\" \/>\n\t<meta property=\"og:image:width\" content=\"1200\" \/>\n\t<meta property=\"og:image:height\" content=\"800\" \/>\n\t<meta property=\"og:image:type\" content=\"image\/jpeg\" \/>\n<meta name=\"twitter:card\" content=\"summary_large_image\" \/>\n<meta name=\"twitter:label1\" content=\"Est. reading time\" \/>\n\t<meta name=\"twitter:data1\" content=\"1 minute\" \/>\n<script type=\"application\/ld+json\" class=\"yoast-schema-graph\">{\"@context\":\"https:\\\/\\\/schema.org\",\"@graph\":[{\"@type\":\"WebPage\",\"@id\":\"https:\\\/\\\/labotigadecarnsbertran.cat\\\/es\\\/producto\\\/paleta-cebo-50-iberica\\\/\",\"url\":\"https:\\\/\\\/labotigadecarnsbertran.cat\\\/es\\\/producto\\\/paleta-cebo-50-iberica\\\/\",\"name\":\"Paleta de recebo 50% Ib\u00e9rica corte a m\u00e1quina - La botiga de Carns Bertran\",\"isPartOf\":{\"@id\":\"https:\\\/\\\/labotigadecarnsbertran.cat\\\/#website\"},\"primaryImageOfPage\":{\"@id\":\"https:\\\/\\\/labotigadecarnsbertran.cat\\\/es\\\/producto\\\/paleta-cebo-50-iberica\\\/#primaryimage\"},\"image\":{\"@id\":\"https:\\\/\\\/labotigadecarnsbertran.cat\\\/es\\\/producto\\\/paleta-cebo-50-iberica\\\/#primaryimage\"},\"thumbnailUrl\":\"https:\\\/\\\/labotigadecarnsbertran.cat\\\/wp-content\\\/uploads\\\/2025\\\/02\\\/MG_9245.jpg\",\"datePublished\":\"2025-02-21T11:14:37+00:00\",\"dateModified\":\"2026-03-09T13:08:04+00:00\",\"description\":\"Espatlla enceball 50% ib\u00e8rica. El tallem a ma i el servim en safata o sac de paper com vosaltres demaneu. La ra\u00e7a del porc \u00e9s Duroc.\",\"breadcrumb\":{\"@id\":\"https:\\\/\\\/labotigadecarnsbertran.cat\\\/es\\\/producto\\\/paleta-cebo-50-iberica\\\/#breadcrumb\"},\"inLanguage\":\"es-ES\",\"potentialAction\":[{\"@type\":\"ReadAction\",\"target\":[\"https:\\\/\\\/labotigadecarnsbertran.cat\\\/es\\\/producto\\\/paleta-cebo-50-iberica\\\/\"]}]},{\"@type\":\"ImageObject\",\"inLanguage\":\"es-ES\",\"@id\":\"https:\\\/\\\/labotigadecarnsbertran.cat\\\/es\\\/producto\\\/paleta-cebo-50-iberica\\\/#primaryimage\",\"url\":\"https:\\\/\\\/labotigadecarnsbertran.cat\\\/wp-content\\\/uploads\\\/2025\\\/02\\\/MG_9245.jpg\",\"contentUrl\":\"https:\\\/\\\/labotigadecarnsbertran.cat\\\/wp-content\\\/uploads\\\/2025\\\/02\\\/MG_9245.jpg\",\"width\":1200,\"height\":800,\"caption\":\"Espatlla enceball 50% ib\u00e8rica\"},{\"@type\":\"BreadcrumbList\",\"@id\":\"https:\\\/\\\/labotigadecarnsbertran.cat\\\/es\\\/producto\\\/paleta-cebo-50-iberica\\\/#breadcrumb\",\"itemListElement\":[{\"@type\":\"ListItem\",\"position\":1,\"name\":\"Inici\",\"item\":\"https:\\\/\\\/labotigadecarnsbertran.cat\\\/es\\\/\"},{\"@type\":\"ListItem\",\"position\":2,\"name\":\"Productes\",\"item\":\"https:\\\/\\\/labotigadecarnsbertran.cat\\\/shop\\\/\"},{\"@type\":\"ListItem\",\"position\":3,\"name\":\"Paleta de recebo 50% Ib\u00e9rica corte a m\u00e1quina\"}]},{\"@type\":\"WebSite\",\"@id\":\"https:\\\/\\\/labotigadecarnsbertran.cat\\\/#website\",\"url\":\"https:\\\/\\\/labotigadecarnsbertran.cat\\\/\",\"name\":\"La botiga de Carns Bertran\",\"description\":\"Compra online\",\"potentialAction\":[{\"@type\":\"SearchAction\",\"target\":{\"@type\":\"EntryPoint\",\"urlTemplate\":\"https:\\\/\\\/labotigadecarnsbertran.cat\\\/?s={search_term_string}\"},\"query-input\":{\"@type\":\"PropertyValueSpecification\",\"valueRequired\":true,\"valueName\":\"search_term_string\"}}],\"inLanguage\":\"es-ES\"}]}<\/script>\n<!-- \/ Yoast SEO plugin. -->","yoast_head_json":{"title":"Paleta de recebo 50% Ib\u00e9rica corte a m\u00e1quina - La botiga de Carns Bertran","description":"Espatlla enceball 50% ib\u00e8rica. El tallem a ma i el servim en safata o sac de paper com vosaltres demaneu. La ra\u00e7a del porc \u00e9s Duroc.","robots":{"index":"index","follow":"follow","max-snippet":"max-snippet:-1","max-image-preview":"max-image-preview:large","max-video-preview":"max-video-preview:-1"},"canonical":"https:\/\/labotigadecarnsbertran.cat\/es\/producto\/paleta-cebo-50-iberica\/","og_locale":"es_ES","og_type":"article","og_title":"Paleta de recebo 50% Ib\u00e9rica corte a m\u00e1quina - La botiga de Carns Bertran","og_description":"Espatlla enceball 50% ib\u00e8rica. El tallem a ma i el servim en safata o sac de paper com vosaltres demaneu. La ra\u00e7a del porc \u00e9s Duroc.","og_url":"https:\/\/labotigadecarnsbertran.cat\/es\/producto\/paleta-cebo-50-iberica\/","og_site_name":"La botiga de Carns Bertran","article_modified_time":"2026-03-09T13:08:04+00:00","og_image":[{"width":1200,"height":800,"url":"http:\/\/labotigadecarnsbertran.cat\/wp-content\/uploads\/2025\/02\/MG_9245.jpg","type":"image\/jpeg"}],"twitter_card":"summary_large_image","twitter_misc":{"Est. reading time":"1 minute"},"schema":{"@context":"https:\/\/schema.org","@graph":[{"@type":"WebPage","@id":"https:\/\/labotigadecarnsbertran.cat\/es\/producto\/paleta-cebo-50-iberica\/","url":"https:\/\/labotigadecarnsbertran.cat\/es\/producto\/paleta-cebo-50-iberica\/","name":"Paleta de recebo 50% Ib\u00e9rica corte a m\u00e1quina - La botiga de Carns Bertran","isPartOf":{"@id":"https:\/\/labotigadecarnsbertran.cat\/#website"},"primaryImageOfPage":{"@id":"https:\/\/labotigadecarnsbertran.cat\/es\/producto\/paleta-cebo-50-iberica\/#primaryimage"},"image":{"@id":"https:\/\/labotigadecarnsbertran.cat\/es\/producto\/paleta-cebo-50-iberica\/#primaryimage"},"thumbnailUrl":"https:\/\/labotigadecarnsbertran.cat\/wp-content\/uploads\/2025\/02\/MG_9245.jpg","datePublished":"2025-02-21T11:14:37+00:00","dateModified":"2026-03-09T13:08:04+00:00","description":"Espatlla enceball 50% ib\u00e8rica. El tallem a ma i el servim en safata o sac de paper com vosaltres demaneu. La ra\u00e7a del porc \u00e9s Duroc.","breadcrumb":{"@id":"https:\/\/labotigadecarnsbertran.cat\/es\/producto\/paleta-cebo-50-iberica\/#breadcrumb"},"inLanguage":"es-ES","potentialAction":[{"@type":"ReadAction","target":["https:\/\/labotigadecarnsbertran.cat\/es\/producto\/paleta-cebo-50-iberica\/"]}]},{"@type":"ImageObject","inLanguage":"es-ES","@id":"https:\/\/labotigadecarnsbertran.cat\/es\/producto\/paleta-cebo-50-iberica\/#primaryimage","url":"https:\/\/labotigadecarnsbertran.cat\/wp-content\/uploads\/2025\/02\/MG_9245.jpg","contentUrl":"https:\/\/labotigadecarnsbertran.cat\/wp-content\/uploads\/2025\/02\/MG_9245.jpg","width":1200,"height":800,"caption":"Espatlla enceball 50% ib\u00e8rica"},{"@type":"BreadcrumbList","@id":"https:\/\/labotigadecarnsbertran.cat\/es\/producto\/paleta-cebo-50-iberica\/#breadcrumb","itemListElement":[{"@type":"ListItem","position":1,"name":"Inici","item":"https:\/\/labotigadecarnsbertran.cat\/es\/"},{"@type":"ListItem","position":2,"name":"Productes","item":"https:\/\/labotigadecarnsbertran.cat\/shop\/"},{"@type":"ListItem","position":3,"name":"Paleta de recebo 50% Ib\u00e9rica corte a m\u00e1quina"}]},{"@type":"WebSite","@id":"https:\/\/labotigadecarnsbertran.cat\/#website","url":"https:\/\/labotigadecarnsbertran.cat\/","name":"La botiga de Carns Bertran","description":"Compra online","potentialAction":[{"@type":"SearchAction","target":{"@type":"EntryPoint","urlTemplate":"https:\/\/labotigadecarnsbertran.cat\/?s={search_term_string}"},"query-input":{"@type":"PropertyValueSpecification","valueRequired":true,"valueName":"search_term_string"}}],"inLanguage":"es-ES"}]}},"_links":{"self":[{"href":"https:\/\/labotigadecarnsbertran.cat\/es\/wp-json\/wp\/v2\/product\/5294","targetHints":{"allow":["GET"]}}],"collection":[{"href":"https:\/\/labotigadecarnsbertran.cat\/es\/wp-json\/wp\/v2\/product"}],"about":[{"href":"https:\/\/labotigadecarnsbertran.cat\/es\/wp-json\/wp\/v2\/types\/product"}],"replies":[{"embeddable":true,"href":"https:\/\/labotigadecarnsbertran.cat\/es\/wp-json\/wp\/v2\/comments?post=5294"}],"wp:featuredmedia":[{"embeddable":true,"href":"https:\/\/labotigadecarnsbertran.cat\/es\/wp-json\/wp\/v2\/media\/5296"}],"wp:attachment":[{"href":"https:\/\/labotigadecarnsbertran.cat\/es\/wp-json\/wp\/v2\/media?parent=5294"}],"wp:term":[{"taxonomy":"product_brand","embeddable":true,"href":"https:\/\/labotigadecarnsbertran.cat\/es\/wp-json\/wp\/v2\/product_brand?post=5294"},{"taxonomy":"product_cat","embeddable":true,"href":"https:\/\/labotigadecarnsbertran.cat\/es\/wp-json\/wp\/v2\/product_cat?post=5294"},{"taxonomy":"product_tag","embeddable":true,"href":"https:\/\/labotigadecarnsbertran.cat\/es\/wp-json\/wp\/v2\/product_tag?post=5294"}],"curies":[{"name":"wp","href":"https:\/\/api.w.org\/{rel}","templated":true}]}}