{"id":5334,"date":"2025-02-21T11:37:26","date_gmt":"2025-02-21T11:37:26","guid":{"rendered":"https:\/\/labotigadecarnsbertran.cat\/?post_type=product&#038;p=5334"},"modified":"2026-03-09T12:59:41","modified_gmt":"2026-03-09T12:59:41","slug":"sobre-de-pernil-curat-de-salamanca-al-buit-copia-copia-copia-copia-copia","status":"publish","type":"product","link":"https:\/\/labotigadecarnsbertran.cat\/es\/producto\/sobre-de-pernil-curat-de-salamanca-al-buit-copia-copia-copia-copia-copia\/","title":{"rendered":"Jam\u00f3n 100% Ib\u00e9rico de Bellota corte a mano"},"content":{"rendered":"<p><strong>Jam\u00f3n 100% Ib\u00e9rico de bellota al el corte<\/strong><\/p>\n<p id=\"tw-target-text\" class=\"tw-data-text tw-text-large tw-ta\" dir=\"ltr\" data-placeholder=\"Traducci\u00f3n\" data-ved=\"2ahUKEwiz1sPwg5uMAxVqAfsDHQxEK_wQ3ewLegQICRAV\" aria-label=\"Texto traducido: Jam\u00f3n de bellota cortado a mano y presentado en bandeja o encima de papel, como usted elija. Un jam\u00f3n de calidad intenso que no le dejar\u00e1 indiferentes.\"><span class=\"Y2IQFc\" lang=\"es\">Jam\u00f3n de bellota cortado a mano y presentado en bandeja o encima de papel, como usted elija. Un jam\u00f3n de calidad intenso que no le dejar\u00e1 indiferentes.<\/span><\/p>\n<ul>\n<li>Jam\u00f3n curado Duroc de Salamanca<\/li>\n<li>Los paquetes en vac\u00edo de jam\u00f3n curado si no pierden el vac\u00edo tienen una caducidad de 2 meses refrigerados. Dado que todos los paquetes se elaboran bajo pedido la caducidad comienza a partir del d\u00eda de la compra.<\/li>\n<li>Origen: La Sierra de Gredos<\/li>\n<\/ul>\n","protected":false},"excerpt":{"rendered":"<p><strong>Jam\u00f3n 100% Ib\u00e9rico de bellota al corte<\/strong><\/p>\n<p>Jam\u00f3n 100% ib\u00e9rico de bellota<\/p>\n","protected":false},"featured_media":5342,"comment_status":"closed","ping_status":"closed","template":"","meta":[],"product_brand":[],"product_cat":[159,360],"product_tag":[],"class_list":{"0":"post-5334","1":"product","2":"type-product","3":"status-publish","4":"has-post-thumbnail","6":"product_cat-charcuteria-y-quesos","7":"product_cat-jamon","9":"first","10":"instock","11":"featured","12":"taxable","13":"shipping-taxable","14":"purchasable","15":"product-type-variable"},"yoast_head":"<!-- This site is optimized with the Yoast SEO plugin v27.3 - https:\/\/yoast.com\/product\/yoast-seo-wordpress\/ -->\n<title>Jam\u00f3n 100% Ib\u00e9rico de Bellota corte a mano - La botiga de Carns Bertran<\/title>\n<meta name=\"description\" content=\"Sobre de pernil curat de Salamanca\u00a0al buit procedent de la Sierra de Gredos. Un pernil molt gust\u00f3s de 18\/22 mesos de curaci\u00f3.\" \/>\n<meta name=\"robots\" content=\"index, follow, max-snippet:-1, max-image-preview:large, max-video-preview:-1\" \/>\n<link rel=\"canonical\" href=\"https:\/\/labotigadecarnsbertran.cat\/es\/producto\/sobre-de-pernil-curat-de-salamanca-al-buit-copia-copia-copia-copia-copia\/\" \/>\n<meta property=\"og:locale\" content=\"es_ES\" \/>\n<meta property=\"og:type\" content=\"article\" \/>\n<meta property=\"og:title\" content=\"Jam\u00f3n 100% Ib\u00e9rico de Bellota corte a mano - La botiga de Carns Bertran\" \/>\n<meta property=\"og:description\" content=\"Sobre de pernil curat de Salamanca\u00a0al buit procedent de la Sierra de Gredos. Un pernil molt gust\u00f3s de 18\/22 mesos de curaci\u00f3.\" \/>\n<meta property=\"og:url\" content=\"https:\/\/labotigadecarnsbertran.cat\/es\/producto\/sobre-de-pernil-curat-de-salamanca-al-buit-copia-copia-copia-copia-copia\/\" \/>\n<meta property=\"og:site_name\" content=\"La botiga de Carns Bertran\" \/>\n<meta property=\"article:modified_time\" content=\"2026-03-09T12:59:41+00:00\" \/>\n<meta property=\"og:image\" content=\"http:\/\/labotigadecarnsbertran.cat\/wp-content\/uploads\/2025\/02\/MG_9230.jpg\" \/>\n\t<meta property=\"og:image:width\" content=\"1200\" \/>\n\t<meta property=\"og:image:height\" content=\"800\" \/>\n\t<meta property=\"og:image:type\" content=\"image\/jpeg\" \/>\n<meta name=\"twitter:card\" content=\"summary_large_image\" \/>\n<meta name=\"twitter:label1\" content=\"Est. reading time\" \/>\n\t<meta name=\"twitter:data1\" content=\"1 minute\" \/>\n<script type=\"application\/ld+json\" class=\"yoast-schema-graph\">{\"@context\":\"https:\\\/\\\/schema.org\",\"@graph\":[{\"@type\":\"WebPage\",\"@id\":\"https:\\\/\\\/labotigadecarnsbertran.cat\\\/es\\\/producto\\\/sobre-de-pernil-curat-de-salamanca-al-buit-copia-copia-copia-copia-copia\\\/\",\"url\":\"https:\\\/\\\/labotigadecarnsbertran.cat\\\/es\\\/producto\\\/sobre-de-pernil-curat-de-salamanca-al-buit-copia-copia-copia-copia-copia\\\/\",\"name\":\"Jam\u00f3n 100% Ib\u00e9rico de Bellota corte a mano - La botiga de Carns Bertran\",\"isPartOf\":{\"@id\":\"https:\\\/\\\/labotigadecarnsbertran.cat\\\/#website\"},\"primaryImageOfPage\":{\"@id\":\"https:\\\/\\\/labotigadecarnsbertran.cat\\\/es\\\/producto\\\/sobre-de-pernil-curat-de-salamanca-al-buit-copia-copia-copia-copia-copia\\\/#primaryimage\"},\"image\":{\"@id\":\"https:\\\/\\\/labotigadecarnsbertran.cat\\\/es\\\/producto\\\/sobre-de-pernil-curat-de-salamanca-al-buit-copia-copia-copia-copia-copia\\\/#primaryimage\"},\"thumbnailUrl\":\"https:\\\/\\\/labotigadecarnsbertran.cat\\\/wp-content\\\/uploads\\\/2025\\\/02\\\/MG_9230.jpg\",\"datePublished\":\"2025-02-21T11:37:26+00:00\",\"dateModified\":\"2026-03-09T12:59:41+00:00\",\"description\":\"Sobre de pernil curat de Salamanca\u00a0al buit procedent de la Sierra de Gredos. Un pernil molt gust\u00f3s de 18\\\/22 mesos de curaci\u00f3.\",\"breadcrumb\":{\"@id\":\"https:\\\/\\\/labotigadecarnsbertran.cat\\\/es\\\/producto\\\/sobre-de-pernil-curat-de-salamanca-al-buit-copia-copia-copia-copia-copia\\\/#breadcrumb\"},\"inLanguage\":\"es-ES\",\"potentialAction\":[{\"@type\":\"ReadAction\",\"target\":[\"https:\\\/\\\/labotigadecarnsbertran.cat\\\/es\\\/producto\\\/sobre-de-pernil-curat-de-salamanca-al-buit-copia-copia-copia-copia-copia\\\/\"]}]},{\"@type\":\"ImageObject\",\"inLanguage\":\"es-ES\",\"@id\":\"https:\\\/\\\/labotigadecarnsbertran.cat\\\/es\\\/producto\\\/sobre-de-pernil-curat-de-salamanca-al-buit-copia-copia-copia-copia-copia\\\/#primaryimage\",\"url\":\"https:\\\/\\\/labotigadecarnsbertran.cat\\\/wp-content\\\/uploads\\\/2025\\\/02\\\/MG_9230.jpg\",\"contentUrl\":\"https:\\\/\\\/labotigadecarnsbertran.cat\\\/wp-content\\\/uploads\\\/2025\\\/02\\\/MG_9230.jpg\",\"width\":1200,\"height\":800,\"caption\":\"Pernil 100% Ib\u00e8ric de gl\u00e0 al tall\"},{\"@type\":\"BreadcrumbList\",\"@id\":\"https:\\\/\\\/labotigadecarnsbertran.cat\\\/es\\\/producto\\\/sobre-de-pernil-curat-de-salamanca-al-buit-copia-copia-copia-copia-copia\\\/#breadcrumb\",\"itemListElement\":[{\"@type\":\"ListItem\",\"position\":1,\"name\":\"Inici\",\"item\":\"https:\\\/\\\/labotigadecarnsbertran.cat\\\/es\\\/\"},{\"@type\":\"ListItem\",\"position\":2,\"name\":\"Productes\",\"item\":\"https:\\\/\\\/labotigadecarnsbertran.cat\\\/shop\\\/\"},{\"@type\":\"ListItem\",\"position\":3,\"name\":\"Jam\u00f3n 100% Ib\u00e9rico de Bellota corte a mano\"}]},{\"@type\":\"WebSite\",\"@id\":\"https:\\\/\\\/labotigadecarnsbertran.cat\\\/#website\",\"url\":\"https:\\\/\\\/labotigadecarnsbertran.cat\\\/\",\"name\":\"La botiga de Carns Bertran\",\"description\":\"Compra online\",\"potentialAction\":[{\"@type\":\"SearchAction\",\"target\":{\"@type\":\"EntryPoint\",\"urlTemplate\":\"https:\\\/\\\/labotigadecarnsbertran.cat\\\/?s={search_term_string}\"},\"query-input\":{\"@type\":\"PropertyValueSpecification\",\"valueRequired\":true,\"valueName\":\"search_term_string\"}}],\"inLanguage\":\"es-ES\"}]}<\/script>\n<!-- \/ Yoast SEO plugin. -->","yoast_head_json":{"title":"Jam\u00f3n 100% Ib\u00e9rico de Bellota corte a mano - La botiga de Carns Bertran","description":"Sobre de pernil curat de Salamanca\u00a0al buit procedent de la Sierra de Gredos. Un pernil molt gust\u00f3s de 18\/22 mesos de curaci\u00f3.","robots":{"index":"index","follow":"follow","max-snippet":"max-snippet:-1","max-image-preview":"max-image-preview:large","max-video-preview":"max-video-preview:-1"},"canonical":"https:\/\/labotigadecarnsbertran.cat\/es\/producto\/sobre-de-pernil-curat-de-salamanca-al-buit-copia-copia-copia-copia-copia\/","og_locale":"es_ES","og_type":"article","og_title":"Jam\u00f3n 100% Ib\u00e9rico de Bellota corte a mano - La botiga de Carns Bertran","og_description":"Sobre de pernil curat de Salamanca\u00a0al buit procedent de la Sierra de Gredos. Un pernil molt gust\u00f3s de 18\/22 mesos de curaci\u00f3.","og_url":"https:\/\/labotigadecarnsbertran.cat\/es\/producto\/sobre-de-pernil-curat-de-salamanca-al-buit-copia-copia-copia-copia-copia\/","og_site_name":"La botiga de Carns Bertran","article_modified_time":"2026-03-09T12:59:41+00:00","og_image":[{"width":1200,"height":800,"url":"http:\/\/labotigadecarnsbertran.cat\/wp-content\/uploads\/2025\/02\/MG_9230.jpg","type":"image\/jpeg"}],"twitter_card":"summary_large_image","twitter_misc":{"Est. reading time":"1 minute"},"schema":{"@context":"https:\/\/schema.org","@graph":[{"@type":"WebPage","@id":"https:\/\/labotigadecarnsbertran.cat\/es\/producto\/sobre-de-pernil-curat-de-salamanca-al-buit-copia-copia-copia-copia-copia\/","url":"https:\/\/labotigadecarnsbertran.cat\/es\/producto\/sobre-de-pernil-curat-de-salamanca-al-buit-copia-copia-copia-copia-copia\/","name":"Jam\u00f3n 100% Ib\u00e9rico de Bellota corte a mano - La botiga de Carns Bertran","isPartOf":{"@id":"https:\/\/labotigadecarnsbertran.cat\/#website"},"primaryImageOfPage":{"@id":"https:\/\/labotigadecarnsbertran.cat\/es\/producto\/sobre-de-pernil-curat-de-salamanca-al-buit-copia-copia-copia-copia-copia\/#primaryimage"},"image":{"@id":"https:\/\/labotigadecarnsbertran.cat\/es\/producto\/sobre-de-pernil-curat-de-salamanca-al-buit-copia-copia-copia-copia-copia\/#primaryimage"},"thumbnailUrl":"https:\/\/labotigadecarnsbertran.cat\/wp-content\/uploads\/2025\/02\/MG_9230.jpg","datePublished":"2025-02-21T11:37:26+00:00","dateModified":"2026-03-09T12:59:41+00:00","description":"Sobre de pernil curat de Salamanca\u00a0al buit procedent de la Sierra de Gredos. Un pernil molt gust\u00f3s de 18\/22 mesos de curaci\u00f3.","breadcrumb":{"@id":"https:\/\/labotigadecarnsbertran.cat\/es\/producto\/sobre-de-pernil-curat-de-salamanca-al-buit-copia-copia-copia-copia-copia\/#breadcrumb"},"inLanguage":"es-ES","potentialAction":[{"@type":"ReadAction","target":["https:\/\/labotigadecarnsbertran.cat\/es\/producto\/sobre-de-pernil-curat-de-salamanca-al-buit-copia-copia-copia-copia-copia\/"]}]},{"@type":"ImageObject","inLanguage":"es-ES","@id":"https:\/\/labotigadecarnsbertran.cat\/es\/producto\/sobre-de-pernil-curat-de-salamanca-al-buit-copia-copia-copia-copia-copia\/#primaryimage","url":"https:\/\/labotigadecarnsbertran.cat\/wp-content\/uploads\/2025\/02\/MG_9230.jpg","contentUrl":"https:\/\/labotigadecarnsbertran.cat\/wp-content\/uploads\/2025\/02\/MG_9230.jpg","width":1200,"height":800,"caption":"Pernil 100% Ib\u00e8ric de gl\u00e0 al tall"},{"@type":"BreadcrumbList","@id":"https:\/\/labotigadecarnsbertran.cat\/es\/producto\/sobre-de-pernil-curat-de-salamanca-al-buit-copia-copia-copia-copia-copia\/#breadcrumb","itemListElement":[{"@type":"ListItem","position":1,"name":"Inici","item":"https:\/\/labotigadecarnsbertran.cat\/es\/"},{"@type":"ListItem","position":2,"name":"Productes","item":"https:\/\/labotigadecarnsbertran.cat\/shop\/"},{"@type":"ListItem","position":3,"name":"Jam\u00f3n 100% Ib\u00e9rico de Bellota corte a mano"}]},{"@type":"WebSite","@id":"https:\/\/labotigadecarnsbertran.cat\/#website","url":"https:\/\/labotigadecarnsbertran.cat\/","name":"La botiga de Carns Bertran","description":"Compra online","potentialAction":[{"@type":"SearchAction","target":{"@type":"EntryPoint","urlTemplate":"https:\/\/labotigadecarnsbertran.cat\/?s={search_term_string}"},"query-input":{"@type":"PropertyValueSpecification","valueRequired":true,"valueName":"search_term_string"}}],"inLanguage":"es-ES"}]}},"_links":{"self":[{"href":"https:\/\/labotigadecarnsbertran.cat\/es\/wp-json\/wp\/v2\/product\/5334","targetHints":{"allow":["GET"]}}],"collection":[{"href":"https:\/\/labotigadecarnsbertran.cat\/es\/wp-json\/wp\/v2\/product"}],"about":[{"href":"https:\/\/labotigadecarnsbertran.cat\/es\/wp-json\/wp\/v2\/types\/product"}],"replies":[{"embeddable":true,"href":"https:\/\/labotigadecarnsbertran.cat\/es\/wp-json\/wp\/v2\/comments?post=5334"}],"wp:featuredmedia":[{"embeddable":true,"href":"https:\/\/labotigadecarnsbertran.cat\/es\/wp-json\/wp\/v2\/media\/5342"}],"wp:attachment":[{"href":"https:\/\/labotigadecarnsbertran.cat\/es\/wp-json\/wp\/v2\/media?parent=5334"}],"wp:term":[{"taxonomy":"product_brand","embeddable":true,"href":"https:\/\/labotigadecarnsbertran.cat\/es\/wp-json\/wp\/v2\/product_brand?post=5334"},{"taxonomy":"product_cat","embeddable":true,"href":"https:\/\/labotigadecarnsbertran.cat\/es\/wp-json\/wp\/v2\/product_cat?post=5334"},{"taxonomy":"product_tag","embeddable":true,"href":"https:\/\/labotigadecarnsbertran.cat\/es\/wp-json\/wp\/v2\/product_tag?post=5334"}],"curies":[{"name":"wp","href":"https:\/\/api.w.org\/{rel}","templated":true}]}}