{"id":5360,"date":"2022-03-27T11:58:52","date_gmt":"2022-03-27T11:58:52","guid":{"rendered":"https:\/\/labotigadecarnsbertran.cat\/producto\/papada-de-cerdo-de-payes\/"},"modified":"2022-03-27T11:58:52","modified_gmt":"2022-03-27T11:58:52","slug":"papada-de-cerdo-de-payes","status":"publish","type":"product","link":"https:\/\/labotigadecarnsbertran.cat\/es\/producto\/papada-de-cerdo-de-payes\/","title":{"rendered":"Papada de cerdo de pay\u00e9s"},"content":{"rendered":"<p id=\"tw-target-text\" class=\"tw-data-text tw-text-large tw-ta\" dir=\"ltr\" data-placeholder=\"Traducci\u00f3n\" data-ved=\"2ahUKEwjl_bmN49SLAxX1TKQEHZnGOVgQ3ewLegQICBAW\" aria-label=\"Texto traducido: Papada de cerdo de pay\u00e9s\nBandeja de 250gr.\"><strong><span class=\"Y2IQFc\" lang=\"es\">Papada de cerdo de pay\u00e9s<br \/>\nBandeja de 250gr.<\/span><\/strong><\/p>\n<p id=\"tw-target-text\" class=\"tw-data-text tw-text-large tw-ta\" dir=\"ltr\" data-placeholder=\"Traducci\u00f3n\" data-ved=\"2ahUKEwjl_bmN49SLAxX1TKQEHZnGOVgQ3ewLegQICBAW\" aria-label=\"Texto traducido: Nuestra carne est\u00e1 basada en Duroc de alta calidad, con una cr\u00eda en libertad en un entorno natural y tranquilo, haciendo especial \u00e9nfasis en la alimentaci\u00f3n,utilizando como base la almendra y la avellana para conseguir carnes de primera calidad, con un bajo \u00edndice en grasas saturadas y un alto nivel de grasa infiltrada, lo que nos permite obtener una carne infltrada, lo que nos permite obtener una carne infletrada.\n\nRefrigerado: si\nCongelado: no\nGluten: no\nAl\u00e9rgenos: no\nValor nutricional: Contiene omega 3, bajo en grasa saturada\nIngredientes: Carne de cerdo Duroc fresca\nInformaci\u00f3n de conservaci\u00f3n: Conservar refrigerado dentro del envase durante los pr\u00f3ximos 2\/3 d\u00edas sino que deben consumirse en 2\/3 d\u00edas recomendamos congelar.\nOrigen: Mas\u00eda Tero (Torregrossa, Lleida)\"><span class=\"Y2IQFc\" lang=\"es\">Nuestra carne est\u00e1 basada en Duroc de alta calidad, con una cr\u00eda en libertad en un entorno natural y tranquilo, haciendo especial \u00e9nfasis en la alimentaci\u00f3n, utilizando como base la almendra y la avellana para conseguir carnes de primera calidad, con un bajo \u00edndice en grasas saturadas y un alto nivel de grasa infiltrada, lo que nos permite obtener una carne infltrada, lo que nos permite obtener una carne infletrada. <\/span><\/p>\n<ul>\n<li class=\"tw-data-text tw-text-large tw-ta\" dir=\"ltr\" data-placeholder=\"Traducci\u00f3n\" data-ved=\"2ahUKEwjl_bmN49SLAxX1TKQEHZnGOVgQ3ewLegQICBAW\" aria-label=\"Texto traducido: Nuestra carne est\u00e1 basada en Duroc de alta calidad, con una cr\u00eda en libertad en un entorno natural y tranquilo, haciendo especial \u00e9nfasis en la alimentaci\u00f3n,utilizando como base la almendra y la avellana para conseguir carnes de primera calidad, con un bajo \u00edndice en grasas saturadas y un alto nivel de grasa infiltrada, lo que nos permite obtener una carne infltrada, lo que nos permite obtener una carne infletrada.\n\nRefrigerado: si\nCongelado: no\nGluten: no\nAl\u00e9rgenos: no\nValor nutricional: Contiene omega 3, bajo en grasa saturada\nIngredientes: Carne de cerdo Duroc fresca\nInformaci\u00f3n de conservaci\u00f3n: Conservar refrigerado dentro del envase durante los pr\u00f3ximos 2\/3 d\u00edas sino que deben consumirse en 2\/3 d\u00edas recomendamos congelar.\nOrigen: Mas\u00eda Tero (Torregrossa, Lleida)\"><span class=\"Y2IQFc\" lang=\"es\">Refrigerado: si <\/span><\/li>\n<li class=\"tw-data-text tw-text-large tw-ta\" dir=\"ltr\" data-placeholder=\"Traducci\u00f3n\" data-ved=\"2ahUKEwjl_bmN49SLAxX1TKQEHZnGOVgQ3ewLegQICBAW\" aria-label=\"Texto traducido: Nuestra carne est\u00e1 basada en Duroc de alta calidad, con una cr\u00eda en libertad en un entorno natural y tranquilo, haciendo especial \u00e9nfasis en la alimentaci\u00f3n,utilizando como base la almendra y la avellana para conseguir carnes de primera calidad, con un bajo \u00edndice en grasas saturadas y un alto nivel de grasa infiltrada, lo que nos permite obtener una carne infltrada, lo que nos permite obtener una carne infletrada.\n\nRefrigerado: si\nCongelado: no\nGluten: no\nAl\u00e9rgenos: no\nValor nutricional: Contiene omega 3, bajo en grasa saturada\nIngredientes: Carne de cerdo Duroc fresca\nInformaci\u00f3n de conservaci\u00f3n: Conservar refrigerado dentro del envase durante los pr\u00f3ximos 2\/3 d\u00edas sino que deben consumirse en 2\/3 d\u00edas recomendamos congelar.\nOrigen: Mas\u00eda Tero (Torregrossa, Lleida)\"><span class=\"Y2IQFc\" lang=\"es\">Congelado: no <\/span><\/li>\n<li class=\"tw-data-text tw-text-large tw-ta\" dir=\"ltr\" data-placeholder=\"Traducci\u00f3n\" data-ved=\"2ahUKEwjl_bmN49SLAxX1TKQEHZnGOVgQ3ewLegQICBAW\" aria-label=\"Texto traducido: Nuestra carne est\u00e1 basada en Duroc de alta calidad, con una cr\u00eda en libertad en un entorno natural y tranquilo, haciendo especial \u00e9nfasis en la alimentaci\u00f3n,utilizando como base la almendra y la avellana para conseguir carnes de primera calidad, con un bajo \u00edndice en grasas saturadas y un alto nivel de grasa infiltrada, lo que nos permite obtener una carne infltrada, lo que nos permite obtener una carne infletrada.\n\nRefrigerado: si\nCongelado: no\nGluten: no\nAl\u00e9rgenos: no\nValor nutricional: Contiene omega 3, bajo en grasa saturada\nIngredientes: Carne de cerdo Duroc fresca\nInformaci\u00f3n de conservaci\u00f3n: Conservar refrigerado dentro del envase durante los pr\u00f3ximos 2\/3 d\u00edas sino que deben consumirse en 2\/3 d\u00edas recomendamos congelar.\nOrigen: Mas\u00eda Tero (Torregrossa, Lleida)\"><span class=\"Y2IQFc\" lang=\"es\">Gluten: no <\/span><\/li>\n<li class=\"tw-data-text tw-text-large tw-ta\" dir=\"ltr\" data-placeholder=\"Traducci\u00f3n\" data-ved=\"2ahUKEwjl_bmN49SLAxX1TKQEHZnGOVgQ3ewLegQICBAW\" aria-label=\"Texto traducido: Nuestra carne est\u00e1 basada en Duroc de alta calidad, con una cr\u00eda en libertad en un entorno natural y tranquilo, haciendo especial \u00e9nfasis en la alimentaci\u00f3n,utilizando como base la almendra y la avellana para conseguir carnes de primera calidad, con un bajo \u00edndice en grasas saturadas y un alto nivel de grasa infiltrada, lo que nos permite obtener una carne infltrada, lo que nos permite obtener una carne infletrada.\n\nRefrigerado: si\nCongelado: no\nGluten: no\nAl\u00e9rgenos: no\nValor nutricional: Contiene omega 3, bajo en grasa saturada\nIngredientes: Carne de cerdo Duroc fresca\nInformaci\u00f3n de conservaci\u00f3n: Conservar refrigerado dentro del envase durante los pr\u00f3ximos 2\/3 d\u00edas sino que deben consumirse en 2\/3 d\u00edas recomendamos congelar.\nOrigen: Mas\u00eda Tero (Torregrossa, Lleida)\"><span class=\"Y2IQFc\" lang=\"es\">A<\/span><span class=\"Y2IQFc\" lang=\"es\">l\u00e9rgenos: no <\/span><\/li>\n<li class=\"tw-data-text tw-text-large tw-ta\" dir=\"ltr\" data-placeholder=\"Traducci\u00f3n\" data-ved=\"2ahUKEwjl_bmN49SLAxX1TKQEHZnGOVgQ3ewLegQICBAW\" aria-label=\"Texto traducido: Nuestra carne est\u00e1 basada en Duroc de alta calidad, con una cr\u00eda en libertad en un entorno natural y tranquilo, haciendo especial \u00e9nfasis en la alimentaci\u00f3n,utilizando como base la almendra y la avellana para conseguir carnes de primera calidad, con un bajo \u00edndice en grasas saturadas y un alto nivel de grasa infiltrada, lo que nos permite obtener una carne infltrada, lo que nos permite obtener una carne infletrada.\n\nRefrigerado: si\nCongelado: no\nGluten: no\nAl\u00e9rgenos: no\nValor nutricional: Contiene omega 3, bajo en grasa saturada\nIngredientes: Carne de cerdo Duroc fresca\nInformaci\u00f3n de conservaci\u00f3n: Conservar refrigerado dentro del envase durante los pr\u00f3ximos 2\/3 d\u00edas sino que deben consumirse en 2\/3 d\u00edas recomendamos congelar.\nOrigen: Mas\u00eda Tero (Torregrossa, Lleida)\"><span class=\"Y2IQFc\" lang=\"es\">Valor nutricional: Contiene omega 3, bajo en grasa saturada <\/span><\/li>\n<li class=\"tw-data-text tw-text-large tw-ta\" dir=\"ltr\" data-placeholder=\"Traducci\u00f3n\" data-ved=\"2ahUKEwjl_bmN49SLAxX1TKQEHZnGOVgQ3ewLegQICBAW\" aria-label=\"Texto traducido: Nuestra carne est\u00e1 basada en Duroc de alta calidad, con una cr\u00eda en libertad en un entorno natural y tranquilo, haciendo especial \u00e9nfasis en la alimentaci\u00f3n,utilizando como base la almendra y la avellana para conseguir carnes de primera calidad, con un bajo \u00edndice en grasas saturadas y un alto nivel de grasa infiltrada, lo que nos permite obtener una carne infltrada, lo que nos permite obtener una carne infletrada.\n\nRefrigerado: si\nCongelado: no\nGluten: no\nAl\u00e9rgenos: no\nValor nutricional: Contiene omega 3, bajo en grasa saturada\nIngredientes: Carne de cerdo Duroc fresca\nInformaci\u00f3n de conservaci\u00f3n: Conservar refrigerado dentro del envase durante los pr\u00f3ximos 2\/3 d\u00edas sino que deben consumirse en 2\/3 d\u00edas recomendamos congelar.\nOrigen: Mas\u00eda Tero (Torregrossa, Lleida)\"><span class=\"Y2IQFc\" lang=\"es\">Ingredientes: Carne de cerdo Duroc fresca <\/span><\/li>\n<li class=\"tw-data-text tw-text-large tw-ta\" dir=\"ltr\" data-placeholder=\"Traducci\u00f3n\" data-ved=\"2ahUKEwjl_bmN49SLAxX1TKQEHZnGOVgQ3ewLegQICBAW\" aria-label=\"Texto traducido: Nuestra carne est\u00e1 basada en Duroc de alta calidad, con una cr\u00eda en libertad en un entorno natural y tranquilo, haciendo especial \u00e9nfasis en la alimentaci\u00f3n,utilizando como base la almendra y la avellana para conseguir carnes de primera calidad, con un bajo \u00edndice en grasas saturadas y un alto nivel de grasa infiltrada, lo que nos permite obtener una carne infltrada, lo que nos permite obtener una carne infletrada.\n\nRefrigerado: si\nCongelado: no\nGluten: no\nAl\u00e9rgenos: no\nValor nutricional: Contiene omega 3, bajo en grasa saturada\nIngredientes: Carne de cerdo Duroc fresca\nInformaci\u00f3n de conservaci\u00f3n: Conservar refrigerado dentro del envase durante los pr\u00f3ximos 2\/3 d\u00edas sino que deben consumirse en 2\/3 d\u00edas recomendamos congelar.\nOrigen: Mas\u00eda Tero (Torregrossa, Lleida)\"><span class=\"Y2IQFc\" lang=\"es\">Informaci\u00f3n de conservaci\u00f3n: Conservar refrigerado dentro del envase durante los pr\u00f3ximos 2\/3 d\u00edas sino que deben consumirse en 2\/3 d\u00edas recomendamos congelar. <\/span><\/li>\n<li class=\"tw-data-text tw-text-large tw-ta\" dir=\"ltr\" data-placeholder=\"Traducci\u00f3n\" data-ved=\"2ahUKEwjl_bmN49SLAxX1TKQEHZnGOVgQ3ewLegQICBAW\" aria-label=\"Texto traducido: Nuestra carne est\u00e1 basada en Duroc de alta calidad, con una cr\u00eda en libertad en un entorno natural y tranquilo, haciendo especial \u00e9nfasis en la alimentaci\u00f3n,utilizando como base la almendra y la avellana para conseguir carnes de primera calidad, con un bajo \u00edndice en grasas saturadas y un alto nivel de grasa infiltrada, lo que nos permite obtener una carne infltrada, lo que nos permite obtener una carne infletrada.\n\nRefrigerado: si\nCongelado: no\nGluten: no\nAl\u00e9rgenos: no\nValor nutricional: Contiene omega 3, bajo en grasa saturada\nIngredientes: Carne de cerdo Duroc fresca\nInformaci\u00f3n de conservaci\u00f3n: Conservar refrigerado dentro del envase durante los pr\u00f3ximos 2\/3 d\u00edas sino que deben consumirse en 2\/3 d\u00edas recomendamos congelar.\nOrigen: Mas\u00eda Tero (Torregrossa, Lleida)\"><span class=\"Y2IQFc\" lang=\"es\">Origen: Mas\u00eda Tero (Torregrossa, Lleida)<\/span><\/li>\n<\/ul>\n","protected":false},"excerpt":{"rendered":"<p id=\"tw-target-text\" class=\"tw-data-text tw-text-large tw-ta\" dir=\"ltr\" data-placeholder=\"Traducci\u00f3n\" data-ved=\"2ahUKEwjl_bmN49SLAxX1TKQEHZnGOVgQ3ewLegQICBAW\" aria-label=\"Texto traducido: Papada de cerdo de pay\u00e9s La papada es mucho m\u00e1s blanca que la barriga y mucho m\u00e1s toba. Por caldo, por legumbres y para fre\u00edr.\n\nBandeja de 250gr.\"><span class=\"Y2IQFc\" lang=\"es\">Papada de cerdo de pay\u00e9s La papada es mucho m\u00e1s blanca que la barriga y mucho m\u00e1s toba. Por caldo, por legumbres y para fre\u00edr. <\/span><\/p>\n<p class=\"tw-data-text tw-text-large tw-ta\" dir=\"ltr\" data-placeholder=\"Traducci\u00f3n\" data-ved=\"2ahUKEwjl_bmN49SLAxX1TKQEHZnGOVgQ3ewLegQICBAW\" aria-label=\"Texto traducido: Papada de cerdo de pay\u00e9s La papada es mucho m\u00e1s blanca que la barriga y mucho m\u00e1s toba. Por caldo, por legumbres y para fre\u00edr.\n\nBandeja de 250gr.\"><strong><span class=\"Y2IQFc\" lang=\"es\">Bandeja de 250gr.<\/span><\/strong><\/p>\n","protected":false},"featured_media":4719,"comment_status":"closed","ping_status":"closed","template":"","meta":[],"product_brand":[],"product_cat":[154],"product_tag":[],"class_list":{"0":"post-5360","1":"product","2":"type-product","3":"status-publish","4":"has-post-thumbnail","6":"product_cat-cerdo","8":"first","9":"instock","10":"taxable","11":"shipping-taxable","12":"purchasable","13":"product-type-variable"},"yoast_head":"<!-- This site is optimized with the Yoast SEO plugin v27.3 - https:\/\/yoast.com\/product\/yoast-seo-wordpress\/ -->\n<title>Papada de cerdo de pay\u00e9s - La botiga de Carns Bertran<\/title>\n<meta name=\"description\" content=\"Papada de cerdo de pay\u00e9s Reb a casa o vine a buscar la teva comanda. Amb la qualitat de Carns Bertran, carnissers des de l 1976.\" \/>\n<meta name=\"robots\" content=\"index, follow, max-snippet:-1, max-image-preview:large, max-video-preview:-1\" \/>\n<link rel=\"canonical\" href=\"https:\/\/labotigadecarnsbertran.cat\/es\/producto\/papada-de-cerdo-de-payes\/\" \/>\n<meta property=\"og:locale\" content=\"es_ES\" \/>\n<meta property=\"og:type\" content=\"article\" \/>\n<meta property=\"og:title\" content=\"Papada de cerdo de pay\u00e9s - La botiga de Carns Bertran\" \/>\n<meta property=\"og:description\" content=\"Papada de cerdo de pay\u00e9s Reb a casa o vine a buscar la teva comanda. Amb la qualitat de Carns Bertran, carnissers des de l 1976.\" \/>\n<meta property=\"og:url\" content=\"https:\/\/labotigadecarnsbertran.cat\/es\/producto\/papada-de-cerdo-de-payes\/\" \/>\n<meta property=\"og:site_name\" content=\"La botiga de Carns Bertran\" \/>\n<meta property=\"og:image\" content=\"http:\/\/labotigadecarnsbertran.cat\/wp-content\/uploads\/2022\/03\/MG_8214.jpg\" \/>\n\t<meta property=\"og:image:width\" content=\"1200\" \/>\n\t<meta property=\"og:image:height\" content=\"800\" \/>\n\t<meta property=\"og:image:type\" content=\"image\/jpeg\" \/>\n<meta name=\"twitter:card\" content=\"summary_large_image\" \/>\n<meta name=\"twitter:label1\" content=\"Est. reading time\" \/>\n\t<meta name=\"twitter:data1\" content=\"1 minute\" \/>\n<script type=\"application\/ld+json\" class=\"yoast-schema-graph\">{\"@context\":\"https:\\\/\\\/schema.org\",\"@graph\":[{\"@type\":\"WebPage\",\"@id\":\"https:\\\/\\\/labotigadecarnsbertran.cat\\\/es\\\/producto\\\/papada-de-cerdo-de-payes\\\/\",\"url\":\"https:\\\/\\\/labotigadecarnsbertran.cat\\\/es\\\/producto\\\/papada-de-cerdo-de-payes\\\/\",\"name\":\"Papada de cerdo de pay\u00e9s - La botiga de Carns Bertran\",\"isPartOf\":{\"@id\":\"https:\\\/\\\/labotigadecarnsbertran.cat\\\/#website\"},\"primaryImageOfPage\":{\"@id\":\"https:\\\/\\\/labotigadecarnsbertran.cat\\\/es\\\/producto\\\/papada-de-cerdo-de-payes\\\/#primaryimage\"},\"image\":{\"@id\":\"https:\\\/\\\/labotigadecarnsbertran.cat\\\/es\\\/producto\\\/papada-de-cerdo-de-payes\\\/#primaryimage\"},\"thumbnailUrl\":\"https:\\\/\\\/labotigadecarnsbertran.cat\\\/wp-content\\\/uploads\\\/2022\\\/03\\\/MG_8214.jpg\",\"datePublished\":\"2022-03-27T11:58:52+00:00\",\"description\":\"Papada de cerdo de pay\u00e9s Reb a casa o vine a buscar la teva comanda. Amb la qualitat de Carns Bertran, carnissers des de l 1976.\",\"breadcrumb\":{\"@id\":\"https:\\\/\\\/labotigadecarnsbertran.cat\\\/es\\\/producto\\\/papada-de-cerdo-de-payes\\\/#breadcrumb\"},\"inLanguage\":\"es-ES\",\"potentialAction\":[{\"@type\":\"ReadAction\",\"target\":[\"https:\\\/\\\/labotigadecarnsbertran.cat\\\/es\\\/producto\\\/papada-de-cerdo-de-payes\\\/\"]}]},{\"@type\":\"ImageObject\",\"inLanguage\":\"es-ES\",\"@id\":\"https:\\\/\\\/labotigadecarnsbertran.cat\\\/es\\\/producto\\\/papada-de-cerdo-de-payes\\\/#primaryimage\",\"url\":\"https:\\\/\\\/labotigadecarnsbertran.cat\\\/wp-content\\\/uploads\\\/2022\\\/03\\\/MG_8214.jpg\",\"contentUrl\":\"https:\\\/\\\/labotigadecarnsbertran.cat\\\/wp-content\\\/uploads\\\/2022\\\/03\\\/MG_8214.jpg\",\"width\":1200,\"height\":800,\"caption\":\"Papada de porc de pag\u00e8s\"},{\"@type\":\"BreadcrumbList\",\"@id\":\"https:\\\/\\\/labotigadecarnsbertran.cat\\\/es\\\/producto\\\/papada-de-cerdo-de-payes\\\/#breadcrumb\",\"itemListElement\":[{\"@type\":\"ListItem\",\"position\":1,\"name\":\"Inici\",\"item\":\"https:\\\/\\\/labotigadecarnsbertran.cat\\\/es\\\/\"},{\"@type\":\"ListItem\",\"position\":2,\"name\":\"Productes\",\"item\":\"https:\\\/\\\/labotigadecarnsbertran.cat\\\/shop\\\/\"},{\"@type\":\"ListItem\",\"position\":3,\"name\":\"Papada de cerdo de pay\u00e9s\"}]},{\"@type\":\"WebSite\",\"@id\":\"https:\\\/\\\/labotigadecarnsbertran.cat\\\/#website\",\"url\":\"https:\\\/\\\/labotigadecarnsbertran.cat\\\/\",\"name\":\"La botiga de Carns Bertran\",\"description\":\"Compra online\",\"potentialAction\":[{\"@type\":\"SearchAction\",\"target\":{\"@type\":\"EntryPoint\",\"urlTemplate\":\"https:\\\/\\\/labotigadecarnsbertran.cat\\\/?s={search_term_string}\"},\"query-input\":{\"@type\":\"PropertyValueSpecification\",\"valueRequired\":true,\"valueName\":\"search_term_string\"}}],\"inLanguage\":\"es-ES\"}]}<\/script>\n<!-- \/ Yoast SEO plugin. -->","yoast_head_json":{"title":"Papada de cerdo de pay\u00e9s - La botiga de Carns Bertran","description":"Papada de cerdo de pay\u00e9s Reb a casa o vine a buscar la teva comanda. Amb la qualitat de Carns Bertran, carnissers des de l 1976.","robots":{"index":"index","follow":"follow","max-snippet":"max-snippet:-1","max-image-preview":"max-image-preview:large","max-video-preview":"max-video-preview:-1"},"canonical":"https:\/\/labotigadecarnsbertran.cat\/es\/producto\/papada-de-cerdo-de-payes\/","og_locale":"es_ES","og_type":"article","og_title":"Papada de cerdo de pay\u00e9s - La botiga de Carns Bertran","og_description":"Papada de cerdo de pay\u00e9s Reb a casa o vine a buscar la teva comanda. Amb la qualitat de Carns Bertran, carnissers des de l 1976.","og_url":"https:\/\/labotigadecarnsbertran.cat\/es\/producto\/papada-de-cerdo-de-payes\/","og_site_name":"La botiga de Carns Bertran","og_image":[{"width":1200,"height":800,"url":"http:\/\/labotigadecarnsbertran.cat\/wp-content\/uploads\/2022\/03\/MG_8214.jpg","type":"image\/jpeg"}],"twitter_card":"summary_large_image","twitter_misc":{"Est. reading time":"1 minute"},"schema":{"@context":"https:\/\/schema.org","@graph":[{"@type":"WebPage","@id":"https:\/\/labotigadecarnsbertran.cat\/es\/producto\/papada-de-cerdo-de-payes\/","url":"https:\/\/labotigadecarnsbertran.cat\/es\/producto\/papada-de-cerdo-de-payes\/","name":"Papada de cerdo de pay\u00e9s - La botiga de Carns Bertran","isPartOf":{"@id":"https:\/\/labotigadecarnsbertran.cat\/#website"},"primaryImageOfPage":{"@id":"https:\/\/labotigadecarnsbertran.cat\/es\/producto\/papada-de-cerdo-de-payes\/#primaryimage"},"image":{"@id":"https:\/\/labotigadecarnsbertran.cat\/es\/producto\/papada-de-cerdo-de-payes\/#primaryimage"},"thumbnailUrl":"https:\/\/labotigadecarnsbertran.cat\/wp-content\/uploads\/2022\/03\/MG_8214.jpg","datePublished":"2022-03-27T11:58:52+00:00","description":"Papada de cerdo de pay\u00e9s Reb a casa o vine a buscar la teva comanda. Amb la qualitat de Carns Bertran, carnissers des de l 1976.","breadcrumb":{"@id":"https:\/\/labotigadecarnsbertran.cat\/es\/producto\/papada-de-cerdo-de-payes\/#breadcrumb"},"inLanguage":"es-ES","potentialAction":[{"@type":"ReadAction","target":["https:\/\/labotigadecarnsbertran.cat\/es\/producto\/papada-de-cerdo-de-payes\/"]}]},{"@type":"ImageObject","inLanguage":"es-ES","@id":"https:\/\/labotigadecarnsbertran.cat\/es\/producto\/papada-de-cerdo-de-payes\/#primaryimage","url":"https:\/\/labotigadecarnsbertran.cat\/wp-content\/uploads\/2022\/03\/MG_8214.jpg","contentUrl":"https:\/\/labotigadecarnsbertran.cat\/wp-content\/uploads\/2022\/03\/MG_8214.jpg","width":1200,"height":800,"caption":"Papada de porc de pag\u00e8s"},{"@type":"BreadcrumbList","@id":"https:\/\/labotigadecarnsbertran.cat\/es\/producto\/papada-de-cerdo-de-payes\/#breadcrumb","itemListElement":[{"@type":"ListItem","position":1,"name":"Inici","item":"https:\/\/labotigadecarnsbertran.cat\/es\/"},{"@type":"ListItem","position":2,"name":"Productes","item":"https:\/\/labotigadecarnsbertran.cat\/shop\/"},{"@type":"ListItem","position":3,"name":"Papada de cerdo de pay\u00e9s"}]},{"@type":"WebSite","@id":"https:\/\/labotigadecarnsbertran.cat\/#website","url":"https:\/\/labotigadecarnsbertran.cat\/","name":"La botiga de Carns Bertran","description":"Compra online","potentialAction":[{"@type":"SearchAction","target":{"@type":"EntryPoint","urlTemplate":"https:\/\/labotigadecarnsbertran.cat\/?s={search_term_string}"},"query-input":{"@type":"PropertyValueSpecification","valueRequired":true,"valueName":"search_term_string"}}],"inLanguage":"es-ES"}]}},"_links":{"self":[{"href":"https:\/\/labotigadecarnsbertran.cat\/es\/wp-json\/wp\/v2\/product\/5360","targetHints":{"allow":["GET"]}}],"collection":[{"href":"https:\/\/labotigadecarnsbertran.cat\/es\/wp-json\/wp\/v2\/product"}],"about":[{"href":"https:\/\/labotigadecarnsbertran.cat\/es\/wp-json\/wp\/v2\/types\/product"}],"replies":[{"embeddable":true,"href":"https:\/\/labotigadecarnsbertran.cat\/es\/wp-json\/wp\/v2\/comments?post=5360"}],"wp:featuredmedia":[{"embeddable":true,"href":"https:\/\/labotigadecarnsbertran.cat\/es\/wp-json\/wp\/v2\/media\/4719"}],"wp:attachment":[{"href":"https:\/\/labotigadecarnsbertran.cat\/es\/wp-json\/wp\/v2\/media?parent=5360"}],"wp:term":[{"taxonomy":"product_brand","embeddable":true,"href":"https:\/\/labotigadecarnsbertran.cat\/es\/wp-json\/wp\/v2\/product_brand?post=5360"},{"taxonomy":"product_cat","embeddable":true,"href":"https:\/\/labotigadecarnsbertran.cat\/es\/wp-json\/wp\/v2\/product_cat?post=5360"},{"taxonomy":"product_tag","embeddable":true,"href":"https:\/\/labotigadecarnsbertran.cat\/es\/wp-json\/wp\/v2\/product_tag?post=5360"}],"curies":[{"name":"wp","href":"https:\/\/api.w.org\/{rel}","templated":true}]}}