{"id":5394,"date":"2022-01-05T17:32:10","date_gmt":"2022-01-05T17:32:10","guid":{"rendered":"https:\/\/labotigadecarnsbertran.cat\/producto\/bistec-de-ternera-extra\/"},"modified":"2025-03-21T13:37:08","modified_gmt":"2025-03-21T13:37:08","slug":"bistec-de-ternera-extra","status":"publish","type":"product","link":"https:\/\/labotigadecarnsbertran.cat\/es\/producto\/bistec-de-ternera-extra\/","title":{"rendered":"Bistec de Ternera extra"},"content":{"rendered":"<p><strong>Bistec de ternera extra.<\/strong><br \/>\n<strong>Bandeja de 500g<\/strong><\/p>\n<p>Desde que llega la ternera con tan s\u00f3lo dos semanas de vida hasta que la llevan al matadero, se le ha variado la dieta 4 veces. Primero toman leche maternizada, despu\u00e9s piensos<br \/>\nelaborados con cereales y con un peque\u00f1o porcentaje de algarroba, especiales para terneras todav\u00eda lactantes. Seguidamente se les da piensos que hacen crecer al animal sano: con m\u00e1s cantidad de cebada y de<br \/>\nma\u00edz. Por \u00faltimo se alimentan con piensos de 3\u00aa edad para engordar al animal hasta llegar al peso deseado.<\/p>\n<ul>\n<li>Refrigerado: si<\/li>\n<li>Congelado: no<\/li>\n<li>Gluten: no<\/li>\n<li>Al\u00e9rgenos: no<\/li>\n<li>Valor nutricional: La ternera tiene un grado elevado en prote\u00ednas muy interesantes por nuestro organismo<\/li>\n<li>Ingredientes: Carne magra de ternera extra de proximidad<\/li>\n<li>Informaci\u00f3n de conservaci\u00f3n: Conservar en su envase 2\/3 d\u00edas sino congelar. Puede cambiar el color rojo de la carne a oscuro, es un proceso normal en las carnes no tratadas con ning\u00fan conservante.<\/li>\n<li>Origen: Granja den Mestres Vespella Gai\u00e0 ( Tarragon\u00e9s)<\/li>\n<\/ul>\n","protected":false},"excerpt":{"rendered":"<p>Bistec de ternera de ternera de Mas d&#8217;en Mestres.<\/p>\n","protected":false},"featured_media":4300,"comment_status":"closed","ping_status":"closed","template":"","meta":[],"product_brand":[],"product_cat":[157],"product_tag":[],"class_list":{"0":"post-5394","1":"product","2":"type-product","3":"status-publish","4":"has-post-thumbnail","6":"product_cat-ternera-vaca-y-buey","8":"first","9":"instock","10":"taxable","11":"shipping-taxable","12":"purchasable","13":"product-type-variable"},"yoast_head":"<!-- This site is optimized with the Yoast SEO plugin v27.2 - https:\/\/yoast.com\/product\/yoast-seo-wordpress\/ -->\n<title>Bistec de Ternera extra - La botiga de Carns Bertran<\/title>\n<meta name=\"description\" content=\"Bistec de Ternera extra Reb a casa o vine a buscar la teva comanda. Amb la qualitat de Carns Bertran, carnissers des de l 1976.\" \/>\n<meta name=\"robots\" content=\"index, follow, max-snippet:-1, max-image-preview:large, max-video-preview:-1\" \/>\n<link rel=\"canonical\" href=\"https:\/\/labotigadecarnsbertran.cat\/es\/producto\/bistec-de-ternera-extra\/\" \/>\n<meta property=\"og:locale\" content=\"es_ES\" \/>\n<meta property=\"og:type\" content=\"article\" \/>\n<meta property=\"og:title\" content=\"Bistec de Ternera extra - La botiga de Carns Bertran\" \/>\n<meta property=\"og:description\" content=\"Bistec de Ternera extra Reb a casa o vine a buscar la teva comanda. Amb la qualitat de Carns Bertran, carnissers des de l 1976.\" \/>\n<meta property=\"og:url\" content=\"https:\/\/labotigadecarnsbertran.cat\/es\/producto\/bistec-de-ternera-extra\/\" \/>\n<meta property=\"og:site_name\" content=\"La botiga de Carns Bertran\" \/>\n<meta property=\"article:modified_time\" content=\"2025-03-21T13:37:08+00:00\" \/>\n<meta property=\"og:image\" content=\"http:\/\/labotigadecarnsbertran.cat\/wp-content\/uploads\/2022\/01\/MG_8876.jpg\" \/>\n\t<meta property=\"og:image:width\" content=\"1200\" \/>\n\t<meta property=\"og:image:height\" content=\"800\" \/>\n\t<meta property=\"og:image:type\" content=\"image\/jpeg\" \/>\n<meta name=\"twitter:card\" content=\"summary_large_image\" \/>\n<meta name=\"twitter:label1\" content=\"Est. reading time\" \/>\n\t<meta name=\"twitter:data1\" content=\"2 minutes\" \/>\n<script type=\"application\/ld+json\" class=\"yoast-schema-graph\">{\"@context\":\"https:\/\/schema.org\",\"@graph\":[{\"@type\":\"WebPage\",\"@id\":\"https:\/\/labotigadecarnsbertran.cat\/es\/producto\/bistec-de-ternera-extra\/\",\"url\":\"https:\/\/labotigadecarnsbertran.cat\/es\/producto\/bistec-de-ternera-extra\/\",\"name\":\"Bistec de Ternera extra - La botiga de Carns Bertran\",\"isPartOf\":{\"@id\":\"https:\/\/labotigadecarnsbertran.cat\/#website\"},\"primaryImageOfPage\":{\"@id\":\"https:\/\/labotigadecarnsbertran.cat\/es\/producto\/bistec-de-ternera-extra\/#primaryimage\"},\"image\":{\"@id\":\"https:\/\/labotigadecarnsbertran.cat\/es\/producto\/bistec-de-ternera-extra\/#primaryimage\"},\"thumbnailUrl\":\"https:\/\/labotigadecarnsbertran.cat\/wp-content\/uploads\/2022\/01\/MG_8876.jpg\",\"datePublished\":\"2022-01-05T17:32:10+00:00\",\"dateModified\":\"2025-03-21T13:37:08+00:00\",\"description\":\"Bistec de Ternera extra Reb a casa o vine a buscar la teva comanda. Amb la qualitat de Carns Bertran, carnissers des de l 1976.\",\"breadcrumb\":{\"@id\":\"https:\/\/labotigadecarnsbertran.cat\/es\/producto\/bistec-de-ternera-extra\/#breadcrumb\"},\"inLanguage\":\"es-ES\",\"potentialAction\":[{\"@type\":\"ReadAction\",\"target\":[\"https:\/\/labotigadecarnsbertran.cat\/es\/producto\/bistec-de-ternera-extra\/\"]}]},{\"@type\":\"ImageObject\",\"inLanguage\":\"es-ES\",\"@id\":\"https:\/\/labotigadecarnsbertran.cat\/es\/producto\/bistec-de-ternera-extra\/#primaryimage\",\"url\":\"https:\/\/labotigadecarnsbertran.cat\/wp-content\/uploads\/2022\/01\/MG_8876.jpg\",\"contentUrl\":\"https:\/\/labotigadecarnsbertran.cat\/wp-content\/uploads\/2022\/01\/MG_8876.jpg\",\"width\":1200,\"height\":800,\"caption\":\"Bistec de vedella\"},{\"@type\":\"BreadcrumbList\",\"@id\":\"https:\/\/labotigadecarnsbertran.cat\/es\/producto\/bistec-de-ternera-extra\/#breadcrumb\",\"itemListElement\":[{\"@type\":\"ListItem\",\"position\":1,\"name\":\"Inici\",\"item\":\"https:\/\/labotigadecarnsbertran.cat\/es\/\"},{\"@type\":\"ListItem\",\"position\":2,\"name\":\"Productes\",\"item\":\"https:\/\/labotigadecarnsbertran.cat\/shop\/\"},{\"@type\":\"ListItem\",\"position\":3,\"name\":\"Bistec de Ternera extra\"}]},{\"@type\":\"WebSite\",\"@id\":\"https:\/\/labotigadecarnsbertran.cat\/#website\",\"url\":\"https:\/\/labotigadecarnsbertran.cat\/\",\"name\":\"La botiga de Carns Bertran\",\"description\":\"Compra online\",\"potentialAction\":[{\"@type\":\"SearchAction\",\"target\":{\"@type\":\"EntryPoint\",\"urlTemplate\":\"https:\/\/labotigadecarnsbertran.cat\/?s={search_term_string}\"},\"query-input\":{\"@type\":\"PropertyValueSpecification\",\"valueRequired\":true,\"valueName\":\"search_term_string\"}}],\"inLanguage\":\"es-ES\"}]}<\/script>\n<!-- \/ Yoast SEO plugin. -->","yoast_head_json":{"title":"Bistec de Ternera extra - La botiga de Carns Bertran","description":"Bistec de Ternera extra Reb a casa o vine a buscar la teva comanda. Amb la qualitat de Carns Bertran, carnissers des de l 1976.","robots":{"index":"index","follow":"follow","max-snippet":"max-snippet:-1","max-image-preview":"max-image-preview:large","max-video-preview":"max-video-preview:-1"},"canonical":"https:\/\/labotigadecarnsbertran.cat\/es\/producto\/bistec-de-ternera-extra\/","og_locale":"es_ES","og_type":"article","og_title":"Bistec de Ternera extra - La botiga de Carns Bertran","og_description":"Bistec de Ternera extra Reb a casa o vine a buscar la teva comanda. Amb la qualitat de Carns Bertran, carnissers des de l 1976.","og_url":"https:\/\/labotigadecarnsbertran.cat\/es\/producto\/bistec-de-ternera-extra\/","og_site_name":"La botiga de Carns Bertran","article_modified_time":"2025-03-21T13:37:08+00:00","og_image":[{"width":1200,"height":800,"url":"http:\/\/labotigadecarnsbertran.cat\/wp-content\/uploads\/2022\/01\/MG_8876.jpg","type":"image\/jpeg"}],"twitter_card":"summary_large_image","twitter_misc":{"Est. reading time":"2 minutes"},"schema":{"@context":"https:\/\/schema.org","@graph":[{"@type":"WebPage","@id":"https:\/\/labotigadecarnsbertran.cat\/es\/producto\/bistec-de-ternera-extra\/","url":"https:\/\/labotigadecarnsbertran.cat\/es\/producto\/bistec-de-ternera-extra\/","name":"Bistec de Ternera extra - La botiga de Carns Bertran","isPartOf":{"@id":"https:\/\/labotigadecarnsbertran.cat\/#website"},"primaryImageOfPage":{"@id":"https:\/\/labotigadecarnsbertran.cat\/es\/producto\/bistec-de-ternera-extra\/#primaryimage"},"image":{"@id":"https:\/\/labotigadecarnsbertran.cat\/es\/producto\/bistec-de-ternera-extra\/#primaryimage"},"thumbnailUrl":"https:\/\/labotigadecarnsbertran.cat\/wp-content\/uploads\/2022\/01\/MG_8876.jpg","datePublished":"2022-01-05T17:32:10+00:00","dateModified":"2025-03-21T13:37:08+00:00","description":"Bistec de Ternera extra Reb a casa o vine a buscar la teva comanda. Amb la qualitat de Carns Bertran, carnissers des de l 1976.","breadcrumb":{"@id":"https:\/\/labotigadecarnsbertran.cat\/es\/producto\/bistec-de-ternera-extra\/#breadcrumb"},"inLanguage":"es-ES","potentialAction":[{"@type":"ReadAction","target":["https:\/\/labotigadecarnsbertran.cat\/es\/producto\/bistec-de-ternera-extra\/"]}]},{"@type":"ImageObject","inLanguage":"es-ES","@id":"https:\/\/labotigadecarnsbertran.cat\/es\/producto\/bistec-de-ternera-extra\/#primaryimage","url":"https:\/\/labotigadecarnsbertran.cat\/wp-content\/uploads\/2022\/01\/MG_8876.jpg","contentUrl":"https:\/\/labotigadecarnsbertran.cat\/wp-content\/uploads\/2022\/01\/MG_8876.jpg","width":1200,"height":800,"caption":"Bistec de vedella"},{"@type":"BreadcrumbList","@id":"https:\/\/labotigadecarnsbertran.cat\/es\/producto\/bistec-de-ternera-extra\/#breadcrumb","itemListElement":[{"@type":"ListItem","position":1,"name":"Inici","item":"https:\/\/labotigadecarnsbertran.cat\/es\/"},{"@type":"ListItem","position":2,"name":"Productes","item":"https:\/\/labotigadecarnsbertran.cat\/shop\/"},{"@type":"ListItem","position":3,"name":"Bistec de Ternera extra"}]},{"@type":"WebSite","@id":"https:\/\/labotigadecarnsbertran.cat\/#website","url":"https:\/\/labotigadecarnsbertran.cat\/","name":"La botiga de Carns Bertran","description":"Compra online","potentialAction":[{"@type":"SearchAction","target":{"@type":"EntryPoint","urlTemplate":"https:\/\/labotigadecarnsbertran.cat\/?s={search_term_string}"},"query-input":{"@type":"PropertyValueSpecification","valueRequired":true,"valueName":"search_term_string"}}],"inLanguage":"es-ES"}]}},"_links":{"self":[{"href":"https:\/\/labotigadecarnsbertran.cat\/es\/wp-json\/wp\/v2\/product\/5394","targetHints":{"allow":["GET"]}}],"collection":[{"href":"https:\/\/labotigadecarnsbertran.cat\/es\/wp-json\/wp\/v2\/product"}],"about":[{"href":"https:\/\/labotigadecarnsbertran.cat\/es\/wp-json\/wp\/v2\/types\/product"}],"replies":[{"embeddable":true,"href":"https:\/\/labotigadecarnsbertran.cat\/es\/wp-json\/wp\/v2\/comments?post=5394"}],"wp:featuredmedia":[{"embeddable":true,"href":"https:\/\/labotigadecarnsbertran.cat\/es\/wp-json\/wp\/v2\/media\/4300"}],"wp:attachment":[{"href":"https:\/\/labotigadecarnsbertran.cat\/es\/wp-json\/wp\/v2\/media?parent=5394"}],"wp:term":[{"taxonomy":"product_brand","embeddable":true,"href":"https:\/\/labotigadecarnsbertran.cat\/es\/wp-json\/wp\/v2\/product_brand?post=5394"},{"taxonomy":"product_cat","embeddable":true,"href":"https:\/\/labotigadecarnsbertran.cat\/es\/wp-json\/wp\/v2\/product_cat?post=5394"},{"taxonomy":"product_tag","embeddable":true,"href":"https:\/\/labotigadecarnsbertran.cat\/es\/wp-json\/wp\/v2\/product_tag?post=5394"}],"curies":[{"name":"wp","href":"https:\/\/api.w.org\/{rel}","templated":true}]}}