{"id":5404,"date":"2022-01-05T17:32:09","date_gmt":"2022-01-05T17:32:09","guid":{"rendered":"https:\/\/labotigadecarnsbertran.cat\/producto\/lomo-de-payes-2-colores\/"},"modified":"2026-04-01T15:19:52","modified_gmt":"2026-04-01T15:19:52","slug":"lomo-de-payes-2-colores","status":"publish","type":"product","link":"https:\/\/labotigadecarnsbertran.cat\/es\/producto\/lomo-de-payes-2-colores\/","title":{"rendered":"Lomo de pay\u00e9s 2 colores"},"content":{"rendered":"<p><span data-sheets-value=\"{\"1\":2,\"2\":\"Llom de pag\u00e8s de dos colors ra\u00e7a: Duroc\"}\" data-sheets-userformat=\"{\"2\":12418,\"4\":{\"1\":2,\"2\":16573901},\"10\":2,\"15\":\"Calibri\",\"16\":11}\">Lomo de pay\u00e9s de dos colores, raza Duroc<\/span><\/p>\n<ul>\n<li>Refrigerado: s\u00ed<\/li>\n<li>Congelado: no<\/li>\n<li>Gluten: no<\/li>\n<li>Al\u00e9rgenos: no<\/li>\n<li>Valor nutricional: Contiene omega 3, bajo en grasa saturada<\/li>\n<li>Ingredientes: <span data-sheets-value=\"{\"1\":2,\"2\":\"Carn de porc Duroc fresca\"}\" data-sheets-userformat=\"{\"2\":12418,\"4\":{\"1\":2,\"2\":16573901},\"10\":2,\"15\":\"Calibri\",\"16\":11}\">Carne de cerdoc Duroc fresca<\/span><\/li>\n<li>Informaci\u00f3n de conservaci\u00f3n: Conservar refrigerado dentro del envase durante los pr\u00f3ximos 2\u20133 d\u00edas; si no se va a consumir en ese plazo, recomendamos congelar.<\/li>\n<li>Origen: <span data-sheets-value=\"{\"1\":2,\"2\":\"Masia Tero (Torregrossa, Lleida)\"}\" data-sheets-userformat=\"{\"2\":12418,\"4\":{\"1\":2,\"2\":16573901},\"10\":2,\"15\":\"Calibri\",\"16\":11}\">Masia Tero (Torregrossa, Lleida)<\/span><\/li>\n<\/ul>\n","protected":false},"excerpt":{"rendered":"<p><span data-sheets-value=\"{\"1\":2,\"2\":\"El llom de dos colors \u00e9s la part devantera del llom, cont\u00e9 m\u00e9s greix i per aquesta ra\u00f3 \u00e9s una mica m\u00e9s mel\u00f3s.En Masia Tero fem una cria d'exemplars de ra\u00e7a Pr\u00f2pia de Masia Tero, basada en Duroc d'alta qualitat, amb una cria en llibertat en un entorn natural i tranquil, fent especial \u00e8mfasi en l'alimentaci\u00f3, utilitzant com a base l'ametlla i l'avellana per aconseguir carns de primera qualitat, amb un baix \u00edndex en greixos saturats i un alt nivell de greix infiltrat, el que ens permet obtenir una carn d'alt contingut en Omega 3.\"}\" data-sheets-userformat=\"{\"2\":12418,\"4\":{\"1\":2,\"2\":16573901},\"10\":2,\"15\":\"Calibri\",\"16\":11}\">El lomo de dos colores es la parte delantera del lomo; contiene m\u00e1s grasa y, por esta raz\u00f3n, es m\u00e1s jugoso.<br \/>\n<\/span><\/p>\n<h4><strong>Bandeja de 250 g aprox. <\/strong><\/h4>\n","protected":false},"featured_media":4319,"comment_status":"closed","ping_status":"closed","template":"","meta":[],"product_brand":[],"product_cat":[154],"product_tag":[],"class_list":{"0":"post-5404","1":"product","2":"type-product","3":"status-publish","4":"has-post-thumbnail","6":"product_cat-cerdo","8":"first","9":"instock","10":"featured","11":"taxable","12":"shipping-taxable","13":"purchasable","14":"product-type-variable"},"yoast_head":"<!-- This site is optimized with the Yoast SEO plugin v27.3 - https:\/\/yoast.com\/product\/yoast-seo-wordpress\/ -->\n<title>Lomo de pay\u00e9s 2 colores - La botiga de Carns Bertran<\/title>\n<meta name=\"description\" content=\"Lomo de pay\u00e9s 2 colores Reb a casa o vine a buscar la teva comanda. Amb la qualitat de Carns Bertran, carnissers des de l 1976.\" \/>\n<meta name=\"robots\" content=\"index, follow, max-snippet:-1, max-image-preview:large, max-video-preview:-1\" \/>\n<link rel=\"canonical\" href=\"https:\/\/labotigadecarnsbertran.cat\/es\/producto\/lomo-de-payes-2-colores\/\" \/>\n<meta property=\"og:locale\" content=\"es_ES\" \/>\n<meta property=\"og:type\" content=\"article\" \/>\n<meta property=\"og:title\" content=\"Lomo de pay\u00e9s 2 colores - La botiga de Carns Bertran\" \/>\n<meta property=\"og:description\" content=\"Lomo de pay\u00e9s 2 colores Reb a casa o vine a buscar la teva comanda. Amb la qualitat de Carns Bertran, carnissers des de l 1976.\" \/>\n<meta property=\"og:url\" content=\"https:\/\/labotigadecarnsbertran.cat\/es\/producto\/lomo-de-payes-2-colores\/\" \/>\n<meta property=\"og:site_name\" content=\"La botiga de Carns Bertran\" \/>\n<meta property=\"article:modified_time\" content=\"2026-04-01T15:19:52+00:00\" \/>\n<meta property=\"og:image\" content=\"https:\/\/labotigadecarnsbertran.cat\/wp-content\/uploads\/2022\/01\/MG_8075.jpg\" \/>\n\t<meta property=\"og:image:width\" content=\"1200\" \/>\n\t<meta property=\"og:image:height\" content=\"800\" \/>\n\t<meta property=\"og:image:type\" content=\"image\/jpeg\" \/>\n<meta name=\"twitter:card\" content=\"summary_large_image\" \/>\n<script type=\"application\/ld+json\" class=\"yoast-schema-graph\">{\"@context\":\"https:\\\/\\\/schema.org\",\"@graph\":[{\"@type\":\"WebPage\",\"@id\":\"https:\\\/\\\/labotigadecarnsbertran.cat\\\/es\\\/producto\\\/lomo-de-payes-2-colores\\\/\",\"url\":\"https:\\\/\\\/labotigadecarnsbertran.cat\\\/es\\\/producto\\\/lomo-de-payes-2-colores\\\/\",\"name\":\"Lomo de pay\u00e9s 2 colores - La botiga de Carns Bertran\",\"isPartOf\":{\"@id\":\"https:\\\/\\\/labotigadecarnsbertran.cat\\\/#website\"},\"primaryImageOfPage\":{\"@id\":\"https:\\\/\\\/labotigadecarnsbertran.cat\\\/es\\\/producto\\\/lomo-de-payes-2-colores\\\/#primaryimage\"},\"image\":{\"@id\":\"https:\\\/\\\/labotigadecarnsbertran.cat\\\/es\\\/producto\\\/lomo-de-payes-2-colores\\\/#primaryimage\"},\"thumbnailUrl\":\"https:\\\/\\\/labotigadecarnsbertran.cat\\\/wp-content\\\/uploads\\\/2022\\\/01\\\/MG_8075.jpg\",\"datePublished\":\"2022-01-05T17:32:09+00:00\",\"dateModified\":\"2026-04-01T15:19:52+00:00\",\"description\":\"Lomo de pay\u00e9s 2 colores Reb a casa o vine a buscar la teva comanda. Amb la qualitat de Carns Bertran, carnissers des de l 1976.\",\"breadcrumb\":{\"@id\":\"https:\\\/\\\/labotigadecarnsbertran.cat\\\/es\\\/producto\\\/lomo-de-payes-2-colores\\\/#breadcrumb\"},\"inLanguage\":\"es-ES\",\"potentialAction\":[{\"@type\":\"ReadAction\",\"target\":[\"https:\\\/\\\/labotigadecarnsbertran.cat\\\/es\\\/producto\\\/lomo-de-payes-2-colores\\\/\"]}]},{\"@type\":\"ImageObject\",\"inLanguage\":\"es-ES\",\"@id\":\"https:\\\/\\\/labotigadecarnsbertran.cat\\\/es\\\/producto\\\/lomo-de-payes-2-colores\\\/#primaryimage\",\"url\":\"https:\\\/\\\/labotigadecarnsbertran.cat\\\/wp-content\\\/uploads\\\/2022\\\/01\\\/MG_8075.jpg\",\"contentUrl\":\"https:\\\/\\\/labotigadecarnsbertran.cat\\\/wp-content\\\/uploads\\\/2022\\\/01\\\/MG_8075.jpg\",\"width\":1200,\"height\":800,\"caption\":\"Lomo de cerdo 2 colores\"},{\"@type\":\"BreadcrumbList\",\"@id\":\"https:\\\/\\\/labotigadecarnsbertran.cat\\\/es\\\/producto\\\/lomo-de-payes-2-colores\\\/#breadcrumb\",\"itemListElement\":[{\"@type\":\"ListItem\",\"position\":1,\"name\":\"Inici\",\"item\":\"https:\\\/\\\/labotigadecarnsbertran.cat\\\/es\\\/\"},{\"@type\":\"ListItem\",\"position\":2,\"name\":\"Productes\",\"item\":\"https:\\\/\\\/labotigadecarnsbertran.cat\\\/shop\\\/\"},{\"@type\":\"ListItem\",\"position\":3,\"name\":\"Lomo de pay\u00e9s 2 colores\"}]},{\"@type\":\"WebSite\",\"@id\":\"https:\\\/\\\/labotigadecarnsbertran.cat\\\/#website\",\"url\":\"https:\\\/\\\/labotigadecarnsbertran.cat\\\/\",\"name\":\"La botiga de Carns Bertran\",\"description\":\"Compra online\",\"potentialAction\":[{\"@type\":\"SearchAction\",\"target\":{\"@type\":\"EntryPoint\",\"urlTemplate\":\"https:\\\/\\\/labotigadecarnsbertran.cat\\\/?s={search_term_string}\"},\"query-input\":{\"@type\":\"PropertyValueSpecification\",\"valueRequired\":true,\"valueName\":\"search_term_string\"}}],\"inLanguage\":\"es-ES\"}]}<\/script>\n<!-- \/ Yoast SEO plugin. -->","yoast_head_json":{"title":"Lomo de pay\u00e9s 2 colores - La botiga de Carns Bertran","description":"Lomo de pay\u00e9s 2 colores Reb a casa o vine a buscar la teva comanda. Amb la qualitat de Carns Bertran, carnissers des de l 1976.","robots":{"index":"index","follow":"follow","max-snippet":"max-snippet:-1","max-image-preview":"max-image-preview:large","max-video-preview":"max-video-preview:-1"},"canonical":"https:\/\/labotigadecarnsbertran.cat\/es\/producto\/lomo-de-payes-2-colores\/","og_locale":"es_ES","og_type":"article","og_title":"Lomo de pay\u00e9s 2 colores - La botiga de Carns Bertran","og_description":"Lomo de pay\u00e9s 2 colores Reb a casa o vine a buscar la teva comanda. Amb la qualitat de Carns Bertran, carnissers des de l 1976.","og_url":"https:\/\/labotigadecarnsbertran.cat\/es\/producto\/lomo-de-payes-2-colores\/","og_site_name":"La botiga de Carns Bertran","article_modified_time":"2026-04-01T15:19:52+00:00","og_image":[{"width":1200,"height":800,"url":"https:\/\/labotigadecarnsbertran.cat\/wp-content\/uploads\/2022\/01\/MG_8075.jpg","type":"image\/jpeg"}],"twitter_card":"summary_large_image","schema":{"@context":"https:\/\/schema.org","@graph":[{"@type":"WebPage","@id":"https:\/\/labotigadecarnsbertran.cat\/es\/producto\/lomo-de-payes-2-colores\/","url":"https:\/\/labotigadecarnsbertran.cat\/es\/producto\/lomo-de-payes-2-colores\/","name":"Lomo de pay\u00e9s 2 colores - La botiga de Carns Bertran","isPartOf":{"@id":"https:\/\/labotigadecarnsbertran.cat\/#website"},"primaryImageOfPage":{"@id":"https:\/\/labotigadecarnsbertran.cat\/es\/producto\/lomo-de-payes-2-colores\/#primaryimage"},"image":{"@id":"https:\/\/labotigadecarnsbertran.cat\/es\/producto\/lomo-de-payes-2-colores\/#primaryimage"},"thumbnailUrl":"https:\/\/labotigadecarnsbertran.cat\/wp-content\/uploads\/2022\/01\/MG_8075.jpg","datePublished":"2022-01-05T17:32:09+00:00","dateModified":"2026-04-01T15:19:52+00:00","description":"Lomo de pay\u00e9s 2 colores Reb a casa o vine a buscar la teva comanda. Amb la qualitat de Carns Bertran, carnissers des de l 1976.","breadcrumb":{"@id":"https:\/\/labotigadecarnsbertran.cat\/es\/producto\/lomo-de-payes-2-colores\/#breadcrumb"},"inLanguage":"es-ES","potentialAction":[{"@type":"ReadAction","target":["https:\/\/labotigadecarnsbertran.cat\/es\/producto\/lomo-de-payes-2-colores\/"]}]},{"@type":"ImageObject","inLanguage":"es-ES","@id":"https:\/\/labotigadecarnsbertran.cat\/es\/producto\/lomo-de-payes-2-colores\/#primaryimage","url":"https:\/\/labotigadecarnsbertran.cat\/wp-content\/uploads\/2022\/01\/MG_8075.jpg","contentUrl":"https:\/\/labotigadecarnsbertran.cat\/wp-content\/uploads\/2022\/01\/MG_8075.jpg","width":1200,"height":800,"caption":"Lomo de cerdo 2 colores"},{"@type":"BreadcrumbList","@id":"https:\/\/labotigadecarnsbertran.cat\/es\/producto\/lomo-de-payes-2-colores\/#breadcrumb","itemListElement":[{"@type":"ListItem","position":1,"name":"Inici","item":"https:\/\/labotigadecarnsbertran.cat\/es\/"},{"@type":"ListItem","position":2,"name":"Productes","item":"https:\/\/labotigadecarnsbertran.cat\/shop\/"},{"@type":"ListItem","position":3,"name":"Lomo de pay\u00e9s 2 colores"}]},{"@type":"WebSite","@id":"https:\/\/labotigadecarnsbertran.cat\/#website","url":"https:\/\/labotigadecarnsbertran.cat\/","name":"La botiga de Carns Bertran","description":"Compra online","potentialAction":[{"@type":"SearchAction","target":{"@type":"EntryPoint","urlTemplate":"https:\/\/labotigadecarnsbertran.cat\/?s={search_term_string}"},"query-input":{"@type":"PropertyValueSpecification","valueRequired":true,"valueName":"search_term_string"}}],"inLanguage":"es-ES"}]}},"_links":{"self":[{"href":"https:\/\/labotigadecarnsbertran.cat\/es\/wp-json\/wp\/v2\/product\/5404","targetHints":{"allow":["GET"]}}],"collection":[{"href":"https:\/\/labotigadecarnsbertran.cat\/es\/wp-json\/wp\/v2\/product"}],"about":[{"href":"https:\/\/labotigadecarnsbertran.cat\/es\/wp-json\/wp\/v2\/types\/product"}],"replies":[{"embeddable":true,"href":"https:\/\/labotigadecarnsbertran.cat\/es\/wp-json\/wp\/v2\/comments?post=5404"}],"wp:featuredmedia":[{"embeddable":true,"href":"https:\/\/labotigadecarnsbertran.cat\/es\/wp-json\/wp\/v2\/media\/4319"}],"wp:attachment":[{"href":"https:\/\/labotigadecarnsbertran.cat\/es\/wp-json\/wp\/v2\/media?parent=5404"}],"wp:term":[{"taxonomy":"product_brand","embeddable":true,"href":"https:\/\/labotigadecarnsbertran.cat\/es\/wp-json\/wp\/v2\/product_brand?post=5404"},{"taxonomy":"product_cat","embeddable":true,"href":"https:\/\/labotigadecarnsbertran.cat\/es\/wp-json\/wp\/v2\/product_cat?post=5404"},{"taxonomy":"product_tag","embeddable":true,"href":"https:\/\/labotigadecarnsbertran.cat\/es\/wp-json\/wp\/v2\/product_tag?post=5404"}],"curies":[{"name":"wp","href":"https:\/\/api.w.org\/{rel}","templated":true}]}}