{"id":5686,"date":"2025-12-27T17:07:51","date_gmt":"2025-12-27T17:07:51","guid":{"rendered":"https:\/\/labotigadecarnsbertran.cat\/?post_type=product&#038;p=5686"},"modified":"2025-12-28T20:13:20","modified_gmt":"2025-12-28T20:13:20","slug":"paquete-al-vacio-jamon-75-iberico-de-bellota-guijuelo-copia-copia","status":"publish","type":"product","link":"https:\/\/labotigadecarnsbertran.cat\/es\/producto\/paquete-al-vacio-jamon-75-iberico-de-bellota-guijuelo-copia-copia\/","title":{"rendered":"Pechuga de pollo 100% alimentaci\u00f3n vegetal"},"content":{"rendered":"<p id=\"tw-target-text\" class=\"tw-data-text tw-text-large tw-ta\" dir=\"ltr\" tabindex=\"-1\" role=\"text\" data-placeholder=\"Traducci\u00f3n\" data-ved=\"2ahUKEwj6jIGmiuGRAxU-OfsDHRvHN3EQ3ewLegQIDRAX\" aria-label=\"Texto traducido: Es un pollo de alimentaci\u00f3n natural basada en vegetales y cereales con bienestar animal certificado.\n\nDesde el punto de vista nutricional, la carne de pollo es una opci\u00f3n ligera y f\u00e1cil de digerir, gracias a su menor contenido en grasas respecto a las carnes rojas. Est\u00e1 formada aproximadamente por un 70% de agua, un 20% de prote\u00ednas de alta calidad y un 10% de l\u00edpidos.\n\nRefrigerado: s\u00ed\nGluten: no\nAl\u00e9rgico: no\nCongelado: no\nIngredientes: Pollo de alimentaci\u00f3n 100% vegetal\nConservaci\u00f3n: Se sirve fresco y se recomienda conservarlo en el frigor\u00edfico y consumirlo en un m\u00e1ximo de 2 d\u00edas.\nOrigen: Lleida\"><span class=\"Y2IQFc\" lang=\"es\">Es un pollo de alimentaci\u00f3n natural basada en vegetales y cereales con bienestar animal certificado. Desde el punto de vista nutricional, la carne de pollo es una opci\u00f3n ligera y f\u00e1cil de digerir, gracias a su menor contenido en grasas respecto a las carnes rojas. Est\u00e1 formada aproximadamente por un 70% de agua, un 20% de prote\u00ednas de alta calidad y un 10% de l\u00edpidos. <\/span><\/p>\n<ul>\n<li class=\"tw-data-text tw-text-large tw-ta\" dir=\"ltr\" tabindex=\"-1\" role=\"text\" data-placeholder=\"Traducci\u00f3n\" data-ved=\"2ahUKEwj6jIGmiuGRAxU-OfsDHRvHN3EQ3ewLegQIDRAX\" aria-label=\"Texto traducido: Es un pollo de alimentaci\u00f3n natural basada en vegetales y cereales con bienestar animal certificado.\n\nDesde el punto de vista nutricional, la carne de pollo es una opci\u00f3n ligera y f\u00e1cil de digerir, gracias a su menor contenido en grasas respecto a las carnes rojas. Est\u00e1 formada aproximadamente por un 70% de agua, un 20% de prote\u00ednas de alta calidad y un 10% de l\u00edpidos.\n\nRefrigerado: s\u00ed\nGluten: no\nAl\u00e9rgico: no\nCongelado: no\nIngredientes: Pollo de alimentaci\u00f3n 100% vegetal\nConservaci\u00f3n: Se sirve fresco y se recomienda conservarlo en el frigor\u00edfico y consumirlo en un m\u00e1ximo de 2 d\u00edas.\nOrigen: Lleida\"><span class=\"Y2IQFc\" lang=\"es\">Refrigerado: s\u00ed <\/span><\/li>\n<li class=\"tw-data-text tw-text-large tw-ta\" dir=\"ltr\" tabindex=\"-1\" role=\"text\" data-placeholder=\"Traducci\u00f3n\" data-ved=\"2ahUKEwj6jIGmiuGRAxU-OfsDHRvHN3EQ3ewLegQIDRAX\" aria-label=\"Texto traducido: Es un pollo de alimentaci\u00f3n natural basada en vegetales y cereales con bienestar animal certificado.\n\nDesde el punto de vista nutricional, la carne de pollo es una opci\u00f3n ligera y f\u00e1cil de digerir, gracias a su menor contenido en grasas respecto a las carnes rojas. Est\u00e1 formada aproximadamente por un 70% de agua, un 20% de prote\u00ednas de alta calidad y un 10% de l\u00edpidos.\n\nRefrigerado: s\u00ed\nGluten: no\nAl\u00e9rgico: no\nCongelado: no\nIngredientes: Pollo de alimentaci\u00f3n 100% vegetal\nConservaci\u00f3n: Se sirve fresco y se recomienda conservarlo en el frigor\u00edfico y consumirlo en un m\u00e1ximo de 2 d\u00edas.\nOrigen: Lleida\"><span class=\"Y2IQFc\" lang=\"es\">Gluten: no <\/span><\/li>\n<li class=\"tw-data-text tw-text-large tw-ta\" dir=\"ltr\" tabindex=\"-1\" role=\"text\" data-placeholder=\"Traducci\u00f3n\" data-ved=\"2ahUKEwj6jIGmiuGRAxU-OfsDHRvHN3EQ3ewLegQIDRAX\" aria-label=\"Texto traducido: Es un pollo de alimentaci\u00f3n natural basada en vegetales y cereales con bienestar animal certificado.\n\nDesde el punto de vista nutricional, la carne de pollo es una opci\u00f3n ligera y f\u00e1cil de digerir, gracias a su menor contenido en grasas respecto a las carnes rojas. Est\u00e1 formada aproximadamente por un 70% de agua, un 20% de prote\u00ednas de alta calidad y un 10% de l\u00edpidos.\n\nRefrigerado: s\u00ed\nGluten: no\nAl\u00e9rgico: no\nCongelado: no\nIngredientes: Pollo de alimentaci\u00f3n 100% vegetal\nConservaci\u00f3n: Se sirve fresco y se recomienda conservarlo en el frigor\u00edfico y consumirlo en un m\u00e1ximo de 2 d\u00edas.\nOrigen: Lleida\"><span class=\"Y2IQFc\" lang=\"es\">Al\u00e9rgico: no <\/span><\/li>\n<li class=\"tw-data-text tw-text-large tw-ta\" dir=\"ltr\" tabindex=\"-1\" role=\"text\" data-placeholder=\"Traducci\u00f3n\" data-ved=\"2ahUKEwj6jIGmiuGRAxU-OfsDHRvHN3EQ3ewLegQIDRAX\" aria-label=\"Texto traducido: Es un pollo de alimentaci\u00f3n natural basada en vegetales y cereales con bienestar animal certificado.\n\nDesde el punto de vista nutricional, la carne de pollo es una opci\u00f3n ligera y f\u00e1cil de digerir, gracias a su menor contenido en grasas respecto a las carnes rojas. Est\u00e1 formada aproximadamente por un 70% de agua, un 20% de prote\u00ednas de alta calidad y un 10% de l\u00edpidos.\n\nRefrigerado: s\u00ed\nGluten: no\nAl\u00e9rgico: no\nCongelado: no\nIngredientes: Pollo de alimentaci\u00f3n 100% vegetal\nConservaci\u00f3n: Se sirve fresco y se recomienda conservarlo en el frigor\u00edfico y consumirlo en un m\u00e1ximo de 2 d\u00edas.\nOrigen: Lleida\"><span class=\"Y2IQFc\" lang=\"es\">Congelado: no <\/span><\/li>\n<li class=\"tw-data-text tw-text-large tw-ta\" dir=\"ltr\" tabindex=\"-1\" role=\"text\" data-placeholder=\"Traducci\u00f3n\" data-ved=\"2ahUKEwj6jIGmiuGRAxU-OfsDHRvHN3EQ3ewLegQIDRAX\" aria-label=\"Texto traducido: Es un pollo de alimentaci\u00f3n natural basada en vegetales y cereales con bienestar animal certificado.\n\nDesde el punto de vista nutricional, la carne de pollo es una opci\u00f3n ligera y f\u00e1cil de digerir, gracias a su menor contenido en grasas respecto a las carnes rojas. Est\u00e1 formada aproximadamente por un 70% de agua, un 20% de prote\u00ednas de alta calidad y un 10% de l\u00edpidos.\n\nRefrigerado: s\u00ed\nGluten: no\nAl\u00e9rgico: no\nCongelado: no\nIngredientes: Pollo de alimentaci\u00f3n 100% vegetal\nConservaci\u00f3n: Se sirve fresco y se recomienda conservarlo en el frigor\u00edfico y consumirlo en un m\u00e1ximo de 2 d\u00edas.\nOrigen: Lleida\"><span class=\"Y2IQFc\" lang=\"es\">Ingredientes: Pollo de alimentaci\u00f3n 100% vegetal <\/span><\/li>\n<li class=\"tw-data-text tw-text-large tw-ta\" dir=\"ltr\" tabindex=\"-1\" role=\"text\" data-placeholder=\"Traducci\u00f3n\" data-ved=\"2ahUKEwj6jIGmiuGRAxU-OfsDHRvHN3EQ3ewLegQIDRAX\" aria-label=\"Texto traducido: Es un pollo de alimentaci\u00f3n natural basada en vegetales y cereales con bienestar animal certificado.\n\nDesde el punto de vista nutricional, la carne de pollo es una opci\u00f3n ligera y f\u00e1cil de digerir, gracias a su menor contenido en grasas respecto a las carnes rojas. Est\u00e1 formada aproximadamente por un 70% de agua, un 20% de prote\u00ednas de alta calidad y un 10% de l\u00edpidos.\n\nRefrigerado: s\u00ed\nGluten: no\nAl\u00e9rgico: no\nCongelado: no\nIngredientes: Pollo de alimentaci\u00f3n 100% vegetal\nConservaci\u00f3n: Se sirve fresco y se recomienda conservarlo en el frigor\u00edfico y consumirlo en un m\u00e1ximo de 2 d\u00edas.\nOrigen: Lleida\"><span class=\"Y2IQFc\" lang=\"es\">Conservaci\u00f3n: Se sirve fresco y se recomienda conservarlo en el frigor\u00edfico y consumirlo en un m\u00e1ximo de 2 d\u00edas. <\/span><\/li>\n<li class=\"tw-data-text tw-text-large tw-ta\" dir=\"ltr\" tabindex=\"-1\" role=\"text\" data-placeholder=\"Traducci\u00f3n\" data-ved=\"2ahUKEwj6jIGmiuGRAxU-OfsDHRvHN3EQ3ewLegQIDRAX\" aria-label=\"Texto traducido: Es un pollo de alimentaci\u00f3n natural basada en vegetales y cereales con bienestar animal certificado.\n\nDesde el punto de vista nutricional, la carne de pollo es una opci\u00f3n ligera y f\u00e1cil de digerir, gracias a su menor contenido en grasas respecto a las carnes rojas. Est\u00e1 formada aproximadamente por un 70% de agua, un 20% de prote\u00ednas de alta calidad y un 10% de l\u00edpidos.\n\nRefrigerado: s\u00ed\nGluten: no\nAl\u00e9rgico: no\nCongelado: no\nIngredientes: Pollo de alimentaci\u00f3n 100% vegetal\nConservaci\u00f3n: Se sirve fresco y se recomienda conservarlo en el frigor\u00edfico y consumirlo en un m\u00e1ximo de 2 d\u00edas.\nOrigen: Lleida\"><span class=\"Y2IQFc\" lang=\"es\">Origen: Lleida<\/span><\/li>\n<\/ul>\n","protected":false},"excerpt":{"rendered":"<p id=\"tw-target-text\" class=\"tw-data-text tw-text-large tw-ta\" dir=\"ltr\" tabindex=\"-1\" role=\"text\" data-placeholder=\"Traducci\u00f3n\" data-ved=\"2ahUKEwj6jIGmiuGRAxU-OfsDHRvHN3EQ3ewLegQIDRAX\" aria-label=\"Texto traducido: Pechuga deshuesada de pollo 100% alimentaci\u00f3n vegetal.\"><span class=\"Y2IQFc\" lang=\"es\">Pechuga deshuesada de pollo 100% alimentaci\u00f3n vegetal.<\/span><\/p>\n<p><strong>\u00a0<\/strong><\/p>\n","protected":false},"featured_media":5692,"comment_status":"closed","ping_status":"closed","template":"","meta":[],"product_brand":[],"product_cat":[153],"product_tag":[],"class_list":{"0":"post-5686","1":"product","2":"type-product","3":"status-publish","4":"has-post-thumbnail","6":"product_cat-pollo-y-aves","8":"first","9":"instock","10":"taxable","11":"shipping-taxable","12":"purchasable","13":"product-type-variable"},"yoast_head":"<!-- This site is optimized with the Yoast SEO plugin v27.3 - https:\/\/yoast.com\/product\/yoast-seo-wordpress\/ -->\n<title>Pechuga de pollo 100% alimentaci\u00f3n vegetal - La botiga de Carns Bertran<\/title>\n<meta name=\"description\" content=\"Pechuga de pollo 100% alimentaci\u00f3n vegetal. Es un pollo de alimentaci\u00f3n natural basada en vegetales y cereales con bienestar animal certificado.\" \/>\n<meta name=\"robots\" content=\"index, follow, max-snippet:-1, max-image-preview:large, max-video-preview:-1\" \/>\n<link rel=\"canonical\" href=\"https:\/\/labotigadecarnsbertran.cat\/producto\/pit-de-pollastre-100-alimentacio-vegetal\/\" \/>\n<meta property=\"og:locale\" content=\"es_ES\" \/>\n<meta property=\"og:type\" content=\"article\" \/>\n<meta property=\"og:title\" content=\"Pechuga de pollo 100% alimentaci\u00f3n vegetal - La botiga de Carns Bertran\" \/>\n<meta property=\"og:description\" content=\"Pechuga de pollo 100% alimentaci\u00f3n vegetal. Es un pollo de alimentaci\u00f3n natural basada en vegetales y cereales con bienestar animal certificado.\" \/>\n<meta property=\"og:url\" content=\"https:\/\/labotigadecarnsbertran.cat\/producto\/pit-de-pollastre-100-alimentacio-vegetal\/\" \/>\n<meta property=\"og:site_name\" content=\"La botiga de Carns Bertran\" \/>\n<meta property=\"article:modified_time\" content=\"2025-12-28T20:13:20+00:00\" \/>\n<meta property=\"og:image\" content=\"http:\/\/labotigadecarnsbertran.cat\/wp-content\/uploads\/2025\/12\/MG_9048.jpg\" \/>\n\t<meta property=\"og:image:width\" content=\"750\" \/>\n\t<meta property=\"og:image:height\" content=\"500\" \/>\n\t<meta property=\"og:image:type\" content=\"image\/jpeg\" \/>\n<meta name=\"twitter:card\" content=\"summary_large_image\" \/>\n<meta name=\"twitter:label1\" content=\"Est. reading time\" \/>\n\t<meta name=\"twitter:data1\" content=\"1 minute\" \/>\n<script type=\"application\/ld+json\" class=\"yoast-schema-graph\">{\"@context\":\"https:\\\/\\\/schema.org\",\"@graph\":[{\"@type\":\"WebPage\",\"@id\":\"https:\\\/\\\/labotigadecarnsbertran.cat\\\/producto\\\/pit-de-pollastre-100-alimentacio-vegetal\\\/\",\"url\":\"https:\\\/\\\/labotigadecarnsbertran.cat\\\/producto\\\/pit-de-pollastre-100-alimentacio-vegetal\\\/\",\"name\":\"Pechuga de pollo 100% alimentaci\u00f3n vegetal - La botiga de Carns Bertran\",\"isPartOf\":{\"@id\":\"https:\\\/\\\/labotigadecarnsbertran.cat\\\/#website\"},\"primaryImageOfPage\":{\"@id\":\"https:\\\/\\\/labotigadecarnsbertran.cat\\\/producto\\\/pit-de-pollastre-100-alimentacio-vegetal\\\/#primaryimage\"},\"image\":{\"@id\":\"https:\\\/\\\/labotigadecarnsbertran.cat\\\/producto\\\/pit-de-pollastre-100-alimentacio-vegetal\\\/#primaryimage\"},\"thumbnailUrl\":\"https:\\\/\\\/labotigadecarnsbertran.cat\\\/wp-content\\\/uploads\\\/2025\\\/12\\\/MG_9048.jpg\",\"datePublished\":\"2025-12-27T17:07:51+00:00\",\"dateModified\":\"2025-12-28T20:13:20+00:00\",\"description\":\"Pechuga de pollo 100% alimentaci\u00f3n vegetal. Es un pollo de alimentaci\u00f3n natural basada en vegetales y cereales con bienestar animal certificado.\",\"breadcrumb\":{\"@id\":\"https:\\\/\\\/labotigadecarnsbertran.cat\\\/producto\\\/pit-de-pollastre-100-alimentacio-vegetal\\\/#breadcrumb\"},\"inLanguage\":\"es-ES\",\"potentialAction\":[{\"@type\":\"ReadAction\",\"target\":[\"https:\\\/\\\/labotigadecarnsbertran.cat\\\/producto\\\/pit-de-pollastre-100-alimentacio-vegetal\\\/\"]}]},{\"@type\":\"ImageObject\",\"inLanguage\":\"es-ES\",\"@id\":\"https:\\\/\\\/labotigadecarnsbertran.cat\\\/producto\\\/pit-de-pollastre-100-alimentacio-vegetal\\\/#primaryimage\",\"url\":\"https:\\\/\\\/labotigadecarnsbertran.cat\\\/wp-content\\\/uploads\\\/2025\\\/12\\\/MG_9048.jpg\",\"contentUrl\":\"https:\\\/\\\/labotigadecarnsbertran.cat\\\/wp-content\\\/uploads\\\/2025\\\/12\\\/MG_9048.jpg\",\"width\":750,\"height\":500},{\"@type\":\"BreadcrumbList\",\"@id\":\"https:\\\/\\\/labotigadecarnsbertran.cat\\\/producto\\\/pit-de-pollastre-100-alimentacio-vegetal\\\/#breadcrumb\",\"itemListElement\":[{\"@type\":\"ListItem\",\"position\":1,\"name\":\"Inici\",\"item\":\"https:\\\/\\\/labotigadecarnsbertran.cat\\\/es\\\/\"},{\"@type\":\"ListItem\",\"position\":2,\"name\":\"Productes\",\"item\":\"https:\\\/\\\/labotigadecarnsbertran.cat\\\/shop\\\/\"},{\"@type\":\"ListItem\",\"position\":3,\"name\":\"Pechuga de pollo 100% alimentaci\u00f3n vegetal\"}]},{\"@type\":\"WebSite\",\"@id\":\"https:\\\/\\\/labotigadecarnsbertran.cat\\\/#website\",\"url\":\"https:\\\/\\\/labotigadecarnsbertran.cat\\\/\",\"name\":\"La botiga de Carns Bertran\",\"description\":\"Compra online\",\"potentialAction\":[{\"@type\":\"SearchAction\",\"target\":{\"@type\":\"EntryPoint\",\"urlTemplate\":\"https:\\\/\\\/labotigadecarnsbertran.cat\\\/?s={search_term_string}\"},\"query-input\":{\"@type\":\"PropertyValueSpecification\",\"valueRequired\":true,\"valueName\":\"search_term_string\"}}],\"inLanguage\":\"es-ES\"}]}<\/script>\n<!-- \/ Yoast SEO plugin. -->","yoast_head_json":{"title":"Pechuga de pollo 100% alimentaci\u00f3n vegetal - La botiga de Carns Bertran","description":"Pechuga de pollo 100% alimentaci\u00f3n vegetal. Es un pollo de alimentaci\u00f3n natural basada en vegetales y cereales con bienestar animal certificado.","robots":{"index":"index","follow":"follow","max-snippet":"max-snippet:-1","max-image-preview":"max-image-preview:large","max-video-preview":"max-video-preview:-1"},"canonical":"https:\/\/labotigadecarnsbertran.cat\/producto\/pit-de-pollastre-100-alimentacio-vegetal\/","og_locale":"es_ES","og_type":"article","og_title":"Pechuga de pollo 100% alimentaci\u00f3n vegetal - La botiga de Carns Bertran","og_description":"Pechuga de pollo 100% alimentaci\u00f3n vegetal. Es un pollo de alimentaci\u00f3n natural basada en vegetales y cereales con bienestar animal certificado.","og_url":"https:\/\/labotigadecarnsbertran.cat\/producto\/pit-de-pollastre-100-alimentacio-vegetal\/","og_site_name":"La botiga de Carns Bertran","article_modified_time":"2025-12-28T20:13:20+00:00","og_image":[{"width":750,"height":500,"url":"http:\/\/labotigadecarnsbertran.cat\/wp-content\/uploads\/2025\/12\/MG_9048.jpg","type":"image\/jpeg"}],"twitter_card":"summary_large_image","twitter_misc":{"Est. reading time":"1 minute"},"schema":{"@context":"https:\/\/schema.org","@graph":[{"@type":"WebPage","@id":"https:\/\/labotigadecarnsbertran.cat\/producto\/pit-de-pollastre-100-alimentacio-vegetal\/","url":"https:\/\/labotigadecarnsbertran.cat\/producto\/pit-de-pollastre-100-alimentacio-vegetal\/","name":"Pechuga de pollo 100% alimentaci\u00f3n vegetal - La botiga de Carns Bertran","isPartOf":{"@id":"https:\/\/labotigadecarnsbertran.cat\/#website"},"primaryImageOfPage":{"@id":"https:\/\/labotigadecarnsbertran.cat\/producto\/pit-de-pollastre-100-alimentacio-vegetal\/#primaryimage"},"image":{"@id":"https:\/\/labotigadecarnsbertran.cat\/producto\/pit-de-pollastre-100-alimentacio-vegetal\/#primaryimage"},"thumbnailUrl":"https:\/\/labotigadecarnsbertran.cat\/wp-content\/uploads\/2025\/12\/MG_9048.jpg","datePublished":"2025-12-27T17:07:51+00:00","dateModified":"2025-12-28T20:13:20+00:00","description":"Pechuga de pollo 100% alimentaci\u00f3n vegetal. Es un pollo de alimentaci\u00f3n natural basada en vegetales y cereales con bienestar animal certificado.","breadcrumb":{"@id":"https:\/\/labotigadecarnsbertran.cat\/producto\/pit-de-pollastre-100-alimentacio-vegetal\/#breadcrumb"},"inLanguage":"es-ES","potentialAction":[{"@type":"ReadAction","target":["https:\/\/labotigadecarnsbertran.cat\/producto\/pit-de-pollastre-100-alimentacio-vegetal\/"]}]},{"@type":"ImageObject","inLanguage":"es-ES","@id":"https:\/\/labotigadecarnsbertran.cat\/producto\/pit-de-pollastre-100-alimentacio-vegetal\/#primaryimage","url":"https:\/\/labotigadecarnsbertran.cat\/wp-content\/uploads\/2025\/12\/MG_9048.jpg","contentUrl":"https:\/\/labotigadecarnsbertran.cat\/wp-content\/uploads\/2025\/12\/MG_9048.jpg","width":750,"height":500},{"@type":"BreadcrumbList","@id":"https:\/\/labotigadecarnsbertran.cat\/producto\/pit-de-pollastre-100-alimentacio-vegetal\/#breadcrumb","itemListElement":[{"@type":"ListItem","position":1,"name":"Inici","item":"https:\/\/labotigadecarnsbertran.cat\/es\/"},{"@type":"ListItem","position":2,"name":"Productes","item":"https:\/\/labotigadecarnsbertran.cat\/shop\/"},{"@type":"ListItem","position":3,"name":"Pechuga de pollo 100% alimentaci\u00f3n vegetal"}]},{"@type":"WebSite","@id":"https:\/\/labotigadecarnsbertran.cat\/#website","url":"https:\/\/labotigadecarnsbertran.cat\/","name":"La botiga de Carns Bertran","description":"Compra online","potentialAction":[{"@type":"SearchAction","target":{"@type":"EntryPoint","urlTemplate":"https:\/\/labotigadecarnsbertran.cat\/?s={search_term_string}"},"query-input":{"@type":"PropertyValueSpecification","valueRequired":true,"valueName":"search_term_string"}}],"inLanguage":"es-ES"}]}},"_links":{"self":[{"href":"https:\/\/labotigadecarnsbertran.cat\/es\/wp-json\/wp\/v2\/product\/5686","targetHints":{"allow":["GET"]}}],"collection":[{"href":"https:\/\/labotigadecarnsbertran.cat\/es\/wp-json\/wp\/v2\/product"}],"about":[{"href":"https:\/\/labotigadecarnsbertran.cat\/es\/wp-json\/wp\/v2\/types\/product"}],"replies":[{"embeddable":true,"href":"https:\/\/labotigadecarnsbertran.cat\/es\/wp-json\/wp\/v2\/comments?post=5686"}],"wp:featuredmedia":[{"embeddable":true,"href":"https:\/\/labotigadecarnsbertran.cat\/es\/wp-json\/wp\/v2\/media\/5692"}],"wp:attachment":[{"href":"https:\/\/labotigadecarnsbertran.cat\/es\/wp-json\/wp\/v2\/media?parent=5686"}],"wp:term":[{"taxonomy":"product_brand","embeddable":true,"href":"https:\/\/labotigadecarnsbertran.cat\/es\/wp-json\/wp\/v2\/product_brand?post=5686"},{"taxonomy":"product_cat","embeddable":true,"href":"https:\/\/labotigadecarnsbertran.cat\/es\/wp-json\/wp\/v2\/product_cat?post=5686"},{"taxonomy":"product_tag","embeddable":true,"href":"https:\/\/labotigadecarnsbertran.cat\/es\/wp-json\/wp\/v2\/product_tag?post=5686"}],"curies":[{"name":"wp","href":"https:\/\/api.w.org\/{rel}","templated":true}]}}