{"id":5763,"date":"2025-12-27T18:45:18","date_gmt":"2025-12-27T18:45:18","guid":{"rendered":"https:\/\/labotigadecarnsbertran.cat\/?post_type=product&#038;p=5763"},"modified":"2025-12-28T20:42:52","modified_gmt":"2025-12-28T20:42:52","slug":"paquete-al-vacio-jamon-75-iberico-de-bellota-guijuelo-copia-copia-copia-copia-copia-copia-copia-copia-copia-copia","status":"publish","type":"product","link":"https:\/\/labotigadecarnsbertran.cat\/es\/producto\/paquete-al-vacio-jamon-75-iberico-de-bellota-guijuelo-copia-copia-copia-copia-copia-copia-copia-copia-copia-copia\/","title":{"rendered":"Pechuga de pavo"},"content":{"rendered":"<p>La pechuga de pavo deshuesada es una opci\u00f3n ideal para quien busca una carne tierna, magra y vers\u00e1til, perfecta tanto para cocina del d\u00eda a d\u00eda como para recetas m\u00e1s elaboradas. Disponible en formato entero o fileteado, se adapta a cualquier necesidad: desde cocinarlo entero al horno hasta preparar filetes r\u00e1pidos y saludables a la plancha.<\/p>\n<p>Desde el punto de vista nutricional, el pavo destaca por su bajo contenido en grasa y su alto nivel de prote\u00ednas, que lo convierten en un alimento perfecto para una dieta equilibrada. Adem\u00e1s, su sabor suave y agradable lo hace ideal para toda la familia y combina a la perfecci\u00f3n con una gran variedad de especias, marinados y guarniciones.<\/p>\n<ul>\n<li><strong>Refrigerado<\/strong>: si<\/li>\n<li><strong>Gluten:<\/strong> si<\/li>\n<li><strong>Al\u00e9rgenos<\/strong>: no<\/li>\n<li><strong>Congelado:<\/strong> no<\/li>\n<li>Ingredientes: Carne de pavo 100%<\/li>\n<li><strong>Conservaci\u00f3n:<\/strong> Se sirve fresco y se recomienda conservarlo en la nevera y consumirlo en un m\u00e1ximo de 2 dias.<\/li>\n<li><strong>Origen:<\/strong> Catalunya<\/li>\n<\/ul>\n","protected":false},"excerpt":{"rendered":"<p><strong>Pechuga de pavo deshuesado, con opci\u00f3n de corte entero o fileteado.<\/strong><\/p>\n","protected":false},"featured_media":5770,"comment_status":"closed","ping_status":"closed","template":"","meta":[],"product_brand":[],"product_cat":[153],"product_tag":[],"class_list":{"0":"post-5763","1":"product","2":"type-product","3":"status-publish","4":"has-post-thumbnail","6":"product_cat-pollo-y-aves","8":"first","9":"instock","10":"taxable","11":"shipping-taxable","12":"purchasable","13":"product-type-variable"},"yoast_head":"<!-- This site is optimized with the Yoast SEO plugin v27.3 - https:\/\/yoast.com\/product\/yoast-seo-wordpress\/ -->\n<title>Pechuga de pavo deshuesado, con opci\u00f3n de corte entero o fileteado. - La botiga de Carns Bertran<\/title>\n<meta name=\"description\" content=\"Pechuga de pavo deshuesado, con opci\u00f3n de corte entero o fileteado.\" \/>\n<meta name=\"robots\" content=\"index, follow, max-snippet:-1, max-image-preview:large, max-video-preview:-1\" \/>\n<link rel=\"canonical\" href=\"https:\/\/labotigadecarnsbertran.cat\/es\/producto\/paquete-al-vacio-jamon-75-iberico-de-bellota-guijuelo-copia-copia-copia-copia-copia-copia-copia-copia-copia-copia\/\" \/>\n<meta property=\"og:locale\" content=\"es_ES\" \/>\n<meta property=\"og:type\" content=\"article\" \/>\n<meta property=\"og:title\" content=\"Pechuga de pavo deshuesado, con opci\u00f3n de corte entero o fileteado. - La botiga de Carns Bertran\" \/>\n<meta property=\"og:description\" content=\"Pechuga de pavo deshuesado, con opci\u00f3n de corte entero o fileteado.\" \/>\n<meta property=\"og:url\" content=\"https:\/\/labotigadecarnsbertran.cat\/es\/producto\/paquete-al-vacio-jamon-75-iberico-de-bellota-guijuelo-copia-copia-copia-copia-copia-copia-copia-copia-copia-copia\/\" \/>\n<meta property=\"og:site_name\" content=\"La botiga de Carns Bertran\" \/>\n<meta property=\"article:modified_time\" content=\"2025-12-28T20:42:52+00:00\" \/>\n<meta property=\"og:image\" content=\"http:\/\/labotigadecarnsbertran.cat\/wp-content\/uploads\/2025\/12\/MG_9050.jpg\" \/>\n\t<meta property=\"og:image:width\" content=\"750\" \/>\n\t<meta property=\"og:image:height\" content=\"500\" \/>\n\t<meta property=\"og:image:type\" content=\"image\/jpeg\" \/>\n<meta name=\"twitter:card\" content=\"summary_large_image\" \/>\n<meta name=\"twitter:label1\" content=\"Est. reading time\" \/>\n\t<meta name=\"twitter:data1\" content=\"2 minutes\" \/>\n<script type=\"application\/ld+json\" class=\"yoast-schema-graph\">{\"@context\":\"https:\\\/\\\/schema.org\",\"@graph\":[{\"@type\":\"WebPage\",\"@id\":\"https:\\\/\\\/labotigadecarnsbertran.cat\\\/es\\\/producto\\\/paquete-al-vacio-jamon-75-iberico-de-bellota-guijuelo-copia-copia-copia-copia-copia-copia-copia-copia-copia-copia\\\/\",\"url\":\"https:\\\/\\\/labotigadecarnsbertran.cat\\\/es\\\/producto\\\/paquete-al-vacio-jamon-75-iberico-de-bellota-guijuelo-copia-copia-copia-copia-copia-copia-copia-copia-copia-copia\\\/\",\"name\":\"Pechuga de pavo deshuesado, con opci\u00f3n de corte entero o fileteado. - La botiga de Carns Bertran\",\"isPartOf\":{\"@id\":\"https:\\\/\\\/labotigadecarnsbertran.cat\\\/#website\"},\"primaryImageOfPage\":{\"@id\":\"https:\\\/\\\/labotigadecarnsbertran.cat\\\/es\\\/producto\\\/paquete-al-vacio-jamon-75-iberico-de-bellota-guijuelo-copia-copia-copia-copia-copia-copia-copia-copia-copia-copia\\\/#primaryimage\"},\"image\":{\"@id\":\"https:\\\/\\\/labotigadecarnsbertran.cat\\\/es\\\/producto\\\/paquete-al-vacio-jamon-75-iberico-de-bellota-guijuelo-copia-copia-copia-copia-copia-copia-copia-copia-copia-copia\\\/#primaryimage\"},\"thumbnailUrl\":\"https:\\\/\\\/labotigadecarnsbertran.cat\\\/wp-content\\\/uploads\\\/2025\\\/12\\\/MG_9050.jpg\",\"datePublished\":\"2025-12-27T18:45:18+00:00\",\"dateModified\":\"2025-12-28T20:42:52+00:00\",\"description\":\"Pechuga de pavo deshuesado, con opci\u00f3n de corte entero o fileteado.\",\"breadcrumb\":{\"@id\":\"https:\\\/\\\/labotigadecarnsbertran.cat\\\/es\\\/producto\\\/paquete-al-vacio-jamon-75-iberico-de-bellota-guijuelo-copia-copia-copia-copia-copia-copia-copia-copia-copia-copia\\\/#breadcrumb\"},\"inLanguage\":\"es-ES\",\"potentialAction\":[{\"@type\":\"ReadAction\",\"target\":[\"https:\\\/\\\/labotigadecarnsbertran.cat\\\/es\\\/producto\\\/paquete-al-vacio-jamon-75-iberico-de-bellota-guijuelo-copia-copia-copia-copia-copia-copia-copia-copia-copia-copia\\\/\"]}]},{\"@type\":\"ImageObject\",\"inLanguage\":\"es-ES\",\"@id\":\"https:\\\/\\\/labotigadecarnsbertran.cat\\\/es\\\/producto\\\/paquete-al-vacio-jamon-75-iberico-de-bellota-guijuelo-copia-copia-copia-copia-copia-copia-copia-copia-copia-copia\\\/#primaryimage\",\"url\":\"https:\\\/\\\/labotigadecarnsbertran.cat\\\/wp-content\\\/uploads\\\/2025\\\/12\\\/MG_9050.jpg\",\"contentUrl\":\"https:\\\/\\\/labotigadecarnsbertran.cat\\\/wp-content\\\/uploads\\\/2025\\\/12\\\/MG_9050.jpg\",\"width\":750,\"height\":500},{\"@type\":\"BreadcrumbList\",\"@id\":\"https:\\\/\\\/labotigadecarnsbertran.cat\\\/es\\\/producto\\\/paquete-al-vacio-jamon-75-iberico-de-bellota-guijuelo-copia-copia-copia-copia-copia-copia-copia-copia-copia-copia\\\/#breadcrumb\",\"itemListElement\":[{\"@type\":\"ListItem\",\"position\":1,\"name\":\"Inici\",\"item\":\"https:\\\/\\\/labotigadecarnsbertran.cat\\\/es\\\/\"},{\"@type\":\"ListItem\",\"position\":2,\"name\":\"Productes\",\"item\":\"https:\\\/\\\/labotigadecarnsbertran.cat\\\/shop\\\/\"},{\"@type\":\"ListItem\",\"position\":3,\"name\":\"Pechuga de pavo\"}]},{\"@type\":\"WebSite\",\"@id\":\"https:\\\/\\\/labotigadecarnsbertran.cat\\\/#website\",\"url\":\"https:\\\/\\\/labotigadecarnsbertran.cat\\\/\",\"name\":\"La botiga de Carns Bertran\",\"description\":\"Compra online\",\"potentialAction\":[{\"@type\":\"SearchAction\",\"target\":{\"@type\":\"EntryPoint\",\"urlTemplate\":\"https:\\\/\\\/labotigadecarnsbertran.cat\\\/?s={search_term_string}\"},\"query-input\":{\"@type\":\"PropertyValueSpecification\",\"valueRequired\":true,\"valueName\":\"search_term_string\"}}],\"inLanguage\":\"es-ES\"}]}<\/script>\n<!-- \/ Yoast SEO plugin. -->","yoast_head_json":{"title":"Pechuga de pavo deshuesado, con opci\u00f3n de corte entero o fileteado. - La botiga de Carns Bertran","description":"Pechuga de pavo deshuesado, con opci\u00f3n de corte entero o fileteado.","robots":{"index":"index","follow":"follow","max-snippet":"max-snippet:-1","max-image-preview":"max-image-preview:large","max-video-preview":"max-video-preview:-1"},"canonical":"https:\/\/labotigadecarnsbertran.cat\/es\/producto\/paquete-al-vacio-jamon-75-iberico-de-bellota-guijuelo-copia-copia-copia-copia-copia-copia-copia-copia-copia-copia\/","og_locale":"es_ES","og_type":"article","og_title":"Pechuga de pavo deshuesado, con opci\u00f3n de corte entero o fileteado. - La botiga de Carns Bertran","og_description":"Pechuga de pavo deshuesado, con opci\u00f3n de corte entero o fileteado.","og_url":"https:\/\/labotigadecarnsbertran.cat\/es\/producto\/paquete-al-vacio-jamon-75-iberico-de-bellota-guijuelo-copia-copia-copia-copia-copia-copia-copia-copia-copia-copia\/","og_site_name":"La botiga de Carns Bertran","article_modified_time":"2025-12-28T20:42:52+00:00","og_image":[{"width":750,"height":500,"url":"http:\/\/labotigadecarnsbertran.cat\/wp-content\/uploads\/2025\/12\/MG_9050.jpg","type":"image\/jpeg"}],"twitter_card":"summary_large_image","twitter_misc":{"Est. reading time":"2 minutes"},"schema":{"@context":"https:\/\/schema.org","@graph":[{"@type":"WebPage","@id":"https:\/\/labotigadecarnsbertran.cat\/es\/producto\/paquete-al-vacio-jamon-75-iberico-de-bellota-guijuelo-copia-copia-copia-copia-copia-copia-copia-copia-copia-copia\/","url":"https:\/\/labotigadecarnsbertran.cat\/es\/producto\/paquete-al-vacio-jamon-75-iberico-de-bellota-guijuelo-copia-copia-copia-copia-copia-copia-copia-copia-copia-copia\/","name":"Pechuga de pavo deshuesado, con opci\u00f3n de corte entero o fileteado. - La botiga de Carns Bertran","isPartOf":{"@id":"https:\/\/labotigadecarnsbertran.cat\/#website"},"primaryImageOfPage":{"@id":"https:\/\/labotigadecarnsbertran.cat\/es\/producto\/paquete-al-vacio-jamon-75-iberico-de-bellota-guijuelo-copia-copia-copia-copia-copia-copia-copia-copia-copia-copia\/#primaryimage"},"image":{"@id":"https:\/\/labotigadecarnsbertran.cat\/es\/producto\/paquete-al-vacio-jamon-75-iberico-de-bellota-guijuelo-copia-copia-copia-copia-copia-copia-copia-copia-copia-copia\/#primaryimage"},"thumbnailUrl":"https:\/\/labotigadecarnsbertran.cat\/wp-content\/uploads\/2025\/12\/MG_9050.jpg","datePublished":"2025-12-27T18:45:18+00:00","dateModified":"2025-12-28T20:42:52+00:00","description":"Pechuga de pavo deshuesado, con opci\u00f3n de corte entero o fileteado.","breadcrumb":{"@id":"https:\/\/labotigadecarnsbertran.cat\/es\/producto\/paquete-al-vacio-jamon-75-iberico-de-bellota-guijuelo-copia-copia-copia-copia-copia-copia-copia-copia-copia-copia\/#breadcrumb"},"inLanguage":"es-ES","potentialAction":[{"@type":"ReadAction","target":["https:\/\/labotigadecarnsbertran.cat\/es\/producto\/paquete-al-vacio-jamon-75-iberico-de-bellota-guijuelo-copia-copia-copia-copia-copia-copia-copia-copia-copia-copia\/"]}]},{"@type":"ImageObject","inLanguage":"es-ES","@id":"https:\/\/labotigadecarnsbertran.cat\/es\/producto\/paquete-al-vacio-jamon-75-iberico-de-bellota-guijuelo-copia-copia-copia-copia-copia-copia-copia-copia-copia-copia\/#primaryimage","url":"https:\/\/labotigadecarnsbertran.cat\/wp-content\/uploads\/2025\/12\/MG_9050.jpg","contentUrl":"https:\/\/labotigadecarnsbertran.cat\/wp-content\/uploads\/2025\/12\/MG_9050.jpg","width":750,"height":500},{"@type":"BreadcrumbList","@id":"https:\/\/labotigadecarnsbertran.cat\/es\/producto\/paquete-al-vacio-jamon-75-iberico-de-bellota-guijuelo-copia-copia-copia-copia-copia-copia-copia-copia-copia-copia\/#breadcrumb","itemListElement":[{"@type":"ListItem","position":1,"name":"Inici","item":"https:\/\/labotigadecarnsbertran.cat\/es\/"},{"@type":"ListItem","position":2,"name":"Productes","item":"https:\/\/labotigadecarnsbertran.cat\/shop\/"},{"@type":"ListItem","position":3,"name":"Pechuga de pavo"}]},{"@type":"WebSite","@id":"https:\/\/labotigadecarnsbertran.cat\/#website","url":"https:\/\/labotigadecarnsbertran.cat\/","name":"La botiga de Carns Bertran","description":"Compra online","potentialAction":[{"@type":"SearchAction","target":{"@type":"EntryPoint","urlTemplate":"https:\/\/labotigadecarnsbertran.cat\/?s={search_term_string}"},"query-input":{"@type":"PropertyValueSpecification","valueRequired":true,"valueName":"search_term_string"}}],"inLanguage":"es-ES"}]}},"_links":{"self":[{"href":"https:\/\/labotigadecarnsbertran.cat\/es\/wp-json\/wp\/v2\/product\/5763","targetHints":{"allow":["GET"]}}],"collection":[{"href":"https:\/\/labotigadecarnsbertran.cat\/es\/wp-json\/wp\/v2\/product"}],"about":[{"href":"https:\/\/labotigadecarnsbertran.cat\/es\/wp-json\/wp\/v2\/types\/product"}],"replies":[{"embeddable":true,"href":"https:\/\/labotigadecarnsbertran.cat\/es\/wp-json\/wp\/v2\/comments?post=5763"}],"wp:featuredmedia":[{"embeddable":true,"href":"https:\/\/labotigadecarnsbertran.cat\/es\/wp-json\/wp\/v2\/media\/5770"}],"wp:attachment":[{"href":"https:\/\/labotigadecarnsbertran.cat\/es\/wp-json\/wp\/v2\/media?parent=5763"}],"wp:term":[{"taxonomy":"product_brand","embeddable":true,"href":"https:\/\/labotigadecarnsbertran.cat\/es\/wp-json\/wp\/v2\/product_brand?post=5763"},{"taxonomy":"product_cat","embeddable":true,"href":"https:\/\/labotigadecarnsbertran.cat\/es\/wp-json\/wp\/v2\/product_cat?post=5763"},{"taxonomy":"product_tag","embeddable":true,"href":"https:\/\/labotigadecarnsbertran.cat\/es\/wp-json\/wp\/v2\/product_tag?post=5763"}],"curies":[{"name":"wp","href":"https:\/\/api.w.org\/{rel}","templated":true}]}}