{"id":5796,"date":"2025-12-28T12:46:08","date_gmt":"2025-12-28T12:46:08","guid":{"rendered":"https:\/\/labotigadecarnsbertran.cat\/?post_type=product&#038;p=5796"},"modified":"2025-12-28T20:47:21","modified_gmt":"2025-12-28T20:47:21","slug":"paquete-al-vacio-jamon-75-iberico-de-bellota-guijuelo-copia-copia-copia-copia-copia-copia-copia-copia","status":"publish","type":"product","link":"https:\/\/labotigadecarnsbertran.cat\/es\/producto\/paquete-al-vacio-jamon-75-iberico-de-bellota-guijuelo-copia-copia-copia-copia-copia-copia-copia-copia\/","title":{"rendered":"Nuggets de pollo"},"content":{"rendered":"<p>Cada bandeja contiene 8 nuggets de pollo que ya est\u00e1n cocinados y se pueden acabar de calentar con un toque de horno, sart\u00e9n o airfryer.<\/p>\n<p>Desde el punto de vista nutricional, la carne de pollo es una opci\u00f3n ligera y f\u00e1cil de digerir, gracias a su menor contenido en grasas respecto a las carnes rojas. Est\u00e1 formada aproximadamente por un 70% de agua, un 20% de prote\u00ednas de alta calidad y un 10% de l\u00edpidos.<\/p>\n<ul>\n<li><strong>Refrigerado<\/strong>: si<\/li>\n<li><strong>Gluten:<\/strong> si<\/li>\n<li><strong>Al\u00e9rgenos<\/strong>: no<\/li>\n<li><strong>Congelado:<\/strong> no<\/li>\n<li><strong>Ingredientes:<\/strong> Pollo alimentaci\u00f3n 100% vegetal<\/li>\n<li><strong>Conservaci\u00f3n:<\/strong> Se sirve fresco y se recomienda conservarlo en la nevera y consumirlo en un m\u00e1ximo de 2 dias.<\/li>\n<li><strong>Origen:<\/strong> Carns Bertran<\/li>\n<\/ul>\n","protected":false},"excerpt":{"rendered":"<p><strong>Nuggets de pollo caseros, ya cocinados, listos para acabar de tostar en la sart\u00e9n.<\/strong><\/p>\n","protected":false},"featured_media":5798,"comment_status":"closed","ping_status":"closed","template":"","meta":[],"product_brand":[],"product_cat":[153],"product_tag":[],"class_list":{"0":"post-5796","1":"product","2":"type-product","3":"status-publish","4":"has-post-thumbnail","6":"product_cat-pollo-y-aves","8":"first","9":"instock","10":"taxable","11":"shipping-taxable","12":"purchasable","13":"product-type-simple"},"yoast_head":"<!-- This site is optimized with the Yoast SEO plugin v27.3 - https:\/\/yoast.com\/product\/yoast-seo-wordpress\/ -->\n<title>Nuggets de pollo - La botiga de Carns Bertran<\/title>\n<meta name=\"description\" content=\"Nuggets de pollo Nuggets de pollo caseros, ya cocinados, listos para acabar de tostar en la sart\u00e9n.\" \/>\n<meta name=\"robots\" content=\"index, follow, max-snippet:-1, max-image-preview:large, max-video-preview:-1\" \/>\n<link rel=\"canonical\" href=\"https:\/\/labotigadecarnsbertran.cat\/es\/producto\/paquete-al-vacio-jamon-75-iberico-de-bellota-guijuelo-copia-copia-copia-copia-copia-copia-copia-copia\/\" \/>\n<meta property=\"og:locale\" content=\"es_ES\" \/>\n<meta property=\"og:type\" content=\"article\" \/>\n<meta property=\"og:title\" content=\"Nuggets de pollo - La botiga de Carns Bertran\" \/>\n<meta property=\"og:description\" content=\"Nuggets de pollo Nuggets de pollo caseros, ya cocinados, listos para acabar de tostar en la sart\u00e9n.\" \/>\n<meta property=\"og:url\" content=\"https:\/\/labotigadecarnsbertran.cat\/es\/producto\/paquete-al-vacio-jamon-75-iberico-de-bellota-guijuelo-copia-copia-copia-copia-copia-copia-copia-copia\/\" \/>\n<meta property=\"og:site_name\" content=\"La botiga de Carns Bertran\" \/>\n<meta property=\"article:modified_time\" content=\"2025-12-28T20:47:21+00:00\" \/>\n<meta property=\"og:image\" content=\"http:\/\/labotigadecarnsbertran.cat\/wp-content\/uploads\/2025\/12\/MG_9154.jpg\" \/>\n\t<meta property=\"og:image:width\" content=\"750\" \/>\n\t<meta property=\"og:image:height\" content=\"500\" \/>\n\t<meta property=\"og:image:type\" content=\"image\/jpeg\" \/>\n<meta name=\"twitter:card\" content=\"summary_large_image\" \/>\n<meta name=\"twitter:label1\" content=\"Est. reading time\" \/>\n\t<meta name=\"twitter:data1\" content=\"1 minute\" \/>\n<script type=\"application\/ld+json\" class=\"yoast-schema-graph\">{\"@context\":\"https:\\\/\\\/schema.org\",\"@graph\":[{\"@type\":\"WebPage\",\"@id\":\"https:\\\/\\\/labotigadecarnsbertran.cat\\\/es\\\/producto\\\/paquete-al-vacio-jamon-75-iberico-de-bellota-guijuelo-copia-copia-copia-copia-copia-copia-copia-copia\\\/\",\"url\":\"https:\\\/\\\/labotigadecarnsbertran.cat\\\/es\\\/producto\\\/paquete-al-vacio-jamon-75-iberico-de-bellota-guijuelo-copia-copia-copia-copia-copia-copia-copia-copia\\\/\",\"name\":\"Nuggets de pollo - La botiga de Carns Bertran\",\"isPartOf\":{\"@id\":\"https:\\\/\\\/labotigadecarnsbertran.cat\\\/#website\"},\"primaryImageOfPage\":{\"@id\":\"https:\\\/\\\/labotigadecarnsbertran.cat\\\/es\\\/producto\\\/paquete-al-vacio-jamon-75-iberico-de-bellota-guijuelo-copia-copia-copia-copia-copia-copia-copia-copia\\\/#primaryimage\"},\"image\":{\"@id\":\"https:\\\/\\\/labotigadecarnsbertran.cat\\\/es\\\/producto\\\/paquete-al-vacio-jamon-75-iberico-de-bellota-guijuelo-copia-copia-copia-copia-copia-copia-copia-copia\\\/#primaryimage\"},\"thumbnailUrl\":\"https:\\\/\\\/labotigadecarnsbertran.cat\\\/wp-content\\\/uploads\\\/2025\\\/12\\\/MG_9154.jpg\",\"datePublished\":\"2025-12-28T12:46:08+00:00\",\"dateModified\":\"2025-12-28T20:47:21+00:00\",\"description\":\"Nuggets de pollo Nuggets de pollo caseros, ya cocinados, listos para acabar de tostar en la sart\u00e9n.\",\"breadcrumb\":{\"@id\":\"https:\\\/\\\/labotigadecarnsbertran.cat\\\/es\\\/producto\\\/paquete-al-vacio-jamon-75-iberico-de-bellota-guijuelo-copia-copia-copia-copia-copia-copia-copia-copia\\\/#breadcrumb\"},\"inLanguage\":\"es-ES\",\"potentialAction\":[{\"@type\":\"ReadAction\",\"target\":[\"https:\\\/\\\/labotigadecarnsbertran.cat\\\/es\\\/producto\\\/paquete-al-vacio-jamon-75-iberico-de-bellota-guijuelo-copia-copia-copia-copia-copia-copia-copia-copia\\\/\"]}]},{\"@type\":\"ImageObject\",\"inLanguage\":\"es-ES\",\"@id\":\"https:\\\/\\\/labotigadecarnsbertran.cat\\\/es\\\/producto\\\/paquete-al-vacio-jamon-75-iberico-de-bellota-guijuelo-copia-copia-copia-copia-copia-copia-copia-copia\\\/#primaryimage\",\"url\":\"https:\\\/\\\/labotigadecarnsbertran.cat\\\/wp-content\\\/uploads\\\/2025\\\/12\\\/MG_9154.jpg\",\"contentUrl\":\"https:\\\/\\\/labotigadecarnsbertran.cat\\\/wp-content\\\/uploads\\\/2025\\\/12\\\/MG_9154.jpg\",\"width\":750,\"height\":500},{\"@type\":\"BreadcrumbList\",\"@id\":\"https:\\\/\\\/labotigadecarnsbertran.cat\\\/es\\\/producto\\\/paquete-al-vacio-jamon-75-iberico-de-bellota-guijuelo-copia-copia-copia-copia-copia-copia-copia-copia\\\/#breadcrumb\",\"itemListElement\":[{\"@type\":\"ListItem\",\"position\":1,\"name\":\"Inici\",\"item\":\"https:\\\/\\\/labotigadecarnsbertran.cat\\\/es\\\/\"},{\"@type\":\"ListItem\",\"position\":2,\"name\":\"Productes\",\"item\":\"https:\\\/\\\/labotigadecarnsbertran.cat\\\/shop\\\/\"},{\"@type\":\"ListItem\",\"position\":3,\"name\":\"Nuggets de pollo\"}]},{\"@type\":\"WebSite\",\"@id\":\"https:\\\/\\\/labotigadecarnsbertran.cat\\\/#website\",\"url\":\"https:\\\/\\\/labotigadecarnsbertran.cat\\\/\",\"name\":\"La botiga de Carns Bertran\",\"description\":\"Compra online\",\"potentialAction\":[{\"@type\":\"SearchAction\",\"target\":{\"@type\":\"EntryPoint\",\"urlTemplate\":\"https:\\\/\\\/labotigadecarnsbertran.cat\\\/?s={search_term_string}\"},\"query-input\":{\"@type\":\"PropertyValueSpecification\",\"valueRequired\":true,\"valueName\":\"search_term_string\"}}],\"inLanguage\":\"es-ES\"}]}<\/script>\n<!-- \/ Yoast SEO plugin. -->","yoast_head_json":{"title":"Nuggets de pollo - La botiga de Carns Bertran","description":"Nuggets de pollo Nuggets de pollo caseros, ya cocinados, listos para acabar de tostar en la sart\u00e9n.","robots":{"index":"index","follow":"follow","max-snippet":"max-snippet:-1","max-image-preview":"max-image-preview:large","max-video-preview":"max-video-preview:-1"},"canonical":"https:\/\/labotigadecarnsbertran.cat\/es\/producto\/paquete-al-vacio-jamon-75-iberico-de-bellota-guijuelo-copia-copia-copia-copia-copia-copia-copia-copia\/","og_locale":"es_ES","og_type":"article","og_title":"Nuggets de pollo - La botiga de Carns Bertran","og_description":"Nuggets de pollo Nuggets de pollo caseros, ya cocinados, listos para acabar de tostar en la sart\u00e9n.","og_url":"https:\/\/labotigadecarnsbertran.cat\/es\/producto\/paquete-al-vacio-jamon-75-iberico-de-bellota-guijuelo-copia-copia-copia-copia-copia-copia-copia-copia\/","og_site_name":"La botiga de Carns Bertran","article_modified_time":"2025-12-28T20:47:21+00:00","og_image":[{"width":750,"height":500,"url":"http:\/\/labotigadecarnsbertran.cat\/wp-content\/uploads\/2025\/12\/MG_9154.jpg","type":"image\/jpeg"}],"twitter_card":"summary_large_image","twitter_misc":{"Est. reading time":"1 minute"},"schema":{"@context":"https:\/\/schema.org","@graph":[{"@type":"WebPage","@id":"https:\/\/labotigadecarnsbertran.cat\/es\/producto\/paquete-al-vacio-jamon-75-iberico-de-bellota-guijuelo-copia-copia-copia-copia-copia-copia-copia-copia\/","url":"https:\/\/labotigadecarnsbertran.cat\/es\/producto\/paquete-al-vacio-jamon-75-iberico-de-bellota-guijuelo-copia-copia-copia-copia-copia-copia-copia-copia\/","name":"Nuggets de pollo - La botiga de Carns Bertran","isPartOf":{"@id":"https:\/\/labotigadecarnsbertran.cat\/#website"},"primaryImageOfPage":{"@id":"https:\/\/labotigadecarnsbertran.cat\/es\/producto\/paquete-al-vacio-jamon-75-iberico-de-bellota-guijuelo-copia-copia-copia-copia-copia-copia-copia-copia\/#primaryimage"},"image":{"@id":"https:\/\/labotigadecarnsbertran.cat\/es\/producto\/paquete-al-vacio-jamon-75-iberico-de-bellota-guijuelo-copia-copia-copia-copia-copia-copia-copia-copia\/#primaryimage"},"thumbnailUrl":"https:\/\/labotigadecarnsbertran.cat\/wp-content\/uploads\/2025\/12\/MG_9154.jpg","datePublished":"2025-12-28T12:46:08+00:00","dateModified":"2025-12-28T20:47:21+00:00","description":"Nuggets de pollo Nuggets de pollo caseros, ya cocinados, listos para acabar de tostar en la sart\u00e9n.","breadcrumb":{"@id":"https:\/\/labotigadecarnsbertran.cat\/es\/producto\/paquete-al-vacio-jamon-75-iberico-de-bellota-guijuelo-copia-copia-copia-copia-copia-copia-copia-copia\/#breadcrumb"},"inLanguage":"es-ES","potentialAction":[{"@type":"ReadAction","target":["https:\/\/labotigadecarnsbertran.cat\/es\/producto\/paquete-al-vacio-jamon-75-iberico-de-bellota-guijuelo-copia-copia-copia-copia-copia-copia-copia-copia\/"]}]},{"@type":"ImageObject","inLanguage":"es-ES","@id":"https:\/\/labotigadecarnsbertran.cat\/es\/producto\/paquete-al-vacio-jamon-75-iberico-de-bellota-guijuelo-copia-copia-copia-copia-copia-copia-copia-copia\/#primaryimage","url":"https:\/\/labotigadecarnsbertran.cat\/wp-content\/uploads\/2025\/12\/MG_9154.jpg","contentUrl":"https:\/\/labotigadecarnsbertran.cat\/wp-content\/uploads\/2025\/12\/MG_9154.jpg","width":750,"height":500},{"@type":"BreadcrumbList","@id":"https:\/\/labotigadecarnsbertran.cat\/es\/producto\/paquete-al-vacio-jamon-75-iberico-de-bellota-guijuelo-copia-copia-copia-copia-copia-copia-copia-copia\/#breadcrumb","itemListElement":[{"@type":"ListItem","position":1,"name":"Inici","item":"https:\/\/labotigadecarnsbertran.cat\/es\/"},{"@type":"ListItem","position":2,"name":"Productes","item":"https:\/\/labotigadecarnsbertran.cat\/shop\/"},{"@type":"ListItem","position":3,"name":"Nuggets de pollo"}]},{"@type":"WebSite","@id":"https:\/\/labotigadecarnsbertran.cat\/#website","url":"https:\/\/labotigadecarnsbertran.cat\/","name":"La botiga de Carns Bertran","description":"Compra online","potentialAction":[{"@type":"SearchAction","target":{"@type":"EntryPoint","urlTemplate":"https:\/\/labotigadecarnsbertran.cat\/?s={search_term_string}"},"query-input":{"@type":"PropertyValueSpecification","valueRequired":true,"valueName":"search_term_string"}}],"inLanguage":"es-ES"}]}},"_links":{"self":[{"href":"https:\/\/labotigadecarnsbertran.cat\/es\/wp-json\/wp\/v2\/product\/5796","targetHints":{"allow":["GET"]}}],"collection":[{"href":"https:\/\/labotigadecarnsbertran.cat\/es\/wp-json\/wp\/v2\/product"}],"about":[{"href":"https:\/\/labotigadecarnsbertran.cat\/es\/wp-json\/wp\/v2\/types\/product"}],"replies":[{"embeddable":true,"href":"https:\/\/labotigadecarnsbertran.cat\/es\/wp-json\/wp\/v2\/comments?post=5796"}],"wp:featuredmedia":[{"embeddable":true,"href":"https:\/\/labotigadecarnsbertran.cat\/es\/wp-json\/wp\/v2\/media\/5798"}],"wp:attachment":[{"href":"https:\/\/labotigadecarnsbertran.cat\/es\/wp-json\/wp\/v2\/media?parent=5796"}],"wp:term":[{"taxonomy":"product_brand","embeddable":true,"href":"https:\/\/labotigadecarnsbertran.cat\/es\/wp-json\/wp\/v2\/product_brand?post=5796"},{"taxonomy":"product_cat","embeddable":true,"href":"https:\/\/labotigadecarnsbertran.cat\/es\/wp-json\/wp\/v2\/product_cat?post=5796"},{"taxonomy":"product_tag","embeddable":true,"href":"https:\/\/labotigadecarnsbertran.cat\/es\/wp-json\/wp\/v2\/product_tag?post=5796"}],"curies":[{"name":"wp","href":"https:\/\/api.w.org\/{rel}","templated":true}]}}