{"id":5919,"date":"2025-12-28T13:07:08","date_gmt":"2025-12-28T13:07:08","guid":{"rendered":"https:\/\/labotigadecarnsbertran.cat\/producto\/longaniza-de-payes-curada-y-picantita\/"},"modified":"2025-12-29T10:12:03","modified_gmt":"2025-12-29T10:12:03","slug":"longaniza-de-payes-curada-y-picantita","status":"publish","type":"product","link":"https:\/\/labotigadecarnsbertran.cat\/es\/producto\/longaniza-de-payes-curada-y-picantita\/","title":{"rendered":"Longaniza de pay\u00e9s curada y picantita"},"content":{"rendered":"<p>Una pieza de longaniza de pay\u00e9s<\/p>\n<div id=\"formula-bar-container\">\n<div id=\"formula-bar-name-box-wrapper\" class=\"name-box-enabled formula-bar-with-name-box-wrapper\">\n<div id=\"formula-bar\" class=\"formula-bar\">\n<div id=\"t-formula-bar-input-container\">\n<div dir=\"ltr\">\n<div id=\"t-formula-bar-input\" spellcheck=\"false\">\n<div class=\"cell-input\" dir=\"ltr\" tabindex=\"0\" role=\"combobox\" contenteditable=\"true\" aria-autocomplete=\"list\" aria-label=\"Q20\"><span data-sheets-formula-bar-text-style=\"font-size:11px;color:#000000;font-weight:normal;text-decoration:none;font-family:'Arial';font-style:normal;text-decoration-skip-ink:none;\">Desde el punto de vista nutricional, la longaniza curada de pay\u00e9s es un producto de calidad elaborado con carne de cerdo, pero como todos los embutidos curados, tiene un contenido elevado de grasas y sal. Esto hace que sea un alimento energ\u00e9tico y muy sabroso, ideal para disfrutarlo ocasionalmente dentro de una dieta equilibrada.<\/span><\/div>\n<\/div>\n<\/div>\n<\/div>\n<\/div>\n<\/div>\n<\/div>\n<ul>\n<li><strong>Ingredientes:<\/strong> Carne magra de cerdo y especias.<\/li>\n<li><strong>Refrigerado<\/strong>: si<\/li>\n<li><strong>Al\u00e9rgenos<\/strong>: Lactosa<\/li>\n<li><strong>Gluten:<\/strong> no<\/li>\n<li><strong>Congelado:<\/strong> no<\/li>\n<li>Conservaci\u00f3n: Se recomienda conservarlo en la nevera a largo plazo o colgada fuera a consumir en un m\u00e1ximo de dos semanas. Debe tenerse en cuenta que el almacenamiento en nevera ablandar\u00e1 el producto.<\/li>\n<li><strong>Origen:<\/strong> <span data-sheets-root=\"1\">Catalunya<\/span><\/li>\n<\/ul>\n<p>&nbsp;<\/p>\n","protected":false},"excerpt":{"rendered":"<p>Longaniza de cerdo de pay\u00e9s curada con pimienta en grano y pimienta molida, con un estilo m\u00e1s picante.<\/p>\n","protected":false},"featured_media":5811,"comment_status":"closed","ping_status":"closed","template":"","meta":[],"product_brand":[],"product_cat":[159,358],"product_tag":[],"class_list":{"0":"post-5919","1":"product","2":"type-product","3":"status-publish","4":"has-post-thumbnail","6":"product_cat-charcuteria-y-quesos","7":"product_cat-curados","9":"first","10":"instock","11":"taxable","12":"shipping-taxable","13":"purchasable","14":"product-type-simple"},"yoast_head":"<!-- This site is optimized with the Yoast SEO plugin v27.3 - https:\/\/yoast.com\/product\/yoast-seo-wordpress\/ -->\n<title>Longaniza de pay\u00e9s curada y picantita - La botiga de Carns Bertran<\/title>\n<meta name=\"description\" content=\"Longaniza de pay\u00e9s curada y picantita Con la calidad de Carns Bertran, carniceros desde 1976.\" \/>\n<meta name=\"robots\" content=\"index, follow, max-snippet:-1, max-image-preview:large, max-video-preview:-1\" \/>\n<link rel=\"canonical\" href=\"https:\/\/labotigadecarnsbertran.cat\/es\/producto\/longaniza-de-payes-curada-y-picantita\/\" \/>\n<meta property=\"og:locale\" content=\"es_ES\" \/>\n<meta property=\"og:type\" content=\"article\" \/>\n<meta property=\"og:title\" content=\"Longaniza de pay\u00e9s curada y picantita - La botiga de Carns Bertran\" \/>\n<meta property=\"og:description\" content=\"Longaniza de pay\u00e9s curada y picantita Con la calidad de Carns Bertran, carniceros desde 1976.\" \/>\n<meta property=\"og:url\" content=\"https:\/\/labotigadecarnsbertran.cat\/es\/producto\/longaniza-de-payes-curada-y-picantita\/\" \/>\n<meta property=\"og:site_name\" content=\"La botiga de Carns Bertran\" \/>\n<meta property=\"article:modified_time\" content=\"2025-12-29T10:12:03+00:00\" \/>\n<meta property=\"og:image\" content=\"https:\/\/labotigadecarnsbertran.cat\/wp-content\/uploads\/2025\/12\/MG_8624.jpg\" \/>\n\t<meta property=\"og:image:width\" content=\"1200\" \/>\n\t<meta property=\"og:image:height\" content=\"800\" \/>\n\t<meta property=\"og:image:type\" content=\"image\/jpeg\" \/>\n<meta name=\"twitter:card\" content=\"summary_large_image\" \/>\n<meta name=\"twitter:label1\" content=\"Est. reading time\" \/>\n\t<meta name=\"twitter:data1\" content=\"1 minute\" \/>\n<script type=\"application\/ld+json\" class=\"yoast-schema-graph\">{\"@context\":\"https:\\\/\\\/schema.org\",\"@graph\":[{\"@type\":\"WebPage\",\"@id\":\"https:\\\/\\\/labotigadecarnsbertran.cat\\\/es\\\/producto\\\/longaniza-de-payes-curada-y-picantita\\\/\",\"url\":\"https:\\\/\\\/labotigadecarnsbertran.cat\\\/es\\\/producto\\\/longaniza-de-payes-curada-y-picantita\\\/\",\"name\":\"Longaniza de pay\u00e9s curada y picantita - La botiga de Carns Bertran\",\"isPartOf\":{\"@id\":\"https:\\\/\\\/labotigadecarnsbertran.cat\\\/#website\"},\"primaryImageOfPage\":{\"@id\":\"https:\\\/\\\/labotigadecarnsbertran.cat\\\/es\\\/producto\\\/longaniza-de-payes-curada-y-picantita\\\/#primaryimage\"},\"image\":{\"@id\":\"https:\\\/\\\/labotigadecarnsbertran.cat\\\/es\\\/producto\\\/longaniza-de-payes-curada-y-picantita\\\/#primaryimage\"},\"thumbnailUrl\":\"https:\\\/\\\/labotigadecarnsbertran.cat\\\/wp-content\\\/uploads\\\/2025\\\/12\\\/MG_8624.jpg\",\"datePublished\":\"2025-12-28T13:07:08+00:00\",\"dateModified\":\"2025-12-29T10:12:03+00:00\",\"description\":\"Longaniza de pay\u00e9s curada y picantita Con la calidad de Carns Bertran, carniceros desde 1976.\",\"breadcrumb\":{\"@id\":\"https:\\\/\\\/labotigadecarnsbertran.cat\\\/es\\\/producto\\\/longaniza-de-payes-curada-y-picantita\\\/#breadcrumb\"},\"inLanguage\":\"es-ES\",\"potentialAction\":[{\"@type\":\"ReadAction\",\"target\":[\"https:\\\/\\\/labotigadecarnsbertran.cat\\\/es\\\/producto\\\/longaniza-de-payes-curada-y-picantita\\\/\"]}]},{\"@type\":\"ImageObject\",\"inLanguage\":\"es-ES\",\"@id\":\"https:\\\/\\\/labotigadecarnsbertran.cat\\\/es\\\/producto\\\/longaniza-de-payes-curada-y-picantita\\\/#primaryimage\",\"url\":\"https:\\\/\\\/labotigadecarnsbertran.cat\\\/wp-content\\\/uploads\\\/2025\\\/12\\\/MG_8624.jpg\",\"contentUrl\":\"https:\\\/\\\/labotigadecarnsbertran.cat\\\/wp-content\\\/uploads\\\/2025\\\/12\\\/MG_8624.jpg\",\"width\":1200,\"height\":800},{\"@type\":\"BreadcrumbList\",\"@id\":\"https:\\\/\\\/labotigadecarnsbertran.cat\\\/es\\\/producto\\\/longaniza-de-payes-curada-y-picantita\\\/#breadcrumb\",\"itemListElement\":[{\"@type\":\"ListItem\",\"position\":1,\"name\":\"Inici\",\"item\":\"https:\\\/\\\/labotigadecarnsbertran.cat\\\/es\\\/\"},{\"@type\":\"ListItem\",\"position\":2,\"name\":\"Productes\",\"item\":\"https:\\\/\\\/labotigadecarnsbertran.cat\\\/shop\\\/\"},{\"@type\":\"ListItem\",\"position\":3,\"name\":\"Longaniza de pay\u00e9s curada y picantita\"}]},{\"@type\":\"WebSite\",\"@id\":\"https:\\\/\\\/labotigadecarnsbertran.cat\\\/#website\",\"url\":\"https:\\\/\\\/labotigadecarnsbertran.cat\\\/\",\"name\":\"La botiga de Carns Bertran\",\"description\":\"Compra online\",\"potentialAction\":[{\"@type\":\"SearchAction\",\"target\":{\"@type\":\"EntryPoint\",\"urlTemplate\":\"https:\\\/\\\/labotigadecarnsbertran.cat\\\/?s={search_term_string}\"},\"query-input\":{\"@type\":\"PropertyValueSpecification\",\"valueRequired\":true,\"valueName\":\"search_term_string\"}}],\"inLanguage\":\"es-ES\"}]}<\/script>\n<!-- \/ Yoast SEO plugin. -->","yoast_head_json":{"title":"Longaniza de pay\u00e9s curada y picantita - La botiga de Carns Bertran","description":"Longaniza de pay\u00e9s curada y picantita Con la calidad de Carns Bertran, carniceros desde 1976.","robots":{"index":"index","follow":"follow","max-snippet":"max-snippet:-1","max-image-preview":"max-image-preview:large","max-video-preview":"max-video-preview:-1"},"canonical":"https:\/\/labotigadecarnsbertran.cat\/es\/producto\/longaniza-de-payes-curada-y-picantita\/","og_locale":"es_ES","og_type":"article","og_title":"Longaniza de pay\u00e9s curada y picantita - La botiga de Carns Bertran","og_description":"Longaniza de pay\u00e9s curada y picantita Con la calidad de Carns Bertran, carniceros desde 1976.","og_url":"https:\/\/labotigadecarnsbertran.cat\/es\/producto\/longaniza-de-payes-curada-y-picantita\/","og_site_name":"La botiga de Carns Bertran","article_modified_time":"2025-12-29T10:12:03+00:00","og_image":[{"width":1200,"height":800,"url":"https:\/\/labotigadecarnsbertran.cat\/wp-content\/uploads\/2025\/12\/MG_8624.jpg","type":"image\/jpeg"}],"twitter_card":"summary_large_image","twitter_misc":{"Est. reading time":"1 minute"},"schema":{"@context":"https:\/\/schema.org","@graph":[{"@type":"WebPage","@id":"https:\/\/labotigadecarnsbertran.cat\/es\/producto\/longaniza-de-payes-curada-y-picantita\/","url":"https:\/\/labotigadecarnsbertran.cat\/es\/producto\/longaniza-de-payes-curada-y-picantita\/","name":"Longaniza de pay\u00e9s curada y picantita - La botiga de Carns Bertran","isPartOf":{"@id":"https:\/\/labotigadecarnsbertran.cat\/#website"},"primaryImageOfPage":{"@id":"https:\/\/labotigadecarnsbertran.cat\/es\/producto\/longaniza-de-payes-curada-y-picantita\/#primaryimage"},"image":{"@id":"https:\/\/labotigadecarnsbertran.cat\/es\/producto\/longaniza-de-payes-curada-y-picantita\/#primaryimage"},"thumbnailUrl":"https:\/\/labotigadecarnsbertran.cat\/wp-content\/uploads\/2025\/12\/MG_8624.jpg","datePublished":"2025-12-28T13:07:08+00:00","dateModified":"2025-12-29T10:12:03+00:00","description":"Longaniza de pay\u00e9s curada y picantita Con la calidad de Carns Bertran, carniceros desde 1976.","breadcrumb":{"@id":"https:\/\/labotigadecarnsbertran.cat\/es\/producto\/longaniza-de-payes-curada-y-picantita\/#breadcrumb"},"inLanguage":"es-ES","potentialAction":[{"@type":"ReadAction","target":["https:\/\/labotigadecarnsbertran.cat\/es\/producto\/longaniza-de-payes-curada-y-picantita\/"]}]},{"@type":"ImageObject","inLanguage":"es-ES","@id":"https:\/\/labotigadecarnsbertran.cat\/es\/producto\/longaniza-de-payes-curada-y-picantita\/#primaryimage","url":"https:\/\/labotigadecarnsbertran.cat\/wp-content\/uploads\/2025\/12\/MG_8624.jpg","contentUrl":"https:\/\/labotigadecarnsbertran.cat\/wp-content\/uploads\/2025\/12\/MG_8624.jpg","width":1200,"height":800},{"@type":"BreadcrumbList","@id":"https:\/\/labotigadecarnsbertran.cat\/es\/producto\/longaniza-de-payes-curada-y-picantita\/#breadcrumb","itemListElement":[{"@type":"ListItem","position":1,"name":"Inici","item":"https:\/\/labotigadecarnsbertran.cat\/es\/"},{"@type":"ListItem","position":2,"name":"Productes","item":"https:\/\/labotigadecarnsbertran.cat\/shop\/"},{"@type":"ListItem","position":3,"name":"Longaniza de pay\u00e9s curada y picantita"}]},{"@type":"WebSite","@id":"https:\/\/labotigadecarnsbertran.cat\/#website","url":"https:\/\/labotigadecarnsbertran.cat\/","name":"La botiga de Carns Bertran","description":"Compra online","potentialAction":[{"@type":"SearchAction","target":{"@type":"EntryPoint","urlTemplate":"https:\/\/labotigadecarnsbertran.cat\/?s={search_term_string}"},"query-input":{"@type":"PropertyValueSpecification","valueRequired":true,"valueName":"search_term_string"}}],"inLanguage":"es-ES"}]}},"_links":{"self":[{"href":"https:\/\/labotigadecarnsbertran.cat\/es\/wp-json\/wp\/v2\/product\/5919","targetHints":{"allow":["GET"]}}],"collection":[{"href":"https:\/\/labotigadecarnsbertran.cat\/es\/wp-json\/wp\/v2\/product"}],"about":[{"href":"https:\/\/labotigadecarnsbertran.cat\/es\/wp-json\/wp\/v2\/types\/product"}],"replies":[{"embeddable":true,"href":"https:\/\/labotigadecarnsbertran.cat\/es\/wp-json\/wp\/v2\/comments?post=5919"}],"wp:featuredmedia":[{"embeddable":true,"href":"https:\/\/labotigadecarnsbertran.cat\/es\/wp-json\/wp\/v2\/media\/5811"}],"wp:attachment":[{"href":"https:\/\/labotigadecarnsbertran.cat\/es\/wp-json\/wp\/v2\/media?parent=5919"}],"wp:term":[{"taxonomy":"product_brand","embeddable":true,"href":"https:\/\/labotigadecarnsbertran.cat\/es\/wp-json\/wp\/v2\/product_brand?post=5919"},{"taxonomy":"product_cat","embeddable":true,"href":"https:\/\/labotigadecarnsbertran.cat\/es\/wp-json\/wp\/v2\/product_cat?post=5919"},{"taxonomy":"product_tag","embeddable":true,"href":"https:\/\/labotigadecarnsbertran.cat\/es\/wp-json\/wp\/v2\/product_tag?post=5919"}],"curies":[{"name":"wp","href":"https:\/\/api.w.org\/{rel}","templated":true}]}}