{"id":5942,"date":"2025-12-28T19:27:27","date_gmt":"2025-12-28T19:27:27","guid":{"rendered":"https:\/\/labotigadecarnsbertran.cat\/producto\/butifarra-culana-negra\/"},"modified":"2025-12-29T10:44:06","modified_gmt":"2025-12-29T10:44:06","slug":"butifarra-culana-negra","status":"publish","type":"product","link":"https:\/\/labotigadecarnsbertran.cat\/es\/producto\/butifarra-culana-negra\/","title":{"rendered":"Butifarra culana negra"},"content":{"rendered":"<p>La culana negra combina carne de cerdo y sangre fresca, condimentada con especias tradicionales para conseguir un sabor intenso y aut\u00e9ntico. Perfecta para asados, guisos oa la plancha, es una opci\u00f3n tradicional y sabrosa para los amantes de los embutidos de siempre.<\/p>\n<p>Desde el punto de vista nutricional, la butifarra negra combina carne de cerdo y sangre fresca, con alto contenido en prote\u00ednas y minerales, especialmente hierro, que contribuye al transporte de ox\u00edgeno ya la prevenci\u00f3n de la fatiga. Tambi\u00e9n aporta vitaminas del grupo B, pero presenta un contenido m\u00e1s elevado de grasas que la butifarra blanca, por lo que es un alimento energ\u00e9tico y sabroso que debe consumirse con moderaci\u00f3n dentro de una dieta equilibrada.<\/p>\n<ul>\n<li><strong>Ingredientes: Carne de cerdo, especias y sangre, con tripa natural.<\/strong><\/li>\n<li><strong>Refrigerado<\/strong>: si<\/li>\n<li>Al\u00e9rgenos: <strong>no<\/strong><\/li>\n<li><strong>Gluten:<\/strong> no<\/li>\n<li><strong>Congelado:<\/strong> no<\/li>\n<li><strong>Conservaci\u00f3n<\/strong>: Se recomienda conservar el producto destapado en el frigor\u00edfico y consumirlo en un m\u00e1ximo de 7 d\u00edas. Apto para la congelaci\u00f3n.<\/li>\n<li><strong>Origen:<\/strong> Carns Bertran<\/li>\n<\/ul>\n<p>&nbsp;<\/p>\n","protected":false},"excerpt":{"rendered":"<p><strong>150 gr de culana negra artesana hecha en casa, tripa natural, en un trozo<\/strong><\/p>\n","protected":false},"featured_media":5880,"comment_status":"closed","ping_status":"closed","template":"","meta":[],"product_brand":[],"product_cat":[356,159],"product_tag":[],"class_list":{"0":"post-5942","1":"product","2":"type-product","3":"status-publish","4":"has-post-thumbnail","6":"product_cat-butifarras","7":"product_cat-charcuteria-y-quesos","9":"first","10":"instock","11":"taxable","12":"shipping-taxable","13":"purchasable","14":"product-type-simple"},"yoast_head":"<!-- This site is optimized with the Yoast SEO plugin v27.3 - https:\/\/yoast.com\/product\/yoast-seo-wordpress\/ -->\n<title>Butifarra culana negra - La botiga de Carns Bertran<\/title>\n<meta name=\"description\" content=\"Botifarra culana negra. 200 gr de culana negra artesana hecha en casa, tripa natural, en un trozo\" \/>\n<meta name=\"robots\" content=\"index, follow, max-snippet:-1, max-image-preview:large, max-video-preview:-1\" \/>\n<link rel=\"canonical\" href=\"https:\/\/labotigadecarnsbertran.cat\/es\/producto\/butifarra-culana-negra\/\" \/>\n<meta property=\"og:locale\" content=\"es_ES\" \/>\n<meta property=\"og:type\" content=\"article\" \/>\n<meta property=\"og:title\" content=\"Butifarra culana negra - La botiga de Carns Bertran\" \/>\n<meta property=\"og:description\" content=\"Botifarra culana negra. 200 gr de culana negra artesana hecha en casa, tripa natural, en un trozo\" \/>\n<meta property=\"og:url\" content=\"https:\/\/labotigadecarnsbertran.cat\/es\/producto\/butifarra-culana-negra\/\" \/>\n<meta property=\"og:site_name\" content=\"La botiga de Carns Bertran\" \/>\n<meta property=\"article:modified_time\" content=\"2025-12-29T10:44:06+00:00\" \/>\n<meta property=\"og:image\" content=\"https:\/\/labotigadecarnsbertran.cat\/wp-content\/uploads\/2025\/12\/MG_8649.jpg\" \/>\n\t<meta property=\"og:image:width\" content=\"1200\" \/>\n\t<meta property=\"og:image:height\" content=\"800\" \/>\n\t<meta property=\"og:image:type\" content=\"image\/jpeg\" \/>\n<meta name=\"twitter:card\" content=\"summary_large_image\" \/>\n<meta name=\"twitter:label1\" content=\"Est. reading time\" \/>\n\t<meta name=\"twitter:data1\" content=\"1 minute\" \/>\n<script type=\"application\/ld+json\" class=\"yoast-schema-graph\">{\"@context\":\"https:\\\/\\\/schema.org\",\"@graph\":[{\"@type\":\"WebPage\",\"@id\":\"https:\\\/\\\/labotigadecarnsbertran.cat\\\/es\\\/producto\\\/butifarra-culana-negra\\\/\",\"url\":\"https:\\\/\\\/labotigadecarnsbertran.cat\\\/es\\\/producto\\\/butifarra-culana-negra\\\/\",\"name\":\"Butifarra culana negra - La botiga de Carns Bertran\",\"isPartOf\":{\"@id\":\"https:\\\/\\\/labotigadecarnsbertran.cat\\\/#website\"},\"primaryImageOfPage\":{\"@id\":\"https:\\\/\\\/labotigadecarnsbertran.cat\\\/es\\\/producto\\\/butifarra-culana-negra\\\/#primaryimage\"},\"image\":{\"@id\":\"https:\\\/\\\/labotigadecarnsbertran.cat\\\/es\\\/producto\\\/butifarra-culana-negra\\\/#primaryimage\"},\"thumbnailUrl\":\"https:\\\/\\\/labotigadecarnsbertran.cat\\\/wp-content\\\/uploads\\\/2025\\\/12\\\/MG_8649.jpg\",\"datePublished\":\"2025-12-28T19:27:27+00:00\",\"dateModified\":\"2025-12-29T10:44:06+00:00\",\"description\":\"Botifarra culana negra. 200 gr de culana negra artesana hecha en casa, tripa natural, en un trozo\",\"breadcrumb\":{\"@id\":\"https:\\\/\\\/labotigadecarnsbertran.cat\\\/es\\\/producto\\\/butifarra-culana-negra\\\/#breadcrumb\"},\"inLanguage\":\"es-ES\",\"potentialAction\":[{\"@type\":\"ReadAction\",\"target\":[\"https:\\\/\\\/labotigadecarnsbertran.cat\\\/es\\\/producto\\\/butifarra-culana-negra\\\/\"]}]},{\"@type\":\"ImageObject\",\"inLanguage\":\"es-ES\",\"@id\":\"https:\\\/\\\/labotigadecarnsbertran.cat\\\/es\\\/producto\\\/butifarra-culana-negra\\\/#primaryimage\",\"url\":\"https:\\\/\\\/labotigadecarnsbertran.cat\\\/wp-content\\\/uploads\\\/2025\\\/12\\\/MG_8649.jpg\",\"contentUrl\":\"https:\\\/\\\/labotigadecarnsbertran.cat\\\/wp-content\\\/uploads\\\/2025\\\/12\\\/MG_8649.jpg\",\"width\":1200,\"height\":800},{\"@type\":\"BreadcrumbList\",\"@id\":\"https:\\\/\\\/labotigadecarnsbertran.cat\\\/es\\\/producto\\\/butifarra-culana-negra\\\/#breadcrumb\",\"itemListElement\":[{\"@type\":\"ListItem\",\"position\":1,\"name\":\"Inici\",\"item\":\"https:\\\/\\\/labotigadecarnsbertran.cat\\\/es\\\/\"},{\"@type\":\"ListItem\",\"position\":2,\"name\":\"Productes\",\"item\":\"https:\\\/\\\/labotigadecarnsbertran.cat\\\/shop\\\/\"},{\"@type\":\"ListItem\",\"position\":3,\"name\":\"Butifarra culana negra\"}]},{\"@type\":\"WebSite\",\"@id\":\"https:\\\/\\\/labotigadecarnsbertran.cat\\\/#website\",\"url\":\"https:\\\/\\\/labotigadecarnsbertran.cat\\\/\",\"name\":\"La botiga de Carns Bertran\",\"description\":\"Compra online\",\"potentialAction\":[{\"@type\":\"SearchAction\",\"target\":{\"@type\":\"EntryPoint\",\"urlTemplate\":\"https:\\\/\\\/labotigadecarnsbertran.cat\\\/?s={search_term_string}\"},\"query-input\":{\"@type\":\"PropertyValueSpecification\",\"valueRequired\":true,\"valueName\":\"search_term_string\"}}],\"inLanguage\":\"es-ES\"}]}<\/script>\n<!-- \/ Yoast SEO plugin. -->","yoast_head_json":{"title":"Butifarra culana negra - La botiga de Carns Bertran","description":"Botifarra culana negra. 200 gr de culana negra artesana hecha en casa, tripa natural, en un trozo","robots":{"index":"index","follow":"follow","max-snippet":"max-snippet:-1","max-image-preview":"max-image-preview:large","max-video-preview":"max-video-preview:-1"},"canonical":"https:\/\/labotigadecarnsbertran.cat\/es\/producto\/butifarra-culana-negra\/","og_locale":"es_ES","og_type":"article","og_title":"Butifarra culana negra - La botiga de Carns Bertran","og_description":"Botifarra culana negra. 200 gr de culana negra artesana hecha en casa, tripa natural, en un trozo","og_url":"https:\/\/labotigadecarnsbertran.cat\/es\/producto\/butifarra-culana-negra\/","og_site_name":"La botiga de Carns Bertran","article_modified_time":"2025-12-29T10:44:06+00:00","og_image":[{"width":1200,"height":800,"url":"https:\/\/labotigadecarnsbertran.cat\/wp-content\/uploads\/2025\/12\/MG_8649.jpg","type":"image\/jpeg"}],"twitter_card":"summary_large_image","twitter_misc":{"Est. reading time":"1 minute"},"schema":{"@context":"https:\/\/schema.org","@graph":[{"@type":"WebPage","@id":"https:\/\/labotigadecarnsbertran.cat\/es\/producto\/butifarra-culana-negra\/","url":"https:\/\/labotigadecarnsbertran.cat\/es\/producto\/butifarra-culana-negra\/","name":"Butifarra culana negra - La botiga de Carns Bertran","isPartOf":{"@id":"https:\/\/labotigadecarnsbertran.cat\/#website"},"primaryImageOfPage":{"@id":"https:\/\/labotigadecarnsbertran.cat\/es\/producto\/butifarra-culana-negra\/#primaryimage"},"image":{"@id":"https:\/\/labotigadecarnsbertran.cat\/es\/producto\/butifarra-culana-negra\/#primaryimage"},"thumbnailUrl":"https:\/\/labotigadecarnsbertran.cat\/wp-content\/uploads\/2025\/12\/MG_8649.jpg","datePublished":"2025-12-28T19:27:27+00:00","dateModified":"2025-12-29T10:44:06+00:00","description":"Botifarra culana negra. 200 gr de culana negra artesana hecha en casa, tripa natural, en un trozo","breadcrumb":{"@id":"https:\/\/labotigadecarnsbertran.cat\/es\/producto\/butifarra-culana-negra\/#breadcrumb"},"inLanguage":"es-ES","potentialAction":[{"@type":"ReadAction","target":["https:\/\/labotigadecarnsbertran.cat\/es\/producto\/butifarra-culana-negra\/"]}]},{"@type":"ImageObject","inLanguage":"es-ES","@id":"https:\/\/labotigadecarnsbertran.cat\/es\/producto\/butifarra-culana-negra\/#primaryimage","url":"https:\/\/labotigadecarnsbertran.cat\/wp-content\/uploads\/2025\/12\/MG_8649.jpg","contentUrl":"https:\/\/labotigadecarnsbertran.cat\/wp-content\/uploads\/2025\/12\/MG_8649.jpg","width":1200,"height":800},{"@type":"BreadcrumbList","@id":"https:\/\/labotigadecarnsbertran.cat\/es\/producto\/butifarra-culana-negra\/#breadcrumb","itemListElement":[{"@type":"ListItem","position":1,"name":"Inici","item":"https:\/\/labotigadecarnsbertran.cat\/es\/"},{"@type":"ListItem","position":2,"name":"Productes","item":"https:\/\/labotigadecarnsbertran.cat\/shop\/"},{"@type":"ListItem","position":3,"name":"Butifarra culana negra"}]},{"@type":"WebSite","@id":"https:\/\/labotigadecarnsbertran.cat\/#website","url":"https:\/\/labotigadecarnsbertran.cat\/","name":"La botiga de Carns Bertran","description":"Compra online","potentialAction":[{"@type":"SearchAction","target":{"@type":"EntryPoint","urlTemplate":"https:\/\/labotigadecarnsbertran.cat\/?s={search_term_string}"},"query-input":{"@type":"PropertyValueSpecification","valueRequired":true,"valueName":"search_term_string"}}],"inLanguage":"es-ES"}]}},"_links":{"self":[{"href":"https:\/\/labotigadecarnsbertran.cat\/es\/wp-json\/wp\/v2\/product\/5942","targetHints":{"allow":["GET"]}}],"collection":[{"href":"https:\/\/labotigadecarnsbertran.cat\/es\/wp-json\/wp\/v2\/product"}],"about":[{"href":"https:\/\/labotigadecarnsbertran.cat\/es\/wp-json\/wp\/v2\/types\/product"}],"replies":[{"embeddable":true,"href":"https:\/\/labotigadecarnsbertran.cat\/es\/wp-json\/wp\/v2\/comments?post=5942"}],"wp:featuredmedia":[{"embeddable":true,"href":"https:\/\/labotigadecarnsbertran.cat\/es\/wp-json\/wp\/v2\/media\/5880"}],"wp:attachment":[{"href":"https:\/\/labotigadecarnsbertran.cat\/es\/wp-json\/wp\/v2\/media?parent=5942"}],"wp:term":[{"taxonomy":"product_brand","embeddable":true,"href":"https:\/\/labotigadecarnsbertran.cat\/es\/wp-json\/wp\/v2\/product_brand?post=5942"},{"taxonomy":"product_cat","embeddable":true,"href":"https:\/\/labotigadecarnsbertran.cat\/es\/wp-json\/wp\/v2\/product_cat?post=5942"},{"taxonomy":"product_tag","embeddable":true,"href":"https:\/\/labotigadecarnsbertran.cat\/es\/wp-json\/wp\/v2\/product_tag?post=5942"}],"curies":[{"name":"wp","href":"https:\/\/api.w.org\/{rel}","templated":true}]}}