{"id":5967,"date":"2026-03-04T17:01:18","date_gmt":"2026-03-04T17:01:18","guid":{"rendered":"https:\/\/labotigadecarnsbertran.cat\/producto\/brocheta-de-pollo-estilo-oriental\/"},"modified":"2026-03-04T17:09:10","modified_gmt":"2026-03-04T17:09:10","slug":"brocheta-de-pollo-estilo-oriental","status":"publish","type":"product","link":"https:\/\/labotigadecarnsbertran.cat\/es\/producto\/brocheta-de-pollo-estilo-oriental\/","title":{"rendered":"Brocheta de pollo estilo oriental"},"content":{"rendered":"<p>Cada bandeja contiene dos brochetas de carne de pavo marinada al estilo oriental. Este condimento est\u00e1 elaborado a base de curry y aceite de oliva. <\/p>\n<ul>\n<li>Refrigerado: S\u00ed<\/li>\n<li>Congelado: No<\/li>\n<li>Al\u00e9rgenos: No<\/li>\n<li>Gluten: No<\/li>\n<li><span data-sheets-root=\"1\">Desde el punto de vista nutricional, la carne de pollo es una opci\u00f3n ligera y f\u00e1cil de digerir, gracias a su menor contenido en grasas respecto a las carnes rojas. Est\u00e1 formada aproximadamente por un 70% de agua, un 20% de prote\u00ednas de alta calidad y un 10% de l\u00edpidos.<br \/>\n<\/span><\/li>\n<li>Ingredientes: Carne de pollo, aceite de oliva y especias.<\/li>\n<li>Conservaci\u00f3n: Se sirve fresco y se recomienda conservarlo en la nevera y consumirlo en un m\u00e1ximo de 2 dias.<\/li>\n<li>Origen: Carns Bertran<\/li>\n<\/ul>\n","protected":false},"excerpt":{"rendered":"<p>Brocheta de pechuga de pollo casera, marinada al estilo oriental y no picante.<\/p>\n<p>Bandeja con 2 brochetas. Peso aprox. 280 g <\/p>\n","protected":false},"featured_media":5966,"comment_status":"closed","ping_status":"closed","template":"","meta":[],"product_brand":[],"product_cat":[153],"product_tag":[],"class_list":{"0":"post-5967","1":"product","2":"type-product","3":"status-publish","4":"has-post-thumbnail","6":"product_cat-pollo-y-aves","8":"first","9":"instock","10":"taxable","11":"shipping-taxable","12":"purchasable","13":"product-type-simple"},"yoast_head":"<!-- This site is optimized with the Yoast SEO plugin v27.5 - https:\/\/yoast.com\/product\/yoast-seo-wordpress\/ -->\n<title>Brocheta de pollo estilo oriental - La botiga de Carns Bertran<\/title>\n<meta name=\"description\" content=\"Brocheta de pollo estilo oriental Reb a casa o vine a buscar la teva comanda. Amb la qualitat de Carns Bertran, carnissers des de l 1976.\" \/>\n<meta name=\"robots\" content=\"index, follow, max-snippet:-1, max-image-preview:large, max-video-preview:-1\" \/>\n<link rel=\"canonical\" href=\"https:\/\/labotigadecarnsbertran.cat\/es\/producto\/brocheta-de-pollo-estilo-oriental\/\" \/>\n<meta property=\"og:locale\" content=\"es_ES\" \/>\n<meta property=\"og:type\" content=\"article\" \/>\n<meta property=\"og:title\" content=\"Brocheta de pollo estilo oriental - La botiga de Carns Bertran\" \/>\n<meta property=\"og:description\" content=\"Brocheta de pollo estilo oriental Reb a casa o vine a buscar la teva comanda. Amb la qualitat de Carns Bertran, carnissers des de l 1976.\" \/>\n<meta property=\"og:url\" content=\"https:\/\/labotigadecarnsbertran.cat\/es\/producto\/brocheta-de-pollo-estilo-oriental\/\" \/>\n<meta property=\"og:site_name\" content=\"La botiga de Carns Bertran\" \/>\n<meta property=\"article:modified_time\" content=\"2026-03-04T17:09:10+00:00\" \/>\n<meta property=\"og:image\" content=\"https:\/\/labotigadecarnsbertran.cat\/wp-content\/uploads\/2026\/03\/MG_9097.jpg\" \/>\n\t<meta property=\"og:image:width\" content=\"1200\" \/>\n\t<meta property=\"og:image:height\" content=\"800\" \/>\n\t<meta property=\"og:image:type\" content=\"image\/jpeg\" \/>\n<meta name=\"twitter:card\" content=\"summary_large_image\" \/>\n<meta name=\"twitter:label1\" content=\"Est. reading time\" \/>\n\t<meta name=\"twitter:data1\" content=\"1 minute\" \/>\n<script type=\"application\/ld+json\" class=\"yoast-schema-graph\">{\"@context\":\"https:\\\/\\\/schema.org\",\"@graph\":[{\"@type\":\"WebPage\",\"@id\":\"https:\\\/\\\/labotigadecarnsbertran.cat\\\/es\\\/producto\\\/brocheta-de-pollo-estilo-oriental\\\/\",\"url\":\"https:\\\/\\\/labotigadecarnsbertran.cat\\\/es\\\/producto\\\/brocheta-de-pollo-estilo-oriental\\\/\",\"name\":\"Brocheta de pollo estilo oriental - La botiga de Carns Bertran\",\"isPartOf\":{\"@id\":\"https:\\\/\\\/labotigadecarnsbertran.cat\\\/#website\"},\"primaryImageOfPage\":{\"@id\":\"https:\\\/\\\/labotigadecarnsbertran.cat\\\/es\\\/producto\\\/brocheta-de-pollo-estilo-oriental\\\/#primaryimage\"},\"image\":{\"@id\":\"https:\\\/\\\/labotigadecarnsbertran.cat\\\/es\\\/producto\\\/brocheta-de-pollo-estilo-oriental\\\/#primaryimage\"},\"thumbnailUrl\":\"https:\\\/\\\/labotigadecarnsbertran.cat\\\/wp-content\\\/uploads\\\/2026\\\/03\\\/MG_9097.jpg\",\"datePublished\":\"2026-03-04T17:01:18+00:00\",\"dateModified\":\"2026-03-04T17:09:10+00:00\",\"description\":\"Brocheta de pollo estilo oriental Reb a casa o vine a buscar la teva comanda. Amb la qualitat de Carns Bertran, carnissers des de l 1976.\",\"breadcrumb\":{\"@id\":\"https:\\\/\\\/labotigadecarnsbertran.cat\\\/es\\\/producto\\\/brocheta-de-pollo-estilo-oriental\\\/#breadcrumb\"},\"inLanguage\":\"es-ES\",\"potentialAction\":[{\"@type\":\"ReadAction\",\"target\":[\"https:\\\/\\\/labotigadecarnsbertran.cat\\\/es\\\/producto\\\/brocheta-de-pollo-estilo-oriental\\\/\"]}]},{\"@type\":\"ImageObject\",\"inLanguage\":\"es-ES\",\"@id\":\"https:\\\/\\\/labotigadecarnsbertran.cat\\\/es\\\/producto\\\/brocheta-de-pollo-estilo-oriental\\\/#primaryimage\",\"url\":\"https:\\\/\\\/labotigadecarnsbertran.cat\\\/wp-content\\\/uploads\\\/2026\\\/03\\\/MG_9097.jpg\",\"contentUrl\":\"https:\\\/\\\/labotigadecarnsbertran.cat\\\/wp-content\\\/uploads\\\/2026\\\/03\\\/MG_9097.jpg\",\"width\":1200,\"height\":800,\"caption\":\"Broqueta de pollastre estil Oriental\"},{\"@type\":\"BreadcrumbList\",\"@id\":\"https:\\\/\\\/labotigadecarnsbertran.cat\\\/es\\\/producto\\\/brocheta-de-pollo-estilo-oriental\\\/#breadcrumb\",\"itemListElement\":[{\"@type\":\"ListItem\",\"position\":1,\"name\":\"Inici\",\"item\":\"https:\\\/\\\/labotigadecarnsbertran.cat\\\/es\\\/\"},{\"@type\":\"ListItem\",\"position\":2,\"name\":\"Productes\",\"item\":\"https:\\\/\\\/labotigadecarnsbertran.cat\\\/shop\\\/\"},{\"@type\":\"ListItem\",\"position\":3,\"name\":\"Brocheta de pollo estilo oriental\"}]},{\"@type\":\"WebSite\",\"@id\":\"https:\\\/\\\/labotigadecarnsbertran.cat\\\/#website\",\"url\":\"https:\\\/\\\/labotigadecarnsbertran.cat\\\/\",\"name\":\"La botiga de Carns Bertran\",\"description\":\"Compra online\",\"potentialAction\":[{\"@type\":\"SearchAction\",\"target\":{\"@type\":\"EntryPoint\",\"urlTemplate\":\"https:\\\/\\\/labotigadecarnsbertran.cat\\\/?s={search_term_string}\"},\"query-input\":{\"@type\":\"PropertyValueSpecification\",\"valueRequired\":true,\"valueName\":\"search_term_string\"}}],\"inLanguage\":\"es-ES\"}]}<\/script>\n<!-- \/ Yoast SEO plugin. -->","yoast_head_json":{"title":"Brocheta de pollo estilo oriental - La botiga de Carns Bertran","description":"Brocheta de pollo estilo oriental Reb a casa o vine a buscar la teva comanda. Amb la qualitat de Carns Bertran, carnissers des de l 1976.","robots":{"index":"index","follow":"follow","max-snippet":"max-snippet:-1","max-image-preview":"max-image-preview:large","max-video-preview":"max-video-preview:-1"},"canonical":"https:\/\/labotigadecarnsbertran.cat\/es\/producto\/brocheta-de-pollo-estilo-oriental\/","og_locale":"es_ES","og_type":"article","og_title":"Brocheta de pollo estilo oriental - La botiga de Carns Bertran","og_description":"Brocheta de pollo estilo oriental Reb a casa o vine a buscar la teva comanda. Amb la qualitat de Carns Bertran, carnissers des de l 1976.","og_url":"https:\/\/labotigadecarnsbertran.cat\/es\/producto\/brocheta-de-pollo-estilo-oriental\/","og_site_name":"La botiga de Carns Bertran","article_modified_time":"2026-03-04T17:09:10+00:00","og_image":[{"width":1200,"height":800,"url":"https:\/\/labotigadecarnsbertran.cat\/wp-content\/uploads\/2026\/03\/MG_9097.jpg","type":"image\/jpeg"}],"twitter_card":"summary_large_image","twitter_misc":{"Est. reading time":"1 minute"},"schema":{"@context":"https:\/\/schema.org","@graph":[{"@type":"WebPage","@id":"https:\/\/labotigadecarnsbertran.cat\/es\/producto\/brocheta-de-pollo-estilo-oriental\/","url":"https:\/\/labotigadecarnsbertran.cat\/es\/producto\/brocheta-de-pollo-estilo-oriental\/","name":"Brocheta de pollo estilo oriental - La botiga de Carns Bertran","isPartOf":{"@id":"https:\/\/labotigadecarnsbertran.cat\/#website"},"primaryImageOfPage":{"@id":"https:\/\/labotigadecarnsbertran.cat\/es\/producto\/brocheta-de-pollo-estilo-oriental\/#primaryimage"},"image":{"@id":"https:\/\/labotigadecarnsbertran.cat\/es\/producto\/brocheta-de-pollo-estilo-oriental\/#primaryimage"},"thumbnailUrl":"https:\/\/labotigadecarnsbertran.cat\/wp-content\/uploads\/2026\/03\/MG_9097.jpg","datePublished":"2026-03-04T17:01:18+00:00","dateModified":"2026-03-04T17:09:10+00:00","description":"Brocheta de pollo estilo oriental Reb a casa o vine a buscar la teva comanda. Amb la qualitat de Carns Bertran, carnissers des de l 1976.","breadcrumb":{"@id":"https:\/\/labotigadecarnsbertran.cat\/es\/producto\/brocheta-de-pollo-estilo-oriental\/#breadcrumb"},"inLanguage":"es-ES","potentialAction":[{"@type":"ReadAction","target":["https:\/\/labotigadecarnsbertran.cat\/es\/producto\/brocheta-de-pollo-estilo-oriental\/"]}]},{"@type":"ImageObject","inLanguage":"es-ES","@id":"https:\/\/labotigadecarnsbertran.cat\/es\/producto\/brocheta-de-pollo-estilo-oriental\/#primaryimage","url":"https:\/\/labotigadecarnsbertran.cat\/wp-content\/uploads\/2026\/03\/MG_9097.jpg","contentUrl":"https:\/\/labotigadecarnsbertran.cat\/wp-content\/uploads\/2026\/03\/MG_9097.jpg","width":1200,"height":800,"caption":"Broqueta de pollastre estil Oriental"},{"@type":"BreadcrumbList","@id":"https:\/\/labotigadecarnsbertran.cat\/es\/producto\/brocheta-de-pollo-estilo-oriental\/#breadcrumb","itemListElement":[{"@type":"ListItem","position":1,"name":"Inici","item":"https:\/\/labotigadecarnsbertran.cat\/es\/"},{"@type":"ListItem","position":2,"name":"Productes","item":"https:\/\/labotigadecarnsbertran.cat\/shop\/"},{"@type":"ListItem","position":3,"name":"Brocheta de pollo estilo oriental"}]},{"@type":"WebSite","@id":"https:\/\/labotigadecarnsbertran.cat\/#website","url":"https:\/\/labotigadecarnsbertran.cat\/","name":"La botiga de Carns Bertran","description":"Compra online","potentialAction":[{"@type":"SearchAction","target":{"@type":"EntryPoint","urlTemplate":"https:\/\/labotigadecarnsbertran.cat\/?s={search_term_string}"},"query-input":{"@type":"PropertyValueSpecification","valueRequired":true,"valueName":"search_term_string"}}],"inLanguage":"es-ES"}]}},"_links":{"self":[{"href":"https:\/\/labotigadecarnsbertran.cat\/es\/wp-json\/wp\/v2\/product\/5967","targetHints":{"allow":["GET"]}}],"collection":[{"href":"https:\/\/labotigadecarnsbertran.cat\/es\/wp-json\/wp\/v2\/product"}],"about":[{"href":"https:\/\/labotigadecarnsbertran.cat\/es\/wp-json\/wp\/v2\/types\/product"}],"replies":[{"embeddable":true,"href":"https:\/\/labotigadecarnsbertran.cat\/es\/wp-json\/wp\/v2\/comments?post=5967"}],"wp:featuredmedia":[{"embeddable":true,"href":"https:\/\/labotigadecarnsbertran.cat\/es\/wp-json\/wp\/v2\/media\/5966"}],"wp:attachment":[{"href":"https:\/\/labotigadecarnsbertran.cat\/es\/wp-json\/wp\/v2\/media?parent=5967"}],"wp:term":[{"taxonomy":"product_brand","embeddable":true,"href":"https:\/\/labotigadecarnsbertran.cat\/es\/wp-json\/wp\/v2\/product_brand?post=5967"},{"taxonomy":"product_cat","embeddable":true,"href":"https:\/\/labotigadecarnsbertran.cat\/es\/wp-json\/wp\/v2\/product_cat?post=5967"},{"taxonomy":"product_tag","embeddable":true,"href":"https:\/\/labotigadecarnsbertran.cat\/es\/wp-json\/wp\/v2\/product_tag?post=5967"}],"curies":[{"name":"wp","href":"https:\/\/api.w.org\/{rel}","templated":true}]}}