{"id":6255,"date":"2026-04-13T12:23:48","date_gmt":"2026-04-13T12:23:48","guid":{"rendered":"https:\/\/labotigadecarnsbertran.cat\/?post_type=product&#038;p=6255"},"modified":"2026-04-13T12:35:36","modified_gmt":"2026-04-13T12:35:36","slug":"bisbe-con-espinacas-pasas-y-pinones-copia","status":"publish","type":"product","link":"https:\/\/labotigadecarnsbertran.cat\/es\/producto\/bisbe-con-espinacas-pasas-y-pinones-copia\/","title":{"rendered":"Lomo Ib\u00e9rico de recebo"},"content":{"rendered":"<p>Descripci\u00f3n del producto &#8211; lomo Ib\u00e9rico de recebo<\/p>\n<ul>\n<li>Ingredientes: Carne de cerdo, espinacas, frutos secos y especias, con tripa natural.<\/li>\n<li><strong>Refrigerado<\/strong>: si<\/li>\n<li><strong>Al\u00e9rgenos<\/strong>: huevo<\/li>\n<li><strong>Gluten:<\/strong> no<\/li>\n<li><strong>Congelado:<\/strong> no<\/li>\n<li>Conservaci\u00f3n: Se recomienda conservarlo en el frigor\u00edfico y consumirlo en un m\u00e1ximo de 4 d\u00edas.<\/li>\n<li><strong>Origen:<\/strong> Catalunya<\/li>\n<\/ul>\n<p>&nbsp;<\/p>\n","protected":false},"excerpt":{"rendered":"<p><strong>100 gr de lomo ib\u00e9rico de recebo. Presentados al gusto del cliente: el papel, bandeja o al vac\u00edo.<\/strong><\/p>\n","protected":false},"featured_media":6258,"comment_status":"closed","ping_status":"closed","template":"","meta":[],"product_brand":[],"product_cat":[159,357],"product_tag":[],"class_list":{"0":"post-6255","1":"product","2":"type-product","3":"status-publish","4":"has-post-thumbnail","6":"product_cat-charcuteria-y-quesos","7":"product_cat-cocidos","9":"first","10":"instock","11":"taxable","12":"shipping-taxable","13":"purchasable","14":"product-type-variable"},"yoast_head":"<!-- This site is optimized with the Yoast SEO plugin v27.3 - https:\/\/yoast.com\/product\/yoast-seo-wordpress\/ -->\n<title>Bisbe con espinacas, pasas y pi\u00f1ones - La botiga de Carns Bertran<\/title>\n<meta name=\"description\" content=\"Bisbe con espinacas, pasas y pi\u00f1ones 100 gr de bisbes artesanos hechos en casa con diversidad a escoger. Presentados al gusto del cliente: en papel, bandeja o al vac\u00edo.\" \/>\n<meta name=\"robots\" content=\"index, follow, max-snippet:-1, max-image-preview:large, max-video-preview:-1\" \/>\n<link rel=\"canonical\" href=\"https:\/\/labotigadecarnsbertran.cat\/es\/producto\/bisbe-con-espinacas-pasas-y-pinones-copia\/\" \/>\n<meta property=\"og:locale\" content=\"es_ES\" \/>\n<meta property=\"og:type\" content=\"article\" \/>\n<meta property=\"og:title\" content=\"Bisbe con espinacas, pasas y pi\u00f1ones - La botiga de Carns Bertran\" \/>\n<meta property=\"og:description\" content=\"Bisbe con espinacas, pasas y pi\u00f1ones 100 gr de bisbes artesanos hechos en casa con diversidad a escoger. Presentados al gusto del cliente: en papel, bandeja o al vac\u00edo.\" \/>\n<meta property=\"og:url\" content=\"https:\/\/labotigadecarnsbertran.cat\/es\/producto\/bisbe-con-espinacas-pasas-y-pinones-copia\/\" \/>\n<meta property=\"og:site_name\" content=\"La botiga de Carns Bertran\" \/>\n<meta property=\"article:modified_time\" content=\"2026-04-13T12:35:36+00:00\" \/>\n<meta property=\"og:image\" content=\"http:\/\/labotigadecarnsbertran.cat\/wp-content\/uploads\/2026\/04\/MG_8432.jpg\" \/>\n\t<meta property=\"og:image:width\" content=\"1200\" \/>\n\t<meta property=\"og:image:height\" content=\"800\" \/>\n\t<meta property=\"og:image:type\" content=\"image\/jpeg\" \/>\n<meta name=\"twitter:card\" content=\"summary_large_image\" \/>\n<meta name=\"twitter:label1\" content=\"Est. reading time\" \/>\n\t<meta name=\"twitter:data1\" content=\"2 minutes\" \/>\n<script type=\"application\/ld+json\" class=\"yoast-schema-graph\">{\"@context\":\"https:\\\/\\\/schema.org\",\"@graph\":[{\"@type\":\"WebPage\",\"@id\":\"https:\\\/\\\/labotigadecarnsbertran.cat\\\/es\\\/producto\\\/bisbe-con-espinacas-pasas-y-pinones-copia\\\/\",\"url\":\"https:\\\/\\\/labotigadecarnsbertran.cat\\\/es\\\/producto\\\/bisbe-con-espinacas-pasas-y-pinones-copia\\\/\",\"name\":\"Bisbe con espinacas, pasas y pi\u00f1ones - La botiga de Carns Bertran\",\"isPartOf\":{\"@id\":\"https:\\\/\\\/labotigadecarnsbertran.cat\\\/#website\"},\"primaryImageOfPage\":{\"@id\":\"https:\\\/\\\/labotigadecarnsbertran.cat\\\/es\\\/producto\\\/bisbe-con-espinacas-pasas-y-pinones-copia\\\/#primaryimage\"},\"image\":{\"@id\":\"https:\\\/\\\/labotigadecarnsbertran.cat\\\/es\\\/producto\\\/bisbe-con-espinacas-pasas-y-pinones-copia\\\/#primaryimage\"},\"thumbnailUrl\":\"https:\\\/\\\/labotigadecarnsbertran.cat\\\/wp-content\\\/uploads\\\/2026\\\/04\\\/MG_8432.jpg\",\"datePublished\":\"2026-04-13T12:23:48+00:00\",\"dateModified\":\"2026-04-13T12:35:36+00:00\",\"description\":\"Bisbe con espinacas, pasas y pi\u00f1ones 100 gr de bisbes artesanos hechos en casa con diversidad a escoger. Presentados al gusto del cliente: en papel, bandeja o al vac\u00edo.\",\"breadcrumb\":{\"@id\":\"https:\\\/\\\/labotigadecarnsbertran.cat\\\/es\\\/producto\\\/bisbe-con-espinacas-pasas-y-pinones-copia\\\/#breadcrumb\"},\"inLanguage\":\"es-ES\",\"potentialAction\":[{\"@type\":\"ReadAction\",\"target\":[\"https:\\\/\\\/labotigadecarnsbertran.cat\\\/es\\\/producto\\\/bisbe-con-espinacas-pasas-y-pinones-copia\\\/\"]}]},{\"@type\":\"ImageObject\",\"inLanguage\":\"es-ES\",\"@id\":\"https:\\\/\\\/labotigadecarnsbertran.cat\\\/es\\\/producto\\\/bisbe-con-espinacas-pasas-y-pinones-copia\\\/#primaryimage\",\"url\":\"https:\\\/\\\/labotigadecarnsbertran.cat\\\/wp-content\\\/uploads\\\/2026\\\/04\\\/MG_8432.jpg\",\"contentUrl\":\"https:\\\/\\\/labotigadecarnsbertran.cat\\\/wp-content\\\/uploads\\\/2026\\\/04\\\/MG_8432.jpg\",\"width\":1200,\"height\":800,\"caption\":\"Llom ib\u00e8ric d'enceball Carns Bertran\"},{\"@type\":\"BreadcrumbList\",\"@id\":\"https:\\\/\\\/labotigadecarnsbertran.cat\\\/es\\\/producto\\\/bisbe-con-espinacas-pasas-y-pinones-copia\\\/#breadcrumb\",\"itemListElement\":[{\"@type\":\"ListItem\",\"position\":1,\"name\":\"Inici\",\"item\":\"https:\\\/\\\/labotigadecarnsbertran.cat\\\/es\\\/\"},{\"@type\":\"ListItem\",\"position\":2,\"name\":\"Productes\",\"item\":\"https:\\\/\\\/labotigadecarnsbertran.cat\\\/shop\\\/\"},{\"@type\":\"ListItem\",\"position\":3,\"name\":\"Lomo Ib\u00e9rico de recebo\"}]},{\"@type\":\"WebSite\",\"@id\":\"https:\\\/\\\/labotigadecarnsbertran.cat\\\/#website\",\"url\":\"https:\\\/\\\/labotigadecarnsbertran.cat\\\/\",\"name\":\"La botiga de Carns Bertran\",\"description\":\"Compra online\",\"potentialAction\":[{\"@type\":\"SearchAction\",\"target\":{\"@type\":\"EntryPoint\",\"urlTemplate\":\"https:\\\/\\\/labotigadecarnsbertran.cat\\\/?s={search_term_string}\"},\"query-input\":{\"@type\":\"PropertyValueSpecification\",\"valueRequired\":true,\"valueName\":\"search_term_string\"}}],\"inLanguage\":\"es-ES\"}]}<\/script>\n<!-- \/ Yoast SEO plugin. -->","yoast_head_json":{"title":"Bisbe con espinacas, pasas y pi\u00f1ones - La botiga de Carns Bertran","description":"Bisbe con espinacas, pasas y pi\u00f1ones 100 gr de bisbes artesanos hechos en casa con diversidad a escoger. Presentados al gusto del cliente: en papel, bandeja o al vac\u00edo.","robots":{"index":"index","follow":"follow","max-snippet":"max-snippet:-1","max-image-preview":"max-image-preview:large","max-video-preview":"max-video-preview:-1"},"canonical":"https:\/\/labotigadecarnsbertran.cat\/es\/producto\/bisbe-con-espinacas-pasas-y-pinones-copia\/","og_locale":"es_ES","og_type":"article","og_title":"Bisbe con espinacas, pasas y pi\u00f1ones - La botiga de Carns Bertran","og_description":"Bisbe con espinacas, pasas y pi\u00f1ones 100 gr de bisbes artesanos hechos en casa con diversidad a escoger. Presentados al gusto del cliente: en papel, bandeja o al vac\u00edo.","og_url":"https:\/\/labotigadecarnsbertran.cat\/es\/producto\/bisbe-con-espinacas-pasas-y-pinones-copia\/","og_site_name":"La botiga de Carns Bertran","article_modified_time":"2026-04-13T12:35:36+00:00","og_image":[{"width":1200,"height":800,"url":"http:\/\/labotigadecarnsbertran.cat\/wp-content\/uploads\/2026\/04\/MG_8432.jpg","type":"image\/jpeg"}],"twitter_card":"summary_large_image","twitter_misc":{"Est. reading time":"2 minutes"},"schema":{"@context":"https:\/\/schema.org","@graph":[{"@type":"WebPage","@id":"https:\/\/labotigadecarnsbertran.cat\/es\/producto\/bisbe-con-espinacas-pasas-y-pinones-copia\/","url":"https:\/\/labotigadecarnsbertran.cat\/es\/producto\/bisbe-con-espinacas-pasas-y-pinones-copia\/","name":"Bisbe con espinacas, pasas y pi\u00f1ones - La botiga de Carns Bertran","isPartOf":{"@id":"https:\/\/labotigadecarnsbertran.cat\/#website"},"primaryImageOfPage":{"@id":"https:\/\/labotigadecarnsbertran.cat\/es\/producto\/bisbe-con-espinacas-pasas-y-pinones-copia\/#primaryimage"},"image":{"@id":"https:\/\/labotigadecarnsbertran.cat\/es\/producto\/bisbe-con-espinacas-pasas-y-pinones-copia\/#primaryimage"},"thumbnailUrl":"https:\/\/labotigadecarnsbertran.cat\/wp-content\/uploads\/2026\/04\/MG_8432.jpg","datePublished":"2026-04-13T12:23:48+00:00","dateModified":"2026-04-13T12:35:36+00:00","description":"Bisbe con espinacas, pasas y pi\u00f1ones 100 gr de bisbes artesanos hechos en casa con diversidad a escoger. Presentados al gusto del cliente: en papel, bandeja o al vac\u00edo.","breadcrumb":{"@id":"https:\/\/labotigadecarnsbertran.cat\/es\/producto\/bisbe-con-espinacas-pasas-y-pinones-copia\/#breadcrumb"},"inLanguage":"es-ES","potentialAction":[{"@type":"ReadAction","target":["https:\/\/labotigadecarnsbertran.cat\/es\/producto\/bisbe-con-espinacas-pasas-y-pinones-copia\/"]}]},{"@type":"ImageObject","inLanguage":"es-ES","@id":"https:\/\/labotigadecarnsbertran.cat\/es\/producto\/bisbe-con-espinacas-pasas-y-pinones-copia\/#primaryimage","url":"https:\/\/labotigadecarnsbertran.cat\/wp-content\/uploads\/2026\/04\/MG_8432.jpg","contentUrl":"https:\/\/labotigadecarnsbertran.cat\/wp-content\/uploads\/2026\/04\/MG_8432.jpg","width":1200,"height":800,"caption":"Llom ib\u00e8ric d'enceball Carns Bertran"},{"@type":"BreadcrumbList","@id":"https:\/\/labotigadecarnsbertran.cat\/es\/producto\/bisbe-con-espinacas-pasas-y-pinones-copia\/#breadcrumb","itemListElement":[{"@type":"ListItem","position":1,"name":"Inici","item":"https:\/\/labotigadecarnsbertran.cat\/es\/"},{"@type":"ListItem","position":2,"name":"Productes","item":"https:\/\/labotigadecarnsbertran.cat\/shop\/"},{"@type":"ListItem","position":3,"name":"Lomo Ib\u00e9rico de recebo"}]},{"@type":"WebSite","@id":"https:\/\/labotigadecarnsbertran.cat\/#website","url":"https:\/\/labotigadecarnsbertran.cat\/","name":"La botiga de Carns Bertran","description":"Compra online","potentialAction":[{"@type":"SearchAction","target":{"@type":"EntryPoint","urlTemplate":"https:\/\/labotigadecarnsbertran.cat\/?s={search_term_string}"},"query-input":{"@type":"PropertyValueSpecification","valueRequired":true,"valueName":"search_term_string"}}],"inLanguage":"es-ES"}]}},"_links":{"self":[{"href":"https:\/\/labotigadecarnsbertran.cat\/es\/wp-json\/wp\/v2\/product\/6255","targetHints":{"allow":["GET"]}}],"collection":[{"href":"https:\/\/labotigadecarnsbertran.cat\/es\/wp-json\/wp\/v2\/product"}],"about":[{"href":"https:\/\/labotigadecarnsbertran.cat\/es\/wp-json\/wp\/v2\/types\/product"}],"replies":[{"embeddable":true,"href":"https:\/\/labotigadecarnsbertran.cat\/es\/wp-json\/wp\/v2\/comments?post=6255"}],"wp:featuredmedia":[{"embeddable":true,"href":"https:\/\/labotigadecarnsbertran.cat\/es\/wp-json\/wp\/v2\/media\/6258"}],"wp:attachment":[{"href":"https:\/\/labotigadecarnsbertran.cat\/es\/wp-json\/wp\/v2\/media?parent=6255"}],"wp:term":[{"taxonomy":"product_brand","embeddable":true,"href":"https:\/\/labotigadecarnsbertran.cat\/es\/wp-json\/wp\/v2\/product_brand?post=6255"},{"taxonomy":"product_cat","embeddable":true,"href":"https:\/\/labotigadecarnsbertran.cat\/es\/wp-json\/wp\/v2\/product_cat?post=6255"},{"taxonomy":"product_tag","embeddable":true,"href":"https:\/\/labotigadecarnsbertran.cat\/es\/wp-json\/wp\/v2\/product_tag?post=6255"}],"curies":[{"name":"wp","href":"https:\/\/api.w.org\/{rel}","templated":true}]}}