{"id":6333,"date":"2026-04-29T09:44:32","date_gmt":"2026-04-29T09:44:32","guid":{"rendered":"https:\/\/labotigadecarnsbertran.cat\/?post_type=product&#038;p=6333"},"modified":"2026-04-29T09:44:32","modified_gmt":"2026-04-29T09:44:32","slug":"cecina-de-vaca-madurada-copia","status":"publish","type":"product","link":"https:\/\/labotigadecarnsbertran.cat\/es\/producto\/cecina-de-vaca-madurada-copia\/","title":{"rendered":"Morc\u00f3n 100% ib\u00e9rico de bellota"},"content":{"rendered":"<p>El morc\u00f3n ib\u00e9rico de bellota es un embutido curado elaborado con carne seleccionada de cerdo ib\u00e9rico de bellota, adobada con especias naturales y embutida en tripa gruesa, que se cura lentamente para desarrollar un sabor intenso y una textura jugosa y firme.<\/p>\n<ul>\n<li>Valor nutricional: <span data-sheets-root=\"1\">El morc\u00f3n de bellota es un embutido rico en prote\u00ednas de alta calidad y con grasas saludables procedentes del cerdo ib\u00e9rico, que aporta energ\u00eda y nutrientes esenciales dentro de una alimentaci\u00f3n equilibrada.<\/span><\/li>\n<li>Ingredientes: Carne de cerdo adobada y curada<\/li>\n<li>Refrigerado: S\u00ed<\/li>\n<li>Congelado: No<\/li>\n<li>Al\u00e9rgenos: No<\/li>\n<li>Gluten: No<\/li>\n<li>Conservaci\u00f3n: En bandeja en el frigor\u00edfico puede durar hasta 5 d\u00edas perfectamente, aconsejamos sacarlo media hora antes de consumir, encima de papel tambi\u00e9n y si est\u00e1 al vac\u00edo y refrigerado puede durar sin abrir 2 meses.<\/li>\n<li>Origen: Salamanca<\/li>\n<\/ul>\n","protected":false},"excerpt":{"rendered":"<p>Morcon curado 100% ib\u00e9rico de bellota.<\/p>\n","protected":false},"featured_media":6339,"comment_status":"closed","ping_status":"closed","template":"","meta":[],"product_brand":[],"product_cat":[159,358],"product_tag":[],"class_list":{"0":"post-6333","1":"product","2":"type-product","3":"status-publish","4":"has-post-thumbnail","6":"product_cat-charcuteria-y-quesos","7":"product_cat-curados","9":"first","10":"instock","11":"taxable","12":"shipping-taxable","13":"purchasable","14":"product-type-variable"},"yoast_head":"<!-- This site is optimized with the Yoast SEO plugin v27.5 - https:\/\/yoast.com\/product\/yoast-seo-wordpress\/ -->\n<title>Pernil de Terol tallat a m\u00e0quina - La botiga de Carns Bertran<\/title>\n<meta name=\"description\" content=\"Morc\u00f3n 100% ib\u00e8ric de gl\u00e0.\" \/>\n<meta name=\"robots\" content=\"index, follow, max-snippet:-1, max-image-preview:large, max-video-preview:-1\" \/>\n<link rel=\"canonical\" href=\"https:\/\/labotigadecarnsbertran.cat\/es\/producto\/cecina-de-vaca-madurada-copia\/\" \/>\n<meta property=\"og:locale\" content=\"es_ES\" \/>\n<meta property=\"og:type\" content=\"article\" \/>\n<meta property=\"og:title\" content=\"Pernil de Terol tallat a m\u00e0quina - La botiga de Carns Bertran\" \/>\n<meta property=\"og:description\" content=\"Morc\u00f3n 100% ib\u00e8ric de gl\u00e0.\" \/>\n<meta property=\"og:url\" content=\"https:\/\/labotigadecarnsbertran.cat\/es\/producto\/cecina-de-vaca-madurada-copia\/\" \/>\n<meta property=\"og:site_name\" content=\"La botiga de Carns Bertran\" \/>\n<meta property=\"og:image\" content=\"http:\/\/labotigadecarnsbertran.cat\/wp-content\/uploads\/2026\/04\/MG_8476.jpg\" \/>\n\t<meta property=\"og:image:width\" content=\"1200\" \/>\n\t<meta property=\"og:image:height\" content=\"800\" \/>\n\t<meta property=\"og:image:type\" content=\"image\/jpeg\" \/>\n<meta name=\"twitter:card\" content=\"summary_large_image\" \/>\n<meta name=\"twitter:label1\" content=\"Est. reading time\" \/>\n\t<meta name=\"twitter:data1\" content=\"1 minute\" \/>\n<script type=\"application\/ld+json\" class=\"yoast-schema-graph\">{\"@context\":\"https:\\\/\\\/schema.org\",\"@graph\":[{\"@type\":\"WebPage\",\"@id\":\"https:\\\/\\\/labotigadecarnsbertran.cat\\\/es\\\/producto\\\/cecina-de-vaca-madurada-copia\\\/\",\"url\":\"https:\\\/\\\/labotigadecarnsbertran.cat\\\/es\\\/producto\\\/cecina-de-vaca-madurada-copia\\\/\",\"name\":\"Pernil de Terol tallat a m\u00e0quina - La botiga de Carns Bertran\",\"isPartOf\":{\"@id\":\"https:\\\/\\\/labotigadecarnsbertran.cat\\\/#website\"},\"primaryImageOfPage\":{\"@id\":\"https:\\\/\\\/labotigadecarnsbertran.cat\\\/es\\\/producto\\\/cecina-de-vaca-madurada-copia\\\/#primaryimage\"},\"image\":{\"@id\":\"https:\\\/\\\/labotigadecarnsbertran.cat\\\/es\\\/producto\\\/cecina-de-vaca-madurada-copia\\\/#primaryimage\"},\"thumbnailUrl\":\"https:\\\/\\\/labotigadecarnsbertran.cat\\\/wp-content\\\/uploads\\\/2026\\\/04\\\/MG_8476.jpg\",\"datePublished\":\"2026-04-29T09:44:32+00:00\",\"description\":\"Morc\u00f3n 100% ib\u00e8ric de gl\u00e0.\",\"breadcrumb\":{\"@id\":\"https:\\\/\\\/labotigadecarnsbertran.cat\\\/es\\\/producto\\\/cecina-de-vaca-madurada-copia\\\/#breadcrumb\"},\"inLanguage\":\"es-ES\",\"potentialAction\":[{\"@type\":\"ReadAction\",\"target\":[\"https:\\\/\\\/labotigadecarnsbertran.cat\\\/es\\\/producto\\\/cecina-de-vaca-madurada-copia\\\/\"]}]},{\"@type\":\"ImageObject\",\"inLanguage\":\"es-ES\",\"@id\":\"https:\\\/\\\/labotigadecarnsbertran.cat\\\/es\\\/producto\\\/cecina-de-vaca-madurada-copia\\\/#primaryimage\",\"url\":\"https:\\\/\\\/labotigadecarnsbertran.cat\\\/wp-content\\\/uploads\\\/2026\\\/04\\\/MG_8476.jpg\",\"contentUrl\":\"https:\\\/\\\/labotigadecarnsbertran.cat\\\/wp-content\\\/uploads\\\/2026\\\/04\\\/MG_8476.jpg\",\"width\":1200,\"height\":800,\"caption\":\"Morcon curado 100% ib\u00e9rico de bellota.\"},{\"@type\":\"BreadcrumbList\",\"@id\":\"https:\\\/\\\/labotigadecarnsbertran.cat\\\/es\\\/producto\\\/cecina-de-vaca-madurada-copia\\\/#breadcrumb\",\"itemListElement\":[{\"@type\":\"ListItem\",\"position\":1,\"name\":\"Inici\",\"item\":\"https:\\\/\\\/labotigadecarnsbertran.cat\\\/es\\\/\"},{\"@type\":\"ListItem\",\"position\":2,\"name\":\"Productes\",\"item\":\"https:\\\/\\\/labotigadecarnsbertran.cat\\\/shop\\\/\"},{\"@type\":\"ListItem\",\"position\":3,\"name\":\"Morc\u00f3n 100% ib\u00e9rico de bellota\"}]},{\"@type\":\"WebSite\",\"@id\":\"https:\\\/\\\/labotigadecarnsbertran.cat\\\/#website\",\"url\":\"https:\\\/\\\/labotigadecarnsbertran.cat\\\/\",\"name\":\"La botiga de Carns Bertran\",\"description\":\"Compra online\",\"potentialAction\":[{\"@type\":\"SearchAction\",\"target\":{\"@type\":\"EntryPoint\",\"urlTemplate\":\"https:\\\/\\\/labotigadecarnsbertran.cat\\\/?s={search_term_string}\"},\"query-input\":{\"@type\":\"PropertyValueSpecification\",\"valueRequired\":true,\"valueName\":\"search_term_string\"}}],\"inLanguage\":\"es-ES\"}]}<\/script>\n<!-- \/ Yoast SEO plugin. -->","yoast_head_json":{"title":"Pernil de Terol tallat a m\u00e0quina - La botiga de Carns Bertran","description":"Morc\u00f3n 100% ib\u00e8ric de gl\u00e0.","robots":{"index":"index","follow":"follow","max-snippet":"max-snippet:-1","max-image-preview":"max-image-preview:large","max-video-preview":"max-video-preview:-1"},"canonical":"https:\/\/labotigadecarnsbertran.cat\/es\/producto\/cecina-de-vaca-madurada-copia\/","og_locale":"es_ES","og_type":"article","og_title":"Pernil de Terol tallat a m\u00e0quina - La botiga de Carns Bertran","og_description":"Morc\u00f3n 100% ib\u00e8ric de gl\u00e0.","og_url":"https:\/\/labotigadecarnsbertran.cat\/es\/producto\/cecina-de-vaca-madurada-copia\/","og_site_name":"La botiga de Carns Bertran","og_image":[{"width":1200,"height":800,"url":"http:\/\/labotigadecarnsbertran.cat\/wp-content\/uploads\/2026\/04\/MG_8476.jpg","type":"image\/jpeg"}],"twitter_card":"summary_large_image","twitter_misc":{"Est. reading time":"1 minute"},"schema":{"@context":"https:\/\/schema.org","@graph":[{"@type":"WebPage","@id":"https:\/\/labotigadecarnsbertran.cat\/es\/producto\/cecina-de-vaca-madurada-copia\/","url":"https:\/\/labotigadecarnsbertran.cat\/es\/producto\/cecina-de-vaca-madurada-copia\/","name":"Pernil de Terol tallat a m\u00e0quina - La botiga de Carns Bertran","isPartOf":{"@id":"https:\/\/labotigadecarnsbertran.cat\/#website"},"primaryImageOfPage":{"@id":"https:\/\/labotigadecarnsbertran.cat\/es\/producto\/cecina-de-vaca-madurada-copia\/#primaryimage"},"image":{"@id":"https:\/\/labotigadecarnsbertran.cat\/es\/producto\/cecina-de-vaca-madurada-copia\/#primaryimage"},"thumbnailUrl":"https:\/\/labotigadecarnsbertran.cat\/wp-content\/uploads\/2026\/04\/MG_8476.jpg","datePublished":"2026-04-29T09:44:32+00:00","description":"Morc\u00f3n 100% ib\u00e8ric de gl\u00e0.","breadcrumb":{"@id":"https:\/\/labotigadecarnsbertran.cat\/es\/producto\/cecina-de-vaca-madurada-copia\/#breadcrumb"},"inLanguage":"es-ES","potentialAction":[{"@type":"ReadAction","target":["https:\/\/labotigadecarnsbertran.cat\/es\/producto\/cecina-de-vaca-madurada-copia\/"]}]},{"@type":"ImageObject","inLanguage":"es-ES","@id":"https:\/\/labotigadecarnsbertran.cat\/es\/producto\/cecina-de-vaca-madurada-copia\/#primaryimage","url":"https:\/\/labotigadecarnsbertran.cat\/wp-content\/uploads\/2026\/04\/MG_8476.jpg","contentUrl":"https:\/\/labotigadecarnsbertran.cat\/wp-content\/uploads\/2026\/04\/MG_8476.jpg","width":1200,"height":800,"caption":"Morcon curado 100% ib\u00e9rico de bellota."},{"@type":"BreadcrumbList","@id":"https:\/\/labotigadecarnsbertran.cat\/es\/producto\/cecina-de-vaca-madurada-copia\/#breadcrumb","itemListElement":[{"@type":"ListItem","position":1,"name":"Inici","item":"https:\/\/labotigadecarnsbertran.cat\/es\/"},{"@type":"ListItem","position":2,"name":"Productes","item":"https:\/\/labotigadecarnsbertran.cat\/shop\/"},{"@type":"ListItem","position":3,"name":"Morc\u00f3n 100% ib\u00e9rico de bellota"}]},{"@type":"WebSite","@id":"https:\/\/labotigadecarnsbertran.cat\/#website","url":"https:\/\/labotigadecarnsbertran.cat\/","name":"La botiga de Carns Bertran","description":"Compra online","potentialAction":[{"@type":"SearchAction","target":{"@type":"EntryPoint","urlTemplate":"https:\/\/labotigadecarnsbertran.cat\/?s={search_term_string}"},"query-input":{"@type":"PropertyValueSpecification","valueRequired":true,"valueName":"search_term_string"}}],"inLanguage":"es-ES"}]}},"_links":{"self":[{"href":"https:\/\/labotigadecarnsbertran.cat\/es\/wp-json\/wp\/v2\/product\/6333","targetHints":{"allow":["GET"]}}],"collection":[{"href":"https:\/\/labotigadecarnsbertran.cat\/es\/wp-json\/wp\/v2\/product"}],"about":[{"href":"https:\/\/labotigadecarnsbertran.cat\/es\/wp-json\/wp\/v2\/types\/product"}],"replies":[{"embeddable":true,"href":"https:\/\/labotigadecarnsbertran.cat\/es\/wp-json\/wp\/v2\/comments?post=6333"}],"wp:featuredmedia":[{"embeddable":true,"href":"https:\/\/labotigadecarnsbertran.cat\/es\/wp-json\/wp\/v2\/media\/6339"}],"wp:attachment":[{"href":"https:\/\/labotigadecarnsbertran.cat\/es\/wp-json\/wp\/v2\/media?parent=6333"}],"wp:term":[{"taxonomy":"product_brand","embeddable":true,"href":"https:\/\/labotigadecarnsbertran.cat\/es\/wp-json\/wp\/v2\/product_brand?post=6333"},{"taxonomy":"product_cat","embeddable":true,"href":"https:\/\/labotigadecarnsbertran.cat\/es\/wp-json\/wp\/v2\/product_cat?post=6333"},{"taxonomy":"product_tag","embeddable":true,"href":"https:\/\/labotigadecarnsbertran.cat\/es\/wp-json\/wp\/v2\/product_tag?post=6333"}],"curies":[{"name":"wp","href":"https:\/\/api.w.org\/{rel}","templated":true}]}}