{"id":6408,"date":"2026-04-29T09:43:36","date_gmt":"2026-04-29T09:43:36","guid":{"rendered":"https:\/\/labotigadecarnsbertran.cat\/?post_type=product&#038;p=6408"},"modified":"2026-04-29T09:54:36","modified_gmt":"2026-04-29T09:54:36","slug":"compango","status":"publish","type":"product","link":"https:\/\/labotigadecarnsbertran.cat\/es\/producto\/compango\/","title":{"rendered":"Compango"},"content":{"rendered":"<p>El compango es el conjunto de embutidos y carnes curadas tradicionales que se utilizan en guisos como la fabada asturiana, aportando sabor, textura y consistencia en el plato.<\/p>\n<ul>\n<li>Valor nutricional: El compango es un conjunto de embutidos y carnes curadas con un alto contenido en prote\u00ednas de calidad y energ\u00eda, adem\u00e1s de aportar grasas que dan sabor y consistencia a los guisos tradicionales dentro de una alimentaci\u00f3n equilibrada.<\/li>\n<li>Ingredientes: Carne de cerdo adobada y curada, especias, cebolla y barriguita curada<\/li>\n<li>Refrigerado: S\u00ed<\/li>\n<li>Congelado: No<\/li>\n<li>Al\u00e9rgenos: No<\/li>\n<li>Gluten: No<\/li>\n<li>Conservaci\u00f3n: La presentaci\u00f3n est\u00e1 al vac\u00edo, puede guardar el paquete 1 mes perfectamente y sino congelar.<\/li>\n<li>Or\u00edgen: Asturias<\/li>\n<\/ul>\n","protected":false},"excerpt":{"rendered":"<p>Compango asturiano, paquete al vac\u00edo con los ingredientes para elaborar legumbres y por la fabada asturiana, una morcilla un chorizo \u200b\u200by trozo de barriguita que ya est\u00e1 desalada.<br \/>\n<strong><br \/>\nCada unidad peso aproximado 350g<\/strong>r<\/p>\n","protected":false},"featured_media":6420,"comment_status":"closed","ping_status":"closed","template":"","meta":[],"product_brand":[],"product_cat":[356,159,358],"product_tag":[],"class_list":{"0":"post-6408","1":"product","2":"type-product","3":"status-publish","4":"has-post-thumbnail","6":"product_cat-butifarras","7":"product_cat-charcuteria-y-quesos","8":"product_cat-curados","10":"first","11":"instock","12":"taxable","13":"shipping-taxable","14":"purchasable","15":"product-type-variable"},"yoast_head":"<!-- This site is optimized with the Yoast SEO plugin v27.5 - https:\/\/yoast.com\/product\/yoast-seo-wordpress\/ -->\n<title>Pernil de Terol tallat a m\u00e0quina - La botiga de Carns Bertran<\/title>\n<meta name=\"description\" content=\"Compango. El compango es el conjunto de embutidos y carnes curadas tradicionales que se utilizan en guisos como la fabada asturiana.\" \/>\n<meta name=\"robots\" content=\"index, follow, max-snippet:-1, max-image-preview:large, max-video-preview:-1\" \/>\n<link rel=\"canonical\" href=\"https:\/\/labotigadecarnsbertran.cat\/es\/producto\/compango\/\" \/>\n<meta property=\"og:locale\" content=\"es_ES\" \/>\n<meta property=\"og:type\" content=\"article\" \/>\n<meta property=\"og:title\" content=\"Pernil de Terol tallat a m\u00e0quina - La botiga de Carns Bertran\" \/>\n<meta property=\"og:description\" content=\"Compango. El compango es el conjunto de embutidos y carnes curadas tradicionales que se utilizan en guisos como la fabada asturiana.\" \/>\n<meta property=\"og:url\" content=\"https:\/\/labotigadecarnsbertran.cat\/es\/producto\/compango\/\" \/>\n<meta property=\"og:site_name\" content=\"La botiga de Carns Bertran\" \/>\n<meta property=\"article:modified_time\" content=\"2026-04-29T09:54:36+00:00\" \/>\n<meta property=\"og:image\" content=\"http:\/\/labotigadecarnsbertran.cat\/wp-content\/uploads\/2026\/04\/MG_8549.jpg\" \/>\n\t<meta property=\"og:image:width\" content=\"1200\" \/>\n\t<meta property=\"og:image:height\" content=\"800\" \/>\n\t<meta property=\"og:image:type\" content=\"image\/jpeg\" \/>\n<meta name=\"twitter:card\" content=\"summary_large_image\" \/>\n<meta name=\"twitter:label1\" content=\"Est. reading time\" \/>\n\t<meta name=\"twitter:data1\" content=\"1 minute\" \/>\n<script type=\"application\/ld+json\" class=\"yoast-schema-graph\">{\"@context\":\"https:\\\/\\\/schema.org\",\"@graph\":[{\"@type\":\"WebPage\",\"@id\":\"https:\\\/\\\/labotigadecarnsbertran.cat\\\/es\\\/producto\\\/compango\\\/\",\"url\":\"https:\\\/\\\/labotigadecarnsbertran.cat\\\/es\\\/producto\\\/compango\\\/\",\"name\":\"Pernil de Terol tallat a m\u00e0quina - La botiga de Carns Bertran\",\"isPartOf\":{\"@id\":\"https:\\\/\\\/labotigadecarnsbertran.cat\\\/#website\"},\"primaryImageOfPage\":{\"@id\":\"https:\\\/\\\/labotigadecarnsbertran.cat\\\/es\\\/producto\\\/compango\\\/#primaryimage\"},\"image\":{\"@id\":\"https:\\\/\\\/labotigadecarnsbertran.cat\\\/es\\\/producto\\\/compango\\\/#primaryimage\"},\"thumbnailUrl\":\"https:\\\/\\\/labotigadecarnsbertran.cat\\\/wp-content\\\/uploads\\\/2026\\\/04\\\/MG_8549.jpg\",\"datePublished\":\"2026-04-29T09:43:36+00:00\",\"dateModified\":\"2026-04-29T09:54:36+00:00\",\"description\":\"Compango. El compango es el conjunto de embutidos y carnes curadas tradicionales que se utilizan en guisos como la fabada asturiana.\",\"breadcrumb\":{\"@id\":\"https:\\\/\\\/labotigadecarnsbertran.cat\\\/es\\\/producto\\\/compango\\\/#breadcrumb\"},\"inLanguage\":\"es-ES\",\"potentialAction\":[{\"@type\":\"ReadAction\",\"target\":[\"https:\\\/\\\/labotigadecarnsbertran.cat\\\/es\\\/producto\\\/compango\\\/\"]}]},{\"@type\":\"ImageObject\",\"inLanguage\":\"es-ES\",\"@id\":\"https:\\\/\\\/labotigadecarnsbertran.cat\\\/es\\\/producto\\\/compango\\\/#primaryimage\",\"url\":\"https:\\\/\\\/labotigadecarnsbertran.cat\\\/wp-content\\\/uploads\\\/2026\\\/04\\\/MG_8549.jpg\",\"contentUrl\":\"https:\\\/\\\/labotigadecarnsbertran.cat\\\/wp-content\\\/uploads\\\/2026\\\/04\\\/MG_8549.jpg\",\"width\":1200,\"height\":800},{\"@type\":\"BreadcrumbList\",\"@id\":\"https:\\\/\\\/labotigadecarnsbertran.cat\\\/es\\\/producto\\\/compango\\\/#breadcrumb\",\"itemListElement\":[{\"@type\":\"ListItem\",\"position\":1,\"name\":\"Inici\",\"item\":\"https:\\\/\\\/labotigadecarnsbertran.cat\\\/es\\\/\"},{\"@type\":\"ListItem\",\"position\":2,\"name\":\"Productes\",\"item\":\"https:\\\/\\\/labotigadecarnsbertran.cat\\\/shop\\\/\"},{\"@type\":\"ListItem\",\"position\":3,\"name\":\"Compango\"}]},{\"@type\":\"WebSite\",\"@id\":\"https:\\\/\\\/labotigadecarnsbertran.cat\\\/#website\",\"url\":\"https:\\\/\\\/labotigadecarnsbertran.cat\\\/\",\"name\":\"La botiga de Carns Bertran\",\"description\":\"Compra online\",\"potentialAction\":[{\"@type\":\"SearchAction\",\"target\":{\"@type\":\"EntryPoint\",\"urlTemplate\":\"https:\\\/\\\/labotigadecarnsbertran.cat\\\/?s={search_term_string}\"},\"query-input\":{\"@type\":\"PropertyValueSpecification\",\"valueRequired\":true,\"valueName\":\"search_term_string\"}}],\"inLanguage\":\"es-ES\"}]}<\/script>\n<!-- \/ Yoast SEO plugin. -->","yoast_head_json":{"title":"Pernil de Terol tallat a m\u00e0quina - La botiga de Carns Bertran","description":"Compango. El compango es el conjunto de embutidos y carnes curadas tradicionales que se utilizan en guisos como la fabada asturiana.","robots":{"index":"index","follow":"follow","max-snippet":"max-snippet:-1","max-image-preview":"max-image-preview:large","max-video-preview":"max-video-preview:-1"},"canonical":"https:\/\/labotigadecarnsbertran.cat\/es\/producto\/compango\/","og_locale":"es_ES","og_type":"article","og_title":"Pernil de Terol tallat a m\u00e0quina - La botiga de Carns Bertran","og_description":"Compango. El compango es el conjunto de embutidos y carnes curadas tradicionales que se utilizan en guisos como la fabada asturiana.","og_url":"https:\/\/labotigadecarnsbertran.cat\/es\/producto\/compango\/","og_site_name":"La botiga de Carns Bertran","article_modified_time":"2026-04-29T09:54:36+00:00","og_image":[{"width":1200,"height":800,"url":"http:\/\/labotigadecarnsbertran.cat\/wp-content\/uploads\/2026\/04\/MG_8549.jpg","type":"image\/jpeg"}],"twitter_card":"summary_large_image","twitter_misc":{"Est. reading time":"1 minute"},"schema":{"@context":"https:\/\/schema.org","@graph":[{"@type":"WebPage","@id":"https:\/\/labotigadecarnsbertran.cat\/es\/producto\/compango\/","url":"https:\/\/labotigadecarnsbertran.cat\/es\/producto\/compango\/","name":"Pernil de Terol tallat a m\u00e0quina - La botiga de Carns Bertran","isPartOf":{"@id":"https:\/\/labotigadecarnsbertran.cat\/#website"},"primaryImageOfPage":{"@id":"https:\/\/labotigadecarnsbertran.cat\/es\/producto\/compango\/#primaryimage"},"image":{"@id":"https:\/\/labotigadecarnsbertran.cat\/es\/producto\/compango\/#primaryimage"},"thumbnailUrl":"https:\/\/labotigadecarnsbertran.cat\/wp-content\/uploads\/2026\/04\/MG_8549.jpg","datePublished":"2026-04-29T09:43:36+00:00","dateModified":"2026-04-29T09:54:36+00:00","description":"Compango. El compango es el conjunto de embutidos y carnes curadas tradicionales que se utilizan en guisos como la fabada asturiana.","breadcrumb":{"@id":"https:\/\/labotigadecarnsbertran.cat\/es\/producto\/compango\/#breadcrumb"},"inLanguage":"es-ES","potentialAction":[{"@type":"ReadAction","target":["https:\/\/labotigadecarnsbertran.cat\/es\/producto\/compango\/"]}]},{"@type":"ImageObject","inLanguage":"es-ES","@id":"https:\/\/labotigadecarnsbertran.cat\/es\/producto\/compango\/#primaryimage","url":"https:\/\/labotigadecarnsbertran.cat\/wp-content\/uploads\/2026\/04\/MG_8549.jpg","contentUrl":"https:\/\/labotigadecarnsbertran.cat\/wp-content\/uploads\/2026\/04\/MG_8549.jpg","width":1200,"height":800},{"@type":"BreadcrumbList","@id":"https:\/\/labotigadecarnsbertran.cat\/es\/producto\/compango\/#breadcrumb","itemListElement":[{"@type":"ListItem","position":1,"name":"Inici","item":"https:\/\/labotigadecarnsbertran.cat\/es\/"},{"@type":"ListItem","position":2,"name":"Productes","item":"https:\/\/labotigadecarnsbertran.cat\/shop\/"},{"@type":"ListItem","position":3,"name":"Compango"}]},{"@type":"WebSite","@id":"https:\/\/labotigadecarnsbertran.cat\/#website","url":"https:\/\/labotigadecarnsbertran.cat\/","name":"La botiga de Carns Bertran","description":"Compra online","potentialAction":[{"@type":"SearchAction","target":{"@type":"EntryPoint","urlTemplate":"https:\/\/labotigadecarnsbertran.cat\/?s={search_term_string}"},"query-input":{"@type":"PropertyValueSpecification","valueRequired":true,"valueName":"search_term_string"}}],"inLanguage":"es-ES"}]}},"_links":{"self":[{"href":"https:\/\/labotigadecarnsbertran.cat\/es\/wp-json\/wp\/v2\/product\/6408","targetHints":{"allow":["GET"]}}],"collection":[{"href":"https:\/\/labotigadecarnsbertran.cat\/es\/wp-json\/wp\/v2\/product"}],"about":[{"href":"https:\/\/labotigadecarnsbertran.cat\/es\/wp-json\/wp\/v2\/types\/product"}],"replies":[{"embeddable":true,"href":"https:\/\/labotigadecarnsbertran.cat\/es\/wp-json\/wp\/v2\/comments?post=6408"}],"wp:featuredmedia":[{"embeddable":true,"href":"https:\/\/labotigadecarnsbertran.cat\/es\/wp-json\/wp\/v2\/media\/6420"}],"wp:attachment":[{"href":"https:\/\/labotigadecarnsbertran.cat\/es\/wp-json\/wp\/v2\/media?parent=6408"}],"wp:term":[{"taxonomy":"product_brand","embeddable":true,"href":"https:\/\/labotigadecarnsbertran.cat\/es\/wp-json\/wp\/v2\/product_brand?post=6408"},{"taxonomy":"product_cat","embeddable":true,"href":"https:\/\/labotigadecarnsbertran.cat\/es\/wp-json\/wp\/v2\/product_cat?post=6408"},{"taxonomy":"product_tag","embeddable":true,"href":"https:\/\/labotigadecarnsbertran.cat\/es\/wp-json\/wp\/v2\/product_tag?post=6408"}],"curies":[{"name":"wp","href":"https:\/\/api.w.org\/{rel}","templated":true}]}}