{"id":6468,"date":"2026-04-29T11:28:20","date_gmt":"2026-04-29T11:28:20","guid":{"rendered":"https:\/\/labotigadecarnsbertran.cat\/?post_type=product&#038;p=6468"},"modified":"2026-04-29T11:28:20","modified_gmt":"2026-04-29T11:28:20","slug":"chorizo-iberico-de-bellota-copia","status":"publish","type":"product","link":"https:\/\/labotigadecarnsbertran.cat\/es\/producto\/chorizo-iberico-de-bellota-copia\/","title":{"rendered":"Chistorra"},"content":{"rendered":"<p>La chistorra es un embutido fresco elaborado con carne de cerdo picada y adobada con piment\u00f3n, ajo y especias, que se caracteriza por un sabor intenso y una textura jugosa, muy com\u00fan en la gastronom\u00eda del norte de Espa\u00f1a<\/p>\n<ul>\n<li><strong>Valor nutricional:<\/strong> La chistorra es un embutido rico en prote\u00ednas de alta calidad y con un aporte moderado de grasa, que proporciona energ\u00eda y un sabor intenso y especiado dentro de una alimentaci\u00f3n equilibrada.<\/li>\n<li><strong>Ingredientes<\/strong>: Carnes de cerdo, especias y ajo<\/li>\n<li><strong>Refrigerado<\/strong>: si<\/li>\n<li>Al\u00e9rgenos: <strong>no<\/strong><\/li>\n<li><strong>Gluten:<\/strong> no<\/li>\n<li><strong>Congelado:<\/strong> no<\/li>\n<li><strong>Conservaci\u00f3n<\/strong>: En bandeja o papel 5 d\u00edas en la nevera y si lo solicita al vac\u00edo puede durar en perfectas condiciones entre tres y cuatro semanas.<\/li>\n<li><strong>Origen:<\/strong> Carns Bertran<\/li>\n<\/ul>\n<p>&nbsp;<\/p>\n","protected":false},"excerpt":{"rendered":"<p>Chistorra hecha en casa ideal para hacer frita oa la brasa, la raci\u00f3n por persona es de 100gr.<\/p>\n","protected":false},"featured_media":6471,"comment_status":"closed","ping_status":"closed","template":"","meta":[],"product_brand":[],"product_cat":[356,159],"product_tag":[],"class_list":{"0":"post-6468","1":"product","2":"type-product","3":"status-publish","4":"has-post-thumbnail","6":"product_cat-butifarras","7":"product_cat-charcuteria-y-quesos","9":"first","10":"instock","11":"taxable","12":"shipping-taxable","13":"purchasable","14":"product-type-variable"},"yoast_head":"<!-- This site is optimized with the Yoast SEO plugin v27.5 - https:\/\/yoast.com\/product\/yoast-seo-wordpress\/ -->\n<title>Chorizo \u200b\u200bib\u00e9rico de bellota - La botiga de Carns Bertran<\/title>\n<meta name=\"description\" content=\"Chistorra. Chistorra hecha en casa ideal para hacer frita oa la brasa, la raci\u00f3n por persona es de 100gr.\" \/>\n<meta name=\"robots\" content=\"index, follow, max-snippet:-1, max-image-preview:large, max-video-preview:-1\" \/>\n<link rel=\"canonical\" href=\"https:\/\/labotigadecarnsbertran.cat\/es\/producto\/chorizo-iberico-de-bellota-copia\/\" \/>\n<meta property=\"og:locale\" content=\"es_ES\" \/>\n<meta property=\"og:type\" content=\"article\" \/>\n<meta property=\"og:title\" content=\"Chorizo \u200b\u200bib\u00e9rico de bellota - La botiga de Carns Bertran\" \/>\n<meta property=\"og:description\" content=\"Chistorra. Chistorra hecha en casa ideal para hacer frita oa la brasa, la raci\u00f3n por persona es de 100gr.\" \/>\n<meta property=\"og:url\" content=\"https:\/\/labotigadecarnsbertran.cat\/es\/producto\/chorizo-iberico-de-bellota-copia\/\" \/>\n<meta property=\"og:site_name\" content=\"La botiga de Carns Bertran\" \/>\n<meta property=\"og:image\" content=\"http:\/\/labotigadecarnsbertran.cat\/wp-content\/uploads\/2026\/04\/MG_8680.jpg\" \/>\n\t<meta property=\"og:image:width\" content=\"1200\" \/>\n\t<meta property=\"og:image:height\" content=\"800\" \/>\n\t<meta property=\"og:image:type\" content=\"image\/jpeg\" \/>\n<meta name=\"twitter:card\" content=\"summary_large_image\" \/>\n<meta name=\"twitter:label1\" content=\"Est. reading time\" \/>\n\t<meta name=\"twitter:data1\" content=\"1 minute\" \/>\n<script type=\"application\/ld+json\" class=\"yoast-schema-graph\">{\"@context\":\"https:\\\/\\\/schema.org\",\"@graph\":[{\"@type\":\"WebPage\",\"@id\":\"https:\\\/\\\/labotigadecarnsbertran.cat\\\/es\\\/producto\\\/chorizo-iberico-de-bellota-copia\\\/\",\"url\":\"https:\\\/\\\/labotigadecarnsbertran.cat\\\/es\\\/producto\\\/chorizo-iberico-de-bellota-copia\\\/\",\"name\":\"Chorizo \u200b\u200bib\u00e9rico de bellota - La botiga de Carns Bertran\",\"isPartOf\":{\"@id\":\"https:\\\/\\\/labotigadecarnsbertran.cat\\\/#website\"},\"primaryImageOfPage\":{\"@id\":\"https:\\\/\\\/labotigadecarnsbertran.cat\\\/es\\\/producto\\\/chorizo-iberico-de-bellota-copia\\\/#primaryimage\"},\"image\":{\"@id\":\"https:\\\/\\\/labotigadecarnsbertran.cat\\\/es\\\/producto\\\/chorizo-iberico-de-bellota-copia\\\/#primaryimage\"},\"thumbnailUrl\":\"https:\\\/\\\/labotigadecarnsbertran.cat\\\/wp-content\\\/uploads\\\/2026\\\/04\\\/MG_8680.jpg\",\"datePublished\":\"2026-04-29T11:28:20+00:00\",\"description\":\"Chistorra. Chistorra hecha en casa ideal para hacer frita oa la brasa, la raci\u00f3n por persona es de 100gr.\",\"breadcrumb\":{\"@id\":\"https:\\\/\\\/labotigadecarnsbertran.cat\\\/es\\\/producto\\\/chorizo-iberico-de-bellota-copia\\\/#breadcrumb\"},\"inLanguage\":\"es-ES\",\"potentialAction\":[{\"@type\":\"ReadAction\",\"target\":[\"https:\\\/\\\/labotigadecarnsbertran.cat\\\/es\\\/producto\\\/chorizo-iberico-de-bellota-copia\\\/\"]}]},{\"@type\":\"ImageObject\",\"inLanguage\":\"es-ES\",\"@id\":\"https:\\\/\\\/labotigadecarnsbertran.cat\\\/es\\\/producto\\\/chorizo-iberico-de-bellota-copia\\\/#primaryimage\",\"url\":\"https:\\\/\\\/labotigadecarnsbertran.cat\\\/wp-content\\\/uploads\\\/2026\\\/04\\\/MG_8680.jpg\",\"contentUrl\":\"https:\\\/\\\/labotigadecarnsbertran.cat\\\/wp-content\\\/uploads\\\/2026\\\/04\\\/MG_8680.jpg\",\"width\":1200,\"height\":800},{\"@type\":\"BreadcrumbList\",\"@id\":\"https:\\\/\\\/labotigadecarnsbertran.cat\\\/es\\\/producto\\\/chorizo-iberico-de-bellota-copia\\\/#breadcrumb\",\"itemListElement\":[{\"@type\":\"ListItem\",\"position\":1,\"name\":\"Inici\",\"item\":\"https:\\\/\\\/labotigadecarnsbertran.cat\\\/es\\\/\"},{\"@type\":\"ListItem\",\"position\":2,\"name\":\"Productes\",\"item\":\"https:\\\/\\\/labotigadecarnsbertran.cat\\\/shop\\\/\"},{\"@type\":\"ListItem\",\"position\":3,\"name\":\"Chistorra\"}]},{\"@type\":\"WebSite\",\"@id\":\"https:\\\/\\\/labotigadecarnsbertran.cat\\\/#website\",\"url\":\"https:\\\/\\\/labotigadecarnsbertran.cat\\\/\",\"name\":\"La botiga de Carns Bertran\",\"description\":\"Compra online\",\"potentialAction\":[{\"@type\":\"SearchAction\",\"target\":{\"@type\":\"EntryPoint\",\"urlTemplate\":\"https:\\\/\\\/labotigadecarnsbertran.cat\\\/?s={search_term_string}\"},\"query-input\":{\"@type\":\"PropertyValueSpecification\",\"valueRequired\":true,\"valueName\":\"search_term_string\"}}],\"inLanguage\":\"es-ES\"}]}<\/script>\n<!-- \/ Yoast SEO plugin. -->","yoast_head_json":{"title":"Chorizo \u200b\u200bib\u00e9rico de bellota - La botiga de Carns Bertran","description":"Chistorra. Chistorra hecha en casa ideal para hacer frita oa la brasa, la raci\u00f3n por persona es de 100gr.","robots":{"index":"index","follow":"follow","max-snippet":"max-snippet:-1","max-image-preview":"max-image-preview:large","max-video-preview":"max-video-preview:-1"},"canonical":"https:\/\/labotigadecarnsbertran.cat\/es\/producto\/chorizo-iberico-de-bellota-copia\/","og_locale":"es_ES","og_type":"article","og_title":"Chorizo \u200b\u200bib\u00e9rico de bellota - La botiga de Carns Bertran","og_description":"Chistorra. Chistorra hecha en casa ideal para hacer frita oa la brasa, la raci\u00f3n por persona es de 100gr.","og_url":"https:\/\/labotigadecarnsbertran.cat\/es\/producto\/chorizo-iberico-de-bellota-copia\/","og_site_name":"La botiga de Carns Bertran","og_image":[{"width":1200,"height":800,"url":"http:\/\/labotigadecarnsbertran.cat\/wp-content\/uploads\/2026\/04\/MG_8680.jpg","type":"image\/jpeg"}],"twitter_card":"summary_large_image","twitter_misc":{"Est. reading time":"1 minute"},"schema":{"@context":"https:\/\/schema.org","@graph":[{"@type":"WebPage","@id":"https:\/\/labotigadecarnsbertran.cat\/es\/producto\/chorizo-iberico-de-bellota-copia\/","url":"https:\/\/labotigadecarnsbertran.cat\/es\/producto\/chorizo-iberico-de-bellota-copia\/","name":"Chorizo \u200b\u200bib\u00e9rico de bellota - La botiga de Carns Bertran","isPartOf":{"@id":"https:\/\/labotigadecarnsbertran.cat\/#website"},"primaryImageOfPage":{"@id":"https:\/\/labotigadecarnsbertran.cat\/es\/producto\/chorizo-iberico-de-bellota-copia\/#primaryimage"},"image":{"@id":"https:\/\/labotigadecarnsbertran.cat\/es\/producto\/chorizo-iberico-de-bellota-copia\/#primaryimage"},"thumbnailUrl":"https:\/\/labotigadecarnsbertran.cat\/wp-content\/uploads\/2026\/04\/MG_8680.jpg","datePublished":"2026-04-29T11:28:20+00:00","description":"Chistorra. Chistorra hecha en casa ideal para hacer frita oa la brasa, la raci\u00f3n por persona es de 100gr.","breadcrumb":{"@id":"https:\/\/labotigadecarnsbertran.cat\/es\/producto\/chorizo-iberico-de-bellota-copia\/#breadcrumb"},"inLanguage":"es-ES","potentialAction":[{"@type":"ReadAction","target":["https:\/\/labotigadecarnsbertran.cat\/es\/producto\/chorizo-iberico-de-bellota-copia\/"]}]},{"@type":"ImageObject","inLanguage":"es-ES","@id":"https:\/\/labotigadecarnsbertran.cat\/es\/producto\/chorizo-iberico-de-bellota-copia\/#primaryimage","url":"https:\/\/labotigadecarnsbertran.cat\/wp-content\/uploads\/2026\/04\/MG_8680.jpg","contentUrl":"https:\/\/labotigadecarnsbertran.cat\/wp-content\/uploads\/2026\/04\/MG_8680.jpg","width":1200,"height":800},{"@type":"BreadcrumbList","@id":"https:\/\/labotigadecarnsbertran.cat\/es\/producto\/chorizo-iberico-de-bellota-copia\/#breadcrumb","itemListElement":[{"@type":"ListItem","position":1,"name":"Inici","item":"https:\/\/labotigadecarnsbertran.cat\/es\/"},{"@type":"ListItem","position":2,"name":"Productes","item":"https:\/\/labotigadecarnsbertran.cat\/shop\/"},{"@type":"ListItem","position":3,"name":"Chistorra"}]},{"@type":"WebSite","@id":"https:\/\/labotigadecarnsbertran.cat\/#website","url":"https:\/\/labotigadecarnsbertran.cat\/","name":"La botiga de Carns Bertran","description":"Compra online","potentialAction":[{"@type":"SearchAction","target":{"@type":"EntryPoint","urlTemplate":"https:\/\/labotigadecarnsbertran.cat\/?s={search_term_string}"},"query-input":{"@type":"PropertyValueSpecification","valueRequired":true,"valueName":"search_term_string"}}],"inLanguage":"es-ES"}]}},"_links":{"self":[{"href":"https:\/\/labotigadecarnsbertran.cat\/es\/wp-json\/wp\/v2\/product\/6468","targetHints":{"allow":["GET"]}}],"collection":[{"href":"https:\/\/labotigadecarnsbertran.cat\/es\/wp-json\/wp\/v2\/product"}],"about":[{"href":"https:\/\/labotigadecarnsbertran.cat\/es\/wp-json\/wp\/v2\/types\/product"}],"replies":[{"embeddable":true,"href":"https:\/\/labotigadecarnsbertran.cat\/es\/wp-json\/wp\/v2\/comments?post=6468"}],"wp:featuredmedia":[{"embeddable":true,"href":"https:\/\/labotigadecarnsbertran.cat\/es\/wp-json\/wp\/v2\/media\/6471"}],"wp:attachment":[{"href":"https:\/\/labotigadecarnsbertran.cat\/es\/wp-json\/wp\/v2\/media?parent=6468"}],"wp:term":[{"taxonomy":"product_brand","embeddable":true,"href":"https:\/\/labotigadecarnsbertran.cat\/es\/wp-json\/wp\/v2\/product_brand?post=6468"},{"taxonomy":"product_cat","embeddable":true,"href":"https:\/\/labotigadecarnsbertran.cat\/es\/wp-json\/wp\/v2\/product_cat?post=6468"},{"taxonomy":"product_tag","embeddable":true,"href":"https:\/\/labotigadecarnsbertran.cat\/es\/wp-json\/wp\/v2\/product_tag?post=6468"}],"curies":[{"name":"wp","href":"https:\/\/api.w.org\/{rel}","templated":true}]}}